{"id":14389,"date":"2023-03-16T16:34:20","date_gmt":"2023-03-16T15:34:20","guid":{"rendered":"https:\/\/isoled.info\/?page_id=14389"},"modified":"2025-08-26T16:08:52","modified_gmt":"2025-08-26T14:08:52","slug":"roehrenersatz","status":"publish","type":"page","link":"https:\/\/isoled.info\/at\/roehrenersatz\/","title":{"rendered":"R\u00f6hrenersatz AT"},"content":{"rendered":"<div id=\"cs-content\" class=\"cs-content\"><\/div>\n","protected":false},"excerpt":{"rendered":"<p>Leuchtstoffr&ouml;hren auf LED umr&uuml;sten &#8211; Die Zeit ist reif f&uuml;r besseres Licht! Viele Beleuchtungsanlagen in Firmen, Lagerhallen und Altbau sind heutzutage noch mit der Lichttechnologie l\u00e4ngst vergangener Jahrzehnte ausgestattet. F\u00fcr eine Umstellung auf LED gibt es kaum einen besseren Zeitpunkt, denn Ende August 2023 kommt es zum endg\u00fcltigen Aus von Leuchtstofflampen.F&uuml;r jede Leuchte eine L&ouml;sung Wir bieten Ihnen eine gro\u00dfe &#8230; <\/p>\n<div><a href=\"https:\/\/isoled.info\/at\/roehrenersatz\/\" class=\"more-link\">Read More<\/a><\/div>\n","protected":false},"author":10,"featured_media":0,"parent":0,"menu_order":0,"comment_status":"closed","ping_status":"closed","template":"template-blank-4.php","meta":{"footnotes":""},"class_list":["post-14389","page","type-page","status-publish","hentry","no-post-thumbnail"],"yoast_head":"<!-- This site is optimized with the Yoast SEO plugin v27.0 - https:\/\/yoast.com\/product\/yoast-seo-wordpress\/ -->\n<title>Leuchtstoffr\u00f6hren auf LED umr\u00fcsten | R\u00f6hrenersatz von ISOLED\u00ae<\/title>\n<meta name=\"description\" content=\"Alle R\u00f6hrenersatz-L\u00f6sungen f\u00fcr Ihren Betrieb auf einen Blick | Top Fachberatung | Mehr Licht f\u00fcr weniger Geld | Jetzt beraten lassen!\" \/>\n<meta name=\"robots\" content=\"index, follow, max-snippet:-1, max-image-preview:large, max-video-preview:-1\" \/>\n<link rel=\"canonical\" href=\"https:\/\/isoled.info\/at\/roehrenersatz\/\" \/>\n<meta property=\"og:locale\" content=\"de_DE\" \/>\n<meta property=\"og:type\" content=\"article\" \/>\n<meta property=\"og:title\" content=\"Leuchtstoffr\u00f6hren auf LED umr\u00fcsten | R\u00f6hrenersatz von ISOLED\u00ae\" \/>\n<meta property=\"og:description\" content=\"Alle R\u00f6hrenersatz-L\u00f6sungen f\u00fcr Ihren Betrieb auf einen Blick | Top Fachberatung | Mehr Licht f\u00fcr weniger Geld | Jetzt beraten lassen!\" \/>\n<meta property=\"og:url\" content=\"https:\/\/isoled.info\/at\/roehrenersatz\/\" \/>\n<meta property=\"og:site_name\" content=\"ISOLED\u00ae\" \/>\n<meta property=\"article:modified_time\" content=\"2025-08-26T14:08:52+00:00\" \/>\n<meta property=\"og:image\" content=\"https:\/\/isoled.info\/wp-content\/uploads\/2023\/03\/rohreneratz-lichtlosung.png\" \/>\n\t<meta property=\"og:image:width\" content=\"601\" \/>\n\t<meta property=\"og:image:height\" content=\"400\" \/>\n\t<meta property=\"og:image:type\" content=\"image\/png\" \/>\n<meta name=\"twitter:card\" content=\"summary_large_image\" \/>\n<meta name=\"twitter:label1\" content=\"Gesch\u00e4tzte Lesezeit\" \/>\n\t<meta name=\"twitter:data1\" content=\"25 Minuten\" \/>\n<script type=\"application\/ld+json\" class=\"yoast-schema-graph\">{\"@context\":\"https:\/\/schema.org\",\"@graph\":[{\"@type\":\"WebPage\",\"@id\":\"https:\/\/isoled.info\/at\/roehrenersatz\/\",\"url\":\"https:\/\/isoled.info\/at\/roehrenersatz\/\",\"name\":\"Leuchtstoffr\u00f6hren auf LED umr\u00fcsten | R\u00f6hrenersatz von ISOLED\u00ae\",\"isPartOf\":{\"@id\":\"https:\/\/isoled.info\/at\/#website\"},\"primaryImageOfPage\":{\"@id\":\"https:\/\/isoled.info\/at\/roehrenersatz\/#primaryimage\"},\"image\":{\"@id\":\"https:\/\/isoled.info\/at\/roehrenersatz\/#primaryimage\"},\"thumbnailUrl\":\"https:\/\/isoled.info\/wp-content\/uploads\/2023\/03\/Buero_panel.webp\",\"datePublished\":\"2023-03-16T15:34:20+00:00\",\"dateModified\":\"2025-08-26T14:08:52+00:00\",\"description\":\"Alle R\u00f6hrenersatz-L\u00f6sungen f\u00fcr Ihren Betrieb auf einen Blick | Top Fachberatung | Mehr Licht f\u00fcr weniger Geld | Jetzt beraten lassen!\",\"breadcrumb\":{\"@id\":\"https:\/\/isoled.info\/at\/roehrenersatz\/#breadcrumb\"},\"inLanguage\":\"de-AT\",\"potentialAction\":[{\"@type\":\"ReadAction\",\"target\":[\"https:\/\/isoled.info\/at\/roehrenersatz\/\"]}]},{\"@type\":\"ImageObject\",\"inLanguage\":\"de-AT\",\"@id\":\"https:\/\/isoled.info\/at\/roehrenersatz\/#primaryimage\",\"url\":\"https:\/\/isoled.info\/wp-content\/uploads\/2023\/03\/Buero_panel.webp\",\"contentUrl\":\"https:\/\/isoled.info\/wp-content\/uploads\/2023\/03\/Buero_panel.webp\"},{\"@type\":\"BreadcrumbList\",\"@id\":\"https:\/\/isoled.info\/at\/roehrenersatz\/#breadcrumb\",\"itemListElement\":[{\"@type\":\"ListItem\",\"position\":1,\"name\":\"Home\",\"item\":\"https:\/\/isoled.info\/at\/\"},{\"@type\":\"ListItem\",\"position\":2,\"name\":\"R\u00f6hrenersatz AT\"}]},{\"@type\":\"WebSite\",\"@id\":\"https:\/\/isoled.info\/at\/#website\",\"url\":\"https:\/\/isoled.info\/at\/\",\"name\":\"ISOLED\u00ae\",\"description\":\"Customised Light Solutions\",\"publisher\":{\"@id\":\"https:\/\/isoled.info\/at\/#organization\"},\"potentialAction\":[{\"@type\":\"SearchAction\",\"target\":{\"@type\":\"EntryPoint\",\"urlTemplate\":\"https:\/\/isoled.info\/at\/?s={search_term_string}\"},\"query-input\":{\"@type\":\"PropertyValueSpecification\",\"valueRequired\":true,\"valueName\":\"search_term_string\"}}],\"inLanguage\":\"de-AT\"},{\"@type\":\"Organization\",\"@id\":\"https:\/\/isoled.info\/at\/#organization\",\"name\":\"ISOLED\",\"url\":\"https:\/\/isoled.info\/at\/\",\"logo\":{\"@type\":\"ImageObject\",\"inLanguage\":\"de-AT\",\"@id\":\"https:\/\/isoled.info\/at\/#\/schema\/logo\/image\/\",\"url\":\"https:\/\/isoled.info\/wp-content\/uploads\/2020\/10\/isoled-customised-light-solutions-g1.png\",\"contentUrl\":\"https:\/\/isoled.info\/wp-content\/uploads\/2020\/10\/isoled-customised-light-solutions-g1.png\",\"width\":1200,\"height\":900,\"caption\":\"ISOLED\"},\"image\":{\"@id\":\"https:\/\/isoled.info\/at\/#\/schema\/logo\/image\/\"}}]}<\/script>\n<!-- \/ Yoast SEO plugin. -->","yoast_head_json":{"title":"Leuchtstoffr\u00f6hren auf LED umr\u00fcsten | R\u00f6hrenersatz von ISOLED\u00ae","description":"Alle R\u00f6hrenersatz-L\u00f6sungen f\u00fcr Ihren Betrieb auf einen Blick | Top Fachberatung | Mehr Licht f\u00fcr weniger Geld | Jetzt beraten lassen!","robots":{"index":"index","follow":"follow","max-snippet":"max-snippet:-1","max-image-preview":"max-image-preview:large","max-video-preview":"max-video-preview:-1"},"canonical":"https:\/\/isoled.info\/at\/roehrenersatz\/","og_locale":"de_DE","og_type":"article","og_title":"Leuchtstoffr\u00f6hren auf LED umr\u00fcsten | R\u00f6hrenersatz von ISOLED\u00ae","og_description":"Alle R\u00f6hrenersatz-L\u00f6sungen f\u00fcr Ihren Betrieb auf einen Blick | Top Fachberatung | Mehr Licht f\u00fcr weniger Geld | Jetzt beraten lassen!","og_url":"https:\/\/isoled.info\/at\/roehrenersatz\/","og_site_name":"ISOLED\u00ae","article_modified_time":"2025-08-26T14:08:52+00:00","og_image":[{"width":601,"height":400,"url":"https:\/\/isoled.info\/wp-content\/uploads\/2023\/03\/rohreneratz-lichtlosung.png","type":"image\/png"}],"twitter_card":"summary_large_image","twitter_misc":{"Gesch\u00e4tzte Lesezeit":"25 Minuten"},"schema":{"@context":"https:\/\/schema.org","@graph":[{"@type":"WebPage","@id":"https:\/\/isoled.info\/at\/roehrenersatz\/","url":"https:\/\/isoled.info\/at\/roehrenersatz\/","name":"Leuchtstoffr\u00f6hren auf LED umr\u00fcsten | R\u00f6hrenersatz von ISOLED\u00ae","isPartOf":{"@id":"https:\/\/isoled.info\/at\/#website"},"primaryImageOfPage":{"@id":"https:\/\/isoled.info\/at\/roehrenersatz\/#primaryimage"},"image":{"@id":"https:\/\/isoled.info\/at\/roehrenersatz\/#primaryimage"},"thumbnailUrl":"https:\/\/isoled.info\/wp-content\/uploads\/2023\/03\/Buero_panel.webp","datePublished":"2023-03-16T15:34:20+00:00","dateModified":"2025-08-26T14:08:52+00:00","description":"Alle R\u00f6hrenersatz-L\u00f6sungen f\u00fcr Ihren Betrieb auf einen Blick | Top Fachberatung | Mehr Licht f\u00fcr weniger Geld | Jetzt beraten lassen!","breadcrumb":{"@id":"https:\/\/isoled.info\/at\/roehrenersatz\/#breadcrumb"},"inLanguage":"de-AT","potentialAction":[{"@type":"ReadAction","target":["https:\/\/isoled.info\/at\/roehrenersatz\/"]}]},{"@type":"ImageObject","inLanguage":"de-AT","@id":"https:\/\/isoled.info\/at\/roehrenersatz\/#primaryimage","url":"https:\/\/isoled.info\/wp-content\/uploads\/2023\/03\/Buero_panel.webp","contentUrl":"https:\/\/isoled.info\/wp-content\/uploads\/2023\/03\/Buero_panel.webp"},{"@type":"BreadcrumbList","@id":"https:\/\/isoled.info\/at\/roehrenersatz\/#breadcrumb","itemListElement":[{"@type":"ListItem","position":1,"name":"Home","item":"https:\/\/isoled.info\/at\/"},{"@type":"ListItem","position":2,"name":"R\u00f6hrenersatz AT"}]},{"@type":"WebSite","@id":"https:\/\/isoled.info\/at\/#website","url":"https:\/\/isoled.info\/at\/","name":"ISOLED\u00ae","description":"Customised Light Solutions","publisher":{"@id":"https:\/\/isoled.info\/at\/#organization"},"potentialAction":[{"@type":"SearchAction","target":{"@type":"EntryPoint","urlTemplate":"https:\/\/isoled.info\/at\/?s={search_term_string}"},"query-input":{"@type":"PropertyValueSpecification","valueRequired":true,"valueName":"search_term_string"}}],"inLanguage":"de-AT"},{"@type":"Organization","@id":"https:\/\/isoled.info\/at\/#organization","name":"ISOLED","url":"https:\/\/isoled.info\/at\/","logo":{"@type":"ImageObject","inLanguage":"de-AT","@id":"https:\/\/isoled.info\/at\/#\/schema\/logo\/image\/","url":"https:\/\/isoled.info\/wp-content\/uploads\/2020\/10\/isoled-customised-light-solutions-g1.png","contentUrl":"https:\/\/isoled.info\/wp-content\/uploads\/2020\/10\/isoled-customised-light-solutions-g1.png","width":1200,"height":900,"caption":"ISOLED"},"image":{"@id":"https:\/\/isoled.info\/at\/#\/schema\/logo\/image\/"}}]}},"_links":{"self":[{"href":"https:\/\/isoled.info\/at\/wp-json\/wp\/v2\/pages\/14389","targetHints":{"allow":["GET"]}}],"collection":[{"href":"https:\/\/isoled.info\/at\/wp-json\/wp\/v2\/pages"}],"about":[{"href":"https:\/\/isoled.info\/at\/wp-json\/wp\/v2\/types\/page"}],"author":[{"embeddable":true,"href":"https:\/\/isoled.info\/at\/wp-json\/wp\/v2\/users\/10"}],"replies":[{"embeddable":true,"href":"https:\/\/isoled.info\/at\/wp-json\/wp\/v2\/comments?post=14389"}],"version-history":[{"count":2,"href":"https:\/\/isoled.info\/at\/wp-json\/wp\/v2\/pages\/14389\/revisions"}],"predecessor-version":[{"id":43633,"href":"https:\/\/isoled.info\/at\/wp-json\/wp\/v2\/pages\/14389\/revisions\/43633"}],"wp:attachment":[{"href":"https:\/\/isoled.info\/at\/wp-json\/wp\/v2\/media?parent=14389"}],"curies":[{"name":"wp","href":"https:\/\/api.w.org\/{rel}","templated":true}]}}