{"id":20235,"date":"2023-11-08T10:51:59","date_gmt":"2023-11-08T09:51:59","guid":{"rendered":"https:\/\/isoled.info\/?page_id=20235"},"modified":"2024-08-29T12:06:46","modified_gmt":"2024-08-29T10:06:46","slug":"anwendungen","status":"publish","type":"page","link":"https:\/\/isoled.info\/at\/track48-nv-magnet-schienensystem\/anwendungen\/","title":{"rendered":"Track48 Anwendungen AT"},"content":{"rendered":"<div id=\"cs-content\" class=\"cs-content\"><\/div>\n","protected":false},"excerpt":{"rendered":"<p>Track 48 Schienensystem &#8211; Anwendungen Ein Schienensystem, unz\u00e4hlige M\u00f6glichkeiten100% FLEXIBILIT\u00c4T SIMPLE MONTAGE WECHSELBARE LEUCHTEN DALI-STEUERBAR GROSSE AUSWAHL AN ZUBEH\u00d6R VIELSEITIGE GESTALTUNGSM\u00d6GLICHKEITEN ANSPRECHENDES DESIGN SICHERE HANDHABUNG DURCH NIEDERSPANNUNG Mit seiner Flexibilit\u00e4t und Gestaltungsvielfalt ist Track 48 in vielen Bereichen eine gute Wahl. Die Verwendungsm\u00f6glichkeiten sind beinahe uneingeschr\u00e4nkt. Ob Arbeitsplatz, Wohnbereich, in der Gastronomie oder in Museen \u2013 mit Track 48 finden &#8230; <\/p>\n<div><a href=\"https:\/\/isoled.info\/at\/track48-nv-magnet-schienensystem\/anwendungen\/\" class=\"more-link\">Read More<\/a><\/div>\n","protected":false},"author":17,"featured_media":0,"parent":20206,"menu_order":0,"comment_status":"closed","ping_status":"closed","template":"template-blank-4.php","meta":{"footnotes":""},"class_list":["post-20235","page","type-page","status-publish","hentry","no-post-thumbnail"],"yoast_head":"<!-- This site is optimized with the Yoast SEO plugin v27.0 - https:\/\/yoast.com\/product\/yoast-seo-wordpress\/ -->\n<title>Track48 - Anwendungen Magnetschienensystem von ISOLED\u00ae<\/title>\n<meta name=\"description\" content=\"Track48 - Ob Arbeitsplatz, Wohnbereich, oder in der Gastronomie, seine Verwendungsm\u00f6glichkeiten sind beinahe uneingeschr\u00e4nkt. Mehr erfahren!\" \/>\n<meta name=\"robots\" content=\"index, follow, max-snippet:-1, max-image-preview:large, max-video-preview:-1\" \/>\n<link rel=\"canonical\" href=\"https:\/\/isoled.info\/at\/track48-nv-magnet-schienensystem\/anwendungen\/\" \/>\n<meta property=\"og:locale\" content=\"de_DE\" \/>\n<meta property=\"og:type\" content=\"article\" \/>\n<meta property=\"og:title\" content=\"Track48 - Anwendungen Magnetschienensystem von ISOLED\u00ae\" \/>\n<meta property=\"og:description\" content=\"Track48 - Ob Arbeitsplatz, Wohnbereich, oder in der Gastronomie, seine Verwendungsm\u00f6glichkeiten sind beinahe uneingeschr\u00e4nkt. Mehr erfahren!\" \/>\n<meta property=\"og:url\" content=\"https:\/\/isoled.info\/at\/track48-nv-magnet-schienensystem\/anwendungen\/\" \/>\n<meta property=\"og:site_name\" content=\"ISOLED\u00ae\" \/>\n<meta property=\"article:modified_time\" content=\"2024-08-29T10:06:46+00:00\" \/>\n<meta name=\"twitter:card\" content=\"summary_large_image\" \/>\n<meta name=\"twitter:label1\" content=\"Gesch\u00e4tzte Lesezeit\" \/>\n\t<meta name=\"twitter:data1\" content=\"11 Minuten\" \/>\n<script type=\"application\/ld+json\" class=\"yoast-schema-graph\">{\"@context\":\"https:\/\/schema.org\",\"@graph\":[{\"@type\":\"WebPage\",\"@id\":\"https:\/\/isoled.info\/at\/track48-nv-magnet-schienensystem\/anwendungen\/\",\"url\":\"https:\/\/isoled.info\/at\/track48-nv-magnet-schienensystem\/anwendungen\/\",\"name\":\"Track48 - Anwendungen Magnetschienensystem von ISOLED\u00ae\",\"isPartOf\":{\"@id\":\"https:\/\/isoled.info\/at\/#website\"},\"datePublished\":\"2023-11-08T09:51:59+00:00\",\"dateModified\":\"2024-08-29T10:06:46+00:00\",\"description\":\"Track48 - Ob Arbeitsplatz, Wohnbereich, oder in der Gastronomie, seine Verwendungsm\u00f6glichkeiten sind beinahe uneingeschr\u00e4nkt. Mehr erfahren!\",\"breadcrumb\":{\"@id\":\"https:\/\/isoled.info\/at\/track48-nv-magnet-schienensystem\/anwendungen\/#breadcrumb\"},\"inLanguage\":\"de-AT\",\"potentialAction\":[{\"@type\":\"ReadAction\",\"target\":[\"https:\/\/isoled.info\/at\/track48-nv-magnet-schienensystem\/anwendungen\/\"]}]},{\"@type\":\"BreadcrumbList\",\"@id\":\"https:\/\/isoled.info\/at\/track48-nv-magnet-schienensystem\/anwendungen\/#breadcrumb\",\"itemListElement\":[{\"@type\":\"ListItem\",\"position\":1,\"name\":\"Home\",\"item\":\"https:\/\/isoled.info\/at\/\"},{\"@type\":\"ListItem\",\"position\":2,\"name\":\"Track48 NV Magnet-Schienensystem AT\",\"item\":\"https:\/\/isoled.info\/at\/track48-nv-magnet-schienensystem\/\"},{\"@type\":\"ListItem\",\"position\":3,\"name\":\"Track48 Anwendungen AT\"}]},{\"@type\":\"WebSite\",\"@id\":\"https:\/\/isoled.info\/at\/#website\",\"url\":\"https:\/\/isoled.info\/at\/\",\"name\":\"ISOLED\u00ae\",\"description\":\"Customised Light Solutions\",\"publisher\":{\"@id\":\"https:\/\/isoled.info\/at\/#organization\"},\"potentialAction\":[{\"@type\":\"SearchAction\",\"target\":{\"@type\":\"EntryPoint\",\"urlTemplate\":\"https:\/\/isoled.info\/at\/?s={search_term_string}\"},\"query-input\":{\"@type\":\"PropertyValueSpecification\",\"valueRequired\":true,\"valueName\":\"search_term_string\"}}],\"inLanguage\":\"de-AT\"},{\"@type\":\"Organization\",\"@id\":\"https:\/\/isoled.info\/at\/#organization\",\"name\":\"ISOLED\",\"url\":\"https:\/\/isoled.info\/at\/\",\"logo\":{\"@type\":\"ImageObject\",\"inLanguage\":\"de-AT\",\"@id\":\"https:\/\/isoled.info\/at\/#\/schema\/logo\/image\/\",\"url\":\"https:\/\/isoled.info\/wp-content\/uploads\/2020\/10\/isoled-customised-light-solutions-g1.png\",\"contentUrl\":\"https:\/\/isoled.info\/wp-content\/uploads\/2020\/10\/isoled-customised-light-solutions-g1.png\",\"width\":1200,\"height\":900,\"caption\":\"ISOLED\"},\"image\":{\"@id\":\"https:\/\/isoled.info\/at\/#\/schema\/logo\/image\/\"}}]}<\/script>\n<!-- \/ Yoast SEO plugin. -->","yoast_head_json":{"title":"Track48 - Anwendungen Magnetschienensystem von ISOLED\u00ae","description":"Track48 - Ob Arbeitsplatz, Wohnbereich, oder in der Gastronomie, seine Verwendungsm\u00f6glichkeiten sind beinahe uneingeschr\u00e4nkt. Mehr erfahren!","robots":{"index":"index","follow":"follow","max-snippet":"max-snippet:-1","max-image-preview":"max-image-preview:large","max-video-preview":"max-video-preview:-1"},"canonical":"https:\/\/isoled.info\/at\/track48-nv-magnet-schienensystem\/anwendungen\/","og_locale":"de_DE","og_type":"article","og_title":"Track48 - Anwendungen Magnetschienensystem von ISOLED\u00ae","og_description":"Track48 - Ob Arbeitsplatz, Wohnbereich, oder in der Gastronomie, seine Verwendungsm\u00f6glichkeiten sind beinahe uneingeschr\u00e4nkt. Mehr erfahren!","og_url":"https:\/\/isoled.info\/at\/track48-nv-magnet-schienensystem\/anwendungen\/","og_site_name":"ISOLED\u00ae","article_modified_time":"2024-08-29T10:06:46+00:00","twitter_card":"summary_large_image","twitter_misc":{"Gesch\u00e4tzte Lesezeit":"11 Minuten"},"schema":{"@context":"https:\/\/schema.org","@graph":[{"@type":"WebPage","@id":"https:\/\/isoled.info\/at\/track48-nv-magnet-schienensystem\/anwendungen\/","url":"https:\/\/isoled.info\/at\/track48-nv-magnet-schienensystem\/anwendungen\/","name":"Track48 - Anwendungen Magnetschienensystem von ISOLED\u00ae","isPartOf":{"@id":"https:\/\/isoled.info\/at\/#website"},"datePublished":"2023-11-08T09:51:59+00:00","dateModified":"2024-08-29T10:06:46+00:00","description":"Track48 - Ob Arbeitsplatz, Wohnbereich, oder in der Gastronomie, seine Verwendungsm\u00f6glichkeiten sind beinahe uneingeschr\u00e4nkt. Mehr erfahren!","breadcrumb":{"@id":"https:\/\/isoled.info\/at\/track48-nv-magnet-schienensystem\/anwendungen\/#breadcrumb"},"inLanguage":"de-AT","potentialAction":[{"@type":"ReadAction","target":["https:\/\/isoled.info\/at\/track48-nv-magnet-schienensystem\/anwendungen\/"]}]},{"@type":"BreadcrumbList","@id":"https:\/\/isoled.info\/at\/track48-nv-magnet-schienensystem\/anwendungen\/#breadcrumb","itemListElement":[{"@type":"ListItem","position":1,"name":"Home","item":"https:\/\/isoled.info\/at\/"},{"@type":"ListItem","position":2,"name":"Track48 NV Magnet-Schienensystem AT","item":"https:\/\/isoled.info\/at\/track48-nv-magnet-schienensystem\/"},{"@type":"ListItem","position":3,"name":"Track48 Anwendungen AT"}]},{"@type":"WebSite","@id":"https:\/\/isoled.info\/at\/#website","url":"https:\/\/isoled.info\/at\/","name":"ISOLED\u00ae","description":"Customised Light Solutions","publisher":{"@id":"https:\/\/isoled.info\/at\/#organization"},"potentialAction":[{"@type":"SearchAction","target":{"@type":"EntryPoint","urlTemplate":"https:\/\/isoled.info\/at\/?s={search_term_string}"},"query-input":{"@type":"PropertyValueSpecification","valueRequired":true,"valueName":"search_term_string"}}],"inLanguage":"de-AT"},{"@type":"Organization","@id":"https:\/\/isoled.info\/at\/#organization","name":"ISOLED","url":"https:\/\/isoled.info\/at\/","logo":{"@type":"ImageObject","inLanguage":"de-AT","@id":"https:\/\/isoled.info\/at\/#\/schema\/logo\/image\/","url":"https:\/\/isoled.info\/wp-content\/uploads\/2020\/10\/isoled-customised-light-solutions-g1.png","contentUrl":"https:\/\/isoled.info\/wp-content\/uploads\/2020\/10\/isoled-customised-light-solutions-g1.png","width":1200,"height":900,"caption":"ISOLED"},"image":{"@id":"https:\/\/isoled.info\/at\/#\/schema\/logo\/image\/"}}]}},"_links":{"self":[{"href":"https:\/\/isoled.info\/at\/wp-json\/wp\/v2\/pages\/20235","targetHints":{"allow":["GET"]}}],"collection":[{"href":"https:\/\/isoled.info\/at\/wp-json\/wp\/v2\/pages"}],"about":[{"href":"https:\/\/isoled.info\/at\/wp-json\/wp\/v2\/types\/page"}],"author":[{"embeddable":true,"href":"https:\/\/isoled.info\/at\/wp-json\/wp\/v2\/users\/17"}],"replies":[{"embeddable":true,"href":"https:\/\/isoled.info\/at\/wp-json\/wp\/v2\/comments?post=20235"}],"version-history":[{"count":2,"href":"https:\/\/isoled.info\/at\/wp-json\/wp\/v2\/pages\/20235\/revisions"}],"predecessor-version":[{"id":36251,"href":"https:\/\/isoled.info\/at\/wp-json\/wp\/v2\/pages\/20235\/revisions\/36251"}],"up":[{"embeddable":true,"href":"https:\/\/isoled.info\/at\/wp-json\/wp\/v2\/pages\/20206"}],"wp:attachment":[{"href":"https:\/\/isoled.info\/at\/wp-json\/wp\/v2\/media?parent=20235"}],"curies":[{"name":"wp","href":"https:\/\/api.w.org\/{rel}","templated":true}]}}