{"id":24062,"date":"2023-12-05T09:10:09","date_gmt":"2023-12-05T08:10:09","guid":{"rendered":"https:\/\/isoled.info\/?page_id=24062"},"modified":"2026-01-22T11:35:25","modified_gmt":"2026-01-22T10:35:25","slug":"modulares-lichtbandsystem-anwendungen","status":"publish","type":"page","link":"https:\/\/isoled.info\/at\/modulares-lichtbandsystem\/modulares-lichtbandsystem-anwendungen\/","title":{"rendered":"Modulares Lichtbandsystem-Anwendungen AT"},"content":{"rendered":"<div id=\"cs-content\" class=\"cs-content\"><\/div>\n","protected":false},"excerpt":{"rendered":"<p>LINEARE LEUCHTEN Passgenau f\u00fcr Ihr architektonisches KonzeptB\u00dcROHOTELLERIESEMINAR UNDVERANSTALTUNGSR\u00c4UMEWOHNBEREICHEMUSEENSCHULEN UND UNIVERSIT\u00c4TENOPTIMALES LICHT AM ARBEITSPLATZ MIT EINER LINEAREN BELEUCHTUNG Sorgen Sie f\u00fcr optimales Licht am Arbeitsplatz mit unserem blendfreien Lichtbandsystem. Unsere modularen Leuchtenprofile sind die ideale L\u00f6sung f\u00fcr B\u00fcros, Schulen und Veranstaltungsr\u00e4ume, die eine anpassungsf\u00e4hige und augenschonende Beleuchtung ben\u00f6tigen. Sie schaffen eine Atmosph\u00e4re, die Konzentration und Wohlbefinden f\u00f6rdert, essenziell f\u00fcr produktive Lern- &#8230; <\/p>\n<div><a href=\"https:\/\/isoled.info\/at\/modulares-lichtbandsystem\/modulares-lichtbandsystem-anwendungen\/\" class=\"more-link\">Read More<\/a><\/div>\n","protected":false},"author":17,"featured_media":0,"parent":24060,"menu_order":0,"comment_status":"closed","ping_status":"closed","template":"template-blank-4.php","meta":{"footnotes":""},"class_list":["post-24062","page","type-page","status-publish","hentry","no-post-thumbnail"],"yoast_head":"<!-- This site is optimized with the Yoast SEO plugin v27.0 - https:\/\/yoast.com\/product\/yoast-seo-wordpress\/ -->\n<title>Perfektes Licht f\u00fcr jeden Anwendungsbereich mit ISOLED\u00ae<\/title>\n<meta name=\"description\" content=\"Entdecken Sie ma\u00dfgeschneiderte lineare Lichtl\u00f6sungen f\u00fcr Ihren Arbeitsplatz, Wohnbereich, Veranstaltungsraum und vieles mehr. Jetzt anfragen! ISOLED\u00ae\" \/>\n<meta name=\"robots\" content=\"index, follow, max-snippet:-1, max-image-preview:large, max-video-preview:-1\" \/>\n<link rel=\"canonical\" href=\"https:\/\/isoled.info\/at\/modulares-lichtbandsystem\/modulares-lichtbandsystem-anwendungen\/\" \/>\n<meta property=\"og:locale\" content=\"de_DE\" \/>\n<meta property=\"og:type\" content=\"article\" \/>\n<meta property=\"og:title\" content=\"Perfektes Licht f\u00fcr jeden Anwendungsbereich mit ISOLED\u00ae\" \/>\n<meta property=\"og:description\" content=\"Entdecken Sie ma\u00dfgeschneiderte lineare Lichtl\u00f6sungen f\u00fcr Ihren Arbeitsplatz, Wohnbereich, Veranstaltungsraum und vieles mehr. Jetzt anfragen! ISOLED\u00ae\" \/>\n<meta property=\"og:url\" content=\"https:\/\/isoled.info\/at\/modulares-lichtbandsystem\/modulares-lichtbandsystem-anwendungen\/\" \/>\n<meta property=\"og:site_name\" content=\"ISOLED\u00ae\" \/>\n<meta property=\"article:modified_time\" content=\"2026-01-22T10:35:25+00:00\" \/>\n<meta name=\"twitter:card\" content=\"summary_large_image\" \/>\n<meta name=\"twitter:label1\" content=\"Gesch\u00e4tzte Lesezeit\" \/>\n\t<meta name=\"twitter:data1\" content=\"10 Minuten\" \/>\n<script type=\"application\/ld+json\" class=\"yoast-schema-graph\">{\"@context\":\"https:\/\/schema.org\",\"@graph\":[{\"@type\":\"WebPage\",\"@id\":\"https:\/\/isoled.info\/at\/modulares-lichtbandsystem\/modulares-lichtbandsystem-anwendungen\/\",\"url\":\"https:\/\/isoled.info\/at\/modulares-lichtbandsystem\/modulares-lichtbandsystem-anwendungen\/\",\"name\":\"Perfektes Licht f\u00fcr jeden Anwendungsbereich mit ISOLED\u00ae\",\"isPartOf\":{\"@id\":\"https:\/\/isoled.info\/at\/#website\"},\"datePublished\":\"2023-12-05T08:10:09+00:00\",\"dateModified\":\"2026-01-22T10:35:25+00:00\",\"description\":\"Entdecken Sie ma\u00dfgeschneiderte lineare Lichtl\u00f6sungen f\u00fcr Ihren Arbeitsplatz, Wohnbereich, Veranstaltungsraum und vieles mehr. Jetzt anfragen! ISOLED\u00ae\",\"breadcrumb\":{\"@id\":\"https:\/\/isoled.info\/at\/modulares-lichtbandsystem\/modulares-lichtbandsystem-anwendungen\/#breadcrumb\"},\"inLanguage\":\"de-AT\",\"potentialAction\":[{\"@type\":\"ReadAction\",\"target\":[\"https:\/\/isoled.info\/at\/modulares-lichtbandsystem\/modulares-lichtbandsystem-anwendungen\/\"]}]},{\"@type\":\"BreadcrumbList\",\"@id\":\"https:\/\/isoled.info\/at\/modulares-lichtbandsystem\/modulares-lichtbandsystem-anwendungen\/#breadcrumb\",\"itemListElement\":[{\"@type\":\"ListItem\",\"position\":1,\"name\":\"Home\",\"item\":\"https:\/\/isoled.info\/at\/\"},{\"@type\":\"ListItem\",\"position\":2,\"name\":\"Modulares Lichtbandsystem AT\",\"item\":\"https:\/\/isoled.info\/at\/modulares-lichtbandsystem\/\"},{\"@type\":\"ListItem\",\"position\":3,\"name\":\"Modulares Lichtbandsystem-Anwendungen AT\"}]},{\"@type\":\"WebSite\",\"@id\":\"https:\/\/isoled.info\/at\/#website\",\"url\":\"https:\/\/isoled.info\/at\/\",\"name\":\"ISOLED\u00ae\",\"description\":\"Customised Light Solutions\",\"publisher\":{\"@id\":\"https:\/\/isoled.info\/at\/#organization\"},\"potentialAction\":[{\"@type\":\"SearchAction\",\"target\":{\"@type\":\"EntryPoint\",\"urlTemplate\":\"https:\/\/isoled.info\/at\/?s={search_term_string}\"},\"query-input\":{\"@type\":\"PropertyValueSpecification\",\"valueRequired\":true,\"valueName\":\"search_term_string\"}}],\"inLanguage\":\"de-AT\"},{\"@type\":\"Organization\",\"@id\":\"https:\/\/isoled.info\/at\/#organization\",\"name\":\"ISOLED\",\"url\":\"https:\/\/isoled.info\/at\/\",\"logo\":{\"@type\":\"ImageObject\",\"inLanguage\":\"de-AT\",\"@id\":\"https:\/\/isoled.info\/at\/#\/schema\/logo\/image\/\",\"url\":\"https:\/\/isoled.info\/wp-content\/uploads\/2020\/10\/isoled-customised-light-solutions-g1.png\",\"contentUrl\":\"https:\/\/isoled.info\/wp-content\/uploads\/2020\/10\/isoled-customised-light-solutions-g1.png\",\"width\":1200,\"height\":900,\"caption\":\"ISOLED\"},\"image\":{\"@id\":\"https:\/\/isoled.info\/at\/#\/schema\/logo\/image\/\"}}]}<\/script>\n<!-- \/ Yoast SEO plugin. -->","yoast_head_json":{"title":"Perfektes Licht f\u00fcr jeden Anwendungsbereich mit ISOLED\u00ae","description":"Entdecken Sie ma\u00dfgeschneiderte lineare Lichtl\u00f6sungen f\u00fcr Ihren Arbeitsplatz, Wohnbereich, Veranstaltungsraum und vieles mehr. Jetzt anfragen! ISOLED\u00ae","robots":{"index":"index","follow":"follow","max-snippet":"max-snippet:-1","max-image-preview":"max-image-preview:large","max-video-preview":"max-video-preview:-1"},"canonical":"https:\/\/isoled.info\/at\/modulares-lichtbandsystem\/modulares-lichtbandsystem-anwendungen\/","og_locale":"de_DE","og_type":"article","og_title":"Perfektes Licht f\u00fcr jeden Anwendungsbereich mit ISOLED\u00ae","og_description":"Entdecken Sie ma\u00dfgeschneiderte lineare Lichtl\u00f6sungen f\u00fcr Ihren Arbeitsplatz, Wohnbereich, Veranstaltungsraum und vieles mehr. Jetzt anfragen! ISOLED\u00ae","og_url":"https:\/\/isoled.info\/at\/modulares-lichtbandsystem\/modulares-lichtbandsystem-anwendungen\/","og_site_name":"ISOLED\u00ae","article_modified_time":"2026-01-22T10:35:25+00:00","twitter_card":"summary_large_image","twitter_misc":{"Gesch\u00e4tzte Lesezeit":"10 Minuten"},"schema":{"@context":"https:\/\/schema.org","@graph":[{"@type":"WebPage","@id":"https:\/\/isoled.info\/at\/modulares-lichtbandsystem\/modulares-lichtbandsystem-anwendungen\/","url":"https:\/\/isoled.info\/at\/modulares-lichtbandsystem\/modulares-lichtbandsystem-anwendungen\/","name":"Perfektes Licht f\u00fcr jeden Anwendungsbereich mit ISOLED\u00ae","isPartOf":{"@id":"https:\/\/isoled.info\/at\/#website"},"datePublished":"2023-12-05T08:10:09+00:00","dateModified":"2026-01-22T10:35:25+00:00","description":"Entdecken Sie ma\u00dfgeschneiderte lineare Lichtl\u00f6sungen f\u00fcr Ihren Arbeitsplatz, Wohnbereich, Veranstaltungsraum und vieles mehr. Jetzt anfragen! ISOLED\u00ae","breadcrumb":{"@id":"https:\/\/isoled.info\/at\/modulares-lichtbandsystem\/modulares-lichtbandsystem-anwendungen\/#breadcrumb"},"inLanguage":"de-AT","potentialAction":[{"@type":"ReadAction","target":["https:\/\/isoled.info\/at\/modulares-lichtbandsystem\/modulares-lichtbandsystem-anwendungen\/"]}]},{"@type":"BreadcrumbList","@id":"https:\/\/isoled.info\/at\/modulares-lichtbandsystem\/modulares-lichtbandsystem-anwendungen\/#breadcrumb","itemListElement":[{"@type":"ListItem","position":1,"name":"Home","item":"https:\/\/isoled.info\/at\/"},{"@type":"ListItem","position":2,"name":"Modulares Lichtbandsystem AT","item":"https:\/\/isoled.info\/at\/modulares-lichtbandsystem\/"},{"@type":"ListItem","position":3,"name":"Modulares Lichtbandsystem-Anwendungen AT"}]},{"@type":"WebSite","@id":"https:\/\/isoled.info\/at\/#website","url":"https:\/\/isoled.info\/at\/","name":"ISOLED\u00ae","description":"Customised Light Solutions","publisher":{"@id":"https:\/\/isoled.info\/at\/#organization"},"potentialAction":[{"@type":"SearchAction","target":{"@type":"EntryPoint","urlTemplate":"https:\/\/isoled.info\/at\/?s={search_term_string}"},"query-input":{"@type":"PropertyValueSpecification","valueRequired":true,"valueName":"search_term_string"}}],"inLanguage":"de-AT"},{"@type":"Organization","@id":"https:\/\/isoled.info\/at\/#organization","name":"ISOLED","url":"https:\/\/isoled.info\/at\/","logo":{"@type":"ImageObject","inLanguage":"de-AT","@id":"https:\/\/isoled.info\/at\/#\/schema\/logo\/image\/","url":"https:\/\/isoled.info\/wp-content\/uploads\/2020\/10\/isoled-customised-light-solutions-g1.png","contentUrl":"https:\/\/isoled.info\/wp-content\/uploads\/2020\/10\/isoled-customised-light-solutions-g1.png","width":1200,"height":900,"caption":"ISOLED"},"image":{"@id":"https:\/\/isoled.info\/at\/#\/schema\/logo\/image\/"}}]}},"_links":{"self":[{"href":"https:\/\/isoled.info\/at\/wp-json\/wp\/v2\/pages\/24062","targetHints":{"allow":["GET"]}}],"collection":[{"href":"https:\/\/isoled.info\/at\/wp-json\/wp\/v2\/pages"}],"about":[{"href":"https:\/\/isoled.info\/at\/wp-json\/wp\/v2\/types\/page"}],"author":[{"embeddable":true,"href":"https:\/\/isoled.info\/at\/wp-json\/wp\/v2\/users\/17"}],"replies":[{"embeddable":true,"href":"https:\/\/isoled.info\/at\/wp-json\/wp\/v2\/comments?post=24062"}],"version-history":[{"count":2,"href":"https:\/\/isoled.info\/at\/wp-json\/wp\/v2\/pages\/24062\/revisions"}],"predecessor-version":[{"id":45339,"href":"https:\/\/isoled.info\/at\/wp-json\/wp\/v2\/pages\/24062\/revisions\/45339"}],"up":[{"embeddable":true,"href":"https:\/\/isoled.info\/at\/wp-json\/wp\/v2\/pages\/24060"}],"wp:attachment":[{"href":"https:\/\/isoled.info\/at\/wp-json\/wp\/v2\/media?parent=24062"}],"curies":[{"name":"wp","href":"https:\/\/api.w.org\/{rel}","templated":true}]}}