{"id":24064,"date":"2023-12-05T09:11:59","date_gmt":"2023-12-05T08:11:59","guid":{"rendered":"https:\/\/isoled.info\/?page_id=24064"},"modified":"2026-01-21T17:22:06","modified_gmt":"2026-01-21T16:22:06","slug":"modulares-lichtbandsystem-produkte","status":"publish","type":"page","link":"https:\/\/isoled.info\/at\/modulares-lichtbandsystem\/modulares-lichtbandsystem-produkte\/","title":{"rendered":"Modulares Lichtbandsystem-Produkte AT"},"content":{"rendered":"<div id=\"cs-content\" class=\"cs-content\"><\/div>\n","protected":false},"excerpt":{"rendered":"<p>LINEARE LEUCHTEN NACH MASS \u2013 ENTDECKEN SIE UNSER LICHTBANDSYSTEM IN WENIGEN SCHRITTEN ZU IHRER INDIVIDUELL ERSTELLTEN LEUCHTE! Die linearen Lichtbandsysteme sind sowohl als Aufbauleuchten als auch mittels Seilabh\u00e4ngung montierbar. Bei beiden Systemen, sowohl bei der PROLAMP30 als auch bei der PROLAMP40, l\u00e4sst sich bei den Lampen mit Seilabh\u00e4ngung eine indirekte Beleuchtung realisieren. Eine Auswahl aus drei verschiedenen Profilfarben bietet Ihnen &#8230; <\/p>\n<div><a href=\"https:\/\/isoled.info\/at\/modulares-lichtbandsystem\/modulares-lichtbandsystem-produkte\/\" class=\"more-link\">Read More<\/a><\/div>\n","protected":false},"author":17,"featured_media":0,"parent":24060,"menu_order":0,"comment_status":"closed","ping_status":"closed","template":"template-blank-4.php","meta":{"footnotes":""},"class_list":["post-24064","page","type-page","status-publish","hentry","no-post-thumbnail"],"yoast_head":"<!-- This site is optimized with the Yoast SEO plugin v27.0 - https:\/\/yoast.com\/product\/yoast-seo-wordpress\/ -->\n<title>PROLAMP Serie | Ma\u00dfgeschneiderte Linearleuchten von ISOLED\u00ae<\/title>\n<meta name=\"description\" content=\"Entdecken Sie unsere neuen PROLAMP Leuchten: Ma\u00dfgeschneiderte Aufbau- oder Pendelleuchten. Fachkundige Beratung f\u00fcr Ihr Lichtprojekt. Jetzt anfragen!\" \/>\n<meta name=\"robots\" content=\"index, follow, max-snippet:-1, max-image-preview:large, max-video-preview:-1\" \/>\n<link rel=\"canonical\" href=\"https:\/\/isoled.info\/at\/modulares-lichtbandsystem\/modulares-lichtbandsystem-produkte\/\" \/>\n<meta property=\"og:locale\" content=\"de_DE\" \/>\n<meta property=\"og:type\" content=\"article\" \/>\n<meta property=\"og:title\" content=\"PROLAMP Serie | Ma\u00dfgeschneiderte Linearleuchten von ISOLED\u00ae\" \/>\n<meta property=\"og:description\" content=\"Entdecken Sie unsere neuen PROLAMP Leuchten: Ma\u00dfgeschneiderte Aufbau- oder Pendelleuchten. Fachkundige Beratung f\u00fcr Ihr Lichtprojekt. Jetzt anfragen!\" \/>\n<meta property=\"og:url\" content=\"https:\/\/isoled.info\/at\/modulares-lichtbandsystem\/modulares-lichtbandsystem-produkte\/\" \/>\n<meta property=\"og:site_name\" content=\"ISOLED\u00ae\" \/>\n<meta property=\"article:modified_time\" content=\"2026-01-21T16:22:06+00:00\" \/>\n<meta property=\"og:image\" content=\"https:\/\/isoled.info\/wp-content\/uploads\/2024\/07\/aufzaehlung-icon.png\" \/>\n<meta name=\"twitter:card\" content=\"summary_large_image\" \/>\n<meta name=\"twitter:label1\" content=\"Gesch\u00e4tzte Lesezeit\" \/>\n\t<meta name=\"twitter:data1\" content=\"22 Minuten\" \/>\n<script type=\"application\/ld+json\" class=\"yoast-schema-graph\">{\"@context\":\"https:\/\/schema.org\",\"@graph\":[{\"@type\":\"WebPage\",\"@id\":\"https:\/\/isoled.info\/at\/modulares-lichtbandsystem\/modulares-lichtbandsystem-produkte\/\",\"url\":\"https:\/\/isoled.info\/at\/modulares-lichtbandsystem\/modulares-lichtbandsystem-produkte\/\",\"name\":\"PROLAMP Serie | Ma\u00dfgeschneiderte Linearleuchten von ISOLED\u00ae\",\"isPartOf\":{\"@id\":\"https:\/\/isoled.info\/at\/#website\"},\"primaryImageOfPage\":{\"@id\":\"https:\/\/isoled.info\/at\/modulares-lichtbandsystem\/modulares-lichtbandsystem-produkte\/#primaryimage\"},\"image\":{\"@id\":\"https:\/\/isoled.info\/at\/modulares-lichtbandsystem\/modulares-lichtbandsystem-produkte\/#primaryimage\"},\"thumbnailUrl\":\"https:\/\/isoled.info\/wp-content\/uploads\/2024\/07\/aufzaehlung-icon.png\",\"datePublished\":\"2023-12-05T08:11:59+00:00\",\"dateModified\":\"2026-01-21T16:22:06+00:00\",\"description\":\"Entdecken Sie unsere neuen PROLAMP Leuchten: Ma\u00dfgeschneiderte Aufbau- oder Pendelleuchten. Fachkundige Beratung f\u00fcr Ihr Lichtprojekt. Jetzt anfragen!\",\"breadcrumb\":{\"@id\":\"https:\/\/isoled.info\/at\/modulares-lichtbandsystem\/modulares-lichtbandsystem-produkte\/#breadcrumb\"},\"inLanguage\":\"de-AT\",\"potentialAction\":[{\"@type\":\"ReadAction\",\"target\":[\"https:\/\/isoled.info\/at\/modulares-lichtbandsystem\/modulares-lichtbandsystem-produkte\/\"]}]},{\"@type\":\"ImageObject\",\"inLanguage\":\"de-AT\",\"@id\":\"https:\/\/isoled.info\/at\/modulares-lichtbandsystem\/modulares-lichtbandsystem-produkte\/#primaryimage\",\"url\":\"https:\/\/isoled.info\/wp-content\/uploads\/2024\/07\/aufzaehlung-icon.png\",\"contentUrl\":\"https:\/\/isoled.info\/wp-content\/uploads\/2024\/07\/aufzaehlung-icon.png\"},{\"@type\":\"BreadcrumbList\",\"@id\":\"https:\/\/isoled.info\/at\/modulares-lichtbandsystem\/modulares-lichtbandsystem-produkte\/#breadcrumb\",\"itemListElement\":[{\"@type\":\"ListItem\",\"position\":1,\"name\":\"Home\",\"item\":\"https:\/\/isoled.info\/at\/\"},{\"@type\":\"ListItem\",\"position\":2,\"name\":\"Modulares Lichtbandsystem AT\",\"item\":\"https:\/\/isoled.info\/at\/modulares-lichtbandsystem\/\"},{\"@type\":\"ListItem\",\"position\":3,\"name\":\"Modulares Lichtbandsystem-Produkte AT\"}]},{\"@type\":\"WebSite\",\"@id\":\"https:\/\/isoled.info\/at\/#website\",\"url\":\"https:\/\/isoled.info\/at\/\",\"name\":\"ISOLED\u00ae\",\"description\":\"Customised Light Solutions\",\"publisher\":{\"@id\":\"https:\/\/isoled.info\/at\/#organization\"},\"potentialAction\":[{\"@type\":\"SearchAction\",\"target\":{\"@type\":\"EntryPoint\",\"urlTemplate\":\"https:\/\/isoled.info\/at\/?s={search_term_string}\"},\"query-input\":{\"@type\":\"PropertyValueSpecification\",\"valueRequired\":true,\"valueName\":\"search_term_string\"}}],\"inLanguage\":\"de-AT\"},{\"@type\":\"Organization\",\"@id\":\"https:\/\/isoled.info\/at\/#organization\",\"name\":\"ISOLED\",\"url\":\"https:\/\/isoled.info\/at\/\",\"logo\":{\"@type\":\"ImageObject\",\"inLanguage\":\"de-AT\",\"@id\":\"https:\/\/isoled.info\/at\/#\/schema\/logo\/image\/\",\"url\":\"https:\/\/isoled.info\/wp-content\/uploads\/2020\/10\/isoled-customised-light-solutions-g1.png\",\"contentUrl\":\"https:\/\/isoled.info\/wp-content\/uploads\/2020\/10\/isoled-customised-light-solutions-g1.png\",\"width\":1200,\"height\":900,\"caption\":\"ISOLED\"},\"image\":{\"@id\":\"https:\/\/isoled.info\/at\/#\/schema\/logo\/image\/\"}}]}<\/script>\n<!-- \/ Yoast SEO plugin. -->","yoast_head_json":{"title":"PROLAMP Serie | Ma\u00dfgeschneiderte Linearleuchten von ISOLED\u00ae","description":"Entdecken Sie unsere neuen PROLAMP Leuchten: Ma\u00dfgeschneiderte Aufbau- oder Pendelleuchten. Fachkundige Beratung f\u00fcr Ihr Lichtprojekt. Jetzt anfragen!","robots":{"index":"index","follow":"follow","max-snippet":"max-snippet:-1","max-image-preview":"max-image-preview:large","max-video-preview":"max-video-preview:-1"},"canonical":"https:\/\/isoled.info\/at\/modulares-lichtbandsystem\/modulares-lichtbandsystem-produkte\/","og_locale":"de_DE","og_type":"article","og_title":"PROLAMP Serie | Ma\u00dfgeschneiderte Linearleuchten von ISOLED\u00ae","og_description":"Entdecken Sie unsere neuen PROLAMP Leuchten: Ma\u00dfgeschneiderte Aufbau- oder Pendelleuchten. Fachkundige Beratung f\u00fcr Ihr Lichtprojekt. Jetzt anfragen!","og_url":"https:\/\/isoled.info\/at\/modulares-lichtbandsystem\/modulares-lichtbandsystem-produkte\/","og_site_name":"ISOLED\u00ae","article_modified_time":"2026-01-21T16:22:06+00:00","og_image":[{"url":"https:\/\/isoled.info\/wp-content\/uploads\/2024\/07\/aufzaehlung-icon.png","type":"","width":"","height":""}],"twitter_card":"summary_large_image","twitter_misc":{"Gesch\u00e4tzte Lesezeit":"22 Minuten"},"schema":{"@context":"https:\/\/schema.org","@graph":[{"@type":"WebPage","@id":"https:\/\/isoled.info\/at\/modulares-lichtbandsystem\/modulares-lichtbandsystem-produkte\/","url":"https:\/\/isoled.info\/at\/modulares-lichtbandsystem\/modulares-lichtbandsystem-produkte\/","name":"PROLAMP Serie | Ma\u00dfgeschneiderte Linearleuchten von ISOLED\u00ae","isPartOf":{"@id":"https:\/\/isoled.info\/at\/#website"},"primaryImageOfPage":{"@id":"https:\/\/isoled.info\/at\/modulares-lichtbandsystem\/modulares-lichtbandsystem-produkte\/#primaryimage"},"image":{"@id":"https:\/\/isoled.info\/at\/modulares-lichtbandsystem\/modulares-lichtbandsystem-produkte\/#primaryimage"},"thumbnailUrl":"https:\/\/isoled.info\/wp-content\/uploads\/2024\/07\/aufzaehlung-icon.png","datePublished":"2023-12-05T08:11:59+00:00","dateModified":"2026-01-21T16:22:06+00:00","description":"Entdecken Sie unsere neuen PROLAMP Leuchten: Ma\u00dfgeschneiderte Aufbau- oder Pendelleuchten. Fachkundige Beratung f\u00fcr Ihr Lichtprojekt. Jetzt anfragen!","breadcrumb":{"@id":"https:\/\/isoled.info\/at\/modulares-lichtbandsystem\/modulares-lichtbandsystem-produkte\/#breadcrumb"},"inLanguage":"de-AT","potentialAction":[{"@type":"ReadAction","target":["https:\/\/isoled.info\/at\/modulares-lichtbandsystem\/modulares-lichtbandsystem-produkte\/"]}]},{"@type":"ImageObject","inLanguage":"de-AT","@id":"https:\/\/isoled.info\/at\/modulares-lichtbandsystem\/modulares-lichtbandsystem-produkte\/#primaryimage","url":"https:\/\/isoled.info\/wp-content\/uploads\/2024\/07\/aufzaehlung-icon.png","contentUrl":"https:\/\/isoled.info\/wp-content\/uploads\/2024\/07\/aufzaehlung-icon.png"},{"@type":"BreadcrumbList","@id":"https:\/\/isoled.info\/at\/modulares-lichtbandsystem\/modulares-lichtbandsystem-produkte\/#breadcrumb","itemListElement":[{"@type":"ListItem","position":1,"name":"Home","item":"https:\/\/isoled.info\/at\/"},{"@type":"ListItem","position":2,"name":"Modulares Lichtbandsystem AT","item":"https:\/\/isoled.info\/at\/modulares-lichtbandsystem\/"},{"@type":"ListItem","position":3,"name":"Modulares Lichtbandsystem-Produkte AT"}]},{"@type":"WebSite","@id":"https:\/\/isoled.info\/at\/#website","url":"https:\/\/isoled.info\/at\/","name":"ISOLED\u00ae","description":"Customised Light Solutions","publisher":{"@id":"https:\/\/isoled.info\/at\/#organization"},"potentialAction":[{"@type":"SearchAction","target":{"@type":"EntryPoint","urlTemplate":"https:\/\/isoled.info\/at\/?s={search_term_string}"},"query-input":{"@type":"PropertyValueSpecification","valueRequired":true,"valueName":"search_term_string"}}],"inLanguage":"de-AT"},{"@type":"Organization","@id":"https:\/\/isoled.info\/at\/#organization","name":"ISOLED","url":"https:\/\/isoled.info\/at\/","logo":{"@type":"ImageObject","inLanguage":"de-AT","@id":"https:\/\/isoled.info\/at\/#\/schema\/logo\/image\/","url":"https:\/\/isoled.info\/wp-content\/uploads\/2020\/10\/isoled-customised-light-solutions-g1.png","contentUrl":"https:\/\/isoled.info\/wp-content\/uploads\/2020\/10\/isoled-customised-light-solutions-g1.png","width":1200,"height":900,"caption":"ISOLED"},"image":{"@id":"https:\/\/isoled.info\/at\/#\/schema\/logo\/image\/"}}]}},"_links":{"self":[{"href":"https:\/\/isoled.info\/at\/wp-json\/wp\/v2\/pages\/24064","targetHints":{"allow":["GET"]}}],"collection":[{"href":"https:\/\/isoled.info\/at\/wp-json\/wp\/v2\/pages"}],"about":[{"href":"https:\/\/isoled.info\/at\/wp-json\/wp\/v2\/types\/page"}],"author":[{"embeddable":true,"href":"https:\/\/isoled.info\/at\/wp-json\/wp\/v2\/users\/17"}],"replies":[{"embeddable":true,"href":"https:\/\/isoled.info\/at\/wp-json\/wp\/v2\/comments?post=24064"}],"version-history":[{"count":2,"href":"https:\/\/isoled.info\/at\/wp-json\/wp\/v2\/pages\/24064\/revisions"}],"predecessor-version":[{"id":45208,"href":"https:\/\/isoled.info\/at\/wp-json\/wp\/v2\/pages\/24064\/revisions\/45208"}],"up":[{"embeddable":true,"href":"https:\/\/isoled.info\/at\/wp-json\/wp\/v2\/pages\/24060"}],"wp:attachment":[{"href":"https:\/\/isoled.info\/at\/wp-json\/wp\/v2\/media?parent=24064"}],"curies":[{"name":"wp","href":"https:\/\/api.w.org\/{rel}","templated":true}]}}