{"id":315,"date":"2021-01-29T21:33:53","date_gmt":"2021-01-29T20:33:53","guid":{"rendered":"https:\/\/isoled.info\/?page_id=315"},"modified":"2026-02-19T15:30:52","modified_gmt":"2026-02-19T14:30:52","slug":"miniamp-anwendungsbeispiel-kleiderschrank","status":"publish","type":"page","link":"https:\/\/isoled.info\/at\/miniamp-steckerfertig\/miniamp-anwendungsbeispiel-kleiderschrank\/","title":{"rendered":"MiniAMP Anwendungsbeispiel &#8211; Kleiderschrank AT"},"content":{"rendered":"<div id=\"cs-content\" class=\"cs-content\"><\/div>\n","protected":false},"excerpt":{"rendered":"<p>Steckerfertige LED-Beleuchtung | Kleiderschrank Optimal f&uuml;r Handwerker wie Tischler und M&ouml;belbauerSchnelle und sichere Montage Keine Elektrofacharbeiten notwendig Steckerfertiger Schnellanschluss Flache und platzsparende Leichtbauweise Obwohl sie einen zentralen Bestandteil der meisten Schlafzimmer bilden, sind Kleiderschr\u00e4nke h\u00e4ufig eher unauff\u00e4llig und im Hintergrund gehalten. Mit der steckerfertigen LED-L\u00f6sung von ISOLED k\u00f6nnen aus einfachen Kleideraufbewahrungsorten mittels Lichtakzenten echte Hingucker geschaffen werden. MiniAMP sorgt dabei &#8230; <\/p>\n<div><a href=\"https:\/\/isoled.info\/at\/miniamp-steckerfertig\/miniamp-anwendungsbeispiel-kleiderschrank\/\" class=\"more-link\">Read More<\/a><\/div>\n","protected":false},"author":8,"featured_media":0,"parent":185,"menu_order":0,"comment_status":"closed","ping_status":"closed","template":"template-blank-4.php","meta":{"footnotes":""},"class_list":["post-315","page","type-page","status-publish","hentry","no-post-thumbnail"],"yoast_head":"<!-- This site is optimized with the Yoast SEO plugin v27.0 - https:\/\/yoast.com\/product\/yoast-seo-wordpress\/ -->\n<title>MiniAMP - Steckerfertige LED Kleiderschrank Beleuchtung - ISOLED\u00ae<\/title>\n<meta name=\"description\" content=\"Steckerfertige LED Beleuchtung - Kleiderschrank. Einfacher Einbau - Keine Elektrofacharbeiten notwendig. Wir realisieren Ihr Projekt.\" \/>\n<meta name=\"robots\" content=\"index, follow, max-snippet:-1, max-image-preview:large, max-video-preview:-1\" \/>\n<link rel=\"canonical\" href=\"https:\/\/isoled.info\/at\/miniamp-steckerfertig\/miniamp-anwendungsbeispiel-kleiderschrank\/\" \/>\n<meta property=\"og:locale\" content=\"de_DE\" \/>\n<meta property=\"og:type\" content=\"article\" \/>\n<meta property=\"og:title\" content=\"MiniAMP - Steckerfertige LED Kleiderschrank Beleuchtung - ISOLED\u00ae\" \/>\n<meta property=\"og:description\" content=\"Steckerfertige LED Beleuchtung - Kleiderschrank. Einfacher Einbau - Keine Elektrofacharbeiten notwendig. Wir realisieren Ihr Projekt.\" \/>\n<meta property=\"og:url\" content=\"https:\/\/isoled.info\/at\/miniamp-steckerfertig\/miniamp-anwendungsbeispiel-kleiderschrank\/\" \/>\n<meta property=\"og:site_name\" content=\"ISOLED\u00ae\" \/>\n<meta property=\"article:modified_time\" content=\"2026-02-19T14:30:52+00:00\" \/>\n<meta name=\"twitter:card\" content=\"summary_large_image\" \/>\n<meta name=\"twitter:label1\" content=\"Gesch\u00e4tzte Lesezeit\" \/>\n\t<meta name=\"twitter:data1\" content=\"15 Minuten\" \/>\n<script type=\"application\/ld+json\" class=\"yoast-schema-graph\">{\"@context\":\"https:\/\/schema.org\",\"@graph\":[{\"@type\":\"WebPage\",\"@id\":\"https:\/\/isoled.info\/at\/miniamp-steckerfertig\/miniamp-anwendungsbeispiel-kleiderschrank\/\",\"url\":\"https:\/\/isoled.info\/at\/miniamp-steckerfertig\/miniamp-anwendungsbeispiel-kleiderschrank\/\",\"name\":\"MiniAMP - Steckerfertige LED Kleiderschrank Beleuchtung - ISOLED\u00ae\",\"isPartOf\":{\"@id\":\"https:\/\/isoled.info\/at\/#website\"},\"datePublished\":\"2021-01-29T20:33:53+00:00\",\"dateModified\":\"2026-02-19T14:30:52+00:00\",\"description\":\"Steckerfertige LED Beleuchtung - Kleiderschrank. Einfacher Einbau - Keine Elektrofacharbeiten notwendig. Wir realisieren Ihr Projekt.\",\"breadcrumb\":{\"@id\":\"https:\/\/isoled.info\/at\/miniamp-steckerfertig\/miniamp-anwendungsbeispiel-kleiderschrank\/#breadcrumb\"},\"inLanguage\":\"de-AT\",\"potentialAction\":[{\"@type\":\"ReadAction\",\"target\":[\"https:\/\/isoled.info\/at\/miniamp-steckerfertig\/miniamp-anwendungsbeispiel-kleiderschrank\/\"]}]},{\"@type\":\"BreadcrumbList\",\"@id\":\"https:\/\/isoled.info\/at\/miniamp-steckerfertig\/miniamp-anwendungsbeispiel-kleiderschrank\/#breadcrumb\",\"itemListElement\":[{\"@type\":\"ListItem\",\"position\":1,\"name\":\"Home\",\"item\":\"https:\/\/isoled.info\/at\/\"},{\"@type\":\"ListItem\",\"position\":2,\"name\":\"MiniAMP Steckerfertig &#8211; \u00dcbersicht AT\",\"item\":\"https:\/\/isoled.info\/at\/miniamp-steckerfertig\/\"},{\"@type\":\"ListItem\",\"position\":3,\"name\":\"MiniAMP Anwendungsbeispiel &#8211; Kleiderschrank AT\"}]},{\"@type\":\"WebSite\",\"@id\":\"https:\/\/isoled.info\/at\/#website\",\"url\":\"https:\/\/isoled.info\/at\/\",\"name\":\"ISOLED\u00ae\",\"description\":\"Customised Light Solutions\",\"publisher\":{\"@id\":\"https:\/\/isoled.info\/at\/#organization\"},\"potentialAction\":[{\"@type\":\"SearchAction\",\"target\":{\"@type\":\"EntryPoint\",\"urlTemplate\":\"https:\/\/isoled.info\/at\/?s={search_term_string}\"},\"query-input\":{\"@type\":\"PropertyValueSpecification\",\"valueRequired\":true,\"valueName\":\"search_term_string\"}}],\"inLanguage\":\"de-AT\"},{\"@type\":\"Organization\",\"@id\":\"https:\/\/isoled.info\/at\/#organization\",\"name\":\"ISOLED\",\"url\":\"https:\/\/isoled.info\/at\/\",\"logo\":{\"@type\":\"ImageObject\",\"inLanguage\":\"de-AT\",\"@id\":\"https:\/\/isoled.info\/at\/#\/schema\/logo\/image\/\",\"url\":\"https:\/\/isoled.info\/wp-content\/uploads\/2020\/10\/isoled-customised-light-solutions-g1.png\",\"contentUrl\":\"https:\/\/isoled.info\/wp-content\/uploads\/2020\/10\/isoled-customised-light-solutions-g1.png\",\"width\":1200,\"height\":900,\"caption\":\"ISOLED\"},\"image\":{\"@id\":\"https:\/\/isoled.info\/at\/#\/schema\/logo\/image\/\"}}]}<\/script>\n<!-- \/ Yoast SEO plugin. -->","yoast_head_json":{"title":"MiniAMP - Steckerfertige LED Kleiderschrank Beleuchtung - ISOLED\u00ae","description":"Steckerfertige LED Beleuchtung - Kleiderschrank. Einfacher Einbau - Keine Elektrofacharbeiten notwendig. Wir realisieren Ihr Projekt.","robots":{"index":"index","follow":"follow","max-snippet":"max-snippet:-1","max-image-preview":"max-image-preview:large","max-video-preview":"max-video-preview:-1"},"canonical":"https:\/\/isoled.info\/at\/miniamp-steckerfertig\/miniamp-anwendungsbeispiel-kleiderschrank\/","og_locale":"de_DE","og_type":"article","og_title":"MiniAMP - Steckerfertige LED Kleiderschrank Beleuchtung - ISOLED\u00ae","og_description":"Steckerfertige LED Beleuchtung - Kleiderschrank. Einfacher Einbau - Keine Elektrofacharbeiten notwendig. Wir realisieren Ihr Projekt.","og_url":"https:\/\/isoled.info\/at\/miniamp-steckerfertig\/miniamp-anwendungsbeispiel-kleiderschrank\/","og_site_name":"ISOLED\u00ae","article_modified_time":"2026-02-19T14:30:52+00:00","twitter_card":"summary_large_image","twitter_misc":{"Gesch\u00e4tzte Lesezeit":"15 Minuten"},"schema":{"@context":"https:\/\/schema.org","@graph":[{"@type":"WebPage","@id":"https:\/\/isoled.info\/at\/miniamp-steckerfertig\/miniamp-anwendungsbeispiel-kleiderschrank\/","url":"https:\/\/isoled.info\/at\/miniamp-steckerfertig\/miniamp-anwendungsbeispiel-kleiderschrank\/","name":"MiniAMP - Steckerfertige LED Kleiderschrank Beleuchtung - ISOLED\u00ae","isPartOf":{"@id":"https:\/\/isoled.info\/at\/#website"},"datePublished":"2021-01-29T20:33:53+00:00","dateModified":"2026-02-19T14:30:52+00:00","description":"Steckerfertige LED Beleuchtung - Kleiderschrank. Einfacher Einbau - Keine Elektrofacharbeiten notwendig. Wir realisieren Ihr Projekt.","breadcrumb":{"@id":"https:\/\/isoled.info\/at\/miniamp-steckerfertig\/miniamp-anwendungsbeispiel-kleiderschrank\/#breadcrumb"},"inLanguage":"de-AT","potentialAction":[{"@type":"ReadAction","target":["https:\/\/isoled.info\/at\/miniamp-steckerfertig\/miniamp-anwendungsbeispiel-kleiderschrank\/"]}]},{"@type":"BreadcrumbList","@id":"https:\/\/isoled.info\/at\/miniamp-steckerfertig\/miniamp-anwendungsbeispiel-kleiderschrank\/#breadcrumb","itemListElement":[{"@type":"ListItem","position":1,"name":"Home","item":"https:\/\/isoled.info\/at\/"},{"@type":"ListItem","position":2,"name":"MiniAMP Steckerfertig &#8211; \u00dcbersicht AT","item":"https:\/\/isoled.info\/at\/miniamp-steckerfertig\/"},{"@type":"ListItem","position":3,"name":"MiniAMP Anwendungsbeispiel &#8211; Kleiderschrank AT"}]},{"@type":"WebSite","@id":"https:\/\/isoled.info\/at\/#website","url":"https:\/\/isoled.info\/at\/","name":"ISOLED\u00ae","description":"Customised Light Solutions","publisher":{"@id":"https:\/\/isoled.info\/at\/#organization"},"potentialAction":[{"@type":"SearchAction","target":{"@type":"EntryPoint","urlTemplate":"https:\/\/isoled.info\/at\/?s={search_term_string}"},"query-input":{"@type":"PropertyValueSpecification","valueRequired":true,"valueName":"search_term_string"}}],"inLanguage":"de-AT"},{"@type":"Organization","@id":"https:\/\/isoled.info\/at\/#organization","name":"ISOLED","url":"https:\/\/isoled.info\/at\/","logo":{"@type":"ImageObject","inLanguage":"de-AT","@id":"https:\/\/isoled.info\/at\/#\/schema\/logo\/image\/","url":"https:\/\/isoled.info\/wp-content\/uploads\/2020\/10\/isoled-customised-light-solutions-g1.png","contentUrl":"https:\/\/isoled.info\/wp-content\/uploads\/2020\/10\/isoled-customised-light-solutions-g1.png","width":1200,"height":900,"caption":"ISOLED"},"image":{"@id":"https:\/\/isoled.info\/at\/#\/schema\/logo\/image\/"}}]}},"_links":{"self":[{"href":"https:\/\/isoled.info\/at\/wp-json\/wp\/v2\/pages\/315","targetHints":{"allow":["GET"]}}],"collection":[{"href":"https:\/\/isoled.info\/at\/wp-json\/wp\/v2\/pages"}],"about":[{"href":"https:\/\/isoled.info\/at\/wp-json\/wp\/v2\/types\/page"}],"author":[{"embeddable":true,"href":"https:\/\/isoled.info\/at\/wp-json\/wp\/v2\/users\/8"}],"replies":[{"embeddable":true,"href":"https:\/\/isoled.info\/at\/wp-json\/wp\/v2\/comments?post=315"}],"version-history":[{"count":2,"href":"https:\/\/isoled.info\/at\/wp-json\/wp\/v2\/pages\/315\/revisions"}],"predecessor-version":[{"id":45753,"href":"https:\/\/isoled.info\/at\/wp-json\/wp\/v2\/pages\/315\/revisions\/45753"}],"up":[{"embeddable":true,"href":"https:\/\/isoled.info\/at\/wp-json\/wp\/v2\/pages\/185"}],"wp:attachment":[{"href":"https:\/\/isoled.info\/at\/wp-json\/wp\/v2\/media?parent=315"}],"curies":[{"name":"wp","href":"https:\/\/api.w.org\/{rel}","templated":true}]}}