{"id":319,"date":"2021-01-29T21:37:19","date_gmt":"2021-01-29T20:37:19","guid":{"rendered":"https:\/\/isoled.info\/?page_id=319"},"modified":"2026-02-19T15:36:39","modified_gmt":"2026-02-19T14:36:39","slug":"miniamp-anwendungsbeispiel-verkaufsraum","status":"publish","type":"page","link":"https:\/\/isoled.info\/at\/miniamp-steckerfertig\/miniamp-anwendungsbeispiel-verkaufsraum\/","title":{"rendered":"MiniAMP Anwendungsbeispiel &#8211; Verkaufsraum AT"},"content":{"rendered":"<div id=\"cs-content\" class=\"cs-content\"><\/div>\n","protected":false},"excerpt":{"rendered":"<p>Steckerfertige LED-Beleuchtung | Verkaufsraum Optimal f&uuml;r Handwerker wie Tischler und M&ouml;belbauerSchnelle und sichere Montage Keine Elektrofacharbeiten notwendig Steckerfertiger Schnellanschluss Flache und platzsparende Leichtbauweise Die richtige Beleuchtung in Shops und beim Juwelier dient nicht nur dazu, die zum Verkauf stehenden Objekte bestm\u00f6glich und farbgetreu zu pr\u00e4sentieren, sondern kann auch manch einen Kunden vom Kauf \u00fcberzeugen. Sei es Licht f\u00fcr Vitrinen, Regale &#8230; <\/p>\n<div><a href=\"https:\/\/isoled.info\/at\/miniamp-steckerfertig\/miniamp-anwendungsbeispiel-verkaufsraum\/\" class=\"more-link\">Read More<\/a><\/div>\n","protected":false},"author":8,"featured_media":0,"parent":185,"menu_order":0,"comment_status":"closed","ping_status":"closed","template":"template-blank-4.php","meta":{"footnotes":""},"class_list":["post-319","page","type-page","status-publish","hentry","no-post-thumbnail"],"yoast_head":"<!-- This site is optimized with the Yoast SEO plugin v27.0 - https:\/\/yoast.com\/product\/yoast-seo-wordpress\/ -->\n<title>MiniAMP - LED Beleuchtung f\u00fcr Verkaufsr\u00e4ume - ISOLED\u00ae<\/title>\n<meta name=\"description\" content=\"Steckerfertige LED Beleuchtung - Verkaufsr\u00e4ume\/ Shops. Einfacher Einbau - Keine Elektrofacharbeiten notwendig. Wir realisieren Ihr Projekt.\" \/>\n<meta name=\"robots\" content=\"index, follow, max-snippet:-1, max-image-preview:large, max-video-preview:-1\" \/>\n<link rel=\"canonical\" href=\"https:\/\/isoled.info\/at\/miniamp-steckerfertig\/miniamp-anwendungsbeispiel-verkaufsraum\/\" \/>\n<meta property=\"og:locale\" content=\"de_DE\" \/>\n<meta property=\"og:type\" content=\"article\" \/>\n<meta property=\"og:title\" content=\"MiniAMP - LED Beleuchtung f\u00fcr Verkaufsr\u00e4ume - ISOLED\u00ae\" \/>\n<meta property=\"og:description\" content=\"Steckerfertige LED Beleuchtung - Verkaufsr\u00e4ume\/ Shops. Einfacher Einbau - Keine Elektrofacharbeiten notwendig. Wir realisieren Ihr Projekt.\" \/>\n<meta property=\"og:url\" content=\"https:\/\/isoled.info\/at\/miniamp-steckerfertig\/miniamp-anwendungsbeispiel-verkaufsraum\/\" \/>\n<meta property=\"og:site_name\" content=\"ISOLED\u00ae\" \/>\n<meta property=\"article:modified_time\" content=\"2026-02-19T14:36:39+00:00\" \/>\n<meta name=\"twitter:card\" content=\"summary_large_image\" \/>\n<meta name=\"twitter:label1\" content=\"Gesch\u00e4tzte Lesezeit\" \/>\n\t<meta name=\"twitter:data1\" content=\"19 Minuten\" \/>\n<script type=\"application\/ld+json\" class=\"yoast-schema-graph\">{\"@context\":\"https:\/\/schema.org\",\"@graph\":[{\"@type\":\"WebPage\",\"@id\":\"https:\/\/isoled.info\/at\/miniamp-steckerfertig\/miniamp-anwendungsbeispiel-verkaufsraum\/\",\"url\":\"https:\/\/isoled.info\/at\/miniamp-steckerfertig\/miniamp-anwendungsbeispiel-verkaufsraum\/\",\"name\":\"MiniAMP - LED Beleuchtung f\u00fcr Verkaufsr\u00e4ume - ISOLED\u00ae\",\"isPartOf\":{\"@id\":\"https:\/\/isoled.info\/at\/#website\"},\"datePublished\":\"2021-01-29T20:37:19+00:00\",\"dateModified\":\"2026-02-19T14:36:39+00:00\",\"description\":\"Steckerfertige LED Beleuchtung - Verkaufsr\u00e4ume\/ Shops. Einfacher Einbau - Keine Elektrofacharbeiten notwendig. Wir realisieren Ihr Projekt.\",\"breadcrumb\":{\"@id\":\"https:\/\/isoled.info\/at\/miniamp-steckerfertig\/miniamp-anwendungsbeispiel-verkaufsraum\/#breadcrumb\"},\"inLanguage\":\"de-AT\",\"potentialAction\":[{\"@type\":\"ReadAction\",\"target\":[\"https:\/\/isoled.info\/at\/miniamp-steckerfertig\/miniamp-anwendungsbeispiel-verkaufsraum\/\"]}]},{\"@type\":\"BreadcrumbList\",\"@id\":\"https:\/\/isoled.info\/at\/miniamp-steckerfertig\/miniamp-anwendungsbeispiel-verkaufsraum\/#breadcrumb\",\"itemListElement\":[{\"@type\":\"ListItem\",\"position\":1,\"name\":\"Home\",\"item\":\"https:\/\/isoled.info\/at\/\"},{\"@type\":\"ListItem\",\"position\":2,\"name\":\"MiniAMP Steckerfertig &#8211; \u00dcbersicht AT\",\"item\":\"https:\/\/isoled.info\/at\/miniamp-steckerfertig\/\"},{\"@type\":\"ListItem\",\"position\":3,\"name\":\"MiniAMP Anwendungsbeispiel &#8211; Verkaufsraum AT\"}]},{\"@type\":\"WebSite\",\"@id\":\"https:\/\/isoled.info\/at\/#website\",\"url\":\"https:\/\/isoled.info\/at\/\",\"name\":\"ISOLED\u00ae\",\"description\":\"Customised Light Solutions\",\"publisher\":{\"@id\":\"https:\/\/isoled.info\/at\/#organization\"},\"potentialAction\":[{\"@type\":\"SearchAction\",\"target\":{\"@type\":\"EntryPoint\",\"urlTemplate\":\"https:\/\/isoled.info\/at\/?s={search_term_string}\"},\"query-input\":{\"@type\":\"PropertyValueSpecification\",\"valueRequired\":true,\"valueName\":\"search_term_string\"}}],\"inLanguage\":\"de-AT\"},{\"@type\":\"Organization\",\"@id\":\"https:\/\/isoled.info\/at\/#organization\",\"name\":\"ISOLED\",\"url\":\"https:\/\/isoled.info\/at\/\",\"logo\":{\"@type\":\"ImageObject\",\"inLanguage\":\"de-AT\",\"@id\":\"https:\/\/isoled.info\/at\/#\/schema\/logo\/image\/\",\"url\":\"https:\/\/isoled.info\/wp-content\/uploads\/2020\/10\/isoled-customised-light-solutions-g1.png\",\"contentUrl\":\"https:\/\/isoled.info\/wp-content\/uploads\/2020\/10\/isoled-customised-light-solutions-g1.png\",\"width\":1200,\"height\":900,\"caption\":\"ISOLED\"},\"image\":{\"@id\":\"https:\/\/isoled.info\/at\/#\/schema\/logo\/image\/\"}}]}<\/script>\n<!-- \/ Yoast SEO plugin. -->","yoast_head_json":{"title":"MiniAMP - LED Beleuchtung f\u00fcr Verkaufsr\u00e4ume - ISOLED\u00ae","description":"Steckerfertige LED Beleuchtung - Verkaufsr\u00e4ume\/ Shops. Einfacher Einbau - Keine Elektrofacharbeiten notwendig. Wir realisieren Ihr Projekt.","robots":{"index":"index","follow":"follow","max-snippet":"max-snippet:-1","max-image-preview":"max-image-preview:large","max-video-preview":"max-video-preview:-1"},"canonical":"https:\/\/isoled.info\/at\/miniamp-steckerfertig\/miniamp-anwendungsbeispiel-verkaufsraum\/","og_locale":"de_DE","og_type":"article","og_title":"MiniAMP - LED Beleuchtung f\u00fcr Verkaufsr\u00e4ume - ISOLED\u00ae","og_description":"Steckerfertige LED Beleuchtung - Verkaufsr\u00e4ume\/ Shops. Einfacher Einbau - Keine Elektrofacharbeiten notwendig. Wir realisieren Ihr Projekt.","og_url":"https:\/\/isoled.info\/at\/miniamp-steckerfertig\/miniamp-anwendungsbeispiel-verkaufsraum\/","og_site_name":"ISOLED\u00ae","article_modified_time":"2026-02-19T14:36:39+00:00","twitter_card":"summary_large_image","twitter_misc":{"Gesch\u00e4tzte Lesezeit":"19 Minuten"},"schema":{"@context":"https:\/\/schema.org","@graph":[{"@type":"WebPage","@id":"https:\/\/isoled.info\/at\/miniamp-steckerfertig\/miniamp-anwendungsbeispiel-verkaufsraum\/","url":"https:\/\/isoled.info\/at\/miniamp-steckerfertig\/miniamp-anwendungsbeispiel-verkaufsraum\/","name":"MiniAMP - LED Beleuchtung f\u00fcr Verkaufsr\u00e4ume - ISOLED\u00ae","isPartOf":{"@id":"https:\/\/isoled.info\/at\/#website"},"datePublished":"2021-01-29T20:37:19+00:00","dateModified":"2026-02-19T14:36:39+00:00","description":"Steckerfertige LED Beleuchtung - Verkaufsr\u00e4ume\/ Shops. Einfacher Einbau - Keine Elektrofacharbeiten notwendig. Wir realisieren Ihr Projekt.","breadcrumb":{"@id":"https:\/\/isoled.info\/at\/miniamp-steckerfertig\/miniamp-anwendungsbeispiel-verkaufsraum\/#breadcrumb"},"inLanguage":"de-AT","potentialAction":[{"@type":"ReadAction","target":["https:\/\/isoled.info\/at\/miniamp-steckerfertig\/miniamp-anwendungsbeispiel-verkaufsraum\/"]}]},{"@type":"BreadcrumbList","@id":"https:\/\/isoled.info\/at\/miniamp-steckerfertig\/miniamp-anwendungsbeispiel-verkaufsraum\/#breadcrumb","itemListElement":[{"@type":"ListItem","position":1,"name":"Home","item":"https:\/\/isoled.info\/at\/"},{"@type":"ListItem","position":2,"name":"MiniAMP Steckerfertig &#8211; \u00dcbersicht AT","item":"https:\/\/isoled.info\/at\/miniamp-steckerfertig\/"},{"@type":"ListItem","position":3,"name":"MiniAMP Anwendungsbeispiel &#8211; Verkaufsraum AT"}]},{"@type":"WebSite","@id":"https:\/\/isoled.info\/at\/#website","url":"https:\/\/isoled.info\/at\/","name":"ISOLED\u00ae","description":"Customised Light Solutions","publisher":{"@id":"https:\/\/isoled.info\/at\/#organization"},"potentialAction":[{"@type":"SearchAction","target":{"@type":"EntryPoint","urlTemplate":"https:\/\/isoled.info\/at\/?s={search_term_string}"},"query-input":{"@type":"PropertyValueSpecification","valueRequired":true,"valueName":"search_term_string"}}],"inLanguage":"de-AT"},{"@type":"Organization","@id":"https:\/\/isoled.info\/at\/#organization","name":"ISOLED","url":"https:\/\/isoled.info\/at\/","logo":{"@type":"ImageObject","inLanguage":"de-AT","@id":"https:\/\/isoled.info\/at\/#\/schema\/logo\/image\/","url":"https:\/\/isoled.info\/wp-content\/uploads\/2020\/10\/isoled-customised-light-solutions-g1.png","contentUrl":"https:\/\/isoled.info\/wp-content\/uploads\/2020\/10\/isoled-customised-light-solutions-g1.png","width":1200,"height":900,"caption":"ISOLED"},"image":{"@id":"https:\/\/isoled.info\/at\/#\/schema\/logo\/image\/"}}]}},"_links":{"self":[{"href":"https:\/\/isoled.info\/at\/wp-json\/wp\/v2\/pages\/319","targetHints":{"allow":["GET"]}}],"collection":[{"href":"https:\/\/isoled.info\/at\/wp-json\/wp\/v2\/pages"}],"about":[{"href":"https:\/\/isoled.info\/at\/wp-json\/wp\/v2\/types\/page"}],"author":[{"embeddable":true,"href":"https:\/\/isoled.info\/at\/wp-json\/wp\/v2\/users\/8"}],"replies":[{"embeddable":true,"href":"https:\/\/isoled.info\/at\/wp-json\/wp\/v2\/comments?post=319"}],"version-history":[{"count":2,"href":"https:\/\/isoled.info\/at\/wp-json\/wp\/v2\/pages\/319\/revisions"}],"predecessor-version":[{"id":45783,"href":"https:\/\/isoled.info\/at\/wp-json\/wp\/v2\/pages\/319\/revisions\/45783"}],"up":[{"embeddable":true,"href":"https:\/\/isoled.info\/at\/wp-json\/wp\/v2\/pages\/185"}],"wp:attachment":[{"href":"https:\/\/isoled.info\/at\/wp-json\/wp\/v2\/media?parent=319"}],"curies":[{"name":"wp","href":"https:\/\/api.w.org\/{rel}","templated":true}]}}