{"id":6128,"date":"2021-01-14T10:12:38","date_gmt":"2021-01-14T09:12:38","guid":{"rendered":"https:\/\/isoled.info\/?page_id=6128"},"modified":"2025-11-11T12:56:03","modified_gmt":"2025-11-11T11:56:03","slug":"infrarot-sortiment","status":"publish","type":"page","link":"https:\/\/isoled.info\/at\/infrarotheizung-mit-licht\/infrarot-sortiment\/","title":{"rendered":"Infrarot &#8211; Sortiment AT"},"content":{"rendered":"<div id=\"cs-content\" class=\"cs-content\"><\/div>\n","protected":false},"excerpt":{"rendered":"<p>infrarotpanels PREMIUM ProfessionalTauchen Sie ein in unser umfassendes Produktsortiment! Wir bieten Heizpanels f&uuml;r die Decke beziehungsweise Infrarot-Wandheizungen in unterschiedlichsten Gr&ouml;&szlig;en. Sie lassen sich vielseitig in Wohnr&auml;umen und Gesch&auml;ftsr&auml;umen, in Hotellerie und Gastronomie einsetzen und sind dabei gleichzeitig ein faszinierendes&nbsp; Designelement.Ausgezeichneter Wirkungsgrad durch die leicht strukturierte, f\u00fcr W\u00e4rme-Strahlung optimierte pulverbeschichtete Oberfl\u00e4cheUnser Sortiment INFRAROTPANEL BEST STANDARDLEISTUNGSMERKMALE Oberfl\u00e4che: strukturiert, pulverbeschichtet Farbe: wei\u00df Spannung: &#8230; <\/p>\n<div><a href=\"https:\/\/isoled.info\/at\/infrarotheizung-mit-licht\/infrarot-sortiment\/\" class=\"more-link\">Read More<\/a><\/div>\n","protected":false},"author":10,"featured_media":0,"parent":5522,"menu_order":0,"comment_status":"closed","ping_status":"closed","template":"template-blank-4.php","meta":{"footnotes":""},"class_list":["post-6128","page","type-page","status-publish","hentry","no-post-thumbnail"],"yoast_head":"<!-- This site is optimized with the Yoast SEO plugin v27.0 - https:\/\/yoast.com\/product\/yoast-seo-wordpress\/ -->\n<title>Infrarot Panels inkl. LED Leuchtrahmen | Gro\u00dfes Sortiment | Effizient<\/title>\n<meta name=\"description\" content=\"Hochwertige und kosteng\u00fcnstige Heizpaneele | optional mit LED-Lichtrahmen | F\u00fcr Elektriker, Handel, Gewerbe, Industrie!\" \/>\n<meta name=\"robots\" content=\"index, follow, max-snippet:-1, max-image-preview:large, max-video-preview:-1\" \/>\n<link rel=\"canonical\" href=\"https:\/\/isoled.info\/at\/infrarotheizung-mit-licht\/infrarot-sortiment\/\" \/>\n<meta property=\"og:locale\" content=\"de_DE\" \/>\n<meta property=\"og:type\" content=\"article\" \/>\n<meta property=\"og:title\" content=\"Infrarot Panels inkl. LED Leuchtrahmen | Gro\u00dfes Sortiment | Effizient\" \/>\n<meta property=\"og:description\" content=\"Hochwertige und kosteng\u00fcnstige Heizpaneele | optional mit LED-Lichtrahmen | F\u00fcr Elektriker, Handel, Gewerbe, Industrie!\" \/>\n<meta property=\"og:url\" content=\"https:\/\/isoled.info\/at\/infrarotheizung-mit-licht\/infrarot-sortiment\/\" \/>\n<meta property=\"og:site_name\" content=\"ISOLED\u00ae\" \/>\n<meta property=\"article:modified_time\" content=\"2025-11-11T11:56:03+00:00\" \/>\n<meta property=\"og:image\" content=\"https:\/\/isoled.info\/wp-content\/uploads\/2022\/10\/infrarotheizung-mit-beleuchtung-2.png\" \/>\n\t<meta property=\"og:image:width\" content=\"1201\" \/>\n\t<meta property=\"og:image:height\" content=\"630\" \/>\n\t<meta property=\"og:image:type\" content=\"image\/png\" \/>\n<meta name=\"twitter:card\" content=\"summary_large_image\" \/>\n<meta name=\"twitter:label1\" content=\"Gesch\u00e4tzte Lesezeit\" \/>\n\t<meta name=\"twitter:data1\" content=\"35 Minuten\" \/>\n<script type=\"application\/ld+json\" class=\"yoast-schema-graph\">{\"@context\":\"https:\/\/schema.org\",\"@graph\":[{\"@type\":\"WebPage\",\"@id\":\"https:\/\/isoled.info\/at\/infrarotheizung-mit-licht\/infrarot-sortiment\/\",\"url\":\"https:\/\/isoled.info\/at\/infrarotheizung-mit-licht\/infrarot-sortiment\/\",\"name\":\"Infrarot Panels inkl. LED Leuchtrahmen | Gro\u00dfes Sortiment | Effizient\",\"isPartOf\":{\"@id\":\"https:\/\/isoled.info\/at\/#website\"},\"primaryImageOfPage\":{\"@id\":\"https:\/\/isoled.info\/at\/infrarotheizung-mit-licht\/infrarot-sortiment\/#primaryimage\"},\"image\":{\"@id\":\"https:\/\/isoled.info\/at\/infrarotheizung-mit-licht\/infrarot-sortiment\/#primaryimage\"},\"thumbnailUrl\":\"https:\/\/isoled.info\/wp-content\/uploads\/2024\/07\/Farbkreise_Track_Infrarot-11.png\",\"datePublished\":\"2021-01-14T09:12:38+00:00\",\"dateModified\":\"2025-11-11T11:56:03+00:00\",\"description\":\"Hochwertige und kosteng\u00fcnstige Heizpaneele | optional mit LED-Lichtrahmen | F\u00fcr Elektriker, Handel, Gewerbe, Industrie!\",\"breadcrumb\":{\"@id\":\"https:\/\/isoled.info\/at\/infrarotheizung-mit-licht\/infrarot-sortiment\/#breadcrumb\"},\"inLanguage\":\"de-AT\",\"potentialAction\":[{\"@type\":\"ReadAction\",\"target\":[\"https:\/\/isoled.info\/at\/infrarotheizung-mit-licht\/infrarot-sortiment\/\"]}]},{\"@type\":\"ImageObject\",\"inLanguage\":\"de-AT\",\"@id\":\"https:\/\/isoled.info\/at\/infrarotheizung-mit-licht\/infrarot-sortiment\/#primaryimage\",\"url\":\"https:\/\/isoled.info\/wp-content\/uploads\/2024\/07\/Farbkreise_Track_Infrarot-11.png\",\"contentUrl\":\"https:\/\/isoled.info\/wp-content\/uploads\/2024\/07\/Farbkreise_Track_Infrarot-11.png\"},{\"@type\":\"BreadcrumbList\",\"@id\":\"https:\/\/isoled.info\/at\/infrarotheizung-mit-licht\/infrarot-sortiment\/#breadcrumb\",\"itemListElement\":[{\"@type\":\"ListItem\",\"position\":1,\"name\":\"Home\",\"item\":\"https:\/\/isoled.info\/at\/\"},{\"@type\":\"ListItem\",\"position\":2,\"name\":\"Infrarot &#8211; Landingpage AT\",\"item\":\"https:\/\/isoled.info\/at\/infrarotheizung-mit-licht\/\"},{\"@type\":\"ListItem\",\"position\":3,\"name\":\"Infrarot &#8211; Sortiment AT\"}]},{\"@type\":\"WebSite\",\"@id\":\"https:\/\/isoled.info\/at\/#website\",\"url\":\"https:\/\/isoled.info\/at\/\",\"name\":\"ISOLED\u00ae\",\"description\":\"Customised Light Solutions\",\"publisher\":{\"@id\":\"https:\/\/isoled.info\/at\/#organization\"},\"potentialAction\":[{\"@type\":\"SearchAction\",\"target\":{\"@type\":\"EntryPoint\",\"urlTemplate\":\"https:\/\/isoled.info\/at\/?s={search_term_string}\"},\"query-input\":{\"@type\":\"PropertyValueSpecification\",\"valueRequired\":true,\"valueName\":\"search_term_string\"}}],\"inLanguage\":\"de-AT\"},{\"@type\":\"Organization\",\"@id\":\"https:\/\/isoled.info\/at\/#organization\",\"name\":\"ISOLED\",\"url\":\"https:\/\/isoled.info\/at\/\",\"logo\":{\"@type\":\"ImageObject\",\"inLanguage\":\"de-AT\",\"@id\":\"https:\/\/isoled.info\/at\/#\/schema\/logo\/image\/\",\"url\":\"https:\/\/isoled.info\/wp-content\/uploads\/2020\/10\/isoled-customised-light-solutions-g1.png\",\"contentUrl\":\"https:\/\/isoled.info\/wp-content\/uploads\/2020\/10\/isoled-customised-light-solutions-g1.png\",\"width\":1200,\"height\":900,\"caption\":\"ISOLED\"},\"image\":{\"@id\":\"https:\/\/isoled.info\/at\/#\/schema\/logo\/image\/\"}}]}<\/script>\n<!-- \/ Yoast SEO plugin. -->","yoast_head_json":{"title":"Infrarot Panels inkl. LED Leuchtrahmen | Gro\u00dfes Sortiment | Effizient","description":"Hochwertige und kosteng\u00fcnstige Heizpaneele | optional mit LED-Lichtrahmen | F\u00fcr Elektriker, Handel, Gewerbe, Industrie!","robots":{"index":"index","follow":"follow","max-snippet":"max-snippet:-1","max-image-preview":"max-image-preview:large","max-video-preview":"max-video-preview:-1"},"canonical":"https:\/\/isoled.info\/at\/infrarotheizung-mit-licht\/infrarot-sortiment\/","og_locale":"de_DE","og_type":"article","og_title":"Infrarot Panels inkl. LED Leuchtrahmen | Gro\u00dfes Sortiment | Effizient","og_description":"Hochwertige und kosteng\u00fcnstige Heizpaneele | optional mit LED-Lichtrahmen | F\u00fcr Elektriker, Handel, Gewerbe, Industrie!","og_url":"https:\/\/isoled.info\/at\/infrarotheizung-mit-licht\/infrarot-sortiment\/","og_site_name":"ISOLED\u00ae","article_modified_time":"2025-11-11T11:56:03+00:00","og_image":[{"width":1201,"height":630,"url":"https:\/\/isoled.info\/wp-content\/uploads\/2022\/10\/infrarotheizung-mit-beleuchtung-2.png","type":"image\/png"}],"twitter_card":"summary_large_image","twitter_misc":{"Gesch\u00e4tzte Lesezeit":"35 Minuten"},"schema":{"@context":"https:\/\/schema.org","@graph":[{"@type":"WebPage","@id":"https:\/\/isoled.info\/at\/infrarotheizung-mit-licht\/infrarot-sortiment\/","url":"https:\/\/isoled.info\/at\/infrarotheizung-mit-licht\/infrarot-sortiment\/","name":"Infrarot Panels inkl. LED Leuchtrahmen | Gro\u00dfes Sortiment | Effizient","isPartOf":{"@id":"https:\/\/isoled.info\/at\/#website"},"primaryImageOfPage":{"@id":"https:\/\/isoled.info\/at\/infrarotheizung-mit-licht\/infrarot-sortiment\/#primaryimage"},"image":{"@id":"https:\/\/isoled.info\/at\/infrarotheizung-mit-licht\/infrarot-sortiment\/#primaryimage"},"thumbnailUrl":"https:\/\/isoled.info\/wp-content\/uploads\/2024\/07\/Farbkreise_Track_Infrarot-11.png","datePublished":"2021-01-14T09:12:38+00:00","dateModified":"2025-11-11T11:56:03+00:00","description":"Hochwertige und kosteng\u00fcnstige Heizpaneele | optional mit LED-Lichtrahmen | F\u00fcr Elektriker, Handel, Gewerbe, Industrie!","breadcrumb":{"@id":"https:\/\/isoled.info\/at\/infrarotheizung-mit-licht\/infrarot-sortiment\/#breadcrumb"},"inLanguage":"de-AT","potentialAction":[{"@type":"ReadAction","target":["https:\/\/isoled.info\/at\/infrarotheizung-mit-licht\/infrarot-sortiment\/"]}]},{"@type":"ImageObject","inLanguage":"de-AT","@id":"https:\/\/isoled.info\/at\/infrarotheizung-mit-licht\/infrarot-sortiment\/#primaryimage","url":"https:\/\/isoled.info\/wp-content\/uploads\/2024\/07\/Farbkreise_Track_Infrarot-11.png","contentUrl":"https:\/\/isoled.info\/wp-content\/uploads\/2024\/07\/Farbkreise_Track_Infrarot-11.png"},{"@type":"BreadcrumbList","@id":"https:\/\/isoled.info\/at\/infrarotheizung-mit-licht\/infrarot-sortiment\/#breadcrumb","itemListElement":[{"@type":"ListItem","position":1,"name":"Home","item":"https:\/\/isoled.info\/at\/"},{"@type":"ListItem","position":2,"name":"Infrarot &#8211; Landingpage AT","item":"https:\/\/isoled.info\/at\/infrarotheizung-mit-licht\/"},{"@type":"ListItem","position":3,"name":"Infrarot &#8211; Sortiment AT"}]},{"@type":"WebSite","@id":"https:\/\/isoled.info\/at\/#website","url":"https:\/\/isoled.info\/at\/","name":"ISOLED\u00ae","description":"Customised Light Solutions","publisher":{"@id":"https:\/\/isoled.info\/at\/#organization"},"potentialAction":[{"@type":"SearchAction","target":{"@type":"EntryPoint","urlTemplate":"https:\/\/isoled.info\/at\/?s={search_term_string}"},"query-input":{"@type":"PropertyValueSpecification","valueRequired":true,"valueName":"search_term_string"}}],"inLanguage":"de-AT"},{"@type":"Organization","@id":"https:\/\/isoled.info\/at\/#organization","name":"ISOLED","url":"https:\/\/isoled.info\/at\/","logo":{"@type":"ImageObject","inLanguage":"de-AT","@id":"https:\/\/isoled.info\/at\/#\/schema\/logo\/image\/","url":"https:\/\/isoled.info\/wp-content\/uploads\/2020\/10\/isoled-customised-light-solutions-g1.png","contentUrl":"https:\/\/isoled.info\/wp-content\/uploads\/2020\/10\/isoled-customised-light-solutions-g1.png","width":1200,"height":900,"caption":"ISOLED"},"image":{"@id":"https:\/\/isoled.info\/at\/#\/schema\/logo\/image\/"}}]}},"_links":{"self":[{"href":"https:\/\/isoled.info\/at\/wp-json\/wp\/v2\/pages\/6128","targetHints":{"allow":["GET"]}}],"collection":[{"href":"https:\/\/isoled.info\/at\/wp-json\/wp\/v2\/pages"}],"about":[{"href":"https:\/\/isoled.info\/at\/wp-json\/wp\/v2\/types\/page"}],"author":[{"embeddable":true,"href":"https:\/\/isoled.info\/at\/wp-json\/wp\/v2\/users\/10"}],"replies":[{"embeddable":true,"href":"https:\/\/isoled.info\/at\/wp-json\/wp\/v2\/comments?post=6128"}],"version-history":[{"count":3,"href":"https:\/\/isoled.info\/at\/wp-json\/wp\/v2\/pages\/6128\/revisions"}],"predecessor-version":[{"id":45164,"href":"https:\/\/isoled.info\/at\/wp-json\/wp\/v2\/pages\/6128\/revisions\/45164"}],"up":[{"embeddable":true,"href":"https:\/\/isoled.info\/at\/wp-json\/wp\/v2\/pages\/5522"}],"wp:attachment":[{"href":"https:\/\/isoled.info\/at\/wp-json\/wp\/v2\/media?parent=6128"}],"curies":[{"name":"wp","href":"https:\/\/api.w.org\/{rel}","templated":true}]}}