{"id":10053,"date":"2022-08-25T09:50:19","date_gmt":"2022-08-25T07:50:19","guid":{"rendered":"https:\/\/isoled.info\/?page_id=10053"},"modified":"2026-01-22T09:37:27","modified_gmt":"2026-01-22T08:37:27","slug":"led-konfektionierung","status":"publish","type":"page","link":"https:\/\/isoled.info\/ch\/led-konfektionierung\/","title":{"rendered":"LED Konfektionierung CH"},"content":{"rendered":"<div id=\"cs-content\" class=\"cs-content\"><\/div>\n","protected":false},"excerpt":{"rendered":"<p>LED Beleuchtung nach Ma\u00df Passgenau f\u00fcr Sie konfektioniert in nur 5 Werktagen! F\u00fcr Lagerware und StandardmengenPassgenau f\u00fcr Sie konfektioniert in nur 5 Werktagen! F\u00fcr Lagerware und StandardmengenKundenspezifische Konfektionierung von LED Flexb\u00e4ndern und Alu-Profilen Jedes Projekt ist einzigartig. Aus diesem Grund konfektioniert ISOLED&reg; LED Flexb&auml;nder bzw. LED-Streifen sowie Alu-Profile nach Ihren W&uuml;nschen und Vorgaben. Unabh&auml;ngig davon, ob Sie nur ein Einzelst&uuml;ck &#8230; <\/p>\n<div><a href=\"https:\/\/isoled.info\/ch\/led-konfektionierung\/\" class=\"more-link\">Read More<\/a><\/div>\n","protected":false},"author":10,"featured_media":0,"parent":0,"menu_order":0,"comment_status":"closed","ping_status":"closed","template":"template-blank-4.php","meta":{"footnotes":""},"class_list":["post-10053","page","type-page","status-publish","hentry","no-post-thumbnail"],"yoast_head":"<!-- This site is optimized with the Yoast SEO plugin v27.0 - https:\/\/yoast.com\/product\/yoast-seo-wordpress\/ -->\n<title>LED Beleuchtung nach Mass | Kleine und Grosse Projekte<\/title>\n<meta name=\"description\" content=\"LED nach Mass f\u00fcr Tischler und Elektriker | LED Serienfertigung - LED OEM\/ODM-Fertigung f\u00fcr grosse Projekte | Individueller LED Leuchtenbau | Jetzt Anfragen!\" \/>\n<meta name=\"robots\" content=\"index, follow, max-snippet:-1, max-image-preview:large, max-video-preview:-1\" \/>\n<link rel=\"canonical\" href=\"https:\/\/isoled.info\/ch\/led-konfektionierung\/\" \/>\n<meta property=\"og:locale\" content=\"de_DE\" \/>\n<meta property=\"og:type\" content=\"article\" \/>\n<meta property=\"og:title\" content=\"LED Beleuchtung nach Mass | Kleine und Grosse Projekte\" \/>\n<meta property=\"og:description\" content=\"LED nach Mass f\u00fcr Tischler und Elektriker | LED Serienfertigung - LED OEM\/ODM-Fertigung f\u00fcr grosse Projekte | Individueller LED Leuchtenbau | Jetzt Anfragen!\" \/>\n<meta property=\"og:url\" content=\"https:\/\/isoled.info\/ch\/led-konfektionierung\/\" \/>\n<meta property=\"og:site_name\" content=\"ISOLED\u00ae\" \/>\n<meta property=\"article:modified_time\" content=\"2026-01-22T08:37:27+00:00\" \/>\n<meta property=\"og:image\" content=\"https:\/\/isoled.info\/wp-content\/uploads\/2022\/10\/led-beleuchtung-nach-mas-2.png\" \/>\n\t<meta property=\"og:image:width\" content=\"1200\" \/>\n\t<meta property=\"og:image:height\" content=\"650\" \/>\n\t<meta property=\"og:image:type\" content=\"image\/png\" \/>\n<meta name=\"twitter:card\" content=\"summary_large_image\" \/>\n<meta name=\"twitter:label1\" content=\"Gesch\u00e4tzte Lesezeit\" \/>\n\t<meta name=\"twitter:data1\" content=\"36\u00a0Minuten\" \/>\n<script type=\"application\/ld+json\" class=\"yoast-schema-graph\">{\"@context\":\"https:\/\/schema.org\",\"@graph\":[{\"@type\":\"WebPage\",\"@id\":\"https:\/\/isoled.info\/ch\/led-konfektionierung\/\",\"url\":\"https:\/\/isoled.info\/ch\/led-konfektionierung\/\",\"name\":\"LED Beleuchtung nach Mass | Kleine und Grosse Projekte\",\"isPartOf\":{\"@id\":\"https:\/\/isoled.info\/ch\/#website\"},\"datePublished\":\"2022-08-25T07:50:19+00:00\",\"dateModified\":\"2026-01-22T08:37:27+00:00\",\"description\":\"LED nach Mass f\u00fcr Tischler und Elektriker | LED Serienfertigung - LED OEM\/ODM-Fertigung f\u00fcr grosse Projekte | Individueller LED Leuchtenbau | Jetzt Anfragen!\",\"breadcrumb\":{\"@id\":\"https:\/\/isoled.info\/ch\/led-konfektionierung\/#breadcrumb\"},\"inLanguage\":\"de-CH\",\"potentialAction\":[{\"@type\":\"ReadAction\",\"target\":[\"https:\/\/isoled.info\/ch\/led-konfektionierung\/\"]}]},{\"@type\":\"BreadcrumbList\",\"@id\":\"https:\/\/isoled.info\/ch\/led-konfektionierung\/#breadcrumb\",\"itemListElement\":[{\"@type\":\"ListItem\",\"position\":1,\"name\":\"Home\",\"item\":\"https:\/\/isoled.info\/ch\/\"},{\"@type\":\"ListItem\",\"position\":2,\"name\":\"LED Konfektionierung CH\"}]},{\"@type\":\"WebSite\",\"@id\":\"https:\/\/isoled.info\/ch\/#website\",\"url\":\"https:\/\/isoled.info\/ch\/\",\"name\":\"ISOLED\u00ae\",\"description\":\"Customised Light Solutions\",\"publisher\":{\"@id\":\"https:\/\/isoled.info\/ch\/#organization\"},\"potentialAction\":[{\"@type\":\"SearchAction\",\"target\":{\"@type\":\"EntryPoint\",\"urlTemplate\":\"https:\/\/isoled.info\/ch\/?s={search_term_string}\"},\"query-input\":{\"@type\":\"PropertyValueSpecification\",\"valueRequired\":true,\"valueName\":\"search_term_string\"}}],\"inLanguage\":\"de-CH\"},{\"@type\":\"Organization\",\"@id\":\"https:\/\/isoled.info\/ch\/#organization\",\"name\":\"ISOLED\",\"url\":\"https:\/\/isoled.info\/ch\/\",\"logo\":{\"@type\":\"ImageObject\",\"inLanguage\":\"de-CH\",\"@id\":\"https:\/\/isoled.info\/ch\/#\/schema\/logo\/image\/\",\"url\":\"https:\/\/isoled.info\/wp-content\/uploads\/2020\/10\/isoled-customised-light-solutions-g1.png\",\"contentUrl\":\"https:\/\/isoled.info\/wp-content\/uploads\/2020\/10\/isoled-customised-light-solutions-g1.png\",\"width\":1200,\"height\":900,\"caption\":\"ISOLED\"},\"image\":{\"@id\":\"https:\/\/isoled.info\/ch\/#\/schema\/logo\/image\/\"}}]}<\/script>\n<!-- \/ Yoast SEO plugin. -->","yoast_head_json":{"title":"LED Beleuchtung nach Mass | Kleine und Grosse Projekte","description":"LED nach Mass f\u00fcr Tischler und Elektriker | LED Serienfertigung - LED OEM\/ODM-Fertigung f\u00fcr grosse Projekte | Individueller LED Leuchtenbau | Jetzt Anfragen!","robots":{"index":"index","follow":"follow","max-snippet":"max-snippet:-1","max-image-preview":"max-image-preview:large","max-video-preview":"max-video-preview:-1"},"canonical":"https:\/\/isoled.info\/ch\/led-konfektionierung\/","og_locale":"de_DE","og_type":"article","og_title":"LED Beleuchtung nach Mass | Kleine und Grosse Projekte","og_description":"LED nach Mass f\u00fcr Tischler und Elektriker | LED Serienfertigung - LED OEM\/ODM-Fertigung f\u00fcr grosse Projekte | Individueller LED Leuchtenbau | Jetzt Anfragen!","og_url":"https:\/\/isoled.info\/ch\/led-konfektionierung\/","og_site_name":"ISOLED\u00ae","article_modified_time":"2026-01-22T08:37:27+00:00","og_image":[{"width":1200,"height":650,"url":"https:\/\/isoled.info\/wp-content\/uploads\/2022\/10\/led-beleuchtung-nach-mas-2.png","type":"image\/png"}],"twitter_card":"summary_large_image","twitter_misc":{"Gesch\u00e4tzte Lesezeit":"36\u00a0Minuten"},"schema":{"@context":"https:\/\/schema.org","@graph":[{"@type":"WebPage","@id":"https:\/\/isoled.info\/ch\/led-konfektionierung\/","url":"https:\/\/isoled.info\/ch\/led-konfektionierung\/","name":"LED Beleuchtung nach Mass | Kleine und Grosse Projekte","isPartOf":{"@id":"https:\/\/isoled.info\/ch\/#website"},"datePublished":"2022-08-25T07:50:19+00:00","dateModified":"2026-01-22T08:37:27+00:00","description":"LED nach Mass f\u00fcr Tischler und Elektriker | LED Serienfertigung - LED OEM\/ODM-Fertigung f\u00fcr grosse Projekte | Individueller LED Leuchtenbau | Jetzt Anfragen!","breadcrumb":{"@id":"https:\/\/isoled.info\/ch\/led-konfektionierung\/#breadcrumb"},"inLanguage":"de-CH","potentialAction":[{"@type":"ReadAction","target":["https:\/\/isoled.info\/ch\/led-konfektionierung\/"]}]},{"@type":"BreadcrumbList","@id":"https:\/\/isoled.info\/ch\/led-konfektionierung\/#breadcrumb","itemListElement":[{"@type":"ListItem","position":1,"name":"Home","item":"https:\/\/isoled.info\/ch\/"},{"@type":"ListItem","position":2,"name":"LED Konfektionierung CH"}]},{"@type":"WebSite","@id":"https:\/\/isoled.info\/ch\/#website","url":"https:\/\/isoled.info\/ch\/","name":"ISOLED\u00ae","description":"Customised Light Solutions","publisher":{"@id":"https:\/\/isoled.info\/ch\/#organization"},"potentialAction":[{"@type":"SearchAction","target":{"@type":"EntryPoint","urlTemplate":"https:\/\/isoled.info\/ch\/?s={search_term_string}"},"query-input":{"@type":"PropertyValueSpecification","valueRequired":true,"valueName":"search_term_string"}}],"inLanguage":"de-CH"},{"@type":"Organization","@id":"https:\/\/isoled.info\/ch\/#organization","name":"ISOLED","url":"https:\/\/isoled.info\/ch\/","logo":{"@type":"ImageObject","inLanguage":"de-CH","@id":"https:\/\/isoled.info\/ch\/#\/schema\/logo\/image\/","url":"https:\/\/isoled.info\/wp-content\/uploads\/2020\/10\/isoled-customised-light-solutions-g1.png","contentUrl":"https:\/\/isoled.info\/wp-content\/uploads\/2020\/10\/isoled-customised-light-solutions-g1.png","width":1200,"height":900,"caption":"ISOLED"},"image":{"@id":"https:\/\/isoled.info\/ch\/#\/schema\/logo\/image\/"}}]}},"_links":{"self":[{"href":"https:\/\/isoled.info\/ch\/wp-json\/wp\/v2\/pages\/10053","targetHints":{"allow":["GET"]}}],"collection":[{"href":"https:\/\/isoled.info\/ch\/wp-json\/wp\/v2\/pages"}],"about":[{"href":"https:\/\/isoled.info\/ch\/wp-json\/wp\/v2\/types\/page"}],"author":[{"embeddable":true,"href":"https:\/\/isoled.info\/ch\/wp-json\/wp\/v2\/users\/10"}],"replies":[{"embeddable":true,"href":"https:\/\/isoled.info\/ch\/wp-json\/wp\/v2\/comments?post=10053"}],"version-history":[{"count":2,"href":"https:\/\/isoled.info\/ch\/wp-json\/wp\/v2\/pages\/10053\/revisions"}],"predecessor-version":[{"id":45223,"href":"https:\/\/isoled.info\/ch\/wp-json\/wp\/v2\/pages\/10053\/revisions\/45223"}],"wp:attachment":[{"href":"https:\/\/isoled.info\/ch\/wp-json\/wp\/v2\/media?parent=10053"}],"curies":[{"name":"wp","href":"https:\/\/api.w.org\/{rel}","templated":true}]}}