{"id":1496,"date":"2021-01-29T10:53:57","date_gmt":"2021-01-29T09:53:57","guid":{"rendered":"https:\/\/isoled.info\/?page_id=1496"},"modified":"2026-02-19T15:24:58","modified_gmt":"2026-02-19T14:24:58","slug":"miniamp-anwendungsbeispiel-kuche","status":"publish","type":"page","link":"https:\/\/isoled.info\/ch\/miniamp-steckerfertig\/miniamp-anwendungsbeispiel-kuche\/","title":{"rendered":"MiniAMP Anwendungsbeispiel &#8211; K\u00fcche CH"},"content":{"rendered":"<div id=\"cs-content\" class=\"cs-content\"><\/div>\n","protected":false},"excerpt":{"rendered":"<p>Steckerfertige LED-Beleuchtung | K&uuml;che Optimal f&uuml;r Handwerker wie Tischler, Schreiner und K&uuml;chenbauerSchnelle und sichere Montage Keine Elektrofacharbeiten notwendig Steckerfertiger Schnellanschluss Flache und platzsparende Leichtbauweise In den meisten Wohnungen bildet die K\u00fcche das Herzst\u00fcck. Aus diesem Grund ist die richtige Beleuchtung essenzieller Bestandteil einer guten K\u00fcchenplanung. Mit dem steckerfertigen LED-Lichtsystem von ISOLED l\u00e4sst sich von funktionalen K\u00fcchenschrankbeleuchtungen bis hin zu stimmungsvollen &#8230; <\/p>\n<div><a href=\"https:\/\/isoled.info\/ch\/miniamp-steckerfertig\/miniamp-anwendungsbeispiel-kuche\/\" class=\"more-link\">Read More<\/a><\/div>\n","protected":false},"author":8,"featured_media":0,"parent":1520,"menu_order":0,"comment_status":"closed","ping_status":"closed","template":"template-blank-4.php","meta":{"footnotes":""},"class_list":["post-1496","page","type-page","status-publish","hentry","no-post-thumbnail"],"yoast_head":"<!-- This site is optimized with the Yoast SEO plugin v27.0 - https:\/\/yoast.com\/product\/yoast-seo-wordpress\/ -->\n<title>MiniAMP - Steckerfertige LED K\u00fcchenbeleuchtung- ISOLED\u00ae<\/title>\n<meta name=\"description\" content=\"Steckerfertige LED Beleuchtung - K\u00fcche. Einfacher Einbau - Keine Elektrofacharbeiten notwendig. Wir realisieren Ihr Projekt.\" \/>\n<meta name=\"robots\" content=\"index, follow, max-snippet:-1, max-image-preview:large, max-video-preview:-1\" \/>\n<link rel=\"canonical\" href=\"https:\/\/isoled.info\/ch\/miniamp-steckerfertig\/miniamp-anwendungsbeispiel-kuche\/\" \/>\n<meta property=\"og:locale\" content=\"de_DE\" \/>\n<meta property=\"og:type\" content=\"article\" \/>\n<meta property=\"og:title\" content=\"MiniAMP - Steckerfertige LED K\u00fcchenbeleuchtung- ISOLED\u00ae\" \/>\n<meta property=\"og:description\" content=\"Steckerfertige LED Beleuchtung - K\u00fcche. Einfacher Einbau - Keine Elektrofacharbeiten notwendig. Wir realisieren Ihr Projekt.\" \/>\n<meta property=\"og:url\" content=\"https:\/\/isoled.info\/ch\/miniamp-steckerfertig\/miniamp-anwendungsbeispiel-kuche\/\" \/>\n<meta property=\"og:site_name\" content=\"ISOLED\u00ae\" \/>\n<meta property=\"article:modified_time\" content=\"2026-02-19T14:24:58+00:00\" \/>\n<meta name=\"twitter:card\" content=\"summary_large_image\" \/>\n<meta name=\"twitter:label1\" content=\"Gesch\u00e4tzte Lesezeit\" \/>\n\t<meta name=\"twitter:data1\" content=\"20\u00a0Minuten\" \/>\n<script type=\"application\/ld+json\" class=\"yoast-schema-graph\">{\"@context\":\"https:\/\/schema.org\",\"@graph\":[{\"@type\":\"WebPage\",\"@id\":\"https:\/\/isoled.info\/ch\/miniamp-steckerfertig\/miniamp-anwendungsbeispiel-kuche\/\",\"url\":\"https:\/\/isoled.info\/ch\/miniamp-steckerfertig\/miniamp-anwendungsbeispiel-kuche\/\",\"name\":\"MiniAMP - Steckerfertige LED K\u00fcchenbeleuchtung- ISOLED\u00ae\",\"isPartOf\":{\"@id\":\"https:\/\/isoled.info\/ch\/#website\"},\"datePublished\":\"2021-01-29T09:53:57+00:00\",\"dateModified\":\"2026-02-19T14:24:58+00:00\",\"description\":\"Steckerfertige LED Beleuchtung - K\u00fcche. Einfacher Einbau - Keine Elektrofacharbeiten notwendig. Wir realisieren Ihr Projekt.\",\"breadcrumb\":{\"@id\":\"https:\/\/isoled.info\/ch\/miniamp-steckerfertig\/miniamp-anwendungsbeispiel-kuche\/#breadcrumb\"},\"inLanguage\":\"de-CH\",\"potentialAction\":[{\"@type\":\"ReadAction\",\"target\":[\"https:\/\/isoled.info\/ch\/miniamp-steckerfertig\/miniamp-anwendungsbeispiel-kuche\/\"]}]},{\"@type\":\"BreadcrumbList\",\"@id\":\"https:\/\/isoled.info\/ch\/miniamp-steckerfertig\/miniamp-anwendungsbeispiel-kuche\/#breadcrumb\",\"itemListElement\":[{\"@type\":\"ListItem\",\"position\":1,\"name\":\"Home\",\"item\":\"https:\/\/isoled.info\/ch\/\"},{\"@type\":\"ListItem\",\"position\":2,\"name\":\"MiniAMP Steckerfertig &#8211; \u00dcbersicht CH\",\"item\":\"https:\/\/isoled.info\/ch\/miniamp-steckerfertig\/\"},{\"@type\":\"ListItem\",\"position\":3,\"name\":\"MiniAMP Anwendungsbeispiel &#8211; K\u00fcche CH\"}]},{\"@type\":\"WebSite\",\"@id\":\"https:\/\/isoled.info\/ch\/#website\",\"url\":\"https:\/\/isoled.info\/ch\/\",\"name\":\"ISOLED\u00ae\",\"description\":\"Customised Light Solutions\",\"publisher\":{\"@id\":\"https:\/\/isoled.info\/ch\/#organization\"},\"potentialAction\":[{\"@type\":\"SearchAction\",\"target\":{\"@type\":\"EntryPoint\",\"urlTemplate\":\"https:\/\/isoled.info\/ch\/?s={search_term_string}\"},\"query-input\":{\"@type\":\"PropertyValueSpecification\",\"valueRequired\":true,\"valueName\":\"search_term_string\"}}],\"inLanguage\":\"de-CH\"},{\"@type\":\"Organization\",\"@id\":\"https:\/\/isoled.info\/ch\/#organization\",\"name\":\"ISOLED\",\"url\":\"https:\/\/isoled.info\/ch\/\",\"logo\":{\"@type\":\"ImageObject\",\"inLanguage\":\"de-CH\",\"@id\":\"https:\/\/isoled.info\/ch\/#\/schema\/logo\/image\/\",\"url\":\"https:\/\/isoled.info\/wp-content\/uploads\/2020\/10\/isoled-customised-light-solutions-g1.png\",\"contentUrl\":\"https:\/\/isoled.info\/wp-content\/uploads\/2020\/10\/isoled-customised-light-solutions-g1.png\",\"width\":1200,\"height\":900,\"caption\":\"ISOLED\"},\"image\":{\"@id\":\"https:\/\/isoled.info\/ch\/#\/schema\/logo\/image\/\"}}]}<\/script>\n<!-- \/ Yoast SEO plugin. -->","yoast_head_json":{"title":"MiniAMP - Steckerfertige LED K\u00fcchenbeleuchtung- ISOLED\u00ae","description":"Steckerfertige LED Beleuchtung - K\u00fcche. Einfacher Einbau - Keine Elektrofacharbeiten notwendig. Wir realisieren Ihr Projekt.","robots":{"index":"index","follow":"follow","max-snippet":"max-snippet:-1","max-image-preview":"max-image-preview:large","max-video-preview":"max-video-preview:-1"},"canonical":"https:\/\/isoled.info\/ch\/miniamp-steckerfertig\/miniamp-anwendungsbeispiel-kuche\/","og_locale":"de_DE","og_type":"article","og_title":"MiniAMP - Steckerfertige LED K\u00fcchenbeleuchtung- ISOLED\u00ae","og_description":"Steckerfertige LED Beleuchtung - K\u00fcche. Einfacher Einbau - Keine Elektrofacharbeiten notwendig. Wir realisieren Ihr Projekt.","og_url":"https:\/\/isoled.info\/ch\/miniamp-steckerfertig\/miniamp-anwendungsbeispiel-kuche\/","og_site_name":"ISOLED\u00ae","article_modified_time":"2026-02-19T14:24:58+00:00","twitter_card":"summary_large_image","twitter_misc":{"Gesch\u00e4tzte Lesezeit":"20\u00a0Minuten"},"schema":{"@context":"https:\/\/schema.org","@graph":[{"@type":"WebPage","@id":"https:\/\/isoled.info\/ch\/miniamp-steckerfertig\/miniamp-anwendungsbeispiel-kuche\/","url":"https:\/\/isoled.info\/ch\/miniamp-steckerfertig\/miniamp-anwendungsbeispiel-kuche\/","name":"MiniAMP - Steckerfertige LED K\u00fcchenbeleuchtung- ISOLED\u00ae","isPartOf":{"@id":"https:\/\/isoled.info\/ch\/#website"},"datePublished":"2021-01-29T09:53:57+00:00","dateModified":"2026-02-19T14:24:58+00:00","description":"Steckerfertige LED Beleuchtung - K\u00fcche. Einfacher Einbau - Keine Elektrofacharbeiten notwendig. Wir realisieren Ihr Projekt.","breadcrumb":{"@id":"https:\/\/isoled.info\/ch\/miniamp-steckerfertig\/miniamp-anwendungsbeispiel-kuche\/#breadcrumb"},"inLanguage":"de-CH","potentialAction":[{"@type":"ReadAction","target":["https:\/\/isoled.info\/ch\/miniamp-steckerfertig\/miniamp-anwendungsbeispiel-kuche\/"]}]},{"@type":"BreadcrumbList","@id":"https:\/\/isoled.info\/ch\/miniamp-steckerfertig\/miniamp-anwendungsbeispiel-kuche\/#breadcrumb","itemListElement":[{"@type":"ListItem","position":1,"name":"Home","item":"https:\/\/isoled.info\/ch\/"},{"@type":"ListItem","position":2,"name":"MiniAMP Steckerfertig &#8211; \u00dcbersicht CH","item":"https:\/\/isoled.info\/ch\/miniamp-steckerfertig\/"},{"@type":"ListItem","position":3,"name":"MiniAMP Anwendungsbeispiel &#8211; K\u00fcche CH"}]},{"@type":"WebSite","@id":"https:\/\/isoled.info\/ch\/#website","url":"https:\/\/isoled.info\/ch\/","name":"ISOLED\u00ae","description":"Customised Light Solutions","publisher":{"@id":"https:\/\/isoled.info\/ch\/#organization"},"potentialAction":[{"@type":"SearchAction","target":{"@type":"EntryPoint","urlTemplate":"https:\/\/isoled.info\/ch\/?s={search_term_string}"},"query-input":{"@type":"PropertyValueSpecification","valueRequired":true,"valueName":"search_term_string"}}],"inLanguage":"de-CH"},{"@type":"Organization","@id":"https:\/\/isoled.info\/ch\/#organization","name":"ISOLED","url":"https:\/\/isoled.info\/ch\/","logo":{"@type":"ImageObject","inLanguage":"de-CH","@id":"https:\/\/isoled.info\/ch\/#\/schema\/logo\/image\/","url":"https:\/\/isoled.info\/wp-content\/uploads\/2020\/10\/isoled-customised-light-solutions-g1.png","contentUrl":"https:\/\/isoled.info\/wp-content\/uploads\/2020\/10\/isoled-customised-light-solutions-g1.png","width":1200,"height":900,"caption":"ISOLED"},"image":{"@id":"https:\/\/isoled.info\/ch\/#\/schema\/logo\/image\/"}}]}},"_links":{"self":[{"href":"https:\/\/isoled.info\/ch\/wp-json\/wp\/v2\/pages\/1496","targetHints":{"allow":["GET"]}}],"collection":[{"href":"https:\/\/isoled.info\/ch\/wp-json\/wp\/v2\/pages"}],"about":[{"href":"https:\/\/isoled.info\/ch\/wp-json\/wp\/v2\/types\/page"}],"author":[{"embeddable":true,"href":"https:\/\/isoled.info\/ch\/wp-json\/wp\/v2\/users\/8"}],"replies":[{"embeddable":true,"href":"https:\/\/isoled.info\/ch\/wp-json\/wp\/v2\/comments?post=1496"}],"version-history":[{"count":2,"href":"https:\/\/isoled.info\/ch\/wp-json\/wp\/v2\/pages\/1496\/revisions"}],"predecessor-version":[{"id":45726,"href":"https:\/\/isoled.info\/ch\/wp-json\/wp\/v2\/pages\/1496\/revisions\/45726"}],"up":[{"embeddable":true,"href":"https:\/\/isoled.info\/ch\/wp-json\/wp\/v2\/pages\/1520"}],"wp:attachment":[{"href":"https:\/\/isoled.info\/ch\/wp-json\/wp\/v2\/media?parent=1496"}],"curies":[{"name":"wp","href":"https:\/\/api.w.org\/{rel}","templated":true}]}}