{"id":1502,"date":"2021-01-29T10:53:57","date_gmt":"2021-01-29T09:53:57","guid":{"rendered":"https:\/\/isoled.info\/?page_id=1502"},"modified":"2026-02-19T15:37:12","modified_gmt":"2026-02-19T14:37:12","slug":"miniamp-anwendungsbeispiel-verkaufsraum","status":"publish","type":"page","link":"https:\/\/isoled.info\/ch\/miniamp-steckerfertig\/miniamp-anwendungsbeispiel-verkaufsraum\/","title":{"rendered":"MiniAMP Anwendungsbeispiel &#8211; Verkaufsraum CH"},"content":{"rendered":"<div id=\"cs-content\" class=\"cs-content\"><\/div>\n","protected":false},"excerpt":{"rendered":"<p>Steckerfertige LED-Beleuchtung | Verkaufsraum Optimal f&uuml;r Handwerker wie Tischler, Schreiner und M&ouml;belbauerSchnelle und sichere Montage Keine Elektrofacharbeiten notwendig Steckerfertiger Schnellanschluss Flache und platzsparende Leichtbauweise Die richtige Beleuchtung in Shops und beim Juwelier dient nicht nur dazu, die zum Verkauf stehenden Objekte bestm\u00f6glich und farbgetreu zu pr\u00e4sentieren, sondern kann auch manch einen Kunden vom Kauf \u00fcberzeugen. Sei es Licht f\u00fcr Vitrinen, &#8230; <\/p>\n<div><a href=\"https:\/\/isoled.info\/ch\/miniamp-steckerfertig\/miniamp-anwendungsbeispiel-verkaufsraum\/\" class=\"more-link\">Read More<\/a><\/div>\n","protected":false},"author":8,"featured_media":0,"parent":1520,"menu_order":0,"comment_status":"closed","ping_status":"closed","template":"template-blank-4.php","meta":{"footnotes":""},"class_list":["post-1502","page","type-page","status-publish","hentry","no-post-thumbnail"],"yoast_head":"<!-- This site is optimized with the Yoast SEO plugin v27.0 - https:\/\/yoast.com\/product\/yoast-seo-wordpress\/ -->\n<title>MiniAMP - LED Beleuchtung f\u00fcr Verkaufsraum - ISOLED\u00ae<\/title>\n<meta name=\"description\" content=\"Steckerfertige LED Beleuchtung - Verkaufsraum\/ Shop. Einfacher Einbau - Keine Elektrofacharbeiten notwendig. Wir realisieren Ihr Projekt.\" \/>\n<meta name=\"robots\" content=\"index, follow, max-snippet:-1, max-image-preview:large, max-video-preview:-1\" \/>\n<link rel=\"canonical\" href=\"https:\/\/isoled.info\/ch\/miniamp-steckerfertig\/miniamp-anwendungsbeispiel-verkaufsraum\/\" \/>\n<meta property=\"og:locale\" content=\"de_DE\" \/>\n<meta property=\"og:type\" content=\"article\" \/>\n<meta property=\"og:title\" content=\"MiniAMP - LED Beleuchtung f\u00fcr Verkaufsraum - ISOLED\u00ae\" \/>\n<meta property=\"og:description\" content=\"Steckerfertige LED Beleuchtung - Verkaufsraum\/ Shop. Einfacher Einbau - Keine Elektrofacharbeiten notwendig. Wir realisieren Ihr Projekt.\" \/>\n<meta property=\"og:url\" content=\"https:\/\/isoled.info\/ch\/miniamp-steckerfertig\/miniamp-anwendungsbeispiel-verkaufsraum\/\" \/>\n<meta property=\"og:site_name\" content=\"ISOLED\u00ae\" \/>\n<meta property=\"article:modified_time\" content=\"2026-02-19T14:37:12+00:00\" \/>\n<meta name=\"twitter:card\" content=\"summary_large_image\" \/>\n<meta name=\"twitter:label1\" content=\"Gesch\u00e4tzte Lesezeit\" \/>\n\t<meta name=\"twitter:data1\" content=\"19\u00a0Minuten\" \/>\n<script type=\"application\/ld+json\" class=\"yoast-schema-graph\">{\"@context\":\"https:\/\/schema.org\",\"@graph\":[{\"@type\":\"WebPage\",\"@id\":\"https:\/\/isoled.info\/ch\/miniamp-steckerfertig\/miniamp-anwendungsbeispiel-verkaufsraum\/\",\"url\":\"https:\/\/isoled.info\/ch\/miniamp-steckerfertig\/miniamp-anwendungsbeispiel-verkaufsraum\/\",\"name\":\"MiniAMP - LED Beleuchtung f\u00fcr Verkaufsraum - ISOLED\u00ae\",\"isPartOf\":{\"@id\":\"https:\/\/isoled.info\/ch\/#website\"},\"datePublished\":\"2021-01-29T09:53:57+00:00\",\"dateModified\":\"2026-02-19T14:37:12+00:00\",\"description\":\"Steckerfertige LED Beleuchtung - Verkaufsraum\/ Shop. Einfacher Einbau - Keine Elektrofacharbeiten notwendig. Wir realisieren Ihr Projekt.\",\"breadcrumb\":{\"@id\":\"https:\/\/isoled.info\/ch\/miniamp-steckerfertig\/miniamp-anwendungsbeispiel-verkaufsraum\/#breadcrumb\"},\"inLanguage\":\"de-CH\",\"potentialAction\":[{\"@type\":\"ReadAction\",\"target\":[\"https:\/\/isoled.info\/ch\/miniamp-steckerfertig\/miniamp-anwendungsbeispiel-verkaufsraum\/\"]}]},{\"@type\":\"BreadcrumbList\",\"@id\":\"https:\/\/isoled.info\/ch\/miniamp-steckerfertig\/miniamp-anwendungsbeispiel-verkaufsraum\/#breadcrumb\",\"itemListElement\":[{\"@type\":\"ListItem\",\"position\":1,\"name\":\"Home\",\"item\":\"https:\/\/isoled.info\/ch\/\"},{\"@type\":\"ListItem\",\"position\":2,\"name\":\"MiniAMP Steckerfertig &#8211; \u00dcbersicht CH\",\"item\":\"https:\/\/isoled.info\/ch\/miniamp-steckerfertig\/\"},{\"@type\":\"ListItem\",\"position\":3,\"name\":\"MiniAMP Anwendungsbeispiel &#8211; Verkaufsraum CH\"}]},{\"@type\":\"WebSite\",\"@id\":\"https:\/\/isoled.info\/ch\/#website\",\"url\":\"https:\/\/isoled.info\/ch\/\",\"name\":\"ISOLED\u00ae\",\"description\":\"Customised Light Solutions\",\"publisher\":{\"@id\":\"https:\/\/isoled.info\/ch\/#organization\"},\"potentialAction\":[{\"@type\":\"SearchAction\",\"target\":{\"@type\":\"EntryPoint\",\"urlTemplate\":\"https:\/\/isoled.info\/ch\/?s={search_term_string}\"},\"query-input\":{\"@type\":\"PropertyValueSpecification\",\"valueRequired\":true,\"valueName\":\"search_term_string\"}}],\"inLanguage\":\"de-CH\"},{\"@type\":\"Organization\",\"@id\":\"https:\/\/isoled.info\/ch\/#organization\",\"name\":\"ISOLED\",\"url\":\"https:\/\/isoled.info\/ch\/\",\"logo\":{\"@type\":\"ImageObject\",\"inLanguage\":\"de-CH\",\"@id\":\"https:\/\/isoled.info\/ch\/#\/schema\/logo\/image\/\",\"url\":\"https:\/\/isoled.info\/wp-content\/uploads\/2020\/10\/isoled-customised-light-solutions-g1.png\",\"contentUrl\":\"https:\/\/isoled.info\/wp-content\/uploads\/2020\/10\/isoled-customised-light-solutions-g1.png\",\"width\":1200,\"height\":900,\"caption\":\"ISOLED\"},\"image\":{\"@id\":\"https:\/\/isoled.info\/ch\/#\/schema\/logo\/image\/\"}}]}<\/script>\n<!-- \/ Yoast SEO plugin. -->","yoast_head_json":{"title":"MiniAMP - LED Beleuchtung f\u00fcr Verkaufsraum - ISOLED\u00ae","description":"Steckerfertige LED Beleuchtung - Verkaufsraum\/ Shop. Einfacher Einbau - Keine Elektrofacharbeiten notwendig. Wir realisieren Ihr Projekt.","robots":{"index":"index","follow":"follow","max-snippet":"max-snippet:-1","max-image-preview":"max-image-preview:large","max-video-preview":"max-video-preview:-1"},"canonical":"https:\/\/isoled.info\/ch\/miniamp-steckerfertig\/miniamp-anwendungsbeispiel-verkaufsraum\/","og_locale":"de_DE","og_type":"article","og_title":"MiniAMP - LED Beleuchtung f\u00fcr Verkaufsraum - ISOLED\u00ae","og_description":"Steckerfertige LED Beleuchtung - Verkaufsraum\/ Shop. Einfacher Einbau - Keine Elektrofacharbeiten notwendig. Wir realisieren Ihr Projekt.","og_url":"https:\/\/isoled.info\/ch\/miniamp-steckerfertig\/miniamp-anwendungsbeispiel-verkaufsraum\/","og_site_name":"ISOLED\u00ae","article_modified_time":"2026-02-19T14:37:12+00:00","twitter_card":"summary_large_image","twitter_misc":{"Gesch\u00e4tzte Lesezeit":"19\u00a0Minuten"},"schema":{"@context":"https:\/\/schema.org","@graph":[{"@type":"WebPage","@id":"https:\/\/isoled.info\/ch\/miniamp-steckerfertig\/miniamp-anwendungsbeispiel-verkaufsraum\/","url":"https:\/\/isoled.info\/ch\/miniamp-steckerfertig\/miniamp-anwendungsbeispiel-verkaufsraum\/","name":"MiniAMP - LED Beleuchtung f\u00fcr Verkaufsraum - ISOLED\u00ae","isPartOf":{"@id":"https:\/\/isoled.info\/ch\/#website"},"datePublished":"2021-01-29T09:53:57+00:00","dateModified":"2026-02-19T14:37:12+00:00","description":"Steckerfertige LED Beleuchtung - Verkaufsraum\/ Shop. Einfacher Einbau - Keine Elektrofacharbeiten notwendig. Wir realisieren Ihr Projekt.","breadcrumb":{"@id":"https:\/\/isoled.info\/ch\/miniamp-steckerfertig\/miniamp-anwendungsbeispiel-verkaufsraum\/#breadcrumb"},"inLanguage":"de-CH","potentialAction":[{"@type":"ReadAction","target":["https:\/\/isoled.info\/ch\/miniamp-steckerfertig\/miniamp-anwendungsbeispiel-verkaufsraum\/"]}]},{"@type":"BreadcrumbList","@id":"https:\/\/isoled.info\/ch\/miniamp-steckerfertig\/miniamp-anwendungsbeispiel-verkaufsraum\/#breadcrumb","itemListElement":[{"@type":"ListItem","position":1,"name":"Home","item":"https:\/\/isoled.info\/ch\/"},{"@type":"ListItem","position":2,"name":"MiniAMP Steckerfertig &#8211; \u00dcbersicht CH","item":"https:\/\/isoled.info\/ch\/miniamp-steckerfertig\/"},{"@type":"ListItem","position":3,"name":"MiniAMP Anwendungsbeispiel &#8211; Verkaufsraum CH"}]},{"@type":"WebSite","@id":"https:\/\/isoled.info\/ch\/#website","url":"https:\/\/isoled.info\/ch\/","name":"ISOLED\u00ae","description":"Customised Light Solutions","publisher":{"@id":"https:\/\/isoled.info\/ch\/#organization"},"potentialAction":[{"@type":"SearchAction","target":{"@type":"EntryPoint","urlTemplate":"https:\/\/isoled.info\/ch\/?s={search_term_string}"},"query-input":{"@type":"PropertyValueSpecification","valueRequired":true,"valueName":"search_term_string"}}],"inLanguage":"de-CH"},{"@type":"Organization","@id":"https:\/\/isoled.info\/ch\/#organization","name":"ISOLED","url":"https:\/\/isoled.info\/ch\/","logo":{"@type":"ImageObject","inLanguage":"de-CH","@id":"https:\/\/isoled.info\/ch\/#\/schema\/logo\/image\/","url":"https:\/\/isoled.info\/wp-content\/uploads\/2020\/10\/isoled-customised-light-solutions-g1.png","contentUrl":"https:\/\/isoled.info\/wp-content\/uploads\/2020\/10\/isoled-customised-light-solutions-g1.png","width":1200,"height":900,"caption":"ISOLED"},"image":{"@id":"https:\/\/isoled.info\/ch\/#\/schema\/logo\/image\/"}}]}},"_links":{"self":[{"href":"https:\/\/isoled.info\/ch\/wp-json\/wp\/v2\/pages\/1502","targetHints":{"allow":["GET"]}}],"collection":[{"href":"https:\/\/isoled.info\/ch\/wp-json\/wp\/v2\/pages"}],"about":[{"href":"https:\/\/isoled.info\/ch\/wp-json\/wp\/v2\/types\/page"}],"author":[{"embeddable":true,"href":"https:\/\/isoled.info\/ch\/wp-json\/wp\/v2\/users\/8"}],"replies":[{"embeddable":true,"href":"https:\/\/isoled.info\/ch\/wp-json\/wp\/v2\/comments?post=1502"}],"version-history":[{"count":3,"href":"https:\/\/isoled.info\/ch\/wp-json\/wp\/v2\/pages\/1502\/revisions"}],"predecessor-version":[{"id":45786,"href":"https:\/\/isoled.info\/ch\/wp-json\/wp\/v2\/pages\/1502\/revisions\/45786"}],"up":[{"embeddable":true,"href":"https:\/\/isoled.info\/ch\/wp-json\/wp\/v2\/pages\/1520"}],"wp:attachment":[{"href":"https:\/\/isoled.info\/ch\/wp-json\/wp\/v2\/media?parent=1502"}],"curies":[{"name":"wp","href":"https:\/\/api.w.org\/{rel}","templated":true}]}}