{"id":4332,"date":"2021-01-29T11:40:11","date_gmt":"2021-01-29T10:40:11","guid":{"rendered":"https:\/\/isoled.info\/?page_id=4332"},"modified":"2026-04-16T09:14:53","modified_gmt":"2026-04-16T07:14:53","slug":"flutlicht","status":"publish","type":"page","link":"https:\/\/isoled.info\/ch\/flutlicht\/","title":{"rendered":"Flutlicht \u2013 \u00dcbersicht"},"content":{"rendered":"<div id=\"cs-content\" class=\"cs-content\"><\/div>\n","protected":false},"excerpt":{"rendered":"<p>FLUTLICHT | LED LICHTANLAGEN f&uuml;r Sportst&auml;tten, Bauindustrie und GewerbeFLUTLICHT | LED LICHTANLAGEN f&uuml;r Sportst&auml;tten, Bauindustrie und GewerbeJetzt umr&uuml;sten und Energie sparen! ISOLED&reg; bietet nicht nur qualitativ hochwertige und energieeffiziente LED-Flutlichtanlagen, sondern steht Ihnen von der Planung bis zur Endabnahme Ihres Projekts stets mit pers&ouml;nlicher Beratung zur Seite. 30 &#8211; 50% F\u00f6rderungenWir informieren Sie\u00fcber m\u00f6gliche F\u00f6rderungen in DE,AT und CH!Projekt &#8211; &#8230; <\/p>\n<div><a href=\"https:\/\/isoled.info\/ch\/flutlicht\/\" class=\"more-link\">Read More<\/a><\/div>\n","protected":false},"author":8,"featured_media":0,"parent":0,"menu_order":0,"comment_status":"closed","ping_status":"closed","template":"template-blank-4.php","meta":{"footnotes":""},"class_list":["post-4332","page","type-page","status-publish","hentry","no-post-thumbnail"],"yoast_head":"<!-- This site is optimized with the Yoast SEO plugin v27.0 - https:\/\/yoast.com\/product\/yoast-seo-wordpress\/ -->\n<title>LED Flutlicht - f\u00fcr Sportpl\u00e4tze, Bau, Industrie und Gewerbe<\/title>\n<meta name=\"description\" content=\"Lichtanlagen LED Flutlicht f\u00fcr Fussballplatz, Tennisplatz, Bauindustrie und Gewerbe. Ausgezeichnete fl\u00e4chendeckende Ausleuchtung mit ISOLED-Flutlichtern\" \/>\n<meta name=\"robots\" content=\"index, follow, max-snippet:-1, max-image-preview:large, max-video-preview:-1\" \/>\n<link rel=\"canonical\" href=\"https:\/\/isoled.info\/ch\/flutlicht\/\" \/>\n<meta property=\"og:locale\" content=\"de_DE\" \/>\n<meta property=\"og:type\" content=\"article\" \/>\n<meta property=\"og:title\" content=\"LED Flutlicht - f\u00fcr Sportpl\u00e4tze, Bau, Industrie und Gewerbe\" \/>\n<meta property=\"og:description\" content=\"Lichtanlagen LED Flutlicht f\u00fcr Fussballplatz, Tennisplatz, Bauindustrie und Gewerbe. Ausgezeichnete fl\u00e4chendeckende Ausleuchtung mit ISOLED-Flutlichtern\" \/>\n<meta property=\"og:url\" content=\"https:\/\/isoled.info\/ch\/flutlicht\/\" \/>\n<meta property=\"og:site_name\" content=\"ISOLED\u00ae\" \/>\n<meta property=\"article:modified_time\" content=\"2026-04-16T07:14:53+00:00\" \/>\n<meta property=\"og:image\" content=\"https:\/\/isoled.info\/wp-content\/uploads\/2022\/10\/flutlicht-1.png\" \/>\n\t<meta property=\"og:image:width\" content=\"1200\" \/>\n\t<meta property=\"og:image:height\" content=\"650\" \/>\n\t<meta property=\"og:image:type\" content=\"image\/png\" \/>\n<meta name=\"twitter:card\" content=\"summary_large_image\" \/>\n<meta name=\"twitter:label1\" content=\"Gesch\u00e4tzte Lesezeit\" \/>\n\t<meta name=\"twitter:data1\" content=\"15\u00a0Minuten\" \/>\n<script type=\"application\/ld+json\" class=\"yoast-schema-graph\">{\"@context\":\"https:\/\/schema.org\",\"@graph\":[{\"@type\":\"WebPage\",\"@id\":\"https:\/\/isoled.info\/ch\/flutlicht\/\",\"url\":\"https:\/\/isoled.info\/ch\/flutlicht\/\",\"name\":\"LED Flutlicht - f\u00fcr Sportpl\u00e4tze, Bau, Industrie und Gewerbe\",\"isPartOf\":{\"@id\":\"https:\/\/isoled.info\/ch\/#website\"},\"datePublished\":\"2021-01-29T10:40:11+00:00\",\"dateModified\":\"2026-04-16T07:14:53+00:00\",\"description\":\"Lichtanlagen LED Flutlicht f\u00fcr Fussballplatz, Tennisplatz, Bauindustrie und Gewerbe. Ausgezeichnete fl\u00e4chendeckende Ausleuchtung mit ISOLED-Flutlichtern\",\"breadcrumb\":{\"@id\":\"https:\/\/isoled.info\/ch\/flutlicht\/#breadcrumb\"},\"inLanguage\":\"de-CH\",\"potentialAction\":[{\"@type\":\"ReadAction\",\"target\":[\"https:\/\/isoled.info\/ch\/flutlicht\/\"]}]},{\"@type\":\"BreadcrumbList\",\"@id\":\"https:\/\/isoled.info\/ch\/flutlicht\/#breadcrumb\",\"itemListElement\":[{\"@type\":\"ListItem\",\"position\":1,\"name\":\"Home\",\"item\":\"https:\/\/isoled.info\/ch\/\"},{\"@type\":\"ListItem\",\"position\":2,\"name\":\"Flutlicht \u2013 \u00dcbersicht\"}]},{\"@type\":\"WebSite\",\"@id\":\"https:\/\/isoled.info\/ch\/#website\",\"url\":\"https:\/\/isoled.info\/ch\/\",\"name\":\"ISOLED\u00ae\",\"description\":\"Customised Light Solutions\",\"publisher\":{\"@id\":\"https:\/\/isoled.info\/ch\/#organization\"},\"potentialAction\":[{\"@type\":\"SearchAction\",\"target\":{\"@type\":\"EntryPoint\",\"urlTemplate\":\"https:\/\/isoled.info\/ch\/?s={search_term_string}\"},\"query-input\":{\"@type\":\"PropertyValueSpecification\",\"valueRequired\":true,\"valueName\":\"search_term_string\"}}],\"inLanguage\":\"de-CH\"},{\"@type\":\"Organization\",\"@id\":\"https:\/\/isoled.info\/ch\/#organization\",\"name\":\"ISOLED\",\"url\":\"https:\/\/isoled.info\/ch\/\",\"logo\":{\"@type\":\"ImageObject\",\"inLanguage\":\"de-CH\",\"@id\":\"https:\/\/isoled.info\/ch\/#\/schema\/logo\/image\/\",\"url\":\"https:\/\/isoled.info\/wp-content\/uploads\/2020\/10\/isoled-customised-light-solutions-g1.png\",\"contentUrl\":\"https:\/\/isoled.info\/wp-content\/uploads\/2020\/10\/isoled-customised-light-solutions-g1.png\",\"width\":1200,\"height\":900,\"caption\":\"ISOLED\"},\"image\":{\"@id\":\"https:\/\/isoled.info\/ch\/#\/schema\/logo\/image\/\"}}]}<\/script>\n<!-- \/ Yoast SEO plugin. -->","yoast_head_json":{"title":"LED Flutlicht - f\u00fcr Sportpl\u00e4tze, Bau, Industrie und Gewerbe","description":"Lichtanlagen LED Flutlicht f\u00fcr Fussballplatz, Tennisplatz, Bauindustrie und Gewerbe. Ausgezeichnete fl\u00e4chendeckende Ausleuchtung mit ISOLED-Flutlichtern","robots":{"index":"index","follow":"follow","max-snippet":"max-snippet:-1","max-image-preview":"max-image-preview:large","max-video-preview":"max-video-preview:-1"},"canonical":"https:\/\/isoled.info\/ch\/flutlicht\/","og_locale":"de_DE","og_type":"article","og_title":"LED Flutlicht - f\u00fcr Sportpl\u00e4tze, Bau, Industrie und Gewerbe","og_description":"Lichtanlagen LED Flutlicht f\u00fcr Fussballplatz, Tennisplatz, Bauindustrie und Gewerbe. Ausgezeichnete fl\u00e4chendeckende Ausleuchtung mit ISOLED-Flutlichtern","og_url":"https:\/\/isoled.info\/ch\/flutlicht\/","og_site_name":"ISOLED\u00ae","article_modified_time":"2026-04-16T07:14:53+00:00","og_image":[{"width":1200,"height":650,"url":"https:\/\/isoled.info\/wp-content\/uploads\/2022\/10\/flutlicht-1.png","type":"image\/png"}],"twitter_card":"summary_large_image","twitter_misc":{"Gesch\u00e4tzte Lesezeit":"15\u00a0Minuten"},"schema":{"@context":"https:\/\/schema.org","@graph":[{"@type":"WebPage","@id":"https:\/\/isoled.info\/ch\/flutlicht\/","url":"https:\/\/isoled.info\/ch\/flutlicht\/","name":"LED Flutlicht - f\u00fcr Sportpl\u00e4tze, Bau, Industrie und Gewerbe","isPartOf":{"@id":"https:\/\/isoled.info\/ch\/#website"},"datePublished":"2021-01-29T10:40:11+00:00","dateModified":"2026-04-16T07:14:53+00:00","description":"Lichtanlagen LED Flutlicht f\u00fcr Fussballplatz, Tennisplatz, Bauindustrie und Gewerbe. Ausgezeichnete fl\u00e4chendeckende Ausleuchtung mit ISOLED-Flutlichtern","breadcrumb":{"@id":"https:\/\/isoled.info\/ch\/flutlicht\/#breadcrumb"},"inLanguage":"de-CH","potentialAction":[{"@type":"ReadAction","target":["https:\/\/isoled.info\/ch\/flutlicht\/"]}]},{"@type":"BreadcrumbList","@id":"https:\/\/isoled.info\/ch\/flutlicht\/#breadcrumb","itemListElement":[{"@type":"ListItem","position":1,"name":"Home","item":"https:\/\/isoled.info\/ch\/"},{"@type":"ListItem","position":2,"name":"Flutlicht \u2013 \u00dcbersicht"}]},{"@type":"WebSite","@id":"https:\/\/isoled.info\/ch\/#website","url":"https:\/\/isoled.info\/ch\/","name":"ISOLED\u00ae","description":"Customised Light Solutions","publisher":{"@id":"https:\/\/isoled.info\/ch\/#organization"},"potentialAction":[{"@type":"SearchAction","target":{"@type":"EntryPoint","urlTemplate":"https:\/\/isoled.info\/ch\/?s={search_term_string}"},"query-input":{"@type":"PropertyValueSpecification","valueRequired":true,"valueName":"search_term_string"}}],"inLanguage":"de-CH"},{"@type":"Organization","@id":"https:\/\/isoled.info\/ch\/#organization","name":"ISOLED","url":"https:\/\/isoled.info\/ch\/","logo":{"@type":"ImageObject","inLanguage":"de-CH","@id":"https:\/\/isoled.info\/ch\/#\/schema\/logo\/image\/","url":"https:\/\/isoled.info\/wp-content\/uploads\/2020\/10\/isoled-customised-light-solutions-g1.png","contentUrl":"https:\/\/isoled.info\/wp-content\/uploads\/2020\/10\/isoled-customised-light-solutions-g1.png","width":1200,"height":900,"caption":"ISOLED"},"image":{"@id":"https:\/\/isoled.info\/ch\/#\/schema\/logo\/image\/"}}]}},"_links":{"self":[{"href":"https:\/\/isoled.info\/ch\/wp-json\/wp\/v2\/pages\/4332","targetHints":{"allow":["GET"]}}],"collection":[{"href":"https:\/\/isoled.info\/ch\/wp-json\/wp\/v2\/pages"}],"about":[{"href":"https:\/\/isoled.info\/ch\/wp-json\/wp\/v2\/types\/page"}],"author":[{"embeddable":true,"href":"https:\/\/isoled.info\/ch\/wp-json\/wp\/v2\/users\/8"}],"replies":[{"embeddable":true,"href":"https:\/\/isoled.info\/ch\/wp-json\/wp\/v2\/comments?post=4332"}],"version-history":[{"count":2,"href":"https:\/\/isoled.info\/ch\/wp-json\/wp\/v2\/pages\/4332\/revisions"}],"predecessor-version":[{"id":45966,"href":"https:\/\/isoled.info\/ch\/wp-json\/wp\/v2\/pages\/4332\/revisions\/45966"}],"wp:attachment":[{"href":"https:\/\/isoled.info\/ch\/wp-json\/wp\/v2\/media?parent=4332"}],"curies":[{"name":"wp","href":"https:\/\/api.w.org\/{rel}","templated":true}]}}