{"id":7157,"date":"2022-02-22T15:10:52","date_gmt":"2022-02-22T14:10:52","guid":{"rendered":"https:\/\/isoled.info\/led-lichtloesungen\/"},"modified":"2026-02-06T14:47:53","modified_gmt":"2026-02-06T13:47:53","slug":"led-lichtloesungen","status":"publish","type":"page","link":"https:\/\/isoled.info\/ch\/","title":{"rendered":"LED Lichtl\u00f6sungen CH"},"content":{"rendered":"<div id=\"cs-content\" class=\"cs-content\"><\/div>\n","protected":false},"excerpt":{"rendered":"<p>LED-Lichtl&ouml;sungen LED-Beleuchtung f&uuml;r Gewerbe, Handwerker, Industrie, Architekten und Planer!Entdecken Sie unsere Highlights im Highlights 2025 Bl\u00e4tterkatalog Jetzt entdecken!Erfahren Sie mehr \u00fcber unsere innovativen LED-Lichtl\u00f6sungenMehr erfahren!Entdecken Sie die umfangreiche Produktvielfalt in unserem WebshopZum Webshop!Erfahren Sie mehr \u00fcber unsere innovativen LED-Lichtl\u00f6sungenMehr erfahren!Pers&ouml;nlicher Ansprechpartner und Service, sowie kompetente Beratung vor Ort stehen bei uns an erster Stelle. F&uuml;r Ihre Anliegen sind wir jederzeit &#8230; <\/p>\n<div><a href=\"https:\/\/isoled.info\/ch\/\" class=\"more-link\">Read More<\/a><\/div>\n","protected":false},"author":10,"featured_media":0,"parent":0,"menu_order":0,"comment_status":"closed","ping_status":"closed","template":"template-blank-4.php","meta":{"footnotes":""},"class_list":["post-7157","page","type-page","status-publish","hentry","no-post-thumbnail"],"yoast_head":"<!-- This site is optimized with the Yoast SEO plugin v27.0 - https:\/\/yoast.com\/product\/yoast-seo-wordpress\/ -->\n<title>LED Lichtl\u00f6sungen von ISOLED\u00ae | Unsere LED Produktwelten<\/title>\n<meta name=\"description\" content=\"LED Produktwelten von ISOLED\u00ae | Ein breites Sortiment sowie individuelle LED Lichtl\u00f6sungen f\u00fcr Gewerbekunden | Jetzt mehr erfahren\" \/>\n<meta name=\"robots\" content=\"index, follow, max-snippet:-1, max-image-preview:large, max-video-preview:-1\" \/>\n<link rel=\"canonical\" href=\"https:\/\/isoled.info\/ch\/\" \/>\n<meta property=\"og:locale\" content=\"de_DE\" \/>\n<meta property=\"og:type\" content=\"article\" \/>\n<meta property=\"og:title\" content=\"LED Lichtl\u00f6sungen von ISOLED\u00ae | Unsere LED Produktwelten\" \/>\n<meta property=\"og:description\" content=\"LED Produktwelten von ISOLED\u00ae | Ein breites Sortiment sowie individuelle LED Lichtl\u00f6sungen f\u00fcr Gewerbekunden | Jetzt mehr erfahren\" \/>\n<meta property=\"og:url\" content=\"https:\/\/isoled.info\/ch\/\" \/>\n<meta property=\"og:site_name\" content=\"ISOLED\u00ae\" \/>\n<meta property=\"article:modified_time\" content=\"2026-02-06T13:47:53+00:00\" \/>\n<meta name=\"twitter:card\" content=\"summary_large_image\" \/>\n<meta name=\"twitter:label1\" content=\"Gesch\u00e4tzte Lesezeit\" \/>\n\t<meta name=\"twitter:data1\" content=\"12\u00a0Minuten\" \/>\n<script type=\"application\/ld+json\" class=\"yoast-schema-graph\">{\"@context\":\"https:\/\/schema.org\",\"@graph\":[{\"@type\":\"WebPage\",\"@id\":\"https:\/\/isoled.info\/ch\/\",\"url\":\"https:\/\/isoled.info\/ch\/\",\"name\":\"LED Lichtl\u00f6sungen von ISOLED\u00ae | Unsere LED Produktwelten\",\"isPartOf\":{\"@id\":\"https:\/\/isoled.info\/ch\/#website\"},\"datePublished\":\"2022-02-22T14:10:52+00:00\",\"dateModified\":\"2026-02-06T13:47:53+00:00\",\"description\":\"LED Produktwelten von ISOLED\u00ae | Ein breites Sortiment sowie individuelle LED Lichtl\u00f6sungen f\u00fcr Gewerbekunden | Jetzt mehr erfahren\",\"breadcrumb\":{\"@id\":\"https:\/\/isoled.info\/ch\/#breadcrumb\"},\"inLanguage\":\"de-CH\",\"potentialAction\":[{\"@type\":\"ReadAction\",\"target\":[\"https:\/\/isoled.info\/ch\/\"]}]},{\"@type\":\"BreadcrumbList\",\"@id\":\"https:\/\/isoled.info\/ch\/#breadcrumb\",\"itemListElement\":[{\"@type\":\"ListItem\",\"position\":1,\"name\":\"Home\",\"item\":\"https:\/\/isoled.info\/ch\/\"},{\"@type\":\"ListItem\",\"position\":2,\"name\":\"LED Lichtl\u00f6sungen CH\"}]},{\"@type\":\"WebSite\",\"@id\":\"https:\/\/isoled.info\/ch\/#website\",\"url\":\"https:\/\/isoled.info\/ch\/\",\"name\":\"ISOLED\u00ae\",\"description\":\"Customised Light Solutions\",\"publisher\":{\"@id\":\"https:\/\/isoled.info\/ch\/#organization\"},\"potentialAction\":[{\"@type\":\"SearchAction\",\"target\":{\"@type\":\"EntryPoint\",\"urlTemplate\":\"https:\/\/isoled.info\/ch\/?s={search_term_string}\"},\"query-input\":{\"@type\":\"PropertyValueSpecification\",\"valueRequired\":true,\"valueName\":\"search_term_string\"}}],\"inLanguage\":\"de-CH\"},{\"@type\":\"Organization\",\"@id\":\"https:\/\/isoled.info\/ch\/#organization\",\"name\":\"ISOLED\",\"url\":\"https:\/\/isoled.info\/ch\/\",\"logo\":{\"@type\":\"ImageObject\",\"inLanguage\":\"de-CH\",\"@id\":\"https:\/\/isoled.info\/ch\/#\/schema\/logo\/image\/\",\"url\":\"https:\/\/isoled.info\/wp-content\/uploads\/2020\/10\/isoled-customised-light-solutions-g1.png\",\"contentUrl\":\"https:\/\/isoled.info\/wp-content\/uploads\/2020\/10\/isoled-customised-light-solutions-g1.png\",\"width\":1200,\"height\":900,\"caption\":\"ISOLED\"},\"image\":{\"@id\":\"https:\/\/isoled.info\/ch\/#\/schema\/logo\/image\/\"}}]}<\/script>\n<!-- \/ Yoast SEO plugin. -->","yoast_head_json":{"title":"LED Lichtl\u00f6sungen von ISOLED\u00ae | Unsere LED Produktwelten","description":"LED Produktwelten von ISOLED\u00ae | Ein breites Sortiment sowie individuelle LED Lichtl\u00f6sungen f\u00fcr Gewerbekunden | Jetzt mehr erfahren","robots":{"index":"index","follow":"follow","max-snippet":"max-snippet:-1","max-image-preview":"max-image-preview:large","max-video-preview":"max-video-preview:-1"},"canonical":"https:\/\/isoled.info\/ch\/","og_locale":"de_DE","og_type":"article","og_title":"LED Lichtl\u00f6sungen von ISOLED\u00ae | Unsere LED Produktwelten","og_description":"LED Produktwelten von ISOLED\u00ae | Ein breites Sortiment sowie individuelle LED Lichtl\u00f6sungen f\u00fcr Gewerbekunden | Jetzt mehr erfahren","og_url":"https:\/\/isoled.info\/ch\/","og_site_name":"ISOLED\u00ae","article_modified_time":"2026-02-06T13:47:53+00:00","twitter_card":"summary_large_image","twitter_misc":{"Gesch\u00e4tzte Lesezeit":"12\u00a0Minuten"},"schema":{"@context":"https:\/\/schema.org","@graph":[{"@type":"WebPage","@id":"https:\/\/isoled.info\/ch\/","url":"https:\/\/isoled.info\/ch\/","name":"LED Lichtl\u00f6sungen von ISOLED\u00ae | Unsere LED Produktwelten","isPartOf":{"@id":"https:\/\/isoled.info\/ch\/#website"},"datePublished":"2022-02-22T14:10:52+00:00","dateModified":"2026-02-06T13:47:53+00:00","description":"LED Produktwelten von ISOLED\u00ae | Ein breites Sortiment sowie individuelle LED Lichtl\u00f6sungen f\u00fcr Gewerbekunden | Jetzt mehr erfahren","breadcrumb":{"@id":"https:\/\/isoled.info\/ch\/#breadcrumb"},"inLanguage":"de-CH","potentialAction":[{"@type":"ReadAction","target":["https:\/\/isoled.info\/ch\/"]}]},{"@type":"BreadcrumbList","@id":"https:\/\/isoled.info\/ch\/#breadcrumb","itemListElement":[{"@type":"ListItem","position":1,"name":"Home","item":"https:\/\/isoled.info\/ch\/"},{"@type":"ListItem","position":2,"name":"LED Lichtl\u00f6sungen CH"}]},{"@type":"WebSite","@id":"https:\/\/isoled.info\/ch\/#website","url":"https:\/\/isoled.info\/ch\/","name":"ISOLED\u00ae","description":"Customised Light Solutions","publisher":{"@id":"https:\/\/isoled.info\/ch\/#organization"},"potentialAction":[{"@type":"SearchAction","target":{"@type":"EntryPoint","urlTemplate":"https:\/\/isoled.info\/ch\/?s={search_term_string}"},"query-input":{"@type":"PropertyValueSpecification","valueRequired":true,"valueName":"search_term_string"}}],"inLanguage":"de-CH"},{"@type":"Organization","@id":"https:\/\/isoled.info\/ch\/#organization","name":"ISOLED","url":"https:\/\/isoled.info\/ch\/","logo":{"@type":"ImageObject","inLanguage":"de-CH","@id":"https:\/\/isoled.info\/ch\/#\/schema\/logo\/image\/","url":"https:\/\/isoled.info\/wp-content\/uploads\/2020\/10\/isoled-customised-light-solutions-g1.png","contentUrl":"https:\/\/isoled.info\/wp-content\/uploads\/2020\/10\/isoled-customised-light-solutions-g1.png","width":1200,"height":900,"caption":"ISOLED"},"image":{"@id":"https:\/\/isoled.info\/ch\/#\/schema\/logo\/image\/"}}]}},"_links":{"self":[{"href":"https:\/\/isoled.info\/ch\/wp-json\/wp\/v2\/pages\/7157","targetHints":{"allow":["GET"]}}],"collection":[{"href":"https:\/\/isoled.info\/ch\/wp-json\/wp\/v2\/pages"}],"about":[{"href":"https:\/\/isoled.info\/ch\/wp-json\/wp\/v2\/types\/page"}],"author":[{"embeddable":true,"href":"https:\/\/isoled.info\/ch\/wp-json\/wp\/v2\/users\/10"}],"replies":[{"embeddable":true,"href":"https:\/\/isoled.info\/ch\/wp-json\/wp\/v2\/comments?post=7157"}],"version-history":[{"count":3,"href":"https:\/\/isoled.info\/ch\/wp-json\/wp\/v2\/pages\/7157\/revisions"}],"predecessor-version":[{"id":45489,"href":"https:\/\/isoled.info\/ch\/wp-json\/wp\/v2\/pages\/7157\/revisions\/45489"}],"wp:attachment":[{"href":"https:\/\/isoled.info\/ch\/wp-json\/wp\/v2\/media?parent=7157"}],"curies":[{"name":"wp","href":"https:\/\/api.w.org\/{rel}","templated":true}]}}