{"id":4159,"date":"2021-01-29T08:03:24","date_gmt":"2021-01-29T07:03:24","guid":{"rendered":"https:\/\/isoled.info\/?page_id=4159"},"modified":"2026-04-17T11:24:48","modified_gmt":"2026-04-17T09:24:48","slug":"lichtmasten","status":"publish","type":"page","link":"https:\/\/isoled.info\/de\/flutlicht\/lichtmasten\/","title":{"rendered":"Flutlicht \u2013 Lichtmasten"},"content":{"rendered":"<div id=\"cs-content\" class=\"cs-content\"><\/div>\n","protected":false},"excerpt":{"rendered":"<p>LED FLutlicht masten LED Flutlicht Masten Flutlichtmast konisch mit Traverse Der konisch runde Lichtmast besteht aus einem umgeformten und l\u00e4ngsnahtgeschwei\u00dften Stahlblech, welches mit einer Stahlmindestqualit\u00e4t von S235 JR und nach DIN EN ISO 1461 feuerverzinkt ist.Der Mast wird f&uuml;r den Aufstellort individuell statisch ausgelegt und auf die jeweils verwendeten Flutlichtleuchten angepasst. Die Masten erhalten einen T&uuml;rausschnitt mit eingelegter Stahlt&uuml;r und &#8230; <\/p>\n<div><a href=\"https:\/\/isoled.info\/de\/flutlicht\/lichtmasten\/\" class=\"more-link\">Read More<\/a><\/div>\n","protected":false},"author":8,"featured_media":0,"parent":4149,"menu_order":0,"comment_status":"closed","ping_status":"closed","template":"template-blank-4.php","meta":{"footnotes":""},"class_list":["post-4159","page","type-page","status-publish","hentry","no-post-thumbnail"],"yoast_head":"<!-- This site is optimized with the Yoast SEO plugin v27.0 - https:\/\/yoast.com\/product\/yoast-seo-wordpress\/ -->\n<title>LED Flutlicht Masten f\u00fcr Sportst\u00e4tten, Bau, Industrie, Gewerbe<\/title>\n<meta name=\"description\" content=\"Lichtmasten f\u00fcr Flutlichter \u2013 LED Lichtanlagen. Flutlichtmast konisch mit Traverse. Projektspezifisch dimensioniert mit Fundamentvorschlag.\" \/>\n<meta name=\"robots\" content=\"index, follow, max-snippet:-1, max-image-preview:large, max-video-preview:-1\" \/>\n<link rel=\"canonical\" href=\"https:\/\/isoled.info\/de\/flutlicht\/lichtmasten\/\" \/>\n<meta property=\"og:locale\" content=\"de_DE\" \/>\n<meta property=\"og:type\" content=\"article\" \/>\n<meta property=\"og:title\" content=\"LED Flutlicht Masten f\u00fcr Sportst\u00e4tten, Bau, Industrie, Gewerbe\" \/>\n<meta property=\"og:description\" content=\"Lichtmasten f\u00fcr Flutlichter \u2013 LED Lichtanlagen. Flutlichtmast konisch mit Traverse. Projektspezifisch dimensioniert mit Fundamentvorschlag.\" \/>\n<meta property=\"og:url\" content=\"https:\/\/isoled.info\/de\/flutlicht\/lichtmasten\/\" \/>\n<meta property=\"og:site_name\" content=\"ISOLED\u00ae\" \/>\n<meta property=\"article:modified_time\" content=\"2026-04-17T09:24:48+00:00\" \/>\n<meta property=\"og:image\" content=\"https:\/\/isoled.info\/wp-content\/uploads\/2022\/10\/Zeichenflache-1.png\" \/>\n\t<meta property=\"og:image:width\" content=\"1200\" \/>\n\t<meta property=\"og:image:height\" content=\"650\" \/>\n\t<meta property=\"og:image:type\" content=\"image\/png\" \/>\n<meta name=\"twitter:card\" content=\"summary_large_image\" \/>\n<meta name=\"twitter:label1\" content=\"Gesch\u00e4tzte Lesezeit\" \/>\n\t<meta name=\"twitter:data1\" content=\"8\u00a0Minuten\" \/>\n<script type=\"application\/ld+json\" class=\"yoast-schema-graph\">{\"@context\":\"https:\/\/schema.org\",\"@graph\":[{\"@type\":\"WebPage\",\"@id\":\"https:\/\/isoled.info\/de\/flutlicht\/lichtmasten\/\",\"url\":\"https:\/\/isoled.info\/de\/flutlicht\/lichtmasten\/\",\"name\":\"LED Flutlicht Masten f\u00fcr Sportst\u00e4tten, Bau, Industrie, Gewerbe\",\"isPartOf\":{\"@id\":\"https:\/\/isoled.info\/de\/#website\"},\"datePublished\":\"2021-01-29T07:03:24+00:00\",\"dateModified\":\"2026-04-17T09:24:48+00:00\",\"description\":\"Lichtmasten f\u00fcr Flutlichter \u2013 LED Lichtanlagen. Flutlichtmast konisch mit Traverse. Projektspezifisch dimensioniert mit Fundamentvorschlag.\",\"breadcrumb\":{\"@id\":\"https:\/\/isoled.info\/de\/flutlicht\/lichtmasten\/#breadcrumb\"},\"inLanguage\":\"de\",\"potentialAction\":[{\"@type\":\"ReadAction\",\"target\":[\"https:\/\/isoled.info\/de\/flutlicht\/lichtmasten\/\"]}]},{\"@type\":\"BreadcrumbList\",\"@id\":\"https:\/\/isoled.info\/de\/flutlicht\/lichtmasten\/#breadcrumb\",\"itemListElement\":[{\"@type\":\"ListItem\",\"position\":1,\"name\":\"Home\",\"item\":\"https:\/\/isoled.info\/de\/\"},{\"@type\":\"ListItem\",\"position\":2,\"name\":\"Flutlicht \u2013 \u00dcbersicht\",\"item\":\"https:\/\/isoled.info\/de\/flutlicht\/\"},{\"@type\":\"ListItem\",\"position\":3,\"name\":\"Flutlicht \u2013 Lichtmasten\"}]},{\"@type\":\"WebSite\",\"@id\":\"https:\/\/isoled.info\/de\/#website\",\"url\":\"https:\/\/isoled.info\/de\/\",\"name\":\"ISOLED\u00ae\",\"description\":\"Customised Light Solutions\",\"publisher\":{\"@id\":\"https:\/\/isoled.info\/de\/#organization\"},\"potentialAction\":[{\"@type\":\"SearchAction\",\"target\":{\"@type\":\"EntryPoint\",\"urlTemplate\":\"https:\/\/isoled.info\/de\/?s={search_term_string}\"},\"query-input\":{\"@type\":\"PropertyValueSpecification\",\"valueRequired\":true,\"valueName\":\"search_term_string\"}}],\"inLanguage\":\"de\"},{\"@type\":\"Organization\",\"@id\":\"https:\/\/isoled.info\/de\/#organization\",\"name\":\"ISOLED\",\"url\":\"https:\/\/isoled.info\/de\/\",\"logo\":{\"@type\":\"ImageObject\",\"inLanguage\":\"de\",\"@id\":\"https:\/\/isoled.info\/de\/#\/schema\/logo\/image\/\",\"url\":\"https:\/\/isoled.info\/wp-content\/uploads\/2020\/10\/isoled-customised-light-solutions-g1.png\",\"contentUrl\":\"https:\/\/isoled.info\/wp-content\/uploads\/2020\/10\/isoled-customised-light-solutions-g1.png\",\"width\":1200,\"height\":900,\"caption\":\"ISOLED\"},\"image\":{\"@id\":\"https:\/\/isoled.info\/de\/#\/schema\/logo\/image\/\"}}]}<\/script>\n<!-- \/ Yoast SEO plugin. -->","yoast_head_json":{"title":"LED Flutlicht Masten f\u00fcr Sportst\u00e4tten, Bau, Industrie, Gewerbe","description":"Lichtmasten f\u00fcr Flutlichter \u2013 LED Lichtanlagen. Flutlichtmast konisch mit Traverse. Projektspezifisch dimensioniert mit Fundamentvorschlag.","robots":{"index":"index","follow":"follow","max-snippet":"max-snippet:-1","max-image-preview":"max-image-preview:large","max-video-preview":"max-video-preview:-1"},"canonical":"https:\/\/isoled.info\/de\/flutlicht\/lichtmasten\/","og_locale":"de_DE","og_type":"article","og_title":"LED Flutlicht Masten f\u00fcr Sportst\u00e4tten, Bau, Industrie, Gewerbe","og_description":"Lichtmasten f\u00fcr Flutlichter \u2013 LED Lichtanlagen. Flutlichtmast konisch mit Traverse. Projektspezifisch dimensioniert mit Fundamentvorschlag.","og_url":"https:\/\/isoled.info\/de\/flutlicht\/lichtmasten\/","og_site_name":"ISOLED\u00ae","article_modified_time":"2026-04-17T09:24:48+00:00","og_image":[{"width":1200,"height":650,"url":"https:\/\/isoled.info\/wp-content\/uploads\/2022\/10\/Zeichenflache-1.png","type":"image\/png"}],"twitter_card":"summary_large_image","twitter_misc":{"Gesch\u00e4tzte Lesezeit":"8\u00a0Minuten"},"schema":{"@context":"https:\/\/schema.org","@graph":[{"@type":"WebPage","@id":"https:\/\/isoled.info\/de\/flutlicht\/lichtmasten\/","url":"https:\/\/isoled.info\/de\/flutlicht\/lichtmasten\/","name":"LED Flutlicht Masten f\u00fcr Sportst\u00e4tten, Bau, Industrie, Gewerbe","isPartOf":{"@id":"https:\/\/isoled.info\/de\/#website"},"datePublished":"2021-01-29T07:03:24+00:00","dateModified":"2026-04-17T09:24:48+00:00","description":"Lichtmasten f\u00fcr Flutlichter \u2013 LED Lichtanlagen. Flutlichtmast konisch mit Traverse. Projektspezifisch dimensioniert mit Fundamentvorschlag.","breadcrumb":{"@id":"https:\/\/isoled.info\/de\/flutlicht\/lichtmasten\/#breadcrumb"},"inLanguage":"de","potentialAction":[{"@type":"ReadAction","target":["https:\/\/isoled.info\/de\/flutlicht\/lichtmasten\/"]}]},{"@type":"BreadcrumbList","@id":"https:\/\/isoled.info\/de\/flutlicht\/lichtmasten\/#breadcrumb","itemListElement":[{"@type":"ListItem","position":1,"name":"Home","item":"https:\/\/isoled.info\/de\/"},{"@type":"ListItem","position":2,"name":"Flutlicht \u2013 \u00dcbersicht","item":"https:\/\/isoled.info\/de\/flutlicht\/"},{"@type":"ListItem","position":3,"name":"Flutlicht \u2013 Lichtmasten"}]},{"@type":"WebSite","@id":"https:\/\/isoled.info\/de\/#website","url":"https:\/\/isoled.info\/de\/","name":"ISOLED\u00ae","description":"Customised Light Solutions","publisher":{"@id":"https:\/\/isoled.info\/de\/#organization"},"potentialAction":[{"@type":"SearchAction","target":{"@type":"EntryPoint","urlTemplate":"https:\/\/isoled.info\/de\/?s={search_term_string}"},"query-input":{"@type":"PropertyValueSpecification","valueRequired":true,"valueName":"search_term_string"}}],"inLanguage":"de"},{"@type":"Organization","@id":"https:\/\/isoled.info\/de\/#organization","name":"ISOLED","url":"https:\/\/isoled.info\/de\/","logo":{"@type":"ImageObject","inLanguage":"de","@id":"https:\/\/isoled.info\/de\/#\/schema\/logo\/image\/","url":"https:\/\/isoled.info\/wp-content\/uploads\/2020\/10\/isoled-customised-light-solutions-g1.png","contentUrl":"https:\/\/isoled.info\/wp-content\/uploads\/2020\/10\/isoled-customised-light-solutions-g1.png","width":1200,"height":900,"caption":"ISOLED"},"image":{"@id":"https:\/\/isoled.info\/de\/#\/schema\/logo\/image\/"}}]}},"_links":{"self":[{"href":"https:\/\/isoled.info\/de\/wp-json\/wp\/v2\/pages\/4159","targetHints":{"allow":["GET"]}}],"collection":[{"href":"https:\/\/isoled.info\/de\/wp-json\/wp\/v2\/pages"}],"about":[{"href":"https:\/\/isoled.info\/de\/wp-json\/wp\/v2\/types\/page"}],"author":[{"embeddable":true,"href":"https:\/\/isoled.info\/de\/wp-json\/wp\/v2\/users\/8"}],"replies":[{"embeddable":true,"href":"https:\/\/isoled.info\/de\/wp-json\/wp\/v2\/comments?post=4159"}],"version-history":[{"count":3,"href":"https:\/\/isoled.info\/de\/wp-json\/wp\/v2\/pages\/4159\/revisions"}],"predecessor-version":[{"id":45447,"href":"https:\/\/isoled.info\/de\/wp-json\/wp\/v2\/pages\/4159\/revisions\/45447"}],"up":[{"embeddable":true,"href":"https:\/\/isoled.info\/de\/wp-json\/wp\/v2\/pages\/4149"}],"wp:attachment":[{"href":"https:\/\/isoled.info\/de\/wp-json\/wp\/v2\/media?parent=4159"}],"curies":[{"name":"wp","href":"https:\/\/api.w.org\/{rel}","templated":true}]}}