{"id":11497,"date":"2022-12-12T15:42:25","date_gmt":"2022-12-12T14:42:25","guid":{"rendered":"https:\/\/isoled.info\/?page_id=11497"},"modified":"2026-01-22T09:37:45","modified_gmt":"2026-01-22T08:37:45","slug":"led-konfektionierung","status":"publish","type":"page","link":"https:\/\/isoled.info\/fr-ch\/led-konfektionierung\/","title":{"rendered":"LED Konfektionierung fr-CH"},"content":{"rendered":"<div id=\"cs-content\" class=\"cs-content\"><\/div>\n","protected":false},"excerpt":{"rendered":"<p>\u00c9clairage LED sur mesure CONFECTIONN\u00c9 SUR MESURE POUR VOUS EN SEULEMENT 5 JOURS OUVRABLES ! pour les marchandises en stock et les quantit\u00e9s standardPassgenau f\u00fcr Sie konfektioniert in nur 5 Werktagen! F\u00fcr Lagerware und StandardmengenCONFECTION DE RUBANS FLEXIBLES LED ET DE PROFIL\u00c9S EN ALUMINIUM Chaque projet est unique. Pour cette raison, ISOLED\u00ae assemble des bandes flexibles LED ou des bandes &#8230; <\/p>\n<div><a href=\"https:\/\/isoled.info\/fr-ch\/led-konfektionierung\/\" class=\"more-link\">Read More<\/a><\/div>\n","protected":false},"author":10,"featured_media":0,"parent":0,"menu_order":0,"comment_status":"closed","ping_status":"closed","template":"template-blank-4.php","meta":{"footnotes":""},"class_list":["post-11497","page","type-page","status-publish","hentry","no-post-thumbnail"],"yoast_head":"<!-- This site is optimized with the Yoast SEO plugin v27.0 - https:\/\/yoast.com\/product\/yoast-seo-wordpress\/ -->\n<title>\u00c9clairage LED sur mesure | Petits et grands projets<\/title>\n<meta name=\"description\" content=\"LED sur mesure pour les menuisiers et les \u00e9lectriciens | Fabrication de LED en s\u00e9rie - Fabrication de LED OEM\/ODM pour les grands projets | Construction de luminaires LED individuels | Demandez maintenant!\" \/>\n<meta name=\"robots\" content=\"index, follow, max-snippet:-1, max-image-preview:large, max-video-preview:-1\" \/>\n<link rel=\"canonical\" href=\"https:\/\/isoled.info\/fr-ch\/led-konfektionierung\/\" \/>\n<meta property=\"og:locale\" content=\"fr_FR\" \/>\n<meta property=\"og:type\" content=\"article\" \/>\n<meta property=\"og:title\" content=\"\u00c9clairage LED sur mesure | Petits et grands projets\" \/>\n<meta property=\"og:description\" content=\"LED sur mesure pour les menuisiers et les \u00e9lectriciens | Fabrication de LED en s\u00e9rie - Fabrication de LED OEM\/ODM pour les grands projets | Construction de luminaires LED individuels | Demandez maintenant!\" \/>\n<meta property=\"og:url\" content=\"https:\/\/isoled.info\/fr-ch\/led-konfektionierung\/\" \/>\n<meta property=\"og:site_name\" content=\"ISOLED\u00ae\" \/>\n<meta property=\"article:modified_time\" content=\"2026-01-22T08:37:45+00:00\" \/>\n<meta property=\"og:image\" content=\"https:\/\/isoled.info\/wp-content\/uploads\/2022\/10\/led-beleuchtung-nach-mas.png\" \/>\n<meta name=\"twitter:card\" content=\"summary_large_image\" \/>\n<meta name=\"twitter:label1\" content=\"Est. reading time\" \/>\n\t<meta name=\"twitter:data1\" content=\"36 minutes\" \/>\n<script type=\"application\/ld+json\" class=\"yoast-schema-graph\">{\"@context\":\"https:\/\/schema.org\",\"@graph\":[{\"@type\":\"WebPage\",\"@id\":\"https:\/\/isoled.info\/fr-ch\/led-konfektionierung\/\",\"url\":\"https:\/\/isoled.info\/fr-ch\/led-konfektionierung\/\",\"name\":\"\u00c9clairage LED sur mesure | Petits et grands projets\",\"isPartOf\":{\"@id\":\"https:\/\/isoled.info\/fr-ch\/#website\"},\"datePublished\":\"2022-12-12T14:42:25+00:00\",\"dateModified\":\"2026-01-22T08:37:45+00:00\",\"description\":\"LED sur mesure pour les menuisiers et les \u00e9lectriciens | Fabrication de LED en s\u00e9rie - Fabrication de LED OEM\/ODM pour les grands projets | Construction de luminaires LED individuels | Demandez maintenant!\",\"breadcrumb\":{\"@id\":\"https:\/\/isoled.info\/fr-ch\/led-konfektionierung\/#breadcrumb\"},\"inLanguage\":\"fr-CH\",\"potentialAction\":[{\"@type\":\"ReadAction\",\"target\":[\"https:\/\/isoled.info\/fr-ch\/led-konfektionierung\/\"]}]},{\"@type\":\"BreadcrumbList\",\"@id\":\"https:\/\/isoled.info\/fr-ch\/led-konfektionierung\/#breadcrumb\",\"itemListElement\":[{\"@type\":\"ListItem\",\"position\":1,\"name\":\"Home\",\"item\":\"https:\/\/isoled.info\/fr-ch\/\"},{\"@type\":\"ListItem\",\"position\":2,\"name\":\"LED Konfektionierung fr-CH\"}]},{\"@type\":\"WebSite\",\"@id\":\"https:\/\/isoled.info\/fr-ch\/#website\",\"url\":\"https:\/\/isoled.info\/fr-ch\/\",\"name\":\"ISOLED\u00ae\",\"description\":\"Customised Light Solutions\",\"publisher\":{\"@id\":\"https:\/\/isoled.info\/fr-ch\/#organization\"},\"potentialAction\":[{\"@type\":\"SearchAction\",\"target\":{\"@type\":\"EntryPoint\",\"urlTemplate\":\"https:\/\/isoled.info\/fr-ch\/?s={search_term_string}\"},\"query-input\":{\"@type\":\"PropertyValueSpecification\",\"valueRequired\":true,\"valueName\":\"search_term_string\"}}],\"inLanguage\":\"fr-CH\"},{\"@type\":\"Organization\",\"@id\":\"https:\/\/isoled.info\/fr-ch\/#organization\",\"name\":\"ISOLED\",\"url\":\"https:\/\/isoled.info\/fr-ch\/\",\"logo\":{\"@type\":\"ImageObject\",\"inLanguage\":\"fr-CH\",\"@id\":\"https:\/\/isoled.info\/fr-ch\/#\/schema\/logo\/image\/\",\"url\":\"https:\/\/isoled.info\/wp-content\/uploads\/2020\/10\/isoled-customised-light-solutions-g1.png\",\"contentUrl\":\"https:\/\/isoled.info\/wp-content\/uploads\/2020\/10\/isoled-customised-light-solutions-g1.png\",\"width\":1200,\"height\":900,\"caption\":\"ISOLED\"},\"image\":{\"@id\":\"https:\/\/isoled.info\/fr-ch\/#\/schema\/logo\/image\/\"}}]}<\/script>\n<!-- \/ Yoast SEO plugin. -->","yoast_head_json":{"title":"\u00c9clairage LED sur mesure | Petits et grands projets","description":"LED sur mesure pour les menuisiers et les \u00e9lectriciens | Fabrication de LED en s\u00e9rie - Fabrication de LED OEM\/ODM pour les grands projets | Construction de luminaires LED individuels | Demandez maintenant!","robots":{"index":"index","follow":"follow","max-snippet":"max-snippet:-1","max-image-preview":"max-image-preview:large","max-video-preview":"max-video-preview:-1"},"canonical":"https:\/\/isoled.info\/fr-ch\/led-konfektionierung\/","og_locale":"fr_FR","og_type":"article","og_title":"\u00c9clairage LED sur mesure | Petits et grands projets","og_description":"LED sur mesure pour les menuisiers et les \u00e9lectriciens | Fabrication de LED en s\u00e9rie - Fabrication de LED OEM\/ODM pour les grands projets | Construction de luminaires LED individuels | Demandez maintenant!","og_url":"https:\/\/isoled.info\/fr-ch\/led-konfektionierung\/","og_site_name":"ISOLED\u00ae","article_modified_time":"2026-01-22T08:37:45+00:00","og_image":[{"url":"https:\/\/isoled.info\/wp-content\/uploads\/2022\/10\/led-beleuchtung-nach-mas.png","type":"","width":"","height":""}],"twitter_card":"summary_large_image","twitter_misc":{"Est. reading time":"36 minutes"},"schema":{"@context":"https:\/\/schema.org","@graph":[{"@type":"WebPage","@id":"https:\/\/isoled.info\/fr-ch\/led-konfektionierung\/","url":"https:\/\/isoled.info\/fr-ch\/led-konfektionierung\/","name":"\u00c9clairage LED sur mesure | Petits et grands projets","isPartOf":{"@id":"https:\/\/isoled.info\/fr-ch\/#website"},"datePublished":"2022-12-12T14:42:25+00:00","dateModified":"2026-01-22T08:37:45+00:00","description":"LED sur mesure pour les menuisiers et les \u00e9lectriciens | Fabrication de LED en s\u00e9rie - Fabrication de LED OEM\/ODM pour les grands projets | Construction de luminaires LED individuels | Demandez maintenant!","breadcrumb":{"@id":"https:\/\/isoled.info\/fr-ch\/led-konfektionierung\/#breadcrumb"},"inLanguage":"fr-CH","potentialAction":[{"@type":"ReadAction","target":["https:\/\/isoled.info\/fr-ch\/led-konfektionierung\/"]}]},{"@type":"BreadcrumbList","@id":"https:\/\/isoled.info\/fr-ch\/led-konfektionierung\/#breadcrumb","itemListElement":[{"@type":"ListItem","position":1,"name":"Home","item":"https:\/\/isoled.info\/fr-ch\/"},{"@type":"ListItem","position":2,"name":"LED Konfektionierung fr-CH"}]},{"@type":"WebSite","@id":"https:\/\/isoled.info\/fr-ch\/#website","url":"https:\/\/isoled.info\/fr-ch\/","name":"ISOLED\u00ae","description":"Customised Light Solutions","publisher":{"@id":"https:\/\/isoled.info\/fr-ch\/#organization"},"potentialAction":[{"@type":"SearchAction","target":{"@type":"EntryPoint","urlTemplate":"https:\/\/isoled.info\/fr-ch\/?s={search_term_string}"},"query-input":{"@type":"PropertyValueSpecification","valueRequired":true,"valueName":"search_term_string"}}],"inLanguage":"fr-CH"},{"@type":"Organization","@id":"https:\/\/isoled.info\/fr-ch\/#organization","name":"ISOLED","url":"https:\/\/isoled.info\/fr-ch\/","logo":{"@type":"ImageObject","inLanguage":"fr-CH","@id":"https:\/\/isoled.info\/fr-ch\/#\/schema\/logo\/image\/","url":"https:\/\/isoled.info\/wp-content\/uploads\/2020\/10\/isoled-customised-light-solutions-g1.png","contentUrl":"https:\/\/isoled.info\/wp-content\/uploads\/2020\/10\/isoled-customised-light-solutions-g1.png","width":1200,"height":900,"caption":"ISOLED"},"image":{"@id":"https:\/\/isoled.info\/fr-ch\/#\/schema\/logo\/image\/"}}]}},"_links":{"self":[{"href":"https:\/\/isoled.info\/fr-ch\/wp-json\/wp\/v2\/pages\/11497","targetHints":{"allow":["GET"]}}],"collection":[{"href":"https:\/\/isoled.info\/fr-ch\/wp-json\/wp\/v2\/pages"}],"about":[{"href":"https:\/\/isoled.info\/fr-ch\/wp-json\/wp\/v2\/types\/page"}],"author":[{"embeddable":true,"href":"https:\/\/isoled.info\/fr-ch\/wp-json\/wp\/v2\/users\/10"}],"replies":[{"embeddable":true,"href":"https:\/\/isoled.info\/fr-ch\/wp-json\/wp\/v2\/comments?post=11497"}],"version-history":[{"count":2,"href":"https:\/\/isoled.info\/fr-ch\/wp-json\/wp\/v2\/pages\/11497\/revisions"}],"predecessor-version":[{"id":45225,"href":"https:\/\/isoled.info\/fr-ch\/wp-json\/wp\/v2\/pages\/11497\/revisions\/45225"}],"wp:attachment":[{"href":"https:\/\/isoled.info\/fr-ch\/wp-json\/wp\/v2\/media?parent=11497"}],"curies":[{"name":"wp","href":"https:\/\/api.w.org\/{rel}","templated":true}]}}