{"id":14538,"date":"2023-03-28T11:10:35","date_gmt":"2023-03-28T09:10:35","guid":{"rendered":"https:\/\/isoled.info\/?page_id=14538"},"modified":"2024-02-15T16:57:28","modified_gmt":"2024-02-15T15:57:28","slug":"normen","status":"publish","type":"page","link":"https:\/\/isoled.info\/fr-ch\/flutlicht\/normen\/","title":{"rendered":"Flutlicht &#8211; Normen fr-CH"},"content":{"rendered":"<div id=\"cs-content\" class=\"cs-content\"><\/div>\n","protected":false},"excerpt":{"rendered":"<p>Projecteurs LED &#8211; Normes et principes photom\u00e9triques LUMI\u00c8RE SELON LA NORME La norme DIN EN 12193 (2019-06) contient des dispositions relatives \u00e0 l&#8217;\u00e9clairage des installations sportives dans le but de garantir de bonnes conditions visuelles pour les athl\u00e8tes, les arbitres, les spectateurs ainsi que les enregistrements t\u00e9l\u00e9vis\u00e9s et cin\u00e9matographiques.OBJECTIF DE L&#8217;\u00c9CLAIRAGE Optimisation de l&#8217;apport d&#8217;informations visuelles pendant l&#8217;\u00e9v\u00e9nement sportifMaintien de &#8230; <\/p>\n<div><a href=\"https:\/\/isoled.info\/fr-ch\/flutlicht\/normen\/\" class=\"more-link\">Read More<\/a><\/div>\n","protected":false},"author":10,"featured_media":0,"parent":14476,"menu_order":0,"comment_status":"closed","ping_status":"closed","template":"template-blank-4.php","meta":{"footnotes":""},"class_list":["post-14538","page","type-page","status-publish","hentry","no-post-thumbnail"],"yoast_head":"<!-- This site is optimized with the Yoast SEO plugin v27.0 - https:\/\/yoast.com\/product\/yoast-seo-wordpress\/ -->\n<title>Projecteurs LED - Normes &amp; bases photom\u00e9triques Installations sportives - ISOLED\u00ae<\/title>\n<meta name=\"description\" content=\"Projecteurs LED Installations d&#039;\u00e9clairage de centres sportifs. Normes et bases photom\u00e9triques ; r\u00e9partition de l&#039;\u00e9clairement, facteur d&#039;\u00e9blouissement, dur\u00e9e de vie utile.\" \/>\n<meta name=\"robots\" content=\"index, follow, max-snippet:-1, max-image-preview:large, max-video-preview:-1\" \/>\n<link rel=\"canonical\" href=\"https:\/\/isoled.info\/fr-ch\/flutlicht\/normen\/\" \/>\n<meta property=\"og:locale\" content=\"fr_FR\" \/>\n<meta property=\"og:type\" content=\"article\" \/>\n<meta property=\"og:title\" content=\"Projecteurs LED - Normes &amp; bases photom\u00e9triques Installations sportives - ISOLED\u00ae\" \/>\n<meta property=\"og:description\" content=\"Projecteurs LED Installations d&#039;\u00e9clairage de centres sportifs. Normes et bases photom\u00e9triques ; r\u00e9partition de l&#039;\u00e9clairement, facteur d&#039;\u00e9blouissement, dur\u00e9e de vie utile.\" \/>\n<meta property=\"og:url\" content=\"https:\/\/isoled.info\/fr-ch\/flutlicht\/normen\/\" \/>\n<meta property=\"og:site_name\" content=\"ISOLED\u00ae\" \/>\n<meta property=\"article:modified_time\" content=\"2024-02-15T15:57:28+00:00\" \/>\n<meta property=\"og:image\" content=\"https:\/\/isoled.info\/wp-content\/uploads\/2021\/01\/lichtanlagen-led-sportplaetze-tennis-isoled-de-3k.jpg\" \/>\n<meta name=\"twitter:card\" content=\"summary_large_image\" \/>\n<meta name=\"twitter:label1\" content=\"Est. reading time\" \/>\n\t<meta name=\"twitter:data1\" content=\"8 minutes\" \/>\n<script type=\"application\/ld+json\" class=\"yoast-schema-graph\">{\"@context\":\"https:\/\/schema.org\",\"@graph\":[{\"@type\":\"WebPage\",\"@id\":\"https:\/\/isoled.info\/fr-ch\/flutlicht\/normen\/\",\"url\":\"https:\/\/isoled.info\/fr-ch\/flutlicht\/normen\/\",\"name\":\"Projecteurs LED - Normes & bases photom\u00e9triques Installations sportives - ISOLED\u00ae\",\"isPartOf\":{\"@id\":\"https:\/\/isoled.info\/fr-ch\/#website\"},\"datePublished\":\"2023-03-28T09:10:35+00:00\",\"dateModified\":\"2024-02-15T15:57:28+00:00\",\"description\":\"Projecteurs LED Installations d'\u00e9clairage de centres sportifs. Normes et bases photom\u00e9triques ; r\u00e9partition de l'\u00e9clairement, facteur d'\u00e9blouissement, dur\u00e9e de vie utile.\",\"breadcrumb\":{\"@id\":\"https:\/\/isoled.info\/fr-ch\/flutlicht\/normen\/#breadcrumb\"},\"inLanguage\":\"fr-CH\",\"potentialAction\":[{\"@type\":\"ReadAction\",\"target\":[\"https:\/\/isoled.info\/fr-ch\/flutlicht\/normen\/\"]}]},{\"@type\":\"BreadcrumbList\",\"@id\":\"https:\/\/isoled.info\/fr-ch\/flutlicht\/normen\/#breadcrumb\",\"itemListElement\":[{\"@type\":\"ListItem\",\"position\":1,\"name\":\"Home\",\"item\":\"https:\/\/isoled.info\/fr-ch\/\"},{\"@type\":\"ListItem\",\"position\":2,\"name\":\"Flutlicht fr-CH\",\"item\":\"https:\/\/isoled.info\/fr-ch\/flutlicht\/\"},{\"@type\":\"ListItem\",\"position\":3,\"name\":\"Flutlicht &#8211; Normen fr-CH\"}]},{\"@type\":\"WebSite\",\"@id\":\"https:\/\/isoled.info\/fr-ch\/#website\",\"url\":\"https:\/\/isoled.info\/fr-ch\/\",\"name\":\"ISOLED\u00ae\",\"description\":\"Customised Light Solutions\",\"publisher\":{\"@id\":\"https:\/\/isoled.info\/fr-ch\/#organization\"},\"potentialAction\":[{\"@type\":\"SearchAction\",\"target\":{\"@type\":\"EntryPoint\",\"urlTemplate\":\"https:\/\/isoled.info\/fr-ch\/?s={search_term_string}\"},\"query-input\":{\"@type\":\"PropertyValueSpecification\",\"valueRequired\":true,\"valueName\":\"search_term_string\"}}],\"inLanguage\":\"fr-CH\"},{\"@type\":\"Organization\",\"@id\":\"https:\/\/isoled.info\/fr-ch\/#organization\",\"name\":\"ISOLED\",\"url\":\"https:\/\/isoled.info\/fr-ch\/\",\"logo\":{\"@type\":\"ImageObject\",\"inLanguage\":\"fr-CH\",\"@id\":\"https:\/\/isoled.info\/fr-ch\/#\/schema\/logo\/image\/\",\"url\":\"https:\/\/isoled.info\/wp-content\/uploads\/2020\/10\/isoled-customised-light-solutions-g1.png\",\"contentUrl\":\"https:\/\/isoled.info\/wp-content\/uploads\/2020\/10\/isoled-customised-light-solutions-g1.png\",\"width\":1200,\"height\":900,\"caption\":\"ISOLED\"},\"image\":{\"@id\":\"https:\/\/isoled.info\/fr-ch\/#\/schema\/logo\/image\/\"}}]}<\/script>\n<!-- \/ Yoast SEO plugin. -->","yoast_head_json":{"title":"Projecteurs LED - Normes & bases photom\u00e9triques Installations sportives - ISOLED\u00ae","description":"Projecteurs LED Installations d'\u00e9clairage de centres sportifs. Normes et bases photom\u00e9triques ; r\u00e9partition de l'\u00e9clairement, facteur d'\u00e9blouissement, dur\u00e9e de vie utile.","robots":{"index":"index","follow":"follow","max-snippet":"max-snippet:-1","max-image-preview":"max-image-preview:large","max-video-preview":"max-video-preview:-1"},"canonical":"https:\/\/isoled.info\/fr-ch\/flutlicht\/normen\/","og_locale":"fr_FR","og_type":"article","og_title":"Projecteurs LED - Normes & bases photom\u00e9triques Installations sportives - ISOLED\u00ae","og_description":"Projecteurs LED Installations d'\u00e9clairage de centres sportifs. Normes et bases photom\u00e9triques ; r\u00e9partition de l'\u00e9clairement, facteur d'\u00e9blouissement, dur\u00e9e de vie utile.","og_url":"https:\/\/isoled.info\/fr-ch\/flutlicht\/normen\/","og_site_name":"ISOLED\u00ae","article_modified_time":"2024-02-15T15:57:28+00:00","og_image":[{"url":"https:\/\/isoled.info\/wp-content\/uploads\/2021\/01\/lichtanlagen-led-sportplaetze-tennis-isoled-de-3k.jpg","type":"","width":"","height":""}],"twitter_card":"summary_large_image","twitter_misc":{"Est. reading time":"8 minutes"},"schema":{"@context":"https:\/\/schema.org","@graph":[{"@type":"WebPage","@id":"https:\/\/isoled.info\/fr-ch\/flutlicht\/normen\/","url":"https:\/\/isoled.info\/fr-ch\/flutlicht\/normen\/","name":"Projecteurs LED - Normes & bases photom\u00e9triques Installations sportives - ISOLED\u00ae","isPartOf":{"@id":"https:\/\/isoled.info\/fr-ch\/#website"},"datePublished":"2023-03-28T09:10:35+00:00","dateModified":"2024-02-15T15:57:28+00:00","description":"Projecteurs LED Installations d'\u00e9clairage de centres sportifs. Normes et bases photom\u00e9triques ; r\u00e9partition de l'\u00e9clairement, facteur d'\u00e9blouissement, dur\u00e9e de vie utile.","breadcrumb":{"@id":"https:\/\/isoled.info\/fr-ch\/flutlicht\/normen\/#breadcrumb"},"inLanguage":"fr-CH","potentialAction":[{"@type":"ReadAction","target":["https:\/\/isoled.info\/fr-ch\/flutlicht\/normen\/"]}]},{"@type":"BreadcrumbList","@id":"https:\/\/isoled.info\/fr-ch\/flutlicht\/normen\/#breadcrumb","itemListElement":[{"@type":"ListItem","position":1,"name":"Home","item":"https:\/\/isoled.info\/fr-ch\/"},{"@type":"ListItem","position":2,"name":"Flutlicht fr-CH","item":"https:\/\/isoled.info\/fr-ch\/flutlicht\/"},{"@type":"ListItem","position":3,"name":"Flutlicht &#8211; Normen fr-CH"}]},{"@type":"WebSite","@id":"https:\/\/isoled.info\/fr-ch\/#website","url":"https:\/\/isoled.info\/fr-ch\/","name":"ISOLED\u00ae","description":"Customised Light Solutions","publisher":{"@id":"https:\/\/isoled.info\/fr-ch\/#organization"},"potentialAction":[{"@type":"SearchAction","target":{"@type":"EntryPoint","urlTemplate":"https:\/\/isoled.info\/fr-ch\/?s={search_term_string}"},"query-input":{"@type":"PropertyValueSpecification","valueRequired":true,"valueName":"search_term_string"}}],"inLanguage":"fr-CH"},{"@type":"Organization","@id":"https:\/\/isoled.info\/fr-ch\/#organization","name":"ISOLED","url":"https:\/\/isoled.info\/fr-ch\/","logo":{"@type":"ImageObject","inLanguage":"fr-CH","@id":"https:\/\/isoled.info\/fr-ch\/#\/schema\/logo\/image\/","url":"https:\/\/isoled.info\/wp-content\/uploads\/2020\/10\/isoled-customised-light-solutions-g1.png","contentUrl":"https:\/\/isoled.info\/wp-content\/uploads\/2020\/10\/isoled-customised-light-solutions-g1.png","width":1200,"height":900,"caption":"ISOLED"},"image":{"@id":"https:\/\/isoled.info\/fr-ch\/#\/schema\/logo\/image\/"}}]}},"_links":{"self":[{"href":"https:\/\/isoled.info\/fr-ch\/wp-json\/wp\/v2\/pages\/14538","targetHints":{"allow":["GET"]}}],"collection":[{"href":"https:\/\/isoled.info\/fr-ch\/wp-json\/wp\/v2\/pages"}],"about":[{"href":"https:\/\/isoled.info\/fr-ch\/wp-json\/wp\/v2\/types\/page"}],"author":[{"embeddable":true,"href":"https:\/\/isoled.info\/fr-ch\/wp-json\/wp\/v2\/users\/10"}],"replies":[{"embeddable":true,"href":"https:\/\/isoled.info\/fr-ch\/wp-json\/wp\/v2\/comments?post=14538"}],"version-history":[{"count":2,"href":"https:\/\/isoled.info\/fr-ch\/wp-json\/wp\/v2\/pages\/14538\/revisions"}],"predecessor-version":[{"id":27494,"href":"https:\/\/isoled.info\/fr-ch\/wp-json\/wp\/v2\/pages\/14538\/revisions\/27494"}],"up":[{"embeddable":true,"href":"https:\/\/isoled.info\/fr-ch\/wp-json\/wp\/v2\/pages\/14476"}],"wp:attachment":[{"href":"https:\/\/isoled.info\/fr-ch\/wp-json\/wp\/v2\/media?parent=14538"}],"curies":[{"name":"wp","href":"https:\/\/api.w.org\/{rel}","templated":true}]}}