{"id":15086,"date":"2023-05-10T10:38:40","date_gmt":"2023-05-10T08:38:40","guid":{"rendered":"https:\/\/isoled.info\/?page_id=15086"},"modified":"2025-08-26T16:12:33","modified_gmt":"2025-08-26T14:12:33","slug":"refurbishment","status":"publish","type":"page","link":"https:\/\/isoled.info\/fr-ch\/refurbishment\/","title":{"rendered":"Refurbishment fr-CH"},"content":{"rendered":"<div id=\"cs-content\" class=\"cs-content\"><\/div>\n","protected":false},"excerpt":{"rendered":"<p>R\u00c9NOVATION LED &#8211; CONVERTIR EFFICACEMENT LES LUMI\u00c8RES EXISTANTES EN LED Il est souvent int\u00e9ressant d&#8217;\u00e9quiper les anciens syst\u00e8mes d&#8217;\u00e9clairage de LED, en particulier dans les b\u00e2timents anciens et pour les corps lumineux co\u00fbteux. Dans un souci de durabilit\u00e9, il est \u00e9galement possible de conserver les corps de luminaires existants.ISOLED\u00ae vous aide dans la mise en \u0153uvre ! Qualit\u00e9 garantie Avec &#8230; <\/p>\n<div><a href=\"https:\/\/isoled.info\/fr-ch\/refurbishment\/\" class=\"more-link\">Read More<\/a><\/div>\n","protected":false},"author":10,"featured_media":0,"parent":0,"menu_order":0,"comment_status":"closed","ping_status":"closed","template":"template-blank-4.php","meta":{"footnotes":""},"class_list":["post-15086","page","type-page","status-publish","hentry","no-post-thumbnail"],"yoast_head":"<!-- This site is optimized with the Yoast SEO plugin v27.0 - https:\/\/yoast.com\/product\/yoast-seo-wordpress\/ -->\n<title>Transformer les LED | Refurbishment d&#039;ISOLED\u00ae | Conserver le corps du luminaire !<\/title>\n<meta name=\"description\" content=\"Convertir efficacement les luminaires existants en LED | Qualit\u00e9 garantie | Efficace et durable | Service de conversion d&#039;ISOLED\u00ae - Demandez maintenant !\" \/>\n<meta name=\"robots\" content=\"index, follow, max-snippet:-1, max-image-preview:large, max-video-preview:-1\" \/>\n<link rel=\"canonical\" href=\"https:\/\/isoled.info\/fr-ch\/refurbishment\/\" \/>\n<meta property=\"og:locale\" content=\"fr_FR\" \/>\n<meta property=\"og:type\" content=\"article\" \/>\n<meta property=\"og:title\" content=\"Transformer les LED | Refurbishment d&#039;ISOLED\u00ae | Conserver le corps du luminaire !\" \/>\n<meta property=\"og:description\" content=\"Convertir efficacement les luminaires existants en LED | Qualit\u00e9 garantie | Efficace et durable | Service de conversion d&#039;ISOLED\u00ae - Demandez maintenant !\" \/>\n<meta property=\"og:url\" content=\"https:\/\/isoled.info\/fr-ch\/refurbishment\/\" \/>\n<meta property=\"og:site_name\" content=\"ISOLED\u00ae\" \/>\n<meta property=\"article:modified_time\" content=\"2025-08-26T14:12:33+00:00\" \/>\n<meta property=\"og:image\" content=\"https:\/\/isoled.info\/wp-content\/uploads\/2023\/03\/refurbishment-lichtlosung-1.png\" \/>\n<meta name=\"twitter:card\" content=\"summary_large_image\" \/>\n<meta name=\"twitter:label1\" content=\"Est. reading time\" \/>\n\t<meta name=\"twitter:data1\" content=\"20 minutes\" \/>\n<script type=\"application\/ld+json\" class=\"yoast-schema-graph\">{\"@context\":\"https:\/\/schema.org\",\"@graph\":[{\"@type\":\"WebPage\",\"@id\":\"https:\/\/isoled.info\/fr-ch\/refurbishment\/\",\"url\":\"https:\/\/isoled.info\/fr-ch\/refurbishment\/\",\"name\":\"Transformer les LED | Refurbishment d'ISOLED\u00ae | Conserver le corps du luminaire !\",\"isPartOf\":{\"@id\":\"https:\/\/isoled.info\/fr-ch\/#website\"},\"primaryImageOfPage\":{\"@id\":\"https:\/\/isoled.info\/fr-ch\/refurbishment\/#primaryimage\"},\"image\":{\"@id\":\"https:\/\/isoled.info\/fr-ch\/refurbishment\/#primaryimage\"},\"thumbnailUrl\":\"https:\/\/isoled.info\/wp-content\/uploads\/2023\/03\/Klassenzimmer-Produkte-e1678870625137.webp\",\"datePublished\":\"2023-05-10T08:38:40+00:00\",\"dateModified\":\"2025-08-26T14:12:33+00:00\",\"description\":\"Convertir efficacement les luminaires existants en LED | Qualit\u00e9 garantie | Efficace et durable | Service de conversion d'ISOLED\u00ae - Demandez maintenant !\",\"breadcrumb\":{\"@id\":\"https:\/\/isoled.info\/fr-ch\/refurbishment\/#breadcrumb\"},\"inLanguage\":\"fr-CH\",\"potentialAction\":[{\"@type\":\"ReadAction\",\"target\":[\"https:\/\/isoled.info\/fr-ch\/refurbishment\/\"]}]},{\"@type\":\"ImageObject\",\"inLanguage\":\"fr-CH\",\"@id\":\"https:\/\/isoled.info\/fr-ch\/refurbishment\/#primaryimage\",\"url\":\"https:\/\/isoled.info\/wp-content\/uploads\/2023\/03\/Klassenzimmer-Produkte-e1678870625137.webp\",\"contentUrl\":\"https:\/\/isoled.info\/wp-content\/uploads\/2023\/03\/Klassenzimmer-Produkte-e1678870625137.webp\"},{\"@type\":\"BreadcrumbList\",\"@id\":\"https:\/\/isoled.info\/fr-ch\/refurbishment\/#breadcrumb\",\"itemListElement\":[{\"@type\":\"ListItem\",\"position\":1,\"name\":\"Home\",\"item\":\"https:\/\/isoled.info\/fr-ch\/\"},{\"@type\":\"ListItem\",\"position\":2,\"name\":\"Refurbishment fr-CH\"}]},{\"@type\":\"WebSite\",\"@id\":\"https:\/\/isoled.info\/fr-ch\/#website\",\"url\":\"https:\/\/isoled.info\/fr-ch\/\",\"name\":\"ISOLED\u00ae\",\"description\":\"Customised Light Solutions\",\"publisher\":{\"@id\":\"https:\/\/isoled.info\/fr-ch\/#organization\"},\"potentialAction\":[{\"@type\":\"SearchAction\",\"target\":{\"@type\":\"EntryPoint\",\"urlTemplate\":\"https:\/\/isoled.info\/fr-ch\/?s={search_term_string}\"},\"query-input\":{\"@type\":\"PropertyValueSpecification\",\"valueRequired\":true,\"valueName\":\"search_term_string\"}}],\"inLanguage\":\"fr-CH\"},{\"@type\":\"Organization\",\"@id\":\"https:\/\/isoled.info\/fr-ch\/#organization\",\"name\":\"ISOLED\",\"url\":\"https:\/\/isoled.info\/fr-ch\/\",\"logo\":{\"@type\":\"ImageObject\",\"inLanguage\":\"fr-CH\",\"@id\":\"https:\/\/isoled.info\/fr-ch\/#\/schema\/logo\/image\/\",\"url\":\"https:\/\/isoled.info\/wp-content\/uploads\/2020\/10\/isoled-customised-light-solutions-g1.png\",\"contentUrl\":\"https:\/\/isoled.info\/wp-content\/uploads\/2020\/10\/isoled-customised-light-solutions-g1.png\",\"width\":1200,\"height\":900,\"caption\":\"ISOLED\"},\"image\":{\"@id\":\"https:\/\/isoled.info\/fr-ch\/#\/schema\/logo\/image\/\"}}]}<\/script>\n<!-- \/ Yoast SEO plugin. -->","yoast_head_json":{"title":"Transformer les LED | Refurbishment d'ISOLED\u00ae | Conserver le corps du luminaire !","description":"Convertir efficacement les luminaires existants en LED | Qualit\u00e9 garantie | Efficace et durable | Service de conversion d'ISOLED\u00ae - Demandez maintenant !","robots":{"index":"index","follow":"follow","max-snippet":"max-snippet:-1","max-image-preview":"max-image-preview:large","max-video-preview":"max-video-preview:-1"},"canonical":"https:\/\/isoled.info\/fr-ch\/refurbishment\/","og_locale":"fr_FR","og_type":"article","og_title":"Transformer les LED | Refurbishment d'ISOLED\u00ae | Conserver le corps du luminaire !","og_description":"Convertir efficacement les luminaires existants en LED | Qualit\u00e9 garantie | Efficace et durable | Service de conversion d'ISOLED\u00ae - Demandez maintenant !","og_url":"https:\/\/isoled.info\/fr-ch\/refurbishment\/","og_site_name":"ISOLED\u00ae","article_modified_time":"2025-08-26T14:12:33+00:00","og_image":[{"url":"https:\/\/isoled.info\/wp-content\/uploads\/2023\/03\/refurbishment-lichtlosung-1.png","type":"","width":"","height":""}],"twitter_card":"summary_large_image","twitter_misc":{"Est. reading time":"20 minutes"},"schema":{"@context":"https:\/\/schema.org","@graph":[{"@type":"WebPage","@id":"https:\/\/isoled.info\/fr-ch\/refurbishment\/","url":"https:\/\/isoled.info\/fr-ch\/refurbishment\/","name":"Transformer les LED | Refurbishment d'ISOLED\u00ae | Conserver le corps du luminaire !","isPartOf":{"@id":"https:\/\/isoled.info\/fr-ch\/#website"},"primaryImageOfPage":{"@id":"https:\/\/isoled.info\/fr-ch\/refurbishment\/#primaryimage"},"image":{"@id":"https:\/\/isoled.info\/fr-ch\/refurbishment\/#primaryimage"},"thumbnailUrl":"https:\/\/isoled.info\/wp-content\/uploads\/2023\/03\/Klassenzimmer-Produkte-e1678870625137.webp","datePublished":"2023-05-10T08:38:40+00:00","dateModified":"2025-08-26T14:12:33+00:00","description":"Convertir efficacement les luminaires existants en LED | Qualit\u00e9 garantie | Efficace et durable | Service de conversion d'ISOLED\u00ae - Demandez maintenant !","breadcrumb":{"@id":"https:\/\/isoled.info\/fr-ch\/refurbishment\/#breadcrumb"},"inLanguage":"fr-CH","potentialAction":[{"@type":"ReadAction","target":["https:\/\/isoled.info\/fr-ch\/refurbishment\/"]}]},{"@type":"ImageObject","inLanguage":"fr-CH","@id":"https:\/\/isoled.info\/fr-ch\/refurbishment\/#primaryimage","url":"https:\/\/isoled.info\/wp-content\/uploads\/2023\/03\/Klassenzimmer-Produkte-e1678870625137.webp","contentUrl":"https:\/\/isoled.info\/wp-content\/uploads\/2023\/03\/Klassenzimmer-Produkte-e1678870625137.webp"},{"@type":"BreadcrumbList","@id":"https:\/\/isoled.info\/fr-ch\/refurbishment\/#breadcrumb","itemListElement":[{"@type":"ListItem","position":1,"name":"Home","item":"https:\/\/isoled.info\/fr-ch\/"},{"@type":"ListItem","position":2,"name":"Refurbishment fr-CH"}]},{"@type":"WebSite","@id":"https:\/\/isoled.info\/fr-ch\/#website","url":"https:\/\/isoled.info\/fr-ch\/","name":"ISOLED\u00ae","description":"Customised Light Solutions","publisher":{"@id":"https:\/\/isoled.info\/fr-ch\/#organization"},"potentialAction":[{"@type":"SearchAction","target":{"@type":"EntryPoint","urlTemplate":"https:\/\/isoled.info\/fr-ch\/?s={search_term_string}"},"query-input":{"@type":"PropertyValueSpecification","valueRequired":true,"valueName":"search_term_string"}}],"inLanguage":"fr-CH"},{"@type":"Organization","@id":"https:\/\/isoled.info\/fr-ch\/#organization","name":"ISOLED","url":"https:\/\/isoled.info\/fr-ch\/","logo":{"@type":"ImageObject","inLanguage":"fr-CH","@id":"https:\/\/isoled.info\/fr-ch\/#\/schema\/logo\/image\/","url":"https:\/\/isoled.info\/wp-content\/uploads\/2020\/10\/isoled-customised-light-solutions-g1.png","contentUrl":"https:\/\/isoled.info\/wp-content\/uploads\/2020\/10\/isoled-customised-light-solutions-g1.png","width":1200,"height":900,"caption":"ISOLED"},"image":{"@id":"https:\/\/isoled.info\/fr-ch\/#\/schema\/logo\/image\/"}}]}},"_links":{"self":[{"href":"https:\/\/isoled.info\/fr-ch\/wp-json\/wp\/v2\/pages\/15086","targetHints":{"allow":["GET"]}}],"collection":[{"href":"https:\/\/isoled.info\/fr-ch\/wp-json\/wp\/v2\/pages"}],"about":[{"href":"https:\/\/isoled.info\/fr-ch\/wp-json\/wp\/v2\/types\/page"}],"author":[{"embeddable":true,"href":"https:\/\/isoled.info\/fr-ch\/wp-json\/wp\/v2\/users\/10"}],"replies":[{"embeddable":true,"href":"https:\/\/isoled.info\/fr-ch\/wp-json\/wp\/v2\/comments?post=15086"}],"version-history":[{"count":2,"href":"https:\/\/isoled.info\/fr-ch\/wp-json\/wp\/v2\/pages\/15086\/revisions"}],"predecessor-version":[{"id":43655,"href":"https:\/\/isoled.info\/fr-ch\/wp-json\/wp\/v2\/pages\/15086\/revisions\/43655"}],"wp:attachment":[{"href":"https:\/\/isoled.info\/fr-ch\/wp-json\/wp\/v2\/media?parent=15086"}],"curies":[{"name":"wp","href":"https:\/\/api.w.org\/{rel}","templated":true}]}}