{"id":15108,"date":"2023-05-10T10:41:34","date_gmt":"2023-05-10T08:41:34","guid":{"rendered":"https:\/\/isoled.info\/?page_id=15108"},"modified":"2026-05-13T12:18:58","modified_gmt":"2026-05-13T10:18:58","slug":"roehrenersatz","status":"publish","type":"page","link":"https:\/\/isoled.info\/fr-ch\/roehrenersatz\/","title":{"rendered":"R\u00f6hrenersatz fr-CH"},"content":{"rendered":"<div id=\"cs-content\" class=\"cs-content\"><\/div>\n","protected":false},"excerpt":{"rendered":"<p>Remplacer les tubes fluorescents par des LED &#8211; Il est temps d&#8217;avoir une meilleure lumi\u00e8re ! De nombreuses installations d&#8217;\u00e9clairage dans les entreprises, les entrep\u00f4ts et les b\u00e2timents anciens sont encore \u00e9quip\u00e9s de la technologie d&#8217;\u00e9clairage des d\u00e9cennies pass\u00e9es. Il n&#8217;y a pas de meilleur moment pour passer aux LED, car fin ao\u00fbt 2023, les lampes fluorescentes seront d\u00e9finitivement abandonn\u00e9es. &#8230; <\/p>\n<div><a href=\"https:\/\/isoled.info\/fr-ch\/roehrenersatz\/\" class=\"more-link\">Read More<\/a><\/div>\n","protected":false},"author":10,"featured_media":0,"parent":0,"menu_order":0,"comment_status":"closed","ping_status":"closed","template":"template-blank-4.php","meta":{"footnotes":""},"class_list":["post-15108","page","type-page","status-publish","hentry","no-post-thumbnail"],"yoast_head":"<!-- This site is optimized with the Yoast SEO plugin v27.0 - https:\/\/yoast.com\/product\/yoast-seo-wordpress\/ -->\n<title>Convertir les tubes fluorescents en LED | Remplacer les tubes par des ISOLED<\/title>\n<meta name=\"description\" content=\"Toutes les solutions de remplacement de tubes pour votre entreprise en un coup d&#039;\u0153il | Conseil sp\u00e9cialis\u00e9 de haut niveau | Plus de lumi\u00e8re pour moins d&#039;argent | Demandez conseil maintenant !\" \/>\n<meta name=\"robots\" content=\"index, follow, max-snippet:-1, max-image-preview:large, max-video-preview:-1\" \/>\n<link rel=\"canonical\" href=\"https:\/\/isoled.info\/fr-ch\/roehrenersatz\/\" \/>\n<meta property=\"og:locale\" content=\"fr_FR\" \/>\n<meta property=\"og:type\" content=\"article\" \/>\n<meta property=\"og:title\" content=\"Convertir les tubes fluorescents en LED | Remplacer les tubes par des ISOLED\" \/>\n<meta property=\"og:description\" content=\"Toutes les solutions de remplacement de tubes pour votre entreprise en un coup d&#039;\u0153il | Conseil sp\u00e9cialis\u00e9 de haut niveau | Plus de lumi\u00e8re pour moins d&#039;argent | Demandez conseil maintenant !\" \/>\n<meta property=\"og:url\" content=\"https:\/\/isoled.info\/fr-ch\/roehrenersatz\/\" \/>\n<meta property=\"og:site_name\" content=\"ISOLED\u00ae\" \/>\n<meta property=\"article:modified_time\" content=\"2026-05-13T10:18:58+00:00\" \/>\n<meta property=\"og:image\" content=\"https:\/\/isoled.info\/wp-content\/uploads\/2023\/03\/rohreneratz-lichtlosung.jpg\" \/>\n<meta name=\"twitter:card\" content=\"summary_large_image\" \/>\n<meta name=\"twitter:label1\" content=\"Est. reading time\" \/>\n\t<meta name=\"twitter:data1\" content=\"25 minutes\" \/>\n<script type=\"application\/ld+json\" class=\"yoast-schema-graph\">{\"@context\":\"https:\/\/schema.org\",\"@graph\":[{\"@type\":\"WebPage\",\"@id\":\"https:\/\/isoled.info\/fr-ch\/roehrenersatz\/\",\"url\":\"https:\/\/isoled.info\/fr-ch\/roehrenersatz\/\",\"name\":\"Convertir les tubes fluorescents en LED | Remplacer les tubes par des ISOLED\",\"isPartOf\":{\"@id\":\"https:\/\/isoled.info\/fr-ch\/#website\"},\"primaryImageOfPage\":{\"@id\":\"https:\/\/isoled.info\/fr-ch\/roehrenersatz\/#primaryimage\"},\"image\":{\"@id\":\"https:\/\/isoled.info\/fr-ch\/roehrenersatz\/#primaryimage\"},\"thumbnailUrl\":\"https:\/\/isoled.info\/wp-content\/uploads\/2023\/03\/Buero_panel.webp\",\"datePublished\":\"2023-05-10T08:41:34+00:00\",\"dateModified\":\"2026-05-13T10:18:58+00:00\",\"description\":\"Toutes les solutions de remplacement de tubes pour votre entreprise en un coup d'\u0153il | Conseil sp\u00e9cialis\u00e9 de haut niveau | Plus de lumi\u00e8re pour moins d'argent | Demandez conseil maintenant !\",\"breadcrumb\":{\"@id\":\"https:\/\/isoled.info\/fr-ch\/roehrenersatz\/#breadcrumb\"},\"inLanguage\":\"fr-CH\",\"potentialAction\":[{\"@type\":\"ReadAction\",\"target\":[\"https:\/\/isoled.info\/fr-ch\/roehrenersatz\/\"]}]},{\"@type\":\"ImageObject\",\"inLanguage\":\"fr-CH\",\"@id\":\"https:\/\/isoled.info\/fr-ch\/roehrenersatz\/#primaryimage\",\"url\":\"https:\/\/isoled.info\/wp-content\/uploads\/2023\/03\/Buero_panel.webp\",\"contentUrl\":\"https:\/\/isoled.info\/wp-content\/uploads\/2023\/03\/Buero_panel.webp\"},{\"@type\":\"BreadcrumbList\",\"@id\":\"https:\/\/isoled.info\/fr-ch\/roehrenersatz\/#breadcrumb\",\"itemListElement\":[{\"@type\":\"ListItem\",\"position\":1,\"name\":\"Home\",\"item\":\"https:\/\/isoled.info\/fr-ch\/\"},{\"@type\":\"ListItem\",\"position\":2,\"name\":\"R\u00f6hrenersatz fr-CH\"}]},{\"@type\":\"WebSite\",\"@id\":\"https:\/\/isoled.info\/fr-ch\/#website\",\"url\":\"https:\/\/isoled.info\/fr-ch\/\",\"name\":\"ISOLED\u00ae\",\"description\":\"Customised Light Solutions\",\"publisher\":{\"@id\":\"https:\/\/isoled.info\/fr-ch\/#organization\"},\"potentialAction\":[{\"@type\":\"SearchAction\",\"target\":{\"@type\":\"EntryPoint\",\"urlTemplate\":\"https:\/\/isoled.info\/fr-ch\/?s={search_term_string}\"},\"query-input\":{\"@type\":\"PropertyValueSpecification\",\"valueRequired\":true,\"valueName\":\"search_term_string\"}}],\"inLanguage\":\"fr-CH\"},{\"@type\":\"Organization\",\"@id\":\"https:\/\/isoled.info\/fr-ch\/#organization\",\"name\":\"ISOLED\",\"url\":\"https:\/\/isoled.info\/fr-ch\/\",\"logo\":{\"@type\":\"ImageObject\",\"inLanguage\":\"fr-CH\",\"@id\":\"https:\/\/isoled.info\/fr-ch\/#\/schema\/logo\/image\/\",\"url\":\"https:\/\/isoled.info\/wp-content\/uploads\/2020\/10\/isoled-customised-light-solutions-g1.png\",\"contentUrl\":\"https:\/\/isoled.info\/wp-content\/uploads\/2020\/10\/isoled-customised-light-solutions-g1.png\",\"width\":1200,\"height\":900,\"caption\":\"ISOLED\"},\"image\":{\"@id\":\"https:\/\/isoled.info\/fr-ch\/#\/schema\/logo\/image\/\"}}]}<\/script>\n<!-- \/ Yoast SEO plugin. -->","yoast_head_json":{"title":"Convertir les tubes fluorescents en LED | Remplacer les tubes par des ISOLED","description":"Toutes les solutions de remplacement de tubes pour votre entreprise en un coup d'\u0153il | Conseil sp\u00e9cialis\u00e9 de haut niveau | Plus de lumi\u00e8re pour moins d'argent | Demandez conseil maintenant !","robots":{"index":"index","follow":"follow","max-snippet":"max-snippet:-1","max-image-preview":"max-image-preview:large","max-video-preview":"max-video-preview:-1"},"canonical":"https:\/\/isoled.info\/fr-ch\/roehrenersatz\/","og_locale":"fr_FR","og_type":"article","og_title":"Convertir les tubes fluorescents en LED | Remplacer les tubes par des ISOLED","og_description":"Toutes les solutions de remplacement de tubes pour votre entreprise en un coup d'\u0153il | Conseil sp\u00e9cialis\u00e9 de haut niveau | Plus de lumi\u00e8re pour moins d'argent | Demandez conseil maintenant !","og_url":"https:\/\/isoled.info\/fr-ch\/roehrenersatz\/","og_site_name":"ISOLED\u00ae","article_modified_time":"2026-05-13T10:18:58+00:00","og_image":[{"url":"https:\/\/isoled.info\/wp-content\/uploads\/2023\/03\/rohreneratz-lichtlosung.jpg","type":"","width":"","height":""}],"twitter_card":"summary_large_image","twitter_misc":{"Est. reading time":"25 minutes"},"schema":{"@context":"https:\/\/schema.org","@graph":[{"@type":"WebPage","@id":"https:\/\/isoled.info\/fr-ch\/roehrenersatz\/","url":"https:\/\/isoled.info\/fr-ch\/roehrenersatz\/","name":"Convertir les tubes fluorescents en LED | Remplacer les tubes par des ISOLED","isPartOf":{"@id":"https:\/\/isoled.info\/fr-ch\/#website"},"primaryImageOfPage":{"@id":"https:\/\/isoled.info\/fr-ch\/roehrenersatz\/#primaryimage"},"image":{"@id":"https:\/\/isoled.info\/fr-ch\/roehrenersatz\/#primaryimage"},"thumbnailUrl":"https:\/\/isoled.info\/wp-content\/uploads\/2023\/03\/Buero_panel.webp","datePublished":"2023-05-10T08:41:34+00:00","dateModified":"2026-05-13T10:18:58+00:00","description":"Toutes les solutions de remplacement de tubes pour votre entreprise en un coup d'\u0153il | Conseil sp\u00e9cialis\u00e9 de haut niveau | Plus de lumi\u00e8re pour moins d'argent | Demandez conseil maintenant !","breadcrumb":{"@id":"https:\/\/isoled.info\/fr-ch\/roehrenersatz\/#breadcrumb"},"inLanguage":"fr-CH","potentialAction":[{"@type":"ReadAction","target":["https:\/\/isoled.info\/fr-ch\/roehrenersatz\/"]}]},{"@type":"ImageObject","inLanguage":"fr-CH","@id":"https:\/\/isoled.info\/fr-ch\/roehrenersatz\/#primaryimage","url":"https:\/\/isoled.info\/wp-content\/uploads\/2023\/03\/Buero_panel.webp","contentUrl":"https:\/\/isoled.info\/wp-content\/uploads\/2023\/03\/Buero_panel.webp"},{"@type":"BreadcrumbList","@id":"https:\/\/isoled.info\/fr-ch\/roehrenersatz\/#breadcrumb","itemListElement":[{"@type":"ListItem","position":1,"name":"Home","item":"https:\/\/isoled.info\/fr-ch\/"},{"@type":"ListItem","position":2,"name":"R\u00f6hrenersatz fr-CH"}]},{"@type":"WebSite","@id":"https:\/\/isoled.info\/fr-ch\/#website","url":"https:\/\/isoled.info\/fr-ch\/","name":"ISOLED\u00ae","description":"Customised Light Solutions","publisher":{"@id":"https:\/\/isoled.info\/fr-ch\/#organization"},"potentialAction":[{"@type":"SearchAction","target":{"@type":"EntryPoint","urlTemplate":"https:\/\/isoled.info\/fr-ch\/?s={search_term_string}"},"query-input":{"@type":"PropertyValueSpecification","valueRequired":true,"valueName":"search_term_string"}}],"inLanguage":"fr-CH"},{"@type":"Organization","@id":"https:\/\/isoled.info\/fr-ch\/#organization","name":"ISOLED","url":"https:\/\/isoled.info\/fr-ch\/","logo":{"@type":"ImageObject","inLanguage":"fr-CH","@id":"https:\/\/isoled.info\/fr-ch\/#\/schema\/logo\/image\/","url":"https:\/\/isoled.info\/wp-content\/uploads\/2020\/10\/isoled-customised-light-solutions-g1.png","contentUrl":"https:\/\/isoled.info\/wp-content\/uploads\/2020\/10\/isoled-customised-light-solutions-g1.png","width":1200,"height":900,"caption":"ISOLED"},"image":{"@id":"https:\/\/isoled.info\/fr-ch\/#\/schema\/logo\/image\/"}}]}},"_links":{"self":[{"href":"https:\/\/isoled.info\/fr-ch\/wp-json\/wp\/v2\/pages\/15108","targetHints":{"allow":["GET"]}}],"collection":[{"href":"https:\/\/isoled.info\/fr-ch\/wp-json\/wp\/v2\/pages"}],"about":[{"href":"https:\/\/isoled.info\/fr-ch\/wp-json\/wp\/v2\/types\/page"}],"author":[{"embeddable":true,"href":"https:\/\/isoled.info\/fr-ch\/wp-json\/wp\/v2\/users\/10"}],"replies":[{"embeddable":true,"href":"https:\/\/isoled.info\/fr-ch\/wp-json\/wp\/v2\/comments?post=15108"}],"version-history":[{"count":2,"href":"https:\/\/isoled.info\/fr-ch\/wp-json\/wp\/v2\/pages\/15108\/revisions"}],"predecessor-version":[{"id":46972,"href":"https:\/\/isoled.info\/fr-ch\/wp-json\/wp\/v2\/pages\/15108\/revisions\/46972"}],"wp:attachment":[{"href":"https:\/\/isoled.info\/fr-ch\/wp-json\/wp\/v2\/media?parent=15108"}],"curies":[{"name":"wp","href":"https:\/\/api.w.org\/{rel}","templated":true}]}}