{"id":16975,"date":"2023-07-28T15:36:32","date_gmt":"2023-07-28T13:36:32","guid":{"rendered":"https:\/\/isoled.info\/?page_id=16975"},"modified":"2026-02-19T15:37:28","modified_gmt":"2026-02-19T14:37:28","slug":"miniamp-anwendungsbeispiel-verkaufsraum","status":"publish","type":"page","link":"https:\/\/isoled.info\/fr-ch\/miniamp-steckerfertig\/miniamp-anwendungsbeispiel-verkaufsraum\/","title":{"rendered":"MiniAMP Anwendungsbeispiel &#8211; Verkaufsraum &#8211; fr-CH"},"content":{"rendered":"<div id=\"cs-content\" class=\"cs-content\"><\/div>\n","protected":false},"excerpt":{"rendered":"<p>\u00c9CLAIRAGE LED PR\u00caT \u00c0 BRANCHER | ESPACE DE VENTE Id\u00e9al pour les artisans tels que les charpentiers, les menuisiers et les fabricants de meubles MONTAGE RAPIDE ET S\u00dbR AUCUN TRAVAIL \u00c9LECTRIQUE SP\u00c9CIFIQUE N&#8217;EST N\u00c9CESSAIRE PR\u00caT \u00c0 \u00caTRE BRANCH\u00c9 AVEC UNE CONNEXION RAPIDE CONSTRUCTION L\u00c9G\u00c8RE, PLATE ET PEU ENCOMBRANTE Un bon \u00e9clairage dans les magasins et les bijouteries ne sert pas &#8230; <\/p>\n<div><a href=\"https:\/\/isoled.info\/fr-ch\/miniamp-steckerfertig\/miniamp-anwendungsbeispiel-verkaufsraum\/\" class=\"more-link\">Read More<\/a><\/div>\n","protected":false},"author":10,"featured_media":0,"parent":16962,"menu_order":0,"comment_status":"closed","ping_status":"closed","template":"template-blank-4.php","meta":{"footnotes":""},"class_list":["post-16975","page","type-page","status-publish","hentry","no-post-thumbnail"],"yoast_head":"<!-- This site is optimized with the Yoast SEO plugin v27.0 - https:\/\/yoast.com\/product\/yoast-seo-wordpress\/ -->\n<title>MiniAMP - \u00c9clairage LED pour les espaces de vente - ISOLED\u00ae<\/title>\n<meta name=\"description\" content=\"\u00c9clairage LED pr\u00eat \u00e0 brancher - espace de vente\/ magasin. Installation facile - Aucun travail d&#039;\u00e9lectricien n&#039;est n\u00e9cessaire. Nous r\u00e9alisons votre projet.\" \/>\n<meta name=\"robots\" content=\"index, follow, max-snippet:-1, max-image-preview:large, max-video-preview:-1\" \/>\n<link rel=\"canonical\" href=\"https:\/\/isoled.info\/fr-ch\/miniamp-steckerfertig\/miniamp-anwendungsbeispiel-verkaufsraum\/\" \/>\n<meta property=\"og:locale\" content=\"fr_FR\" \/>\n<meta property=\"og:type\" content=\"article\" \/>\n<meta property=\"og:title\" content=\"MiniAMP - \u00c9clairage LED pour les espaces de vente - ISOLED\u00ae\" \/>\n<meta property=\"og:description\" content=\"\u00c9clairage LED pr\u00eat \u00e0 brancher - espace de vente\/ magasin. Installation facile - Aucun travail d&#039;\u00e9lectricien n&#039;est n\u00e9cessaire. Nous r\u00e9alisons votre projet.\" \/>\n<meta property=\"og:url\" content=\"https:\/\/isoled.info\/fr-ch\/miniamp-steckerfertig\/miniamp-anwendungsbeispiel-verkaufsraum\/\" \/>\n<meta property=\"og:site_name\" content=\"ISOLED\u00ae\" \/>\n<meta property=\"article:modified_time\" content=\"2026-02-19T14:37:28+00:00\" \/>\n<meta name=\"twitter:card\" content=\"summary_large_image\" \/>\n<meta name=\"twitter:label1\" content=\"Est. reading time\" \/>\n\t<meta name=\"twitter:data1\" content=\"19 minutes\" \/>\n<script type=\"application\/ld+json\" class=\"yoast-schema-graph\">{\"@context\":\"https:\/\/schema.org\",\"@graph\":[{\"@type\":\"WebPage\",\"@id\":\"https:\/\/isoled.info\/fr-ch\/miniamp-steckerfertig\/miniamp-anwendungsbeispiel-verkaufsraum\/\",\"url\":\"https:\/\/isoled.info\/fr-ch\/miniamp-steckerfertig\/miniamp-anwendungsbeispiel-verkaufsraum\/\",\"name\":\"MiniAMP - \u00c9clairage LED pour les espaces de vente - ISOLED\u00ae\",\"isPartOf\":{\"@id\":\"https:\/\/isoled.info\/fr-ch\/#website\"},\"datePublished\":\"2023-07-28T13:36:32+00:00\",\"dateModified\":\"2026-02-19T14:37:28+00:00\",\"description\":\"\u00c9clairage LED pr\u00eat \u00e0 brancher - espace de vente\/ magasin. Installation facile - Aucun travail d'\u00e9lectricien n'est n\u00e9cessaire. Nous r\u00e9alisons votre projet.\",\"breadcrumb\":{\"@id\":\"https:\/\/isoled.info\/fr-ch\/miniamp-steckerfertig\/miniamp-anwendungsbeispiel-verkaufsraum\/#breadcrumb\"},\"inLanguage\":\"fr-CH\",\"potentialAction\":[{\"@type\":\"ReadAction\",\"target\":[\"https:\/\/isoled.info\/fr-ch\/miniamp-steckerfertig\/miniamp-anwendungsbeispiel-verkaufsraum\/\"]}]},{\"@type\":\"BreadcrumbList\",\"@id\":\"https:\/\/isoled.info\/fr-ch\/miniamp-steckerfertig\/miniamp-anwendungsbeispiel-verkaufsraum\/#breadcrumb\",\"itemListElement\":[{\"@type\":\"ListItem\",\"position\":1,\"name\":\"Home\",\"item\":\"https:\/\/isoled.info\/fr-ch\/\"},{\"@type\":\"ListItem\",\"position\":2,\"name\":\"MiniAMP Steckerfertig &#8211; \u00dcbersicht fr-CH\",\"item\":\"https:\/\/isoled.info\/fr-ch\/miniamp-steckerfertig\/\"},{\"@type\":\"ListItem\",\"position\":3,\"name\":\"MiniAMP Anwendungsbeispiel &#8211; Verkaufsraum &#8211; fr-CH\"}]},{\"@type\":\"WebSite\",\"@id\":\"https:\/\/isoled.info\/fr-ch\/#website\",\"url\":\"https:\/\/isoled.info\/fr-ch\/\",\"name\":\"ISOLED\u00ae\",\"description\":\"Customised Light Solutions\",\"publisher\":{\"@id\":\"https:\/\/isoled.info\/fr-ch\/#organization\"},\"potentialAction\":[{\"@type\":\"SearchAction\",\"target\":{\"@type\":\"EntryPoint\",\"urlTemplate\":\"https:\/\/isoled.info\/fr-ch\/?s={search_term_string}\"},\"query-input\":{\"@type\":\"PropertyValueSpecification\",\"valueRequired\":true,\"valueName\":\"search_term_string\"}}],\"inLanguage\":\"fr-CH\"},{\"@type\":\"Organization\",\"@id\":\"https:\/\/isoled.info\/fr-ch\/#organization\",\"name\":\"ISOLED\",\"url\":\"https:\/\/isoled.info\/fr-ch\/\",\"logo\":{\"@type\":\"ImageObject\",\"inLanguage\":\"fr-CH\",\"@id\":\"https:\/\/isoled.info\/fr-ch\/#\/schema\/logo\/image\/\",\"url\":\"https:\/\/isoled.info\/wp-content\/uploads\/2020\/10\/isoled-customised-light-solutions-g1.png\",\"contentUrl\":\"https:\/\/isoled.info\/wp-content\/uploads\/2020\/10\/isoled-customised-light-solutions-g1.png\",\"width\":1200,\"height\":900,\"caption\":\"ISOLED\"},\"image\":{\"@id\":\"https:\/\/isoled.info\/fr-ch\/#\/schema\/logo\/image\/\"}}]}<\/script>\n<!-- \/ Yoast SEO plugin. -->","yoast_head_json":{"title":"MiniAMP - \u00c9clairage LED pour les espaces de vente - ISOLED\u00ae","description":"\u00c9clairage LED pr\u00eat \u00e0 brancher - espace de vente\/ magasin. Installation facile - Aucun travail d'\u00e9lectricien n'est n\u00e9cessaire. Nous r\u00e9alisons votre projet.","robots":{"index":"index","follow":"follow","max-snippet":"max-snippet:-1","max-image-preview":"max-image-preview:large","max-video-preview":"max-video-preview:-1"},"canonical":"https:\/\/isoled.info\/fr-ch\/miniamp-steckerfertig\/miniamp-anwendungsbeispiel-verkaufsraum\/","og_locale":"fr_FR","og_type":"article","og_title":"MiniAMP - \u00c9clairage LED pour les espaces de vente - ISOLED\u00ae","og_description":"\u00c9clairage LED pr\u00eat \u00e0 brancher - espace de vente\/ magasin. Installation facile - Aucun travail d'\u00e9lectricien n'est n\u00e9cessaire. Nous r\u00e9alisons votre projet.","og_url":"https:\/\/isoled.info\/fr-ch\/miniamp-steckerfertig\/miniamp-anwendungsbeispiel-verkaufsraum\/","og_site_name":"ISOLED\u00ae","article_modified_time":"2026-02-19T14:37:28+00:00","twitter_card":"summary_large_image","twitter_misc":{"Est. reading time":"19 minutes"},"schema":{"@context":"https:\/\/schema.org","@graph":[{"@type":"WebPage","@id":"https:\/\/isoled.info\/fr-ch\/miniamp-steckerfertig\/miniamp-anwendungsbeispiel-verkaufsraum\/","url":"https:\/\/isoled.info\/fr-ch\/miniamp-steckerfertig\/miniamp-anwendungsbeispiel-verkaufsraum\/","name":"MiniAMP - \u00c9clairage LED pour les espaces de vente - ISOLED\u00ae","isPartOf":{"@id":"https:\/\/isoled.info\/fr-ch\/#website"},"datePublished":"2023-07-28T13:36:32+00:00","dateModified":"2026-02-19T14:37:28+00:00","description":"\u00c9clairage LED pr\u00eat \u00e0 brancher - espace de vente\/ magasin. Installation facile - Aucun travail d'\u00e9lectricien n'est n\u00e9cessaire. Nous r\u00e9alisons votre projet.","breadcrumb":{"@id":"https:\/\/isoled.info\/fr-ch\/miniamp-steckerfertig\/miniamp-anwendungsbeispiel-verkaufsraum\/#breadcrumb"},"inLanguage":"fr-CH","potentialAction":[{"@type":"ReadAction","target":["https:\/\/isoled.info\/fr-ch\/miniamp-steckerfertig\/miniamp-anwendungsbeispiel-verkaufsraum\/"]}]},{"@type":"BreadcrumbList","@id":"https:\/\/isoled.info\/fr-ch\/miniamp-steckerfertig\/miniamp-anwendungsbeispiel-verkaufsraum\/#breadcrumb","itemListElement":[{"@type":"ListItem","position":1,"name":"Home","item":"https:\/\/isoled.info\/fr-ch\/"},{"@type":"ListItem","position":2,"name":"MiniAMP Steckerfertig &#8211; \u00dcbersicht fr-CH","item":"https:\/\/isoled.info\/fr-ch\/miniamp-steckerfertig\/"},{"@type":"ListItem","position":3,"name":"MiniAMP Anwendungsbeispiel &#8211; Verkaufsraum &#8211; fr-CH"}]},{"@type":"WebSite","@id":"https:\/\/isoled.info\/fr-ch\/#website","url":"https:\/\/isoled.info\/fr-ch\/","name":"ISOLED\u00ae","description":"Customised Light Solutions","publisher":{"@id":"https:\/\/isoled.info\/fr-ch\/#organization"},"potentialAction":[{"@type":"SearchAction","target":{"@type":"EntryPoint","urlTemplate":"https:\/\/isoled.info\/fr-ch\/?s={search_term_string}"},"query-input":{"@type":"PropertyValueSpecification","valueRequired":true,"valueName":"search_term_string"}}],"inLanguage":"fr-CH"},{"@type":"Organization","@id":"https:\/\/isoled.info\/fr-ch\/#organization","name":"ISOLED","url":"https:\/\/isoled.info\/fr-ch\/","logo":{"@type":"ImageObject","inLanguage":"fr-CH","@id":"https:\/\/isoled.info\/fr-ch\/#\/schema\/logo\/image\/","url":"https:\/\/isoled.info\/wp-content\/uploads\/2020\/10\/isoled-customised-light-solutions-g1.png","contentUrl":"https:\/\/isoled.info\/wp-content\/uploads\/2020\/10\/isoled-customised-light-solutions-g1.png","width":1200,"height":900,"caption":"ISOLED"},"image":{"@id":"https:\/\/isoled.info\/fr-ch\/#\/schema\/logo\/image\/"}}]}},"_links":{"self":[{"href":"https:\/\/isoled.info\/fr-ch\/wp-json\/wp\/v2\/pages\/16975","targetHints":{"allow":["GET"]}}],"collection":[{"href":"https:\/\/isoled.info\/fr-ch\/wp-json\/wp\/v2\/pages"}],"about":[{"href":"https:\/\/isoled.info\/fr-ch\/wp-json\/wp\/v2\/types\/page"}],"author":[{"embeddable":true,"href":"https:\/\/isoled.info\/fr-ch\/wp-json\/wp\/v2\/users\/10"}],"replies":[{"embeddable":true,"href":"https:\/\/isoled.info\/fr-ch\/wp-json\/wp\/v2\/comments?post=16975"}],"version-history":[{"count":2,"href":"https:\/\/isoled.info\/fr-ch\/wp-json\/wp\/v2\/pages\/16975\/revisions"}],"predecessor-version":[{"id":45788,"href":"https:\/\/isoled.info\/fr-ch\/wp-json\/wp\/v2\/pages\/16975\/revisions\/45788"}],"up":[{"embeddable":true,"href":"https:\/\/isoled.info\/fr-ch\/wp-json\/wp\/v2\/pages\/16962"}],"wp:attachment":[{"href":"https:\/\/isoled.info\/fr-ch\/wp-json\/wp\/v2\/media?parent=16975"}],"curies":[{"name":"wp","href":"https:\/\/api.w.org\/{rel}","templated":true}]}}