{"id":17257,"date":"2023-10-03T10:07:52","date_gmt":"2023-10-03T08:07:52","guid":{"rendered":"https:\/\/isoled.info\/?page_id=17257"},"modified":"2026-01-22T10:02:29","modified_gmt":"2026-01-22T09:02:29","slug":"aqua","status":"publish","type":"page","link":"https:\/\/isoled.info\/fr-ch\/led-konfektionierung\/aqua\/","title":{"rendered":"LED Aquakonfektionierung fr-CH"},"content":{"rendered":"<div id=\"cs-content\" class=\"cs-content\"><\/div>\n","protected":false},"excerpt":{"rendered":"<p>ECLAIRAGE LED &Eacute;TANCHE Confection aquatique de l&#8217;ISOLED&reg;APPROUV&Eacute; PAR LE T&Uuml;V-S&Uuml;D &Eacute;CONOMISEZ DU TEMPS DE TRAVAIL UTILE COMMENCEZ IMM&Eacute;DIATEMENT L&#8217;INSTALLATION PROFITEZ DE LA S&Eacute;CURIT&Eacute; DE FONCTIONNEMENT GARANTIE DE NOS PRODUITS Pour les pi&egrave;ces humides, les espaces ext&eacute;rieurs, les salles de bain et les piscines : les bandes LED &eacute;tanches sont particuli&egrave;rement expos&eacute;es &agrave; l&#8217;humidit&eacute;. C&#8217;est pourquoi ISOLED&reg; confectionne pour vous des &#8230; <\/p>\n<div><a href=\"https:\/\/isoled.info\/fr-ch\/led-konfektionierung\/aqua\/\" class=\"more-link\">Read More<\/a><\/div>\n","protected":false},"author":10,"featured_media":0,"parent":11497,"menu_order":0,"comment_status":"closed","ping_status":"closed","template":"template-blank-4.php","meta":{"footnotes":""},"class_list":["post-17257","page","type-page","status-publish","hentry","no-post-thumbnail"],"yoast_head":"<!-- This site is optimized with the Yoast SEO plugin v27.0 - https:\/\/yoast.com\/product\/yoast-seo-wordpress\/ -->\n<title>\u00c9clairage LED \u00e9tanche | Aqua-confection d&#039;ISOLED<\/title>\n<meta name=\"description\" content=\"Approuv\u00e9 par le T\u00dcV-S\u00fcd | Eclairage LED \u00e9tanche pour les pi\u00e8ces humides, les espaces ext\u00e9rieurs, les salles de bain et les piscines | Confectionn\u00e9 en seulement 5 jours ouvrables | Demandez maintenant !\" \/>\n<meta name=\"robots\" content=\"index, follow, max-snippet:-1, max-image-preview:large, max-video-preview:-1\" \/>\n<link rel=\"canonical\" href=\"https:\/\/isoled.info\/fr-ch\/led-konfektionierung\/aqua\/\" \/>\n<meta property=\"og:locale\" content=\"fr_FR\" \/>\n<meta property=\"og:type\" content=\"article\" \/>\n<meta property=\"og:title\" content=\"\u00c9clairage LED \u00e9tanche | Aqua-confection d&#039;ISOLED\" \/>\n<meta property=\"og:description\" content=\"Approuv\u00e9 par le T\u00dcV-S\u00fcd | Eclairage LED \u00e9tanche pour les pi\u00e8ces humides, les espaces ext\u00e9rieurs, les salles de bain et les piscines | Confectionn\u00e9 en seulement 5 jours ouvrables | Demandez maintenant !\" \/>\n<meta property=\"og:url\" content=\"https:\/\/isoled.info\/fr-ch\/led-konfektionierung\/aqua\/\" \/>\n<meta property=\"og:site_name\" content=\"ISOLED\u00ae\" \/>\n<meta property=\"article:modified_time\" content=\"2026-01-22T09:02:29+00:00\" \/>\n<meta name=\"twitter:card\" content=\"summary_large_image\" \/>\n<meta name=\"twitter:label1\" content=\"Est. reading time\" \/>\n\t<meta name=\"twitter:data1\" content=\"16 minutes\" \/>\n<script type=\"application\/ld+json\" class=\"yoast-schema-graph\">{\"@context\":\"https:\/\/schema.org\",\"@graph\":[{\"@type\":\"WebPage\",\"@id\":\"https:\/\/isoled.info\/fr-ch\/led-konfektionierung\/aqua\/\",\"url\":\"https:\/\/isoled.info\/fr-ch\/led-konfektionierung\/aqua\/\",\"name\":\"\u00c9clairage LED \u00e9tanche | Aqua-confection d'ISOLED\",\"isPartOf\":{\"@id\":\"https:\/\/isoled.info\/fr-ch\/#website\"},\"datePublished\":\"2023-10-03T08:07:52+00:00\",\"dateModified\":\"2026-01-22T09:02:29+00:00\",\"description\":\"Approuv\u00e9 par le T\u00dcV-S\u00fcd | Eclairage LED \u00e9tanche pour les pi\u00e8ces humides, les espaces ext\u00e9rieurs, les salles de bain et les piscines | Confectionn\u00e9 en seulement 5 jours ouvrables | Demandez maintenant !\",\"breadcrumb\":{\"@id\":\"https:\/\/isoled.info\/fr-ch\/led-konfektionierung\/aqua\/#breadcrumb\"},\"inLanguage\":\"fr-CH\",\"potentialAction\":[{\"@type\":\"ReadAction\",\"target\":[\"https:\/\/isoled.info\/fr-ch\/led-konfektionierung\/aqua\/\"]}]},{\"@type\":\"BreadcrumbList\",\"@id\":\"https:\/\/isoled.info\/fr-ch\/led-konfektionierung\/aqua\/#breadcrumb\",\"itemListElement\":[{\"@type\":\"ListItem\",\"position\":1,\"name\":\"Home\",\"item\":\"https:\/\/isoled.info\/fr-ch\/\"},{\"@type\":\"ListItem\",\"position\":2,\"name\":\"LED Konfektionierung fr-CH\",\"item\":\"https:\/\/isoled.info\/fr-ch\/led-konfektionierung\/\"},{\"@type\":\"ListItem\",\"position\":3,\"name\":\"LED Aquakonfektionierung fr-CH\"}]},{\"@type\":\"WebSite\",\"@id\":\"https:\/\/isoled.info\/fr-ch\/#website\",\"url\":\"https:\/\/isoled.info\/fr-ch\/\",\"name\":\"ISOLED\u00ae\",\"description\":\"Customised Light Solutions\",\"publisher\":{\"@id\":\"https:\/\/isoled.info\/fr-ch\/#organization\"},\"potentialAction\":[{\"@type\":\"SearchAction\",\"target\":{\"@type\":\"EntryPoint\",\"urlTemplate\":\"https:\/\/isoled.info\/fr-ch\/?s={search_term_string}\"},\"query-input\":{\"@type\":\"PropertyValueSpecification\",\"valueRequired\":true,\"valueName\":\"search_term_string\"}}],\"inLanguage\":\"fr-CH\"},{\"@type\":\"Organization\",\"@id\":\"https:\/\/isoled.info\/fr-ch\/#organization\",\"name\":\"ISOLED\",\"url\":\"https:\/\/isoled.info\/fr-ch\/\",\"logo\":{\"@type\":\"ImageObject\",\"inLanguage\":\"fr-CH\",\"@id\":\"https:\/\/isoled.info\/fr-ch\/#\/schema\/logo\/image\/\",\"url\":\"https:\/\/isoled.info\/wp-content\/uploads\/2020\/10\/isoled-customised-light-solutions-g1.png\",\"contentUrl\":\"https:\/\/isoled.info\/wp-content\/uploads\/2020\/10\/isoled-customised-light-solutions-g1.png\",\"width\":1200,\"height\":900,\"caption\":\"ISOLED\"},\"image\":{\"@id\":\"https:\/\/isoled.info\/fr-ch\/#\/schema\/logo\/image\/\"}}]}<\/script>\n<!-- \/ Yoast SEO plugin. -->","yoast_head_json":{"title":"\u00c9clairage LED \u00e9tanche | Aqua-confection d'ISOLED","description":"Approuv\u00e9 par le T\u00dcV-S\u00fcd | Eclairage LED \u00e9tanche pour les pi\u00e8ces humides, les espaces ext\u00e9rieurs, les salles de bain et les piscines | Confectionn\u00e9 en seulement 5 jours ouvrables | Demandez maintenant !","robots":{"index":"index","follow":"follow","max-snippet":"max-snippet:-1","max-image-preview":"max-image-preview:large","max-video-preview":"max-video-preview:-1"},"canonical":"https:\/\/isoled.info\/fr-ch\/led-konfektionierung\/aqua\/","og_locale":"fr_FR","og_type":"article","og_title":"\u00c9clairage LED \u00e9tanche | Aqua-confection d'ISOLED","og_description":"Approuv\u00e9 par le T\u00dcV-S\u00fcd | Eclairage LED \u00e9tanche pour les pi\u00e8ces humides, les espaces ext\u00e9rieurs, les salles de bain et les piscines | Confectionn\u00e9 en seulement 5 jours ouvrables | Demandez maintenant !","og_url":"https:\/\/isoled.info\/fr-ch\/led-konfektionierung\/aqua\/","og_site_name":"ISOLED\u00ae","article_modified_time":"2026-01-22T09:02:29+00:00","twitter_card":"summary_large_image","twitter_misc":{"Est. reading time":"16 minutes"},"schema":{"@context":"https:\/\/schema.org","@graph":[{"@type":"WebPage","@id":"https:\/\/isoled.info\/fr-ch\/led-konfektionierung\/aqua\/","url":"https:\/\/isoled.info\/fr-ch\/led-konfektionierung\/aqua\/","name":"\u00c9clairage LED \u00e9tanche | Aqua-confection d'ISOLED","isPartOf":{"@id":"https:\/\/isoled.info\/fr-ch\/#website"},"datePublished":"2023-10-03T08:07:52+00:00","dateModified":"2026-01-22T09:02:29+00:00","description":"Approuv\u00e9 par le T\u00dcV-S\u00fcd | Eclairage LED \u00e9tanche pour les pi\u00e8ces humides, les espaces ext\u00e9rieurs, les salles de bain et les piscines | Confectionn\u00e9 en seulement 5 jours ouvrables | Demandez maintenant !","breadcrumb":{"@id":"https:\/\/isoled.info\/fr-ch\/led-konfektionierung\/aqua\/#breadcrumb"},"inLanguage":"fr-CH","potentialAction":[{"@type":"ReadAction","target":["https:\/\/isoled.info\/fr-ch\/led-konfektionierung\/aqua\/"]}]},{"@type":"BreadcrumbList","@id":"https:\/\/isoled.info\/fr-ch\/led-konfektionierung\/aqua\/#breadcrumb","itemListElement":[{"@type":"ListItem","position":1,"name":"Home","item":"https:\/\/isoled.info\/fr-ch\/"},{"@type":"ListItem","position":2,"name":"LED Konfektionierung fr-CH","item":"https:\/\/isoled.info\/fr-ch\/led-konfektionierung\/"},{"@type":"ListItem","position":3,"name":"LED Aquakonfektionierung fr-CH"}]},{"@type":"WebSite","@id":"https:\/\/isoled.info\/fr-ch\/#website","url":"https:\/\/isoled.info\/fr-ch\/","name":"ISOLED\u00ae","description":"Customised Light Solutions","publisher":{"@id":"https:\/\/isoled.info\/fr-ch\/#organization"},"potentialAction":[{"@type":"SearchAction","target":{"@type":"EntryPoint","urlTemplate":"https:\/\/isoled.info\/fr-ch\/?s={search_term_string}"},"query-input":{"@type":"PropertyValueSpecification","valueRequired":true,"valueName":"search_term_string"}}],"inLanguage":"fr-CH"},{"@type":"Organization","@id":"https:\/\/isoled.info\/fr-ch\/#organization","name":"ISOLED","url":"https:\/\/isoled.info\/fr-ch\/","logo":{"@type":"ImageObject","inLanguage":"fr-CH","@id":"https:\/\/isoled.info\/fr-ch\/#\/schema\/logo\/image\/","url":"https:\/\/isoled.info\/wp-content\/uploads\/2020\/10\/isoled-customised-light-solutions-g1.png","contentUrl":"https:\/\/isoled.info\/wp-content\/uploads\/2020\/10\/isoled-customised-light-solutions-g1.png","width":1200,"height":900,"caption":"ISOLED"},"image":{"@id":"https:\/\/isoled.info\/fr-ch\/#\/schema\/logo\/image\/"}}]}},"_links":{"self":[{"href":"https:\/\/isoled.info\/fr-ch\/wp-json\/wp\/v2\/pages\/17257","targetHints":{"allow":["GET"]}}],"collection":[{"href":"https:\/\/isoled.info\/fr-ch\/wp-json\/wp\/v2\/pages"}],"about":[{"href":"https:\/\/isoled.info\/fr-ch\/wp-json\/wp\/v2\/types\/page"}],"author":[{"embeddable":true,"href":"https:\/\/isoled.info\/fr-ch\/wp-json\/wp\/v2\/users\/10"}],"replies":[{"embeddable":true,"href":"https:\/\/isoled.info\/fr-ch\/wp-json\/wp\/v2\/comments?post=17257"}],"version-history":[{"count":2,"href":"https:\/\/isoled.info\/fr-ch\/wp-json\/wp\/v2\/pages\/17257\/revisions"}],"predecessor-version":[{"id":45250,"href":"https:\/\/isoled.info\/fr-ch\/wp-json\/wp\/v2\/pages\/17257\/revisions\/45250"}],"up":[{"embeddable":true,"href":"https:\/\/isoled.info\/fr-ch\/wp-json\/wp\/v2\/pages\/11497"}],"wp:attachment":[{"href":"https:\/\/isoled.info\/fr-ch\/wp-json\/wp\/v2\/media?parent=17257"}],"curies":[{"name":"wp","href":"https:\/\/api.w.org\/{rel}","templated":true}]}}