{"id":18449,"date":"2023-10-03T12:09:40","date_gmt":"2023-10-03T10:09:40","guid":{"rendered":"https:\/\/isoled.info\/sys-wall68-anwendungen-frankreich-italien-schweiz-fr\/"},"modified":"2024-02-15T16:30:12","modified_gmt":"2024-02-15T15:30:12","slug":"sys-wall68-anwendungen","status":"publish","type":"page","link":"https:\/\/isoled.info\/fr-ch\/sys-wall68\/sys-wall68-anwendungen\/","title":{"rendered":"SYS-Wall68 &#8211; Anwendungen FR &#8211; CH"},"content":{"rendered":"<div id=\"cs-content\" class=\"cs-content\"><\/div>\n","protected":false},"excerpt":{"rendered":"<p>Exemples d&#8217;applications pour SYS WALL 68 Jardin4 pi&egrave;ces diffuseur carr&eacute; gris argent&eacute; 1145684 pi&egrave;ces Lampe murale encastr&eacute;e&nbsp;114555COMMANDER MAINTENANT Terrasse8 pi&egrave;ces diffuseur carr&eacute; noir 1145648 pi&egrave;ces Lampe murale encastr&eacute;e 114555COMMANDER MAINTENANT Cage d&#8217;escalier10 pi&egrave;ces diffuseur carr&eacute; blanc 11456310 pi&egrave;ces Lampe murale encastr&eacute;e 114555COMMANDER MAINTENANT Couloir10 pi&egrave;ces diffuseur rond noir 11455910 pi&egrave;ces Lampe murale encastr&eacute;e 114682COMMANDER MAINTENANT Parking2 pi&egrave;ces diffuseur carr&eacute; noir &#8230; <\/p>\n<div><a href=\"https:\/\/isoled.info\/fr-ch\/sys-wall68\/sys-wall68-anwendungen\/\" class=\"more-link\">Read More<\/a><\/div>\n","protected":false},"author":18,"featured_media":0,"parent":18326,"menu_order":0,"comment_status":"closed","ping_status":"closed","template":"template-blank-4.php","meta":{"footnotes":""},"class_list":["post-18449","page","type-page","status-publish","hentry","no-post-thumbnail"],"yoast_head":"<!-- This site is optimized with the Yoast SEO plugin v27.0 - https:\/\/yoast.com\/product\/yoast-seo-wordpress\/ -->\n<title>SYS-Wall68 - Lampes murales encastr\u00e9es LED - ISOLED\u00ae<\/title>\n<meta name=\"description\" content=\"Applications Applique murale encastr\u00e9e LED - Exemples d&#039;applications avec d\u00e9tecteur de mouvement commutable pour l&#039;\u00e9clairage d&#039;escaliers, de couloirs, de terrasses, etc.\" \/>\n<meta name=\"robots\" content=\"index, follow, max-snippet:-1, max-image-preview:large, max-video-preview:-1\" \/>\n<link rel=\"canonical\" href=\"https:\/\/isoled.info\/fr-ch\/sys-wall68\/sys-wall68-anwendungen\/\" \/>\n<meta property=\"og:locale\" content=\"fr_FR\" \/>\n<meta property=\"og:type\" content=\"article\" \/>\n<meta property=\"og:title\" content=\"SYS-Wall68 - Lampes murales encastr\u00e9es LED - ISOLED\u00ae\" \/>\n<meta property=\"og:description\" content=\"Applications Applique murale encastr\u00e9e LED - Exemples d&#039;applications avec d\u00e9tecteur de mouvement commutable pour l&#039;\u00e9clairage d&#039;escaliers, de couloirs, de terrasses, etc.\" \/>\n<meta property=\"og:url\" content=\"https:\/\/isoled.info\/fr-ch\/sys-wall68\/sys-wall68-anwendungen\/\" \/>\n<meta property=\"og:site_name\" content=\"ISOLED\u00ae\" \/>\n<meta property=\"article:modified_time\" content=\"2024-02-15T15:30:12+00:00\" \/>\n<meta property=\"og:image\" content=\"https:\/\/isoled.info\/wp-content\/uploads\/2020\/12\/led-wandeinbauleuchte-sys-wall68-terrasse-de-1.jpg\" \/>\n<meta name=\"twitter:card\" content=\"summary_large_image\" \/>\n<meta name=\"twitter:label1\" content=\"Est. reading time\" \/>\n\t<meta name=\"twitter:data1\" content=\"6 minutes\" \/>\n<script type=\"application\/ld+json\" class=\"yoast-schema-graph\">{\"@context\":\"https:\/\/schema.org\",\"@graph\":[{\"@type\":\"WebPage\",\"@id\":\"https:\/\/isoled.info\/fr-ch\/sys-wall68\/sys-wall68-anwendungen\/\",\"url\":\"https:\/\/isoled.info\/fr-ch\/sys-wall68\/sys-wall68-anwendungen\/\",\"name\":\"SYS-Wall68 - Lampes murales encastr\u00e9es LED - ISOLED\u00ae\",\"isPartOf\":{\"@id\":\"https:\/\/isoled.info\/fr-ch\/#website\"},\"datePublished\":\"2023-10-03T10:09:40+00:00\",\"dateModified\":\"2024-02-15T15:30:12+00:00\",\"description\":\"Applications Applique murale encastr\u00e9e LED - Exemples d'applications avec d\u00e9tecteur de mouvement commutable pour l'\u00e9clairage d'escaliers, de couloirs, de terrasses, etc.\",\"breadcrumb\":{\"@id\":\"https:\/\/isoled.info\/fr-ch\/sys-wall68\/sys-wall68-anwendungen\/#breadcrumb\"},\"inLanguage\":\"fr-CH\",\"potentialAction\":[{\"@type\":\"ReadAction\",\"target\":[\"https:\/\/isoled.info\/fr-ch\/sys-wall68\/sys-wall68-anwendungen\/\"]}]},{\"@type\":\"BreadcrumbList\",\"@id\":\"https:\/\/isoled.info\/fr-ch\/sys-wall68\/sys-wall68-anwendungen\/#breadcrumb\",\"itemListElement\":[{\"@type\":\"ListItem\",\"position\":1,\"name\":\"Home\",\"item\":\"https:\/\/isoled.info\/fr-ch\/\"},{\"@type\":\"ListItem\",\"position\":2,\"name\":\"SYS-Wall68 \u2013 \u00dcbersicht FR-CH\",\"item\":\"https:\/\/isoled.info\/fr-ch\/sys-wall68\/\"},{\"@type\":\"ListItem\",\"position\":3,\"name\":\"SYS-Wall68 &#8211; Anwendungen FR &#8211; CH\"}]},{\"@type\":\"WebSite\",\"@id\":\"https:\/\/isoled.info\/fr-ch\/#website\",\"url\":\"https:\/\/isoled.info\/fr-ch\/\",\"name\":\"ISOLED\u00ae\",\"description\":\"Customised Light Solutions\",\"publisher\":{\"@id\":\"https:\/\/isoled.info\/fr-ch\/#organization\"},\"potentialAction\":[{\"@type\":\"SearchAction\",\"target\":{\"@type\":\"EntryPoint\",\"urlTemplate\":\"https:\/\/isoled.info\/fr-ch\/?s={search_term_string}\"},\"query-input\":{\"@type\":\"PropertyValueSpecification\",\"valueRequired\":true,\"valueName\":\"search_term_string\"}}],\"inLanguage\":\"fr-CH\"},{\"@type\":\"Organization\",\"@id\":\"https:\/\/isoled.info\/fr-ch\/#organization\",\"name\":\"ISOLED\",\"url\":\"https:\/\/isoled.info\/fr-ch\/\",\"logo\":{\"@type\":\"ImageObject\",\"inLanguage\":\"fr-CH\",\"@id\":\"https:\/\/isoled.info\/fr-ch\/#\/schema\/logo\/image\/\",\"url\":\"https:\/\/isoled.info\/wp-content\/uploads\/2020\/10\/isoled-customised-light-solutions-g1.png\",\"contentUrl\":\"https:\/\/isoled.info\/wp-content\/uploads\/2020\/10\/isoled-customised-light-solutions-g1.png\",\"width\":1200,\"height\":900,\"caption\":\"ISOLED\"},\"image\":{\"@id\":\"https:\/\/isoled.info\/fr-ch\/#\/schema\/logo\/image\/\"}}]}<\/script>\n<!-- \/ Yoast SEO plugin. -->","yoast_head_json":{"title":"SYS-Wall68 - Lampes murales encastr\u00e9es LED - ISOLED\u00ae","description":"Applications Applique murale encastr\u00e9e LED - Exemples d'applications avec d\u00e9tecteur de mouvement commutable pour l'\u00e9clairage d'escaliers, de couloirs, de terrasses, etc.","robots":{"index":"index","follow":"follow","max-snippet":"max-snippet:-1","max-image-preview":"max-image-preview:large","max-video-preview":"max-video-preview:-1"},"canonical":"https:\/\/isoled.info\/fr-ch\/sys-wall68\/sys-wall68-anwendungen\/","og_locale":"fr_FR","og_type":"article","og_title":"SYS-Wall68 - Lampes murales encastr\u00e9es LED - ISOLED\u00ae","og_description":"Applications Applique murale encastr\u00e9e LED - Exemples d'applications avec d\u00e9tecteur de mouvement commutable pour l'\u00e9clairage d'escaliers, de couloirs, de terrasses, etc.","og_url":"https:\/\/isoled.info\/fr-ch\/sys-wall68\/sys-wall68-anwendungen\/","og_site_name":"ISOLED\u00ae","article_modified_time":"2024-02-15T15:30:12+00:00","og_image":[{"url":"https:\/\/isoled.info\/wp-content\/uploads\/2020\/12\/led-wandeinbauleuchte-sys-wall68-terrasse-de-1.jpg","type":"","width":"","height":""}],"twitter_card":"summary_large_image","twitter_misc":{"Est. reading time":"6 minutes"},"schema":{"@context":"https:\/\/schema.org","@graph":[{"@type":"WebPage","@id":"https:\/\/isoled.info\/fr-ch\/sys-wall68\/sys-wall68-anwendungen\/","url":"https:\/\/isoled.info\/fr-ch\/sys-wall68\/sys-wall68-anwendungen\/","name":"SYS-Wall68 - Lampes murales encastr\u00e9es LED - ISOLED\u00ae","isPartOf":{"@id":"https:\/\/isoled.info\/fr-ch\/#website"},"datePublished":"2023-10-03T10:09:40+00:00","dateModified":"2024-02-15T15:30:12+00:00","description":"Applications Applique murale encastr\u00e9e LED - Exemples d'applications avec d\u00e9tecteur de mouvement commutable pour l'\u00e9clairage d'escaliers, de couloirs, de terrasses, etc.","breadcrumb":{"@id":"https:\/\/isoled.info\/fr-ch\/sys-wall68\/sys-wall68-anwendungen\/#breadcrumb"},"inLanguage":"fr-CH","potentialAction":[{"@type":"ReadAction","target":["https:\/\/isoled.info\/fr-ch\/sys-wall68\/sys-wall68-anwendungen\/"]}]},{"@type":"BreadcrumbList","@id":"https:\/\/isoled.info\/fr-ch\/sys-wall68\/sys-wall68-anwendungen\/#breadcrumb","itemListElement":[{"@type":"ListItem","position":1,"name":"Home","item":"https:\/\/isoled.info\/fr-ch\/"},{"@type":"ListItem","position":2,"name":"SYS-Wall68 \u2013 \u00dcbersicht FR-CH","item":"https:\/\/isoled.info\/fr-ch\/sys-wall68\/"},{"@type":"ListItem","position":3,"name":"SYS-Wall68 &#8211; Anwendungen FR &#8211; CH"}]},{"@type":"WebSite","@id":"https:\/\/isoled.info\/fr-ch\/#website","url":"https:\/\/isoled.info\/fr-ch\/","name":"ISOLED\u00ae","description":"Customised Light Solutions","publisher":{"@id":"https:\/\/isoled.info\/fr-ch\/#organization"},"potentialAction":[{"@type":"SearchAction","target":{"@type":"EntryPoint","urlTemplate":"https:\/\/isoled.info\/fr-ch\/?s={search_term_string}"},"query-input":{"@type":"PropertyValueSpecification","valueRequired":true,"valueName":"search_term_string"}}],"inLanguage":"fr-CH"},{"@type":"Organization","@id":"https:\/\/isoled.info\/fr-ch\/#organization","name":"ISOLED","url":"https:\/\/isoled.info\/fr-ch\/","logo":{"@type":"ImageObject","inLanguage":"fr-CH","@id":"https:\/\/isoled.info\/fr-ch\/#\/schema\/logo\/image\/","url":"https:\/\/isoled.info\/wp-content\/uploads\/2020\/10\/isoled-customised-light-solutions-g1.png","contentUrl":"https:\/\/isoled.info\/wp-content\/uploads\/2020\/10\/isoled-customised-light-solutions-g1.png","width":1200,"height":900,"caption":"ISOLED"},"image":{"@id":"https:\/\/isoled.info\/fr-ch\/#\/schema\/logo\/image\/"}}]}},"_links":{"self":[{"href":"https:\/\/isoled.info\/fr-ch\/wp-json\/wp\/v2\/pages\/18449","targetHints":{"allow":["GET"]}}],"collection":[{"href":"https:\/\/isoled.info\/fr-ch\/wp-json\/wp\/v2\/pages"}],"about":[{"href":"https:\/\/isoled.info\/fr-ch\/wp-json\/wp\/v2\/types\/page"}],"author":[{"embeddable":true,"href":"https:\/\/isoled.info\/fr-ch\/wp-json\/wp\/v2\/users\/18"}],"replies":[{"embeddable":true,"href":"https:\/\/isoled.info\/fr-ch\/wp-json\/wp\/v2\/comments?post=18449"}],"version-history":[{"count":2,"href":"https:\/\/isoled.info\/fr-ch\/wp-json\/wp\/v2\/pages\/18449\/revisions"}],"predecessor-version":[{"id":27484,"href":"https:\/\/isoled.info\/fr-ch\/wp-json\/wp\/v2\/pages\/18449\/revisions\/27484"}],"up":[{"embeddable":true,"href":"https:\/\/isoled.info\/fr-ch\/wp-json\/wp\/v2\/pages\/18326"}],"wp:attachment":[{"href":"https:\/\/isoled.info\/fr-ch\/wp-json\/wp\/v2\/media?parent=18449"}],"curies":[{"name":"wp","href":"https:\/\/api.w.org\/{rel}","templated":true}]}}