{"id":20220,"date":"2023-11-08T10:53:31","date_gmt":"2023-11-08T09:53:31","guid":{"rendered":"https:\/\/isoled.info\/?page_id=20220"},"modified":"2025-08-21T11:04:44","modified_gmt":"2025-08-21T09:04:44","slug":"track48-nv-magnet-schienensystem","status":"publish","type":"page","link":"https:\/\/isoled.info\/fr-ch\/track48-nv-magnet-schienensystem\/","title":{"rendered":"Track48 NV Magnet-Schienensystem FR-CH"},"content":{"rendered":"<div id=\"cs-content\" class=\"cs-content\"><\/div>\n","protected":false},"excerpt":{"rendered":"<p>TRACK 48 NV SYST\u00c8ME DE RAIL MAGN\u00c9TIQUE L&#8217;\u00e9l\u00e9gance minimaliste rencontre une flexibilit\u00e9 sans limitesLe syst\u00e8me de rails Track 48 NV s\u00e9duit par son design discret et ses multiples applications. La beaut\u00e9 des formes et la praticit\u00e9 se rencontrent.Montage simple Une fois le rail mont\u00e9, vous pouvez mettre les outils de c\u00f4t\u00e9. Les luminaires peuvent \u00eatre clips\u00e9s dans le rail magn\u00e9tique &#8230; <\/p>\n<div><a href=\"https:\/\/isoled.info\/fr-ch\/track48-nv-magnet-schienensystem\/\" class=\"more-link\">Read More<\/a><\/div>\n","protected":false},"author":17,"featured_media":0,"parent":0,"menu_order":0,"comment_status":"closed","ping_status":"closed","template":"template-blank-4.php","meta":{"footnotes":""},"class_list":["post-20220","page","type-page","status-publish","hentry","no-post-thumbnail"],"yoast_head":"<!-- This site is optimized with the Yoast SEO plugin v27.0 - https:\/\/yoast.com\/product\/yoast-seo-wordpress\/ -->\n<title>Track48 NV - Le syst\u00e8me de rail magn\u00e9tique d&#039;ISOLED\u00ae<\/title>\n<meta name=\"description\" content=\"Track48 - convainc par son montage simple | Syst\u00e8me basse tension prot\u00e9g\u00e9 contre les contacts accidentels | Grande flexibilit\u00e9 et son design discret . En savoir plus !\" \/>\n<meta name=\"robots\" content=\"index, follow, max-snippet:-1, max-image-preview:large, max-video-preview:-1\" \/>\n<link rel=\"canonical\" href=\"https:\/\/isoled.info\/fr-ch\/track48-nv-magnet-schienensystem\/\" \/>\n<meta property=\"og:locale\" content=\"fr_FR\" \/>\n<meta property=\"og:type\" content=\"article\" \/>\n<meta property=\"og:title\" content=\"Track48 NV - Le syst\u00e8me de rail magn\u00e9tique d&#039;ISOLED\u00ae\" \/>\n<meta property=\"og:description\" content=\"Track48 - convainc par son montage simple | Syst\u00e8me basse tension prot\u00e9g\u00e9 contre les contacts accidentels | Grande flexibilit\u00e9 et son design discret . En savoir plus !\" \/>\n<meta property=\"og:url\" content=\"https:\/\/isoled.info\/fr-ch\/track48-nv-magnet-schienensystem\/\" \/>\n<meta property=\"og:site_name\" content=\"ISOLED\u00ae\" \/>\n<meta property=\"article:modified_time\" content=\"2025-08-21T09:04:44+00:00\" \/>\n<meta name=\"twitter:card\" content=\"summary_large_image\" \/>\n<meta name=\"twitter:label1\" content=\"Est. reading time\" \/>\n\t<meta name=\"twitter:data1\" content=\"16 minutes\" \/>\n<script type=\"application\/ld+json\" class=\"yoast-schema-graph\">{\"@context\":\"https:\/\/schema.org\",\"@graph\":[{\"@type\":\"WebPage\",\"@id\":\"https:\/\/isoled.info\/fr-ch\/track48-nv-magnet-schienensystem\/\",\"url\":\"https:\/\/isoled.info\/fr-ch\/track48-nv-magnet-schienensystem\/\",\"name\":\"Track48 NV - Le syst\u00e8me de rail magn\u00e9tique d'ISOLED\u00ae\",\"isPartOf\":{\"@id\":\"https:\/\/isoled.info\/fr-ch\/#website\"},\"datePublished\":\"2023-11-08T09:53:31+00:00\",\"dateModified\":\"2025-08-21T09:04:44+00:00\",\"description\":\"Track48 - convainc par son montage simple | Syst\u00e8me basse tension prot\u00e9g\u00e9 contre les contacts accidentels | Grande flexibilit\u00e9 et son design discret . En savoir plus !\",\"breadcrumb\":{\"@id\":\"https:\/\/isoled.info\/fr-ch\/track48-nv-magnet-schienensystem\/#breadcrumb\"},\"inLanguage\":\"fr-CH\",\"potentialAction\":[{\"@type\":\"ReadAction\",\"target\":[\"https:\/\/isoled.info\/fr-ch\/track48-nv-magnet-schienensystem\/\"]}]},{\"@type\":\"BreadcrumbList\",\"@id\":\"https:\/\/isoled.info\/fr-ch\/track48-nv-magnet-schienensystem\/#breadcrumb\",\"itemListElement\":[{\"@type\":\"ListItem\",\"position\":1,\"name\":\"Home\",\"item\":\"https:\/\/isoled.info\/fr-ch\/\"},{\"@type\":\"ListItem\",\"position\":2,\"name\":\"Track48 NV Magnet-Schienensystem FR-CH\"}]},{\"@type\":\"WebSite\",\"@id\":\"https:\/\/isoled.info\/fr-ch\/#website\",\"url\":\"https:\/\/isoled.info\/fr-ch\/\",\"name\":\"ISOLED\u00ae\",\"description\":\"Customised Light Solutions\",\"publisher\":{\"@id\":\"https:\/\/isoled.info\/fr-ch\/#organization\"},\"potentialAction\":[{\"@type\":\"SearchAction\",\"target\":{\"@type\":\"EntryPoint\",\"urlTemplate\":\"https:\/\/isoled.info\/fr-ch\/?s={search_term_string}\"},\"query-input\":{\"@type\":\"PropertyValueSpecification\",\"valueRequired\":true,\"valueName\":\"search_term_string\"}}],\"inLanguage\":\"fr-CH\"},{\"@type\":\"Organization\",\"@id\":\"https:\/\/isoled.info\/fr-ch\/#organization\",\"name\":\"ISOLED\",\"url\":\"https:\/\/isoled.info\/fr-ch\/\",\"logo\":{\"@type\":\"ImageObject\",\"inLanguage\":\"fr-CH\",\"@id\":\"https:\/\/isoled.info\/fr-ch\/#\/schema\/logo\/image\/\",\"url\":\"https:\/\/isoled.info\/wp-content\/uploads\/2020\/10\/isoled-customised-light-solutions-g1.png\",\"contentUrl\":\"https:\/\/isoled.info\/wp-content\/uploads\/2020\/10\/isoled-customised-light-solutions-g1.png\",\"width\":1200,\"height\":900,\"caption\":\"ISOLED\"},\"image\":{\"@id\":\"https:\/\/isoled.info\/fr-ch\/#\/schema\/logo\/image\/\"}}]}<\/script>\n<!-- \/ Yoast SEO plugin. -->","yoast_head_json":{"title":"Track48 NV - Le syst\u00e8me de rail magn\u00e9tique d'ISOLED\u00ae","description":"Track48 - convainc par son montage simple | Syst\u00e8me basse tension prot\u00e9g\u00e9 contre les contacts accidentels | Grande flexibilit\u00e9 et son design discret . En savoir plus !","robots":{"index":"index","follow":"follow","max-snippet":"max-snippet:-1","max-image-preview":"max-image-preview:large","max-video-preview":"max-video-preview:-1"},"canonical":"https:\/\/isoled.info\/fr-ch\/track48-nv-magnet-schienensystem\/","og_locale":"fr_FR","og_type":"article","og_title":"Track48 NV - Le syst\u00e8me de rail magn\u00e9tique d'ISOLED\u00ae","og_description":"Track48 - convainc par son montage simple | Syst\u00e8me basse tension prot\u00e9g\u00e9 contre les contacts accidentels | Grande flexibilit\u00e9 et son design discret . En savoir plus !","og_url":"https:\/\/isoled.info\/fr-ch\/track48-nv-magnet-schienensystem\/","og_site_name":"ISOLED\u00ae","article_modified_time":"2025-08-21T09:04:44+00:00","twitter_card":"summary_large_image","twitter_misc":{"Est. reading time":"16 minutes"},"schema":{"@context":"https:\/\/schema.org","@graph":[{"@type":"WebPage","@id":"https:\/\/isoled.info\/fr-ch\/track48-nv-magnet-schienensystem\/","url":"https:\/\/isoled.info\/fr-ch\/track48-nv-magnet-schienensystem\/","name":"Track48 NV - Le syst\u00e8me de rail magn\u00e9tique d'ISOLED\u00ae","isPartOf":{"@id":"https:\/\/isoled.info\/fr-ch\/#website"},"datePublished":"2023-11-08T09:53:31+00:00","dateModified":"2025-08-21T09:04:44+00:00","description":"Track48 - convainc par son montage simple | Syst\u00e8me basse tension prot\u00e9g\u00e9 contre les contacts accidentels | Grande flexibilit\u00e9 et son design discret . En savoir plus !","breadcrumb":{"@id":"https:\/\/isoled.info\/fr-ch\/track48-nv-magnet-schienensystem\/#breadcrumb"},"inLanguage":"fr-CH","potentialAction":[{"@type":"ReadAction","target":["https:\/\/isoled.info\/fr-ch\/track48-nv-magnet-schienensystem\/"]}]},{"@type":"BreadcrumbList","@id":"https:\/\/isoled.info\/fr-ch\/track48-nv-magnet-schienensystem\/#breadcrumb","itemListElement":[{"@type":"ListItem","position":1,"name":"Home","item":"https:\/\/isoled.info\/fr-ch\/"},{"@type":"ListItem","position":2,"name":"Track48 NV Magnet-Schienensystem FR-CH"}]},{"@type":"WebSite","@id":"https:\/\/isoled.info\/fr-ch\/#website","url":"https:\/\/isoled.info\/fr-ch\/","name":"ISOLED\u00ae","description":"Customised Light Solutions","publisher":{"@id":"https:\/\/isoled.info\/fr-ch\/#organization"},"potentialAction":[{"@type":"SearchAction","target":{"@type":"EntryPoint","urlTemplate":"https:\/\/isoled.info\/fr-ch\/?s={search_term_string}"},"query-input":{"@type":"PropertyValueSpecification","valueRequired":true,"valueName":"search_term_string"}}],"inLanguage":"fr-CH"},{"@type":"Organization","@id":"https:\/\/isoled.info\/fr-ch\/#organization","name":"ISOLED","url":"https:\/\/isoled.info\/fr-ch\/","logo":{"@type":"ImageObject","inLanguage":"fr-CH","@id":"https:\/\/isoled.info\/fr-ch\/#\/schema\/logo\/image\/","url":"https:\/\/isoled.info\/wp-content\/uploads\/2020\/10\/isoled-customised-light-solutions-g1.png","contentUrl":"https:\/\/isoled.info\/wp-content\/uploads\/2020\/10\/isoled-customised-light-solutions-g1.png","width":1200,"height":900,"caption":"ISOLED"},"image":{"@id":"https:\/\/isoled.info\/fr-ch\/#\/schema\/logo\/image\/"}}]}},"_links":{"self":[{"href":"https:\/\/isoled.info\/fr-ch\/wp-json\/wp\/v2\/pages\/20220","targetHints":{"allow":["GET"]}}],"collection":[{"href":"https:\/\/isoled.info\/fr-ch\/wp-json\/wp\/v2\/pages"}],"about":[{"href":"https:\/\/isoled.info\/fr-ch\/wp-json\/wp\/v2\/types\/page"}],"author":[{"embeddable":true,"href":"https:\/\/isoled.info\/fr-ch\/wp-json\/wp\/v2\/users\/17"}],"replies":[{"embeddable":true,"href":"https:\/\/isoled.info\/fr-ch\/wp-json\/wp\/v2\/comments?post=20220"}],"version-history":[{"count":2,"href":"https:\/\/isoled.info\/fr-ch\/wp-json\/wp\/v2\/pages\/20220\/revisions"}],"predecessor-version":[{"id":43427,"href":"https:\/\/isoled.info\/fr-ch\/wp-json\/wp\/v2\/pages\/20220\/revisions\/43427"}],"wp:attachment":[{"href":"https:\/\/isoled.info\/fr-ch\/wp-json\/wp\/v2\/media?parent=20220"}],"curies":[{"name":"wp","href":"https:\/\/api.w.org\/{rel}","templated":true}]}}