{"id":20249,"date":"2023-11-08T10:55:07","date_gmt":"2023-11-08T09:55:07","guid":{"rendered":"https:\/\/isoled.info\/?page_id=20249"},"modified":"2026-03-31T13:49:45","modified_gmt":"2026-03-31T11:49:45","slug":"produkte","status":"publish","type":"page","link":"https:\/\/isoled.info\/fr-ch\/track48-nv-magnet-schienensystem\/produkte\/","title":{"rendered":"Track48 Produkte FR-CH"},"content":{"rendered":"<div id=\"cs-content\" class=\"cs-content\"><\/div>\n","protected":false},"excerpt":{"rendered":"<p>LA GRANDE GAMME DE PRODUITS TRACK 48 Track48 NV Syst\u00e8me de rails magn\u00e9tiques Qu&#8217;il s&#8217;agisse de suspensions, de projecteurs sur rail ou de luminaires lin\u00e9aires : Vous trouverez dans notre gamme de rails magn\u00e9tiques Track 48 les produits adapt\u00e9s \u00e0 votre projet. Nous sommes heureux de vous aider ! NOUS ASSURONS TOUJOURS UN \u00c9CLAIRAGE PARFAIT ! Syst\u00e8me de rails magn\u00e9tiques &#8230; <\/p>\n<div><a href=\"https:\/\/isoled.info\/fr-ch\/track48-nv-magnet-schienensystem\/produkte\/\" class=\"more-link\">Read More<\/a><\/div>\n","protected":false},"author":17,"featured_media":0,"parent":20220,"menu_order":0,"comment_status":"closed","ping_status":"closed","template":"template-blank-4.php","meta":{"footnotes":""},"class_list":["post-20249","page","type-page","status-publish","hentry","no-post-thumbnail"],"yoast_head":"<!-- This site is optimized with the Yoast SEO plugin v27.0 - https:\/\/yoast.com\/product\/yoast-seo-wordpress\/ -->\n<title>Track48 NV - La vaste gamme de produits ISOLED<\/title>\n<meta name=\"description\" content=\"Track48 - Qu&#039;il s&#039;agisse d&#039;un rail en saillie, d&#039;un rail encastr\u00e9 ou d&#039;un rail suspendu, nous avons une solution adapt\u00e9e \u00e0 chaque domaine d&#039;application. Demandez maintenant !\" \/>\n<meta name=\"robots\" content=\"index, follow, max-snippet:-1, max-image-preview:large, max-video-preview:-1\" \/>\n<link rel=\"canonical\" href=\"https:\/\/isoled.info\/fr-ch\/track48-nv-magnet-schienensystem\/produkte\/\" \/>\n<meta property=\"og:locale\" content=\"fr_FR\" \/>\n<meta property=\"og:type\" content=\"article\" \/>\n<meta property=\"og:title\" content=\"Track48 NV - La vaste gamme de produits ISOLED\" \/>\n<meta property=\"og:description\" content=\"Track48 - Qu&#039;il s&#039;agisse d&#039;un rail en saillie, d&#039;un rail encastr\u00e9 ou d&#039;un rail suspendu, nous avons une solution adapt\u00e9e \u00e0 chaque domaine d&#039;application. Demandez maintenant !\" \/>\n<meta property=\"og:url\" content=\"https:\/\/isoled.info\/fr-ch\/track48-nv-magnet-schienensystem\/produkte\/\" \/>\n<meta property=\"og:site_name\" content=\"ISOLED\u00ae\" \/>\n<meta property=\"article:modified_time\" content=\"2026-03-31T11:49:45+00:00\" \/>\n<meta property=\"og:image\" content=\"https:\/\/isoled.info\/wp-content\/uploads\/2024\/07\/Farbkreise_Track_Infrarot-12.png\" \/>\n<meta name=\"twitter:card\" content=\"summary_large_image\" \/>\n<meta name=\"twitter:label1\" content=\"Est. reading time\" \/>\n\t<meta name=\"twitter:data1\" content=\"45 minutes\" \/>\n<script type=\"application\/ld+json\" class=\"yoast-schema-graph\">{\"@context\":\"https:\/\/schema.org\",\"@graph\":[{\"@type\":\"WebPage\",\"@id\":\"https:\/\/isoled.info\/fr-ch\/track48-nv-magnet-schienensystem\/produkte\/\",\"url\":\"https:\/\/isoled.info\/fr-ch\/track48-nv-magnet-schienensystem\/produkte\/\",\"name\":\"Track48 NV - La vaste gamme de produits ISOLED\",\"isPartOf\":{\"@id\":\"https:\/\/isoled.info\/fr-ch\/#website\"},\"primaryImageOfPage\":{\"@id\":\"https:\/\/isoled.info\/fr-ch\/track48-nv-magnet-schienensystem\/produkte\/#primaryimage\"},\"image\":{\"@id\":\"https:\/\/isoled.info\/fr-ch\/track48-nv-magnet-schienensystem\/produkte\/#primaryimage\"},\"thumbnailUrl\":\"https:\/\/isoled.info\/wp-content\/uploads\/2024\/07\/Farbkreise_Track_Infrarot-12.png\",\"datePublished\":\"2023-11-08T09:55:07+00:00\",\"dateModified\":\"2026-03-31T11:49:45+00:00\",\"description\":\"Track48 - Qu'il s'agisse d'un rail en saillie, d'un rail encastr\u00e9 ou d'un rail suspendu, nous avons une solution adapt\u00e9e \u00e0 chaque domaine d'application. Demandez maintenant !\",\"breadcrumb\":{\"@id\":\"https:\/\/isoled.info\/fr-ch\/track48-nv-magnet-schienensystem\/produkte\/#breadcrumb\"},\"inLanguage\":\"fr-CH\",\"potentialAction\":[{\"@type\":\"ReadAction\",\"target\":[\"https:\/\/isoled.info\/fr-ch\/track48-nv-magnet-schienensystem\/produkte\/\"]}]},{\"@type\":\"ImageObject\",\"inLanguage\":\"fr-CH\",\"@id\":\"https:\/\/isoled.info\/fr-ch\/track48-nv-magnet-schienensystem\/produkte\/#primaryimage\",\"url\":\"https:\/\/isoled.info\/wp-content\/uploads\/2024\/07\/Farbkreise_Track_Infrarot-12.png\",\"contentUrl\":\"https:\/\/isoled.info\/wp-content\/uploads\/2024\/07\/Farbkreise_Track_Infrarot-12.png\"},{\"@type\":\"BreadcrumbList\",\"@id\":\"https:\/\/isoled.info\/fr-ch\/track48-nv-magnet-schienensystem\/produkte\/#breadcrumb\",\"itemListElement\":[{\"@type\":\"ListItem\",\"position\":1,\"name\":\"Home\",\"item\":\"https:\/\/isoled.info\/fr-ch\/\"},{\"@type\":\"ListItem\",\"position\":2,\"name\":\"Track48 NV Magnet-Schienensystem FR-CH\",\"item\":\"https:\/\/isoled.info\/fr-ch\/track48-nv-magnet-schienensystem\/\"},{\"@type\":\"ListItem\",\"position\":3,\"name\":\"Track48 Produkte FR-CH\"}]},{\"@type\":\"WebSite\",\"@id\":\"https:\/\/isoled.info\/fr-ch\/#website\",\"url\":\"https:\/\/isoled.info\/fr-ch\/\",\"name\":\"ISOLED\u00ae\",\"description\":\"Customised Light Solutions\",\"publisher\":{\"@id\":\"https:\/\/isoled.info\/fr-ch\/#organization\"},\"potentialAction\":[{\"@type\":\"SearchAction\",\"target\":{\"@type\":\"EntryPoint\",\"urlTemplate\":\"https:\/\/isoled.info\/fr-ch\/?s={search_term_string}\"},\"query-input\":{\"@type\":\"PropertyValueSpecification\",\"valueRequired\":true,\"valueName\":\"search_term_string\"}}],\"inLanguage\":\"fr-CH\"},{\"@type\":\"Organization\",\"@id\":\"https:\/\/isoled.info\/fr-ch\/#organization\",\"name\":\"ISOLED\",\"url\":\"https:\/\/isoled.info\/fr-ch\/\",\"logo\":{\"@type\":\"ImageObject\",\"inLanguage\":\"fr-CH\",\"@id\":\"https:\/\/isoled.info\/fr-ch\/#\/schema\/logo\/image\/\",\"url\":\"https:\/\/isoled.info\/wp-content\/uploads\/2020\/10\/isoled-customised-light-solutions-g1.png\",\"contentUrl\":\"https:\/\/isoled.info\/wp-content\/uploads\/2020\/10\/isoled-customised-light-solutions-g1.png\",\"width\":1200,\"height\":900,\"caption\":\"ISOLED\"},\"image\":{\"@id\":\"https:\/\/isoled.info\/fr-ch\/#\/schema\/logo\/image\/\"}}]}<\/script>\n<!-- \/ Yoast SEO plugin. -->","yoast_head_json":{"title":"Track48 NV - La vaste gamme de produits ISOLED","description":"Track48 - Qu'il s'agisse d'un rail en saillie, d'un rail encastr\u00e9 ou d'un rail suspendu, nous avons une solution adapt\u00e9e \u00e0 chaque domaine d'application. Demandez maintenant !","robots":{"index":"index","follow":"follow","max-snippet":"max-snippet:-1","max-image-preview":"max-image-preview:large","max-video-preview":"max-video-preview:-1"},"canonical":"https:\/\/isoled.info\/fr-ch\/track48-nv-magnet-schienensystem\/produkte\/","og_locale":"fr_FR","og_type":"article","og_title":"Track48 NV - La vaste gamme de produits ISOLED","og_description":"Track48 - Qu'il s'agisse d'un rail en saillie, d'un rail encastr\u00e9 ou d'un rail suspendu, nous avons une solution adapt\u00e9e \u00e0 chaque domaine d'application. Demandez maintenant !","og_url":"https:\/\/isoled.info\/fr-ch\/track48-nv-magnet-schienensystem\/produkte\/","og_site_name":"ISOLED\u00ae","article_modified_time":"2026-03-31T11:49:45+00:00","og_image":[{"url":"https:\/\/isoled.info\/wp-content\/uploads\/2024\/07\/Farbkreise_Track_Infrarot-12.png","type":"","width":"","height":""}],"twitter_card":"summary_large_image","twitter_misc":{"Est. reading time":"45 minutes"},"schema":{"@context":"https:\/\/schema.org","@graph":[{"@type":"WebPage","@id":"https:\/\/isoled.info\/fr-ch\/track48-nv-magnet-schienensystem\/produkte\/","url":"https:\/\/isoled.info\/fr-ch\/track48-nv-magnet-schienensystem\/produkte\/","name":"Track48 NV - La vaste gamme de produits ISOLED","isPartOf":{"@id":"https:\/\/isoled.info\/fr-ch\/#website"},"primaryImageOfPage":{"@id":"https:\/\/isoled.info\/fr-ch\/track48-nv-magnet-schienensystem\/produkte\/#primaryimage"},"image":{"@id":"https:\/\/isoled.info\/fr-ch\/track48-nv-magnet-schienensystem\/produkte\/#primaryimage"},"thumbnailUrl":"https:\/\/isoled.info\/wp-content\/uploads\/2024\/07\/Farbkreise_Track_Infrarot-12.png","datePublished":"2023-11-08T09:55:07+00:00","dateModified":"2026-03-31T11:49:45+00:00","description":"Track48 - Qu'il s'agisse d'un rail en saillie, d'un rail encastr\u00e9 ou d'un rail suspendu, nous avons une solution adapt\u00e9e \u00e0 chaque domaine d'application. Demandez maintenant !","breadcrumb":{"@id":"https:\/\/isoled.info\/fr-ch\/track48-nv-magnet-schienensystem\/produkte\/#breadcrumb"},"inLanguage":"fr-CH","potentialAction":[{"@type":"ReadAction","target":["https:\/\/isoled.info\/fr-ch\/track48-nv-magnet-schienensystem\/produkte\/"]}]},{"@type":"ImageObject","inLanguage":"fr-CH","@id":"https:\/\/isoled.info\/fr-ch\/track48-nv-magnet-schienensystem\/produkte\/#primaryimage","url":"https:\/\/isoled.info\/wp-content\/uploads\/2024\/07\/Farbkreise_Track_Infrarot-12.png","contentUrl":"https:\/\/isoled.info\/wp-content\/uploads\/2024\/07\/Farbkreise_Track_Infrarot-12.png"},{"@type":"BreadcrumbList","@id":"https:\/\/isoled.info\/fr-ch\/track48-nv-magnet-schienensystem\/produkte\/#breadcrumb","itemListElement":[{"@type":"ListItem","position":1,"name":"Home","item":"https:\/\/isoled.info\/fr-ch\/"},{"@type":"ListItem","position":2,"name":"Track48 NV Magnet-Schienensystem FR-CH","item":"https:\/\/isoled.info\/fr-ch\/track48-nv-magnet-schienensystem\/"},{"@type":"ListItem","position":3,"name":"Track48 Produkte FR-CH"}]},{"@type":"WebSite","@id":"https:\/\/isoled.info\/fr-ch\/#website","url":"https:\/\/isoled.info\/fr-ch\/","name":"ISOLED\u00ae","description":"Customised Light Solutions","publisher":{"@id":"https:\/\/isoled.info\/fr-ch\/#organization"},"potentialAction":[{"@type":"SearchAction","target":{"@type":"EntryPoint","urlTemplate":"https:\/\/isoled.info\/fr-ch\/?s={search_term_string}"},"query-input":{"@type":"PropertyValueSpecification","valueRequired":true,"valueName":"search_term_string"}}],"inLanguage":"fr-CH"},{"@type":"Organization","@id":"https:\/\/isoled.info\/fr-ch\/#organization","name":"ISOLED","url":"https:\/\/isoled.info\/fr-ch\/","logo":{"@type":"ImageObject","inLanguage":"fr-CH","@id":"https:\/\/isoled.info\/fr-ch\/#\/schema\/logo\/image\/","url":"https:\/\/isoled.info\/wp-content\/uploads\/2020\/10\/isoled-customised-light-solutions-g1.png","contentUrl":"https:\/\/isoled.info\/wp-content\/uploads\/2020\/10\/isoled-customised-light-solutions-g1.png","width":1200,"height":900,"caption":"ISOLED"},"image":{"@id":"https:\/\/isoled.info\/fr-ch\/#\/schema\/logo\/image\/"}}]}},"_links":{"self":[{"href":"https:\/\/isoled.info\/fr-ch\/wp-json\/wp\/v2\/pages\/20249","targetHints":{"allow":["GET"]}}],"collection":[{"href":"https:\/\/isoled.info\/fr-ch\/wp-json\/wp\/v2\/pages"}],"about":[{"href":"https:\/\/isoled.info\/fr-ch\/wp-json\/wp\/v2\/types\/page"}],"author":[{"embeddable":true,"href":"https:\/\/isoled.info\/fr-ch\/wp-json\/wp\/v2\/users\/17"}],"replies":[{"embeddable":true,"href":"https:\/\/isoled.info\/fr-ch\/wp-json\/wp\/v2\/comments?post=20249"}],"version-history":[{"count":2,"href":"https:\/\/isoled.info\/fr-ch\/wp-json\/wp\/v2\/pages\/20249\/revisions"}],"predecessor-version":[{"id":45807,"href":"https:\/\/isoled.info\/fr-ch\/wp-json\/wp\/v2\/pages\/20249\/revisions\/45807"}],"up":[{"embeddable":true,"href":"https:\/\/isoled.info\/fr-ch\/wp-json\/wp\/v2\/pages\/20220"}],"wp:attachment":[{"href":"https:\/\/isoled.info\/fr-ch\/wp-json\/wp\/v2\/media?parent=20249"}],"curies":[{"name":"wp","href":"https:\/\/api.w.org\/{rel}","templated":true}]}}