{"id":24085,"date":"2023-12-05T09:31:10","date_gmt":"2023-12-05T08:31:10","guid":{"rendered":"https:\/\/isoled.info\/?page_id=24085"},"modified":"2026-01-22T10:14:47","modified_gmt":"2026-01-22T09:14:47","slug":"modulares-lichtbandsystem","status":"publish","type":"page","link":"https:\/\/isoled.info\/fr-ch\/modulares-lichtbandsystem\/","title":{"rendered":"Modulares Lichtbandsystem CH-FR"},"content":{"rendered":"<div id=\"cs-content\" class=\"cs-content\"><\/div>\n","protected":false},"excerpt":{"rendered":"<p>\u00c9CLAIRAGE LIN\u00c9AIRE Syst\u00e8mes de bandeaux lumineux \u00e0 LED modulaires et configurablesD\u00e9couvrez l&#8217;avenir de l&#8217;\u00e9clairage ! Les syst\u00e8mes de bandeaux lumineux polyvalents d&#8217;ISOLED\u00ae s&#8217;int\u00e8grent parfaitement dans votre concept architectural gr\u00e2ce \u00e0 plus de 10.000 combinaisons possibles. Le syst\u00e8me de bandeaux lumineux modulaires est vraiment polyvalent. Les lignes claires et le design minimaliste s&#8217;int\u00e8grent parfaide-tement dans votre concept d&#8217;espace. Gr\u00e2ce \u00e0 la &#8230; <\/p>\n<div><a href=\"https:\/\/isoled.info\/fr-ch\/modulares-lichtbandsystem\/\" class=\"more-link\">Read More<\/a><\/div>\n","protected":false},"author":17,"featured_media":0,"parent":0,"menu_order":0,"comment_status":"closed","ping_status":"closed","template":"template-blank-4.php","meta":{"footnotes":""},"class_list":["post-24085","page","type-page","status-publish","hentry","no-post-thumbnail"],"yoast_head":"<!-- This site is optimized with the Yoast SEO plugin v27.0 - https:\/\/yoast.com\/product\/yoast-seo-wordpress\/ -->\n<title>Luminaires lin\u00e9aires | Syst\u00e8me de chemin lumineux \u00e0 LED modulaire d&#039;ISOLED\u00ae<\/title>\n<meta name=\"description\" content=\"D\u00e9couvrez l&#039;avenir de l&#039;\u00e9clairage avec ISOLED\u00ae. Des syst\u00e8me de chemin lumineux \u00e0 LED modulaire pour vos projets. Haute qualit\u00e9 &amp; fabrication rapide. Assurez-vous d\u00e8s maintenant !\" \/>\n<meta name=\"robots\" content=\"index, follow, max-snippet:-1, max-image-preview:large, max-video-preview:-1\" \/>\n<link rel=\"canonical\" href=\"https:\/\/isoled.info\/fr-ch\/modulares-lichtbandsystem\/\" \/>\n<meta property=\"og:locale\" content=\"fr_FR\" \/>\n<meta property=\"og:type\" content=\"article\" \/>\n<meta property=\"og:title\" content=\"Luminaires lin\u00e9aires | Syst\u00e8me de chemin lumineux \u00e0 LED modulaire d&#039;ISOLED\u00ae\" \/>\n<meta property=\"og:description\" content=\"D\u00e9couvrez l&#039;avenir de l&#039;\u00e9clairage avec ISOLED\u00ae. Des syst\u00e8me de chemin lumineux \u00e0 LED modulaire pour vos projets. Haute qualit\u00e9 &amp; fabrication rapide. Assurez-vous d\u00e8s maintenant !\" \/>\n<meta property=\"og:url\" content=\"https:\/\/isoled.info\/fr-ch\/modulares-lichtbandsystem\/\" \/>\n<meta property=\"og:site_name\" content=\"ISOLED\u00ae\" \/>\n<meta property=\"article:modified_time\" content=\"2026-01-22T09:14:47+00:00\" \/>\n<meta name=\"twitter:card\" content=\"summary_large_image\" \/>\n<meta name=\"twitter:label1\" content=\"Est. reading time\" \/>\n\t<meta name=\"twitter:data1\" content=\"9 minutes\" \/>\n<script type=\"application\/ld+json\" class=\"yoast-schema-graph\">{\"@context\":\"https:\/\/schema.org\",\"@graph\":[{\"@type\":\"WebPage\",\"@id\":\"https:\/\/isoled.info\/fr-ch\/modulares-lichtbandsystem\/\",\"url\":\"https:\/\/isoled.info\/fr-ch\/modulares-lichtbandsystem\/\",\"name\":\"Luminaires lin\u00e9aires | Syst\u00e8me de chemin lumineux \u00e0 LED modulaire d'ISOLED\u00ae\",\"isPartOf\":{\"@id\":\"https:\/\/isoled.info\/fr-ch\/#website\"},\"datePublished\":\"2023-12-05T08:31:10+00:00\",\"dateModified\":\"2026-01-22T09:14:47+00:00\",\"description\":\"D\u00e9couvrez l'avenir de l'\u00e9clairage avec ISOLED\u00ae. Des syst\u00e8me de chemin lumineux \u00e0 LED modulaire pour vos projets. Haute qualit\u00e9 & fabrication rapide. Assurez-vous d\u00e8s maintenant !\",\"breadcrumb\":{\"@id\":\"https:\/\/isoled.info\/fr-ch\/modulares-lichtbandsystem\/#breadcrumb\"},\"inLanguage\":\"fr-CH\",\"potentialAction\":[{\"@type\":\"ReadAction\",\"target\":[\"https:\/\/isoled.info\/fr-ch\/modulares-lichtbandsystem\/\"]}]},{\"@type\":\"BreadcrumbList\",\"@id\":\"https:\/\/isoled.info\/fr-ch\/modulares-lichtbandsystem\/#breadcrumb\",\"itemListElement\":[{\"@type\":\"ListItem\",\"position\":1,\"name\":\"Home\",\"item\":\"https:\/\/isoled.info\/fr-ch\/\"},{\"@type\":\"ListItem\",\"position\":2,\"name\":\"Modulares Lichtbandsystem CH-FR\"}]},{\"@type\":\"WebSite\",\"@id\":\"https:\/\/isoled.info\/fr-ch\/#website\",\"url\":\"https:\/\/isoled.info\/fr-ch\/\",\"name\":\"ISOLED\u00ae\",\"description\":\"Customised Light Solutions\",\"publisher\":{\"@id\":\"https:\/\/isoled.info\/fr-ch\/#organization\"},\"potentialAction\":[{\"@type\":\"SearchAction\",\"target\":{\"@type\":\"EntryPoint\",\"urlTemplate\":\"https:\/\/isoled.info\/fr-ch\/?s={search_term_string}\"},\"query-input\":{\"@type\":\"PropertyValueSpecification\",\"valueRequired\":true,\"valueName\":\"search_term_string\"}}],\"inLanguage\":\"fr-CH\"},{\"@type\":\"Organization\",\"@id\":\"https:\/\/isoled.info\/fr-ch\/#organization\",\"name\":\"ISOLED\",\"url\":\"https:\/\/isoled.info\/fr-ch\/\",\"logo\":{\"@type\":\"ImageObject\",\"inLanguage\":\"fr-CH\",\"@id\":\"https:\/\/isoled.info\/fr-ch\/#\/schema\/logo\/image\/\",\"url\":\"https:\/\/isoled.info\/wp-content\/uploads\/2020\/10\/isoled-customised-light-solutions-g1.png\",\"contentUrl\":\"https:\/\/isoled.info\/wp-content\/uploads\/2020\/10\/isoled-customised-light-solutions-g1.png\",\"width\":1200,\"height\":900,\"caption\":\"ISOLED\"},\"image\":{\"@id\":\"https:\/\/isoled.info\/fr-ch\/#\/schema\/logo\/image\/\"}}]}<\/script>\n<!-- \/ Yoast SEO plugin. -->","yoast_head_json":{"title":"Luminaires lin\u00e9aires | Syst\u00e8me de chemin lumineux \u00e0 LED modulaire d'ISOLED\u00ae","description":"D\u00e9couvrez l'avenir de l'\u00e9clairage avec ISOLED\u00ae. Des syst\u00e8me de chemin lumineux \u00e0 LED modulaire pour vos projets. Haute qualit\u00e9 & fabrication rapide. Assurez-vous d\u00e8s maintenant !","robots":{"index":"index","follow":"follow","max-snippet":"max-snippet:-1","max-image-preview":"max-image-preview:large","max-video-preview":"max-video-preview:-1"},"canonical":"https:\/\/isoled.info\/fr-ch\/modulares-lichtbandsystem\/","og_locale":"fr_FR","og_type":"article","og_title":"Luminaires lin\u00e9aires | Syst\u00e8me de chemin lumineux \u00e0 LED modulaire d'ISOLED\u00ae","og_description":"D\u00e9couvrez l'avenir de l'\u00e9clairage avec ISOLED\u00ae. Des syst\u00e8me de chemin lumineux \u00e0 LED modulaire pour vos projets. Haute qualit\u00e9 & fabrication rapide. Assurez-vous d\u00e8s maintenant !","og_url":"https:\/\/isoled.info\/fr-ch\/modulares-lichtbandsystem\/","og_site_name":"ISOLED\u00ae","article_modified_time":"2026-01-22T09:14:47+00:00","twitter_card":"summary_large_image","twitter_misc":{"Est. reading time":"9 minutes"},"schema":{"@context":"https:\/\/schema.org","@graph":[{"@type":"WebPage","@id":"https:\/\/isoled.info\/fr-ch\/modulares-lichtbandsystem\/","url":"https:\/\/isoled.info\/fr-ch\/modulares-lichtbandsystem\/","name":"Luminaires lin\u00e9aires | Syst\u00e8me de chemin lumineux \u00e0 LED modulaire d'ISOLED\u00ae","isPartOf":{"@id":"https:\/\/isoled.info\/fr-ch\/#website"},"datePublished":"2023-12-05T08:31:10+00:00","dateModified":"2026-01-22T09:14:47+00:00","description":"D\u00e9couvrez l'avenir de l'\u00e9clairage avec ISOLED\u00ae. Des syst\u00e8me de chemin lumineux \u00e0 LED modulaire pour vos projets. Haute qualit\u00e9 & fabrication rapide. Assurez-vous d\u00e8s maintenant !","breadcrumb":{"@id":"https:\/\/isoled.info\/fr-ch\/modulares-lichtbandsystem\/#breadcrumb"},"inLanguage":"fr-CH","potentialAction":[{"@type":"ReadAction","target":["https:\/\/isoled.info\/fr-ch\/modulares-lichtbandsystem\/"]}]},{"@type":"BreadcrumbList","@id":"https:\/\/isoled.info\/fr-ch\/modulares-lichtbandsystem\/#breadcrumb","itemListElement":[{"@type":"ListItem","position":1,"name":"Home","item":"https:\/\/isoled.info\/fr-ch\/"},{"@type":"ListItem","position":2,"name":"Modulares Lichtbandsystem CH-FR"}]},{"@type":"WebSite","@id":"https:\/\/isoled.info\/fr-ch\/#website","url":"https:\/\/isoled.info\/fr-ch\/","name":"ISOLED\u00ae","description":"Customised Light Solutions","publisher":{"@id":"https:\/\/isoled.info\/fr-ch\/#organization"},"potentialAction":[{"@type":"SearchAction","target":{"@type":"EntryPoint","urlTemplate":"https:\/\/isoled.info\/fr-ch\/?s={search_term_string}"},"query-input":{"@type":"PropertyValueSpecification","valueRequired":true,"valueName":"search_term_string"}}],"inLanguage":"fr-CH"},{"@type":"Organization","@id":"https:\/\/isoled.info\/fr-ch\/#organization","name":"ISOLED","url":"https:\/\/isoled.info\/fr-ch\/","logo":{"@type":"ImageObject","inLanguage":"fr-CH","@id":"https:\/\/isoled.info\/fr-ch\/#\/schema\/logo\/image\/","url":"https:\/\/isoled.info\/wp-content\/uploads\/2020\/10\/isoled-customised-light-solutions-g1.png","contentUrl":"https:\/\/isoled.info\/wp-content\/uploads\/2020\/10\/isoled-customised-light-solutions-g1.png","width":1200,"height":900,"caption":"ISOLED"},"image":{"@id":"https:\/\/isoled.info\/fr-ch\/#\/schema\/logo\/image\/"}}]}},"_links":{"self":[{"href":"https:\/\/isoled.info\/fr-ch\/wp-json\/wp\/v2\/pages\/24085","targetHints":{"allow":["GET"]}}],"collection":[{"href":"https:\/\/isoled.info\/fr-ch\/wp-json\/wp\/v2\/pages"}],"about":[{"href":"https:\/\/isoled.info\/fr-ch\/wp-json\/wp\/v2\/types\/page"}],"author":[{"embeddable":true,"href":"https:\/\/isoled.info\/fr-ch\/wp-json\/wp\/v2\/users\/17"}],"replies":[{"embeddable":true,"href":"https:\/\/isoled.info\/fr-ch\/wp-json\/wp\/v2\/comments?post=24085"}],"version-history":[{"count":2,"href":"https:\/\/isoled.info\/fr-ch\/wp-json\/wp\/v2\/pages\/24085\/revisions"}],"predecessor-version":[{"id":45258,"href":"https:\/\/isoled.info\/fr-ch\/wp-json\/wp\/v2\/pages\/24085\/revisions\/45258"}],"wp:attachment":[{"href":"https:\/\/isoled.info\/fr-ch\/wp-json\/wp\/v2\/media?parent=24085"}],"curies":[{"name":"wp","href":"https:\/\/api.w.org\/{rel}","templated":true}]}}