{"id":33937,"date":"2024-08-13T07:55:08","date_gmt":"2024-08-13T05:55:08","guid":{"rendered":"https:\/\/isoled.info\/?page_id=33937"},"modified":"2026-02-06T15:22:24","modified_gmt":"2026-02-06T14:22:24","slug":"akustikleuchten","status":"publish","type":"page","link":"https:\/\/isoled.info\/fr-ch\/akustikleuchten\/","title":{"rendered":"Akustik_FR-CH"},"content":{"rendered":"<div id=\"cs-content\" class=\"cs-content\"><\/div>\n","protected":false},"excerpt":{"rendered":"<p>Lampes acoustiques \u00e0 LED Adaptables, multifonctionnels et flexibles &#8211; ce sont les panneaux acoustiques avec lumi\u00e8re d&#8217;ISOLED\u00ae.Design lumineux et acoustique : Optimisation de la fonctionnalit\u00e9 et du confort Dans la vie de tous les jours, nous sommes souvent expos\u00e9s \u00e0 une charge sonore immense. Cela fatigue aussi bien le corps que l&#8217;esprit pendant une p\u00e9riode prolong\u00e9e. Les panneaux acoustiques permettent &#8230; <\/p>\n<div><a href=\"https:\/\/isoled.info\/fr-ch\/akustikleuchten\/\" class=\"more-link\">Read More<\/a><\/div>\n","protected":false},"author":17,"featured_media":0,"parent":0,"menu_order":0,"comment_status":"closed","ping_status":"closed","template":"template-blank-4.php","meta":{"footnotes":""},"class_list":["post-33937","page","type-page","status-publish","hentry","no-post-thumbnail"],"yoast_head":"<!-- This site is optimized with the Yoast SEO plugin v27.0 - https:\/\/yoast.com\/product\/yoast-seo-wordpress\/ -->\n<title>Lampes acoustiques \u00e0 LED - Acoustique des locaux optimis\u00e9e et lumi\u00e8re r\u00e9unies<\/title>\n<meta name=\"description\" content=\"R\u00e9duction efficace du bruit et luminaires acoustiques intelligents | Luminaires acoustiques configurables fabriqu\u00e9s en Autriche selon les souhaits du client - demandez-les maintenant !\" \/>\n<meta name=\"robots\" content=\"index, follow, max-snippet:-1, max-image-preview:large, max-video-preview:-1\" \/>\n<link rel=\"canonical\" href=\"https:\/\/isoled.info\/fr-ch\/akustikleuchten\/\" \/>\n<meta property=\"og:locale\" content=\"fr_FR\" \/>\n<meta property=\"og:type\" content=\"article\" \/>\n<meta property=\"og:title\" content=\"Lampes acoustiques \u00e0 LED - Acoustique des locaux optimis\u00e9e et lumi\u00e8re r\u00e9unies\" \/>\n<meta property=\"og:description\" content=\"R\u00e9duction efficace du bruit et luminaires acoustiques intelligents | Luminaires acoustiques configurables fabriqu\u00e9s en Autriche selon les souhaits du client - demandez-les maintenant !\" \/>\n<meta property=\"og:url\" content=\"https:\/\/isoled.info\/fr-ch\/akustikleuchten\/\" \/>\n<meta property=\"og:site_name\" content=\"ISOLED\u00ae\" \/>\n<meta property=\"article:modified_time\" content=\"2026-02-06T14:22:24+00:00\" \/>\n<meta name=\"twitter:card\" content=\"summary_large_image\" \/>\n<meta name=\"twitter:label1\" content=\"Est. reading time\" \/>\n\t<meta name=\"twitter:data1\" content=\"26 minutes\" \/>\n<script type=\"application\/ld+json\" class=\"yoast-schema-graph\">{\"@context\":\"https:\/\/schema.org\",\"@graph\":[{\"@type\":\"WebPage\",\"@id\":\"https:\/\/isoled.info\/fr-ch\/akustikleuchten\/\",\"url\":\"https:\/\/isoled.info\/fr-ch\/akustikleuchten\/\",\"name\":\"Lampes acoustiques \u00e0 LED - Acoustique des locaux optimis\u00e9e et lumi\u00e8re r\u00e9unies\",\"isPartOf\":{\"@id\":\"https:\/\/isoled.info\/fr-ch\/#website\"},\"datePublished\":\"2024-08-13T05:55:08+00:00\",\"dateModified\":\"2026-02-06T14:22:24+00:00\",\"description\":\"R\u00e9duction efficace du bruit et luminaires acoustiques intelligents | Luminaires acoustiques configurables fabriqu\u00e9s en Autriche selon les souhaits du client - demandez-les maintenant !\",\"breadcrumb\":{\"@id\":\"https:\/\/isoled.info\/fr-ch\/akustikleuchten\/#breadcrumb\"},\"inLanguage\":\"fr-CH\",\"potentialAction\":[{\"@type\":\"ReadAction\",\"target\":[\"https:\/\/isoled.info\/fr-ch\/akustikleuchten\/\"]}]},{\"@type\":\"BreadcrumbList\",\"@id\":\"https:\/\/isoled.info\/fr-ch\/akustikleuchten\/#breadcrumb\",\"itemListElement\":[{\"@type\":\"ListItem\",\"position\":1,\"name\":\"Home\",\"item\":\"https:\/\/isoled.info\/fr-ch\/\"},{\"@type\":\"ListItem\",\"position\":2,\"name\":\"Akustik_FR-CH\"}]},{\"@type\":\"WebSite\",\"@id\":\"https:\/\/isoled.info\/fr-ch\/#website\",\"url\":\"https:\/\/isoled.info\/fr-ch\/\",\"name\":\"ISOLED\u00ae\",\"description\":\"Customised Light Solutions\",\"publisher\":{\"@id\":\"https:\/\/isoled.info\/fr-ch\/#organization\"},\"potentialAction\":[{\"@type\":\"SearchAction\",\"target\":{\"@type\":\"EntryPoint\",\"urlTemplate\":\"https:\/\/isoled.info\/fr-ch\/?s={search_term_string}\"},\"query-input\":{\"@type\":\"PropertyValueSpecification\",\"valueRequired\":true,\"valueName\":\"search_term_string\"}}],\"inLanguage\":\"fr-CH\"},{\"@type\":\"Organization\",\"@id\":\"https:\/\/isoled.info\/fr-ch\/#organization\",\"name\":\"ISOLED\",\"url\":\"https:\/\/isoled.info\/fr-ch\/\",\"logo\":{\"@type\":\"ImageObject\",\"inLanguage\":\"fr-CH\",\"@id\":\"https:\/\/isoled.info\/fr-ch\/#\/schema\/logo\/image\/\",\"url\":\"https:\/\/isoled.info\/wp-content\/uploads\/2020\/10\/isoled-customised-light-solutions-g1.png\",\"contentUrl\":\"https:\/\/isoled.info\/wp-content\/uploads\/2020\/10\/isoled-customised-light-solutions-g1.png\",\"width\":1200,\"height\":900,\"caption\":\"ISOLED\"},\"image\":{\"@id\":\"https:\/\/isoled.info\/fr-ch\/#\/schema\/logo\/image\/\"}}]}<\/script>\n<!-- \/ Yoast SEO plugin. -->","yoast_head_json":{"title":"Lampes acoustiques \u00e0 LED - Acoustique des locaux optimis\u00e9e et lumi\u00e8re r\u00e9unies","description":"R\u00e9duction efficace du bruit et luminaires acoustiques intelligents | Luminaires acoustiques configurables fabriqu\u00e9s en Autriche selon les souhaits du client - demandez-les maintenant !","robots":{"index":"index","follow":"follow","max-snippet":"max-snippet:-1","max-image-preview":"max-image-preview:large","max-video-preview":"max-video-preview:-1"},"canonical":"https:\/\/isoled.info\/fr-ch\/akustikleuchten\/","og_locale":"fr_FR","og_type":"article","og_title":"Lampes acoustiques \u00e0 LED - Acoustique des locaux optimis\u00e9e et lumi\u00e8re r\u00e9unies","og_description":"R\u00e9duction efficace du bruit et luminaires acoustiques intelligents | Luminaires acoustiques configurables fabriqu\u00e9s en Autriche selon les souhaits du client - demandez-les maintenant !","og_url":"https:\/\/isoled.info\/fr-ch\/akustikleuchten\/","og_site_name":"ISOLED\u00ae","article_modified_time":"2026-02-06T14:22:24+00:00","twitter_card":"summary_large_image","twitter_misc":{"Est. reading time":"26 minutes"},"schema":{"@context":"https:\/\/schema.org","@graph":[{"@type":"WebPage","@id":"https:\/\/isoled.info\/fr-ch\/akustikleuchten\/","url":"https:\/\/isoled.info\/fr-ch\/akustikleuchten\/","name":"Lampes acoustiques \u00e0 LED - Acoustique des locaux optimis\u00e9e et lumi\u00e8re r\u00e9unies","isPartOf":{"@id":"https:\/\/isoled.info\/fr-ch\/#website"},"datePublished":"2024-08-13T05:55:08+00:00","dateModified":"2026-02-06T14:22:24+00:00","description":"R\u00e9duction efficace du bruit et luminaires acoustiques intelligents | Luminaires acoustiques configurables fabriqu\u00e9s en Autriche selon les souhaits du client - demandez-les maintenant !","breadcrumb":{"@id":"https:\/\/isoled.info\/fr-ch\/akustikleuchten\/#breadcrumb"},"inLanguage":"fr-CH","potentialAction":[{"@type":"ReadAction","target":["https:\/\/isoled.info\/fr-ch\/akustikleuchten\/"]}]},{"@type":"BreadcrumbList","@id":"https:\/\/isoled.info\/fr-ch\/akustikleuchten\/#breadcrumb","itemListElement":[{"@type":"ListItem","position":1,"name":"Home","item":"https:\/\/isoled.info\/fr-ch\/"},{"@type":"ListItem","position":2,"name":"Akustik_FR-CH"}]},{"@type":"WebSite","@id":"https:\/\/isoled.info\/fr-ch\/#website","url":"https:\/\/isoled.info\/fr-ch\/","name":"ISOLED\u00ae","description":"Customised Light Solutions","publisher":{"@id":"https:\/\/isoled.info\/fr-ch\/#organization"},"potentialAction":[{"@type":"SearchAction","target":{"@type":"EntryPoint","urlTemplate":"https:\/\/isoled.info\/fr-ch\/?s={search_term_string}"},"query-input":{"@type":"PropertyValueSpecification","valueRequired":true,"valueName":"search_term_string"}}],"inLanguage":"fr-CH"},{"@type":"Organization","@id":"https:\/\/isoled.info\/fr-ch\/#organization","name":"ISOLED","url":"https:\/\/isoled.info\/fr-ch\/","logo":{"@type":"ImageObject","inLanguage":"fr-CH","@id":"https:\/\/isoled.info\/fr-ch\/#\/schema\/logo\/image\/","url":"https:\/\/isoled.info\/wp-content\/uploads\/2020\/10\/isoled-customised-light-solutions-g1.png","contentUrl":"https:\/\/isoled.info\/wp-content\/uploads\/2020\/10\/isoled-customised-light-solutions-g1.png","width":1200,"height":900,"caption":"ISOLED"},"image":{"@id":"https:\/\/isoled.info\/fr-ch\/#\/schema\/logo\/image\/"}}]}},"_links":{"self":[{"href":"https:\/\/isoled.info\/fr-ch\/wp-json\/wp\/v2\/pages\/33937","targetHints":{"allow":["GET"]}}],"collection":[{"href":"https:\/\/isoled.info\/fr-ch\/wp-json\/wp\/v2\/pages"}],"about":[{"href":"https:\/\/isoled.info\/fr-ch\/wp-json\/wp\/v2\/types\/page"}],"author":[{"embeddable":true,"href":"https:\/\/isoled.info\/fr-ch\/wp-json\/wp\/v2\/users\/17"}],"replies":[{"embeddable":true,"href":"https:\/\/isoled.info\/fr-ch\/wp-json\/wp\/v2\/comments?post=33937"}],"version-history":[{"count":2,"href":"https:\/\/isoled.info\/fr-ch\/wp-json\/wp\/v2\/pages\/33937\/revisions"}],"predecessor-version":[{"id":45516,"href":"https:\/\/isoled.info\/fr-ch\/wp-json\/wp\/v2\/pages\/33937\/revisions\/45516"}],"wp:attachment":[{"href":"https:\/\/isoled.info\/fr-ch\/wp-json\/wp\/v2\/media?parent=33937"}],"curies":[{"name":"wp","href":"https:\/\/api.w.org\/{rel}","templated":true}]}}