{"id":1085,"date":"2023-07-28T15:37:11","date_gmt":"2023-07-28T13:37:11","guid":{"rendered":"https:\/\/isoled.info\/?page_id=1085"},"modified":"2026-05-13T11:57:18","modified_gmt":"2026-05-13T09:57:18","slug":"miniamp-anwendungsbeispiel-wohnzimmer","status":"publish","type":"page","link":"https:\/\/isoled.info\/fr\/miniamp-steckerfertig\/miniamp-anwendungsbeispiel-wohnzimmer\/","title":{"rendered":"MiniAMP Anwendungsbeispiel &#8211; Wohnzimmer &#8211; FR"},"content":{"rendered":"<div id=\"cs-content\" class=\"cs-content\"><\/div>\n","protected":false},"excerpt":{"rendered":"<p>\u00c9clairage LED pr\u00eat \u00e0 brancher | Salon Optimal pour les artisans comme les menuisiers, les \u00e9b\u00e9nistes et les constructeurs de meubles MONTAGE RAPIDE ET S\u00dbR AUCUN TRAVAIL \u00c9LECTRIQUE SP\u00c9CIFIQUE N&#8217;EST N\u00c9CESSAIRE PR\u00caT \u00c0 \u00caTRE BRANCH\u00c9 AVEC UNE CONNEXION RAPIDE CONSTRUCTION L\u00c9G\u00c8RE, PLATE ET PEU ENCOMBRANTE Le salon est utilis\u00e9 r\u00e9guli\u00e8rement et de mani\u00e8re vari\u00e9e, que ce soit pour se d\u00e9tendre, &#8230; <\/p>\n<div><a href=\"https:\/\/isoled.info\/fr\/miniamp-steckerfertig\/miniamp-anwendungsbeispiel-wohnzimmer\/\" class=\"more-link\">Read More<\/a><\/div>\n","protected":false},"author":8,"featured_media":0,"parent":16672,"menu_order":0,"comment_status":"closed","ping_status":"closed","template":"template-blank-4.php","meta":{"footnotes":""},"class_list":["post-1085","page","type-page","status-publish","hentry","no-post-thumbnail"],"yoast_head":"<!-- This site is optimized with the Yoast SEO plugin v27.0 - https:\/\/yoast.com\/product\/yoast-seo-wordpress\/ -->\n<title>MiniAMP - \u00c9clairage LED de salon pr\u00eat \u00e0 brancher - ISOLED\u00ae<\/title>\n<meta name=\"description\" content=\"\u00c9clairage LED pr\u00eat \u00e0 brancher - Salon. Installation facile - Aucun travail d&#039;\u00e9lectricien n&#039;est n\u00e9cessaire. Nous r\u00e9alisons votre projet.\" \/>\n<meta name=\"robots\" content=\"index, follow, max-snippet:-1, max-image-preview:large, max-video-preview:-1\" \/>\n<link rel=\"canonical\" href=\"https:\/\/isoled.info\/fr\/miniamp-steckerfertig\/miniamp-anwendungsbeispiel-wohnzimmer\/\" \/>\n<meta property=\"og:locale\" content=\"fr_FR\" \/>\n<meta property=\"og:type\" content=\"article\" \/>\n<meta property=\"og:title\" content=\"MiniAMP - \u00c9clairage LED de salon pr\u00eat \u00e0 brancher - ISOLED\u00ae\" \/>\n<meta property=\"og:description\" content=\"\u00c9clairage LED pr\u00eat \u00e0 brancher - Salon. Installation facile - Aucun travail d&#039;\u00e9lectricien n&#039;est n\u00e9cessaire. Nous r\u00e9alisons votre projet.\" \/>\n<meta property=\"og:url\" content=\"https:\/\/isoled.info\/fr\/miniamp-steckerfertig\/miniamp-anwendungsbeispiel-wohnzimmer\/\" \/>\n<meta property=\"og:site_name\" content=\"ISOLED\u00ae\" \/>\n<meta property=\"article:modified_time\" content=\"2026-05-13T09:57:18+00:00\" \/>\n<meta name=\"twitter:card\" content=\"summary_large_image\" \/>\n<meta name=\"twitter:label1\" content=\"Dur\u00e9e de lecture estim\u00e9e\" \/>\n\t<meta name=\"twitter:data1\" content=\"19 minutes\" \/>\n<script type=\"application\/ld+json\" class=\"yoast-schema-graph\">{\"@context\":\"https:\/\/schema.org\",\"@graph\":[{\"@type\":\"WebPage\",\"@id\":\"https:\/\/isoled.info\/fr\/miniamp-steckerfertig\/miniamp-anwendungsbeispiel-wohnzimmer\/\",\"url\":\"https:\/\/isoled.info\/fr\/miniamp-steckerfertig\/miniamp-anwendungsbeispiel-wohnzimmer\/\",\"name\":\"MiniAMP - \u00c9clairage LED de salon pr\u00eat \u00e0 brancher - ISOLED\u00ae\",\"isPartOf\":{\"@id\":\"https:\/\/isoled.info\/fr\/#website\"},\"datePublished\":\"2023-07-28T13:37:11+00:00\",\"dateModified\":\"2026-05-13T09:57:18+00:00\",\"description\":\"\u00c9clairage LED pr\u00eat \u00e0 brancher - Salon. Installation facile - Aucun travail d'\u00e9lectricien n'est n\u00e9cessaire. Nous r\u00e9alisons votre projet.\",\"breadcrumb\":{\"@id\":\"https:\/\/isoled.info\/fr\/miniamp-steckerfertig\/miniamp-anwendungsbeispiel-wohnzimmer\/#breadcrumb\"},\"inLanguage\":\"fr-FR\",\"potentialAction\":[{\"@type\":\"ReadAction\",\"target\":[\"https:\/\/isoled.info\/fr\/miniamp-steckerfertig\/miniamp-anwendungsbeispiel-wohnzimmer\/\"]}]},{\"@type\":\"BreadcrumbList\",\"@id\":\"https:\/\/isoled.info\/fr\/miniamp-steckerfertig\/miniamp-anwendungsbeispiel-wohnzimmer\/#breadcrumb\",\"itemListElement\":[{\"@type\":\"ListItem\",\"position\":1,\"name\":\"Home\",\"item\":\"https:\/\/isoled.info\/fr\/\"},{\"@type\":\"ListItem\",\"position\":2,\"name\":\"MiniAMP Steckerfertig &#8211; \u00dcbersicht FR\",\"item\":\"https:\/\/isoled.info\/fr\/miniamp-steckerfertig\/\"},{\"@type\":\"ListItem\",\"position\":3,\"name\":\"MiniAMP Anwendungsbeispiel &#8211; Wohnzimmer &#8211; FR\"}]},{\"@type\":\"WebSite\",\"@id\":\"https:\/\/isoled.info\/fr\/#website\",\"url\":\"https:\/\/isoled.info\/fr\/\",\"name\":\"ISOLED\u00ae\",\"description\":\"Customised Light Solutions\",\"publisher\":{\"@id\":\"https:\/\/isoled.info\/fr\/#organization\"},\"potentialAction\":[{\"@type\":\"SearchAction\",\"target\":{\"@type\":\"EntryPoint\",\"urlTemplate\":\"https:\/\/isoled.info\/fr\/?s={search_term_string}\"},\"query-input\":{\"@type\":\"PropertyValueSpecification\",\"valueRequired\":true,\"valueName\":\"search_term_string\"}}],\"inLanguage\":\"fr-FR\"},{\"@type\":\"Organization\",\"@id\":\"https:\/\/isoled.info\/fr\/#organization\",\"name\":\"ISOLED\",\"url\":\"https:\/\/isoled.info\/fr\/\",\"logo\":{\"@type\":\"ImageObject\",\"inLanguage\":\"fr-FR\",\"@id\":\"https:\/\/isoled.info\/fr\/#\/schema\/logo\/image\/\",\"url\":\"https:\/\/isoled.info\/wp-content\/uploads\/2020\/10\/isoled-customised-light-solutions-g1.png\",\"contentUrl\":\"https:\/\/isoled.info\/wp-content\/uploads\/2020\/10\/isoled-customised-light-solutions-g1.png\",\"width\":1200,\"height\":900,\"caption\":\"ISOLED\"},\"image\":{\"@id\":\"https:\/\/isoled.info\/fr\/#\/schema\/logo\/image\/\"}}]}<\/script>\n<!-- \/ Yoast SEO plugin. -->","yoast_head_json":{"title":"MiniAMP - \u00c9clairage LED de salon pr\u00eat \u00e0 brancher - ISOLED\u00ae","description":"\u00c9clairage LED pr\u00eat \u00e0 brancher - Salon. Installation facile - Aucun travail d'\u00e9lectricien n'est n\u00e9cessaire. Nous r\u00e9alisons votre projet.","robots":{"index":"index","follow":"follow","max-snippet":"max-snippet:-1","max-image-preview":"max-image-preview:large","max-video-preview":"max-video-preview:-1"},"canonical":"https:\/\/isoled.info\/fr\/miniamp-steckerfertig\/miniamp-anwendungsbeispiel-wohnzimmer\/","og_locale":"fr_FR","og_type":"article","og_title":"MiniAMP - \u00c9clairage LED de salon pr\u00eat \u00e0 brancher - ISOLED\u00ae","og_description":"\u00c9clairage LED pr\u00eat \u00e0 brancher - Salon. Installation facile - Aucun travail d'\u00e9lectricien n'est n\u00e9cessaire. Nous r\u00e9alisons votre projet.","og_url":"https:\/\/isoled.info\/fr\/miniamp-steckerfertig\/miniamp-anwendungsbeispiel-wohnzimmer\/","og_site_name":"ISOLED\u00ae","article_modified_time":"2026-05-13T09:57:18+00:00","twitter_card":"summary_large_image","twitter_misc":{"Dur\u00e9e de lecture estim\u00e9e":"19 minutes"},"schema":{"@context":"https:\/\/schema.org","@graph":[{"@type":"WebPage","@id":"https:\/\/isoled.info\/fr\/miniamp-steckerfertig\/miniamp-anwendungsbeispiel-wohnzimmer\/","url":"https:\/\/isoled.info\/fr\/miniamp-steckerfertig\/miniamp-anwendungsbeispiel-wohnzimmer\/","name":"MiniAMP - \u00c9clairage LED de salon pr\u00eat \u00e0 brancher - ISOLED\u00ae","isPartOf":{"@id":"https:\/\/isoled.info\/fr\/#website"},"datePublished":"2023-07-28T13:37:11+00:00","dateModified":"2026-05-13T09:57:18+00:00","description":"\u00c9clairage LED pr\u00eat \u00e0 brancher - Salon. Installation facile - Aucun travail d'\u00e9lectricien n'est n\u00e9cessaire. Nous r\u00e9alisons votre projet.","breadcrumb":{"@id":"https:\/\/isoled.info\/fr\/miniamp-steckerfertig\/miniamp-anwendungsbeispiel-wohnzimmer\/#breadcrumb"},"inLanguage":"fr-FR","potentialAction":[{"@type":"ReadAction","target":["https:\/\/isoled.info\/fr\/miniamp-steckerfertig\/miniamp-anwendungsbeispiel-wohnzimmer\/"]}]},{"@type":"BreadcrumbList","@id":"https:\/\/isoled.info\/fr\/miniamp-steckerfertig\/miniamp-anwendungsbeispiel-wohnzimmer\/#breadcrumb","itemListElement":[{"@type":"ListItem","position":1,"name":"Home","item":"https:\/\/isoled.info\/fr\/"},{"@type":"ListItem","position":2,"name":"MiniAMP Steckerfertig &#8211; \u00dcbersicht FR","item":"https:\/\/isoled.info\/fr\/miniamp-steckerfertig\/"},{"@type":"ListItem","position":3,"name":"MiniAMP Anwendungsbeispiel &#8211; Wohnzimmer &#8211; FR"}]},{"@type":"WebSite","@id":"https:\/\/isoled.info\/fr\/#website","url":"https:\/\/isoled.info\/fr\/","name":"ISOLED\u00ae","description":"Customised Light Solutions","publisher":{"@id":"https:\/\/isoled.info\/fr\/#organization"},"potentialAction":[{"@type":"SearchAction","target":{"@type":"EntryPoint","urlTemplate":"https:\/\/isoled.info\/fr\/?s={search_term_string}"},"query-input":{"@type":"PropertyValueSpecification","valueRequired":true,"valueName":"search_term_string"}}],"inLanguage":"fr-FR"},{"@type":"Organization","@id":"https:\/\/isoled.info\/fr\/#organization","name":"ISOLED","url":"https:\/\/isoled.info\/fr\/","logo":{"@type":"ImageObject","inLanguage":"fr-FR","@id":"https:\/\/isoled.info\/fr\/#\/schema\/logo\/image\/","url":"https:\/\/isoled.info\/wp-content\/uploads\/2020\/10\/isoled-customised-light-solutions-g1.png","contentUrl":"https:\/\/isoled.info\/wp-content\/uploads\/2020\/10\/isoled-customised-light-solutions-g1.png","width":1200,"height":900,"caption":"ISOLED"},"image":{"@id":"https:\/\/isoled.info\/fr\/#\/schema\/logo\/image\/"}}]}},"_links":{"self":[{"href":"https:\/\/isoled.info\/fr\/wp-json\/wp\/v2\/pages\/1085","targetHints":{"allow":["GET"]}}],"collection":[{"href":"https:\/\/isoled.info\/fr\/wp-json\/wp\/v2\/pages"}],"about":[{"href":"https:\/\/isoled.info\/fr\/wp-json\/wp\/v2\/types\/page"}],"author":[{"embeddable":true,"href":"https:\/\/isoled.info\/fr\/wp-json\/wp\/v2\/users\/8"}],"replies":[{"embeddable":true,"href":"https:\/\/isoled.info\/fr\/wp-json\/wp\/v2\/comments?post=1085"}],"version-history":[{"count":3,"href":"https:\/\/isoled.info\/fr\/wp-json\/wp\/v2\/pages\/1085\/revisions"}],"predecessor-version":[{"id":46949,"href":"https:\/\/isoled.info\/fr\/wp-json\/wp\/v2\/pages\/1085\/revisions\/46949"}],"up":[{"embeddable":true,"href":"https:\/\/isoled.info\/fr\/wp-json\/wp\/v2\/pages\/16672"}],"wp:attachment":[{"href":"https:\/\/isoled.info\/fr\/wp-json\/wp\/v2\/media?parent=1085"}],"curies":[{"name":"wp","href":"https:\/\/api.w.org\/{rel}","templated":true}]}}