{"id":13609,"date":"2023-03-28T11:13:19","date_gmt":"2023-03-28T09:13:19","guid":{"rendered":"https:\/\/isoled.info\/?page_id=13609"},"modified":"2025-10-23T15:32:47","modified_gmt":"2025-10-23T13:32:47","slug":"tennisplatz-outdoor","status":"publish","type":"page","link":"https:\/\/isoled.info\/fr\/flutlicht\/tennisplatz-outdoor\/","title":{"rendered":"Flutlicht &#8211; Tennisplatz Outdoor FR"},"content":{"rendered":"<div id=\"cs-content\" class=\"cs-content\"><\/div>\n","protected":false},"excerpt":{"rendered":"<p>TENNIS Projecteurs LEDTennis Projecteurs LEDREPRODUCTION DES COULEURS \u00c0 FORT CONTRASTE HAUTE QUALIT\u00c9 D&#8217;\u00c9CLAIRAGE EXCELLENT \u00c9CLAIRAGE DU TERRAIN DE JEU SUR TOUTE LA SURFACE SOUHAITS PARTICULIERS POSSIBLES SUR DEMANDE Des projecteurs &agrave; LED &agrave; haute efficacit&eacute; &eacute;nerg&eacute;tique assurent un &eacute;clairage parfait pour l&#8217;impact, m&ecirc;me dans l&#8217;obscurit&eacute;. Les courts de tennis peuvent ainsi encore &ecirc;tre utilis&eacute;s pleinement au printemps et en automne. &#8230; <\/p>\n<div><a href=\"https:\/\/isoled.info\/fr\/flutlicht\/tennisplatz-outdoor\/\" class=\"more-link\">Read More<\/a><\/div>\n","protected":false},"author":10,"featured_media":0,"parent":13181,"menu_order":0,"comment_status":"closed","ping_status":"closed","template":"template-blank-4.php","meta":{"footnotes":""},"class_list":["post-13609","page","type-page","status-publish","hentry","no-post-thumbnail"],"yoast_head":"<!-- This site is optimized with the Yoast SEO plugin v27.0 - https:\/\/yoast.com\/product\/yoast-seo-wordpress\/ -->\n<title>Projecteurs LED - Court de tennis ext\u00e9rieur Syst\u00e8mes d&#039;\u00e9clairage \u00e0 LED- ISOLED\u00ae<\/title>\n<meta name=\"description\" content=\"Projecteurs LED pour courts de tennis avec planification de l&#039;\u00e9clairage. Exigences et calcul de l&#039;installation Outdoor. Nous vous conseillons.\" \/>\n<meta name=\"robots\" content=\"index, follow, max-snippet:-1, max-image-preview:large, max-video-preview:-1\" \/>\n<link rel=\"canonical\" href=\"https:\/\/isoled.info\/fr\/flutlicht\/tennisplatz-outdoor\/\" \/>\n<meta property=\"og:locale\" content=\"fr_FR\" \/>\n<meta property=\"og:type\" content=\"article\" \/>\n<meta property=\"og:title\" content=\"Projecteurs LED - Court de tennis ext\u00e9rieur Syst\u00e8mes d&#039;\u00e9clairage \u00e0 LED- ISOLED\u00ae\" \/>\n<meta property=\"og:description\" content=\"Projecteurs LED pour courts de tennis avec planification de l&#039;\u00e9clairage. Exigences et calcul de l&#039;installation Outdoor. Nous vous conseillons.\" \/>\n<meta property=\"og:url\" content=\"https:\/\/isoled.info\/fr\/flutlicht\/tennisplatz-outdoor\/\" \/>\n<meta property=\"og:site_name\" content=\"ISOLED\u00ae\" \/>\n<meta property=\"article:modified_time\" content=\"2025-10-23T13:32:47+00:00\" \/>\n<meta property=\"og:image\" content=\"https:\/\/isoled.info\/wp-content\/uploads\/2021\/01\/lichtanlagen-led-sportplaetze-tennis-isoled-de-3k.jpg\" \/>\n<meta name=\"twitter:card\" content=\"summary_large_image\" \/>\n<meta name=\"twitter:label1\" content=\"Dur\u00e9e de lecture estim\u00e9e\" \/>\n\t<meta name=\"twitter:data1\" content=\"23 minutes\" \/>\n<script type=\"application\/ld+json\" class=\"yoast-schema-graph\">{\"@context\":\"https:\/\/schema.org\",\"@graph\":[{\"@type\":\"WebPage\",\"@id\":\"https:\/\/isoled.info\/fr\/flutlicht\/tennisplatz-outdoor\/\",\"url\":\"https:\/\/isoled.info\/fr\/flutlicht\/tennisplatz-outdoor\/\",\"name\":\"Projecteurs LED - Court de tennis ext\u00e9rieur Syst\u00e8mes d'\u00e9clairage \u00e0 LED- ISOLED\u00ae\",\"isPartOf\":{\"@id\":\"https:\/\/isoled.info\/fr\/#website\"},\"datePublished\":\"2023-03-28T09:13:19+00:00\",\"dateModified\":\"2025-10-23T13:32:47+00:00\",\"description\":\"Projecteurs LED pour courts de tennis avec planification de l'\u00e9clairage. Exigences et calcul de l'installation Outdoor. Nous vous conseillons.\",\"breadcrumb\":{\"@id\":\"https:\/\/isoled.info\/fr\/flutlicht\/tennisplatz-outdoor\/#breadcrumb\"},\"inLanguage\":\"fr-FR\",\"potentialAction\":[{\"@type\":\"ReadAction\",\"target\":[\"https:\/\/isoled.info\/fr\/flutlicht\/tennisplatz-outdoor\/\"]}]},{\"@type\":\"BreadcrumbList\",\"@id\":\"https:\/\/isoled.info\/fr\/flutlicht\/tennisplatz-outdoor\/#breadcrumb\",\"itemListElement\":[{\"@type\":\"ListItem\",\"position\":1,\"name\":\"Home\",\"item\":\"https:\/\/isoled.info\/fr\/\"},{\"@type\":\"ListItem\",\"position\":2,\"name\":\"Flutlicht &#8211; \u00dcbersicht FR\",\"item\":\"https:\/\/isoled.info\/fr\/flutlicht\/\"},{\"@type\":\"ListItem\",\"position\":3,\"name\":\"Flutlicht &#8211; Tennisplatz Outdoor FR\"}]},{\"@type\":\"WebSite\",\"@id\":\"https:\/\/isoled.info\/fr\/#website\",\"url\":\"https:\/\/isoled.info\/fr\/\",\"name\":\"ISOLED\u00ae\",\"description\":\"Customised Light Solutions\",\"publisher\":{\"@id\":\"https:\/\/isoled.info\/fr\/#organization\"},\"potentialAction\":[{\"@type\":\"SearchAction\",\"target\":{\"@type\":\"EntryPoint\",\"urlTemplate\":\"https:\/\/isoled.info\/fr\/?s={search_term_string}\"},\"query-input\":{\"@type\":\"PropertyValueSpecification\",\"valueRequired\":true,\"valueName\":\"search_term_string\"}}],\"inLanguage\":\"fr-FR\"},{\"@type\":\"Organization\",\"@id\":\"https:\/\/isoled.info\/fr\/#organization\",\"name\":\"ISOLED\",\"url\":\"https:\/\/isoled.info\/fr\/\",\"logo\":{\"@type\":\"ImageObject\",\"inLanguage\":\"fr-FR\",\"@id\":\"https:\/\/isoled.info\/fr\/#\/schema\/logo\/image\/\",\"url\":\"https:\/\/isoled.info\/wp-content\/uploads\/2020\/10\/isoled-customised-light-solutions-g1.png\",\"contentUrl\":\"https:\/\/isoled.info\/wp-content\/uploads\/2020\/10\/isoled-customised-light-solutions-g1.png\",\"width\":1200,\"height\":900,\"caption\":\"ISOLED\"},\"image\":{\"@id\":\"https:\/\/isoled.info\/fr\/#\/schema\/logo\/image\/\"}}]}<\/script>\n<!-- \/ Yoast SEO plugin. -->","yoast_head_json":{"title":"Projecteurs LED - Court de tennis ext\u00e9rieur Syst\u00e8mes d'\u00e9clairage \u00e0 LED- ISOLED\u00ae","description":"Projecteurs LED pour courts de tennis avec planification de l'\u00e9clairage. Exigences et calcul de l'installation Outdoor. Nous vous conseillons.","robots":{"index":"index","follow":"follow","max-snippet":"max-snippet:-1","max-image-preview":"max-image-preview:large","max-video-preview":"max-video-preview:-1"},"canonical":"https:\/\/isoled.info\/fr\/flutlicht\/tennisplatz-outdoor\/","og_locale":"fr_FR","og_type":"article","og_title":"Projecteurs LED - Court de tennis ext\u00e9rieur Syst\u00e8mes d'\u00e9clairage \u00e0 LED- ISOLED\u00ae","og_description":"Projecteurs LED pour courts de tennis avec planification de l'\u00e9clairage. Exigences et calcul de l'installation Outdoor. Nous vous conseillons.","og_url":"https:\/\/isoled.info\/fr\/flutlicht\/tennisplatz-outdoor\/","og_site_name":"ISOLED\u00ae","article_modified_time":"2025-10-23T13:32:47+00:00","og_image":[{"url":"https:\/\/isoled.info\/wp-content\/uploads\/2021\/01\/lichtanlagen-led-sportplaetze-tennis-isoled-de-3k.jpg","type":"","width":"","height":""}],"twitter_card":"summary_large_image","twitter_misc":{"Dur\u00e9e de lecture estim\u00e9e":"23 minutes"},"schema":{"@context":"https:\/\/schema.org","@graph":[{"@type":"WebPage","@id":"https:\/\/isoled.info\/fr\/flutlicht\/tennisplatz-outdoor\/","url":"https:\/\/isoled.info\/fr\/flutlicht\/tennisplatz-outdoor\/","name":"Projecteurs LED - Court de tennis ext\u00e9rieur Syst\u00e8mes d'\u00e9clairage \u00e0 LED- ISOLED\u00ae","isPartOf":{"@id":"https:\/\/isoled.info\/fr\/#website"},"datePublished":"2023-03-28T09:13:19+00:00","dateModified":"2025-10-23T13:32:47+00:00","description":"Projecteurs LED pour courts de tennis avec planification de l'\u00e9clairage. Exigences et calcul de l'installation Outdoor. Nous vous conseillons.","breadcrumb":{"@id":"https:\/\/isoled.info\/fr\/flutlicht\/tennisplatz-outdoor\/#breadcrumb"},"inLanguage":"fr-FR","potentialAction":[{"@type":"ReadAction","target":["https:\/\/isoled.info\/fr\/flutlicht\/tennisplatz-outdoor\/"]}]},{"@type":"BreadcrumbList","@id":"https:\/\/isoled.info\/fr\/flutlicht\/tennisplatz-outdoor\/#breadcrumb","itemListElement":[{"@type":"ListItem","position":1,"name":"Home","item":"https:\/\/isoled.info\/fr\/"},{"@type":"ListItem","position":2,"name":"Flutlicht &#8211; \u00dcbersicht FR","item":"https:\/\/isoled.info\/fr\/flutlicht\/"},{"@type":"ListItem","position":3,"name":"Flutlicht &#8211; Tennisplatz Outdoor FR"}]},{"@type":"WebSite","@id":"https:\/\/isoled.info\/fr\/#website","url":"https:\/\/isoled.info\/fr\/","name":"ISOLED\u00ae","description":"Customised Light Solutions","publisher":{"@id":"https:\/\/isoled.info\/fr\/#organization"},"potentialAction":[{"@type":"SearchAction","target":{"@type":"EntryPoint","urlTemplate":"https:\/\/isoled.info\/fr\/?s={search_term_string}"},"query-input":{"@type":"PropertyValueSpecification","valueRequired":true,"valueName":"search_term_string"}}],"inLanguage":"fr-FR"},{"@type":"Organization","@id":"https:\/\/isoled.info\/fr\/#organization","name":"ISOLED","url":"https:\/\/isoled.info\/fr\/","logo":{"@type":"ImageObject","inLanguage":"fr-FR","@id":"https:\/\/isoled.info\/fr\/#\/schema\/logo\/image\/","url":"https:\/\/isoled.info\/wp-content\/uploads\/2020\/10\/isoled-customised-light-solutions-g1.png","contentUrl":"https:\/\/isoled.info\/wp-content\/uploads\/2020\/10\/isoled-customised-light-solutions-g1.png","width":1200,"height":900,"caption":"ISOLED"},"image":{"@id":"https:\/\/isoled.info\/fr\/#\/schema\/logo\/image\/"}}]}},"_links":{"self":[{"href":"https:\/\/isoled.info\/fr\/wp-json\/wp\/v2\/pages\/13609","targetHints":{"allow":["GET"]}}],"collection":[{"href":"https:\/\/isoled.info\/fr\/wp-json\/wp\/v2\/pages"}],"about":[{"href":"https:\/\/isoled.info\/fr\/wp-json\/wp\/v2\/types\/page"}],"author":[{"embeddable":true,"href":"https:\/\/isoled.info\/fr\/wp-json\/wp\/v2\/users\/10"}],"replies":[{"embeddable":true,"href":"https:\/\/isoled.info\/fr\/wp-json\/wp\/v2\/comments?post=13609"}],"version-history":[{"count":2,"href":"https:\/\/isoled.info\/fr\/wp-json\/wp\/v2\/pages\/13609\/revisions"}],"predecessor-version":[{"id":44158,"href":"https:\/\/isoled.info\/fr\/wp-json\/wp\/v2\/pages\/13609\/revisions\/44158"}],"up":[{"embeddable":true,"href":"https:\/\/isoled.info\/fr\/wp-json\/wp\/v2\/pages\/13181"}],"wp:attachment":[{"href":"https:\/\/isoled.info\/fr\/wp-json\/wp\/v2\/media?parent=13609"}],"curies":[{"name":"wp","href":"https:\/\/api.w.org\/{rel}","templated":true}]}}