{"id":20231,"date":"2023-11-08T10:51:30","date_gmt":"2023-11-08T09:51:30","guid":{"rendered":"https:\/\/isoled.info\/?page_id=20231"},"modified":"2024-08-29T12:08:10","modified_gmt":"2024-08-29T10:08:10","slug":"anwendungen","status":"publish","type":"page","link":"https:\/\/isoled.info\/fr\/track48-nv-magnet-schienensystem\/anwendungen\/","title":{"rendered":"Track48 Anwendungen FR"},"content":{"rendered":"<div id=\"cs-content\" class=\"cs-content\"><\/div>\n","protected":false},"excerpt":{"rendered":"<p>SYST&Egrave;ME DE RAIL TRACK 48 &#8211; APPLICATIONS Un syst\u00e8me de rails, d&#8217;innombrables possibilit\u00e9s100% DE FLEXIBILIT\u00c9 MONTAGE SIMPLE LUMINAIRES INTERCHANGEABLES COMMANDE DALI GRAND CHOIX D&#8217;ACCESSOIRES NOMBREUSES POSSIBILIT\u00c9S DE CONCEPTION DESIGN ATTRAYANT MANIPULATION S\u00dbRE GR\u00c2CE \u00c0 LA BASSE TENSION Avec sa flexibilit\u00e9 et sa diversit\u00e9 de conception, Track 48 est un bon choix dans de nombreux domaines. Les possibilit\u00e9s d&#8217;utilisation sont presque &#8230; <\/p>\n<div><a href=\"https:\/\/isoled.info\/fr\/track48-nv-magnet-schienensystem\/anwendungen\/\" class=\"more-link\">Read More<\/a><\/div>\n","protected":false},"author":17,"featured_media":0,"parent":20218,"menu_order":0,"comment_status":"closed","ping_status":"closed","template":"template-blank-4.php","meta":{"footnotes":""},"class_list":["post-20231","page","type-page","status-publish","hentry","no-post-thumbnail"],"yoast_head":"<!-- This site is optimized with the Yoast SEO plugin v27.0 - https:\/\/yoast.com\/product\/yoast-seo-wordpress\/ -->\n<title>Track48 - Applications Syst\u00e8me de rail magn\u00e9tique ISOLED<\/title>\n<meta name=\"description\" content=\"Track48 - Que ce soit sur le lieu de travail, dans l&#039;habitat ou dans la gastronomie, ses possibilit\u00e9s d&#039;utilisation sont presque illimit\u00e9es. En savoir plus !\" \/>\n<meta name=\"robots\" content=\"index, follow, max-snippet:-1, max-image-preview:large, max-video-preview:-1\" \/>\n<link rel=\"canonical\" href=\"https:\/\/isoled.info\/fr\/track48-nv-magnet-schienensystem\/anwendungen\/\" \/>\n<meta property=\"og:locale\" content=\"fr_FR\" \/>\n<meta property=\"og:type\" content=\"article\" \/>\n<meta property=\"og:title\" content=\"Track48 - Applications Syst\u00e8me de rail magn\u00e9tique ISOLED\" \/>\n<meta property=\"og:description\" content=\"Track48 - Que ce soit sur le lieu de travail, dans l&#039;habitat ou dans la gastronomie, ses possibilit\u00e9s d&#039;utilisation sont presque illimit\u00e9es. En savoir plus !\" \/>\n<meta property=\"og:url\" content=\"https:\/\/isoled.info\/fr\/track48-nv-magnet-schienensystem\/anwendungen\/\" \/>\n<meta property=\"og:site_name\" content=\"ISOLED\u00ae\" \/>\n<meta property=\"article:modified_time\" content=\"2024-08-29T10:08:10+00:00\" \/>\n<meta name=\"twitter:card\" content=\"summary_large_image\" \/>\n<meta name=\"twitter:label1\" content=\"Dur\u00e9e de lecture estim\u00e9e\" \/>\n\t<meta name=\"twitter:data1\" content=\"11 minutes\" \/>\n<script type=\"application\/ld+json\" class=\"yoast-schema-graph\">{\"@context\":\"https:\/\/schema.org\",\"@graph\":[{\"@type\":\"WebPage\",\"@id\":\"https:\/\/isoled.info\/fr\/track48-nv-magnet-schienensystem\/anwendungen\/\",\"url\":\"https:\/\/isoled.info\/fr\/track48-nv-magnet-schienensystem\/anwendungen\/\",\"name\":\"Track48 - Applications Syst\u00e8me de rail magn\u00e9tique ISOLED\",\"isPartOf\":{\"@id\":\"https:\/\/isoled.info\/fr\/#website\"},\"datePublished\":\"2023-11-08T09:51:30+00:00\",\"dateModified\":\"2024-08-29T10:08:10+00:00\",\"description\":\"Track48 - Que ce soit sur le lieu de travail, dans l'habitat ou dans la gastronomie, ses possibilit\u00e9s d'utilisation sont presque illimit\u00e9es. En savoir plus !\",\"breadcrumb\":{\"@id\":\"https:\/\/isoled.info\/fr\/track48-nv-magnet-schienensystem\/anwendungen\/#breadcrumb\"},\"inLanguage\":\"fr-FR\",\"potentialAction\":[{\"@type\":\"ReadAction\",\"target\":[\"https:\/\/isoled.info\/fr\/track48-nv-magnet-schienensystem\/anwendungen\/\"]}]},{\"@type\":\"BreadcrumbList\",\"@id\":\"https:\/\/isoled.info\/fr\/track48-nv-magnet-schienensystem\/anwendungen\/#breadcrumb\",\"itemListElement\":[{\"@type\":\"ListItem\",\"position\":1,\"name\":\"Home\",\"item\":\"https:\/\/isoled.info\/fr\/\"},{\"@type\":\"ListItem\",\"position\":2,\"name\":\"Track48 NV Magnet-Schienensystem FR\",\"item\":\"https:\/\/isoled.info\/fr\/track48-nv-magnet-schienensystem\/\"},{\"@type\":\"ListItem\",\"position\":3,\"name\":\"Track48 Anwendungen FR\"}]},{\"@type\":\"WebSite\",\"@id\":\"https:\/\/isoled.info\/fr\/#website\",\"url\":\"https:\/\/isoled.info\/fr\/\",\"name\":\"ISOLED\u00ae\",\"description\":\"Customised Light Solutions\",\"publisher\":{\"@id\":\"https:\/\/isoled.info\/fr\/#organization\"},\"potentialAction\":[{\"@type\":\"SearchAction\",\"target\":{\"@type\":\"EntryPoint\",\"urlTemplate\":\"https:\/\/isoled.info\/fr\/?s={search_term_string}\"},\"query-input\":{\"@type\":\"PropertyValueSpecification\",\"valueRequired\":true,\"valueName\":\"search_term_string\"}}],\"inLanguage\":\"fr-FR\"},{\"@type\":\"Organization\",\"@id\":\"https:\/\/isoled.info\/fr\/#organization\",\"name\":\"ISOLED\",\"url\":\"https:\/\/isoled.info\/fr\/\",\"logo\":{\"@type\":\"ImageObject\",\"inLanguage\":\"fr-FR\",\"@id\":\"https:\/\/isoled.info\/fr\/#\/schema\/logo\/image\/\",\"url\":\"https:\/\/isoled.info\/wp-content\/uploads\/2020\/10\/isoled-customised-light-solutions-g1.png\",\"contentUrl\":\"https:\/\/isoled.info\/wp-content\/uploads\/2020\/10\/isoled-customised-light-solutions-g1.png\",\"width\":1200,\"height\":900,\"caption\":\"ISOLED\"},\"image\":{\"@id\":\"https:\/\/isoled.info\/fr\/#\/schema\/logo\/image\/\"}}]}<\/script>\n<!-- \/ Yoast SEO plugin. -->","yoast_head_json":{"title":"Track48 - Applications Syst\u00e8me de rail magn\u00e9tique ISOLED","description":"Track48 - Que ce soit sur le lieu de travail, dans l'habitat ou dans la gastronomie, ses possibilit\u00e9s d'utilisation sont presque illimit\u00e9es. En savoir plus !","robots":{"index":"index","follow":"follow","max-snippet":"max-snippet:-1","max-image-preview":"max-image-preview:large","max-video-preview":"max-video-preview:-1"},"canonical":"https:\/\/isoled.info\/fr\/track48-nv-magnet-schienensystem\/anwendungen\/","og_locale":"fr_FR","og_type":"article","og_title":"Track48 - Applications Syst\u00e8me de rail magn\u00e9tique ISOLED","og_description":"Track48 - Que ce soit sur le lieu de travail, dans l'habitat ou dans la gastronomie, ses possibilit\u00e9s d'utilisation sont presque illimit\u00e9es. En savoir plus !","og_url":"https:\/\/isoled.info\/fr\/track48-nv-magnet-schienensystem\/anwendungen\/","og_site_name":"ISOLED\u00ae","article_modified_time":"2024-08-29T10:08:10+00:00","twitter_card":"summary_large_image","twitter_misc":{"Dur\u00e9e de lecture estim\u00e9e":"11 minutes"},"schema":{"@context":"https:\/\/schema.org","@graph":[{"@type":"WebPage","@id":"https:\/\/isoled.info\/fr\/track48-nv-magnet-schienensystem\/anwendungen\/","url":"https:\/\/isoled.info\/fr\/track48-nv-magnet-schienensystem\/anwendungen\/","name":"Track48 - Applications Syst\u00e8me de rail magn\u00e9tique ISOLED","isPartOf":{"@id":"https:\/\/isoled.info\/fr\/#website"},"datePublished":"2023-11-08T09:51:30+00:00","dateModified":"2024-08-29T10:08:10+00:00","description":"Track48 - Que ce soit sur le lieu de travail, dans l'habitat ou dans la gastronomie, ses possibilit\u00e9s d'utilisation sont presque illimit\u00e9es. En savoir plus !","breadcrumb":{"@id":"https:\/\/isoled.info\/fr\/track48-nv-magnet-schienensystem\/anwendungen\/#breadcrumb"},"inLanguage":"fr-FR","potentialAction":[{"@type":"ReadAction","target":["https:\/\/isoled.info\/fr\/track48-nv-magnet-schienensystem\/anwendungen\/"]}]},{"@type":"BreadcrumbList","@id":"https:\/\/isoled.info\/fr\/track48-nv-magnet-schienensystem\/anwendungen\/#breadcrumb","itemListElement":[{"@type":"ListItem","position":1,"name":"Home","item":"https:\/\/isoled.info\/fr\/"},{"@type":"ListItem","position":2,"name":"Track48 NV Magnet-Schienensystem FR","item":"https:\/\/isoled.info\/fr\/track48-nv-magnet-schienensystem\/"},{"@type":"ListItem","position":3,"name":"Track48 Anwendungen FR"}]},{"@type":"WebSite","@id":"https:\/\/isoled.info\/fr\/#website","url":"https:\/\/isoled.info\/fr\/","name":"ISOLED\u00ae","description":"Customised Light Solutions","publisher":{"@id":"https:\/\/isoled.info\/fr\/#organization"},"potentialAction":[{"@type":"SearchAction","target":{"@type":"EntryPoint","urlTemplate":"https:\/\/isoled.info\/fr\/?s={search_term_string}"},"query-input":{"@type":"PropertyValueSpecification","valueRequired":true,"valueName":"search_term_string"}}],"inLanguage":"fr-FR"},{"@type":"Organization","@id":"https:\/\/isoled.info\/fr\/#organization","name":"ISOLED","url":"https:\/\/isoled.info\/fr\/","logo":{"@type":"ImageObject","inLanguage":"fr-FR","@id":"https:\/\/isoled.info\/fr\/#\/schema\/logo\/image\/","url":"https:\/\/isoled.info\/wp-content\/uploads\/2020\/10\/isoled-customised-light-solutions-g1.png","contentUrl":"https:\/\/isoled.info\/wp-content\/uploads\/2020\/10\/isoled-customised-light-solutions-g1.png","width":1200,"height":900,"caption":"ISOLED"},"image":{"@id":"https:\/\/isoled.info\/fr\/#\/schema\/logo\/image\/"}}]}},"_links":{"self":[{"href":"https:\/\/isoled.info\/fr\/wp-json\/wp\/v2\/pages\/20231","targetHints":{"allow":["GET"]}}],"collection":[{"href":"https:\/\/isoled.info\/fr\/wp-json\/wp\/v2\/pages"}],"about":[{"href":"https:\/\/isoled.info\/fr\/wp-json\/wp\/v2\/types\/page"}],"author":[{"embeddable":true,"href":"https:\/\/isoled.info\/fr\/wp-json\/wp\/v2\/users\/17"}],"replies":[{"embeddable":true,"href":"https:\/\/isoled.info\/fr\/wp-json\/wp\/v2\/comments?post=20231"}],"version-history":[{"count":2,"href":"https:\/\/isoled.info\/fr\/wp-json\/wp\/v2\/pages\/20231\/revisions"}],"predecessor-version":[{"id":36261,"href":"https:\/\/isoled.info\/fr\/wp-json\/wp\/v2\/pages\/20231\/revisions\/36261"}],"up":[{"embeddable":true,"href":"https:\/\/isoled.info\/fr\/wp-json\/wp\/v2\/pages\/20218"}],"wp:attachment":[{"href":"https:\/\/isoled.info\/fr\/wp-json\/wp\/v2\/media?parent=20231"}],"curies":[{"name":"wp","href":"https:\/\/api.w.org\/{rel}","templated":true}]}}