{"id":24082,"date":"2023-12-05T09:29:55","date_gmt":"2023-12-05T08:29:55","guid":{"rendered":"https:\/\/isoled.info\/?page_id=24082"},"modified":"2026-05-13T12:14:35","modified_gmt":"2026-05-13T10:14:35","slug":"modulares-lichtbandsystem-produkte","status":"publish","type":"page","link":"https:\/\/isoled.info\/fr\/modulares-lichtbandsystem\/modulares-lichtbandsystem-produkte\/","title":{"rendered":"Modulares Lichtbandsystem-Produkte FR"},"content":{"rendered":"<div id=\"cs-content\" class=\"cs-content\"><\/div>\n","protected":false},"excerpt":{"rendered":"<p>Luminaires lin\u00e9aires sur mesure &#8211; D\u00e9couvrez notre syst\u00e8me de bandeaux lumineux EN QUELQUES \u00c9TAPES, VOTRE LUMINAIRE PERSONNALIS\u00c9 ! Les syst\u00e8mes de bandeaux lumineux lin\u00e9aires peuvent \u00eatre mont\u00e9s en saillie ou suspendus par c\u00e2ble. Pour les deux syst\u00e8mes, aussi bien pour le PROLAMP30 que pour le PROLAMP40, il est possible de r\u00e9aliser un \u00e9clairage indirect avec les lampes suspendues par c\u00e2ble. &#8230; <\/p>\n<div><a href=\"https:\/\/isoled.info\/fr\/modulares-lichtbandsystem\/modulares-lichtbandsystem-produkte\/\" class=\"more-link\">Read More<\/a><\/div>\n","protected":false},"author":17,"featured_media":0,"parent":24078,"menu_order":0,"comment_status":"closed","ping_status":"closed","template":"template-blank-4.php","meta":{"footnotes":""},"class_list":["post-24082","page","type-page","status-publish","hentry","no-post-thumbnail"],"yoast_head":"<!-- This site is optimized with the Yoast SEO plugin v27.0 - https:\/\/yoast.com\/product\/yoast-seo-wordpress\/ -->\n<title>PROLAMP serie | Luminaires lin\u00e9aires sur mesure d&#039;ISOLED\u00ae.<\/title>\n<meta name=\"description\" content=\"D\u00e9couvrez nos nouveaux luminaires PROLAMP : Luminaires sur mesure en saillie ou suspendus. Des conseils d&#039;experts pour votre projet d&#039;\u00e9clairage. Demandez maintenant !\" \/>\n<meta name=\"robots\" content=\"index, follow, max-snippet:-1, max-image-preview:large, max-video-preview:-1\" \/>\n<link rel=\"canonical\" href=\"https:\/\/isoled.info\/fr\/modulares-lichtbandsystem\/modulares-lichtbandsystem-produkte\/\" \/>\n<meta property=\"og:locale\" content=\"fr_FR\" \/>\n<meta property=\"og:type\" content=\"article\" \/>\n<meta property=\"og:title\" content=\"PROLAMP serie | Luminaires lin\u00e9aires sur mesure d&#039;ISOLED\u00ae.\" \/>\n<meta property=\"og:description\" content=\"D\u00e9couvrez nos nouveaux luminaires PROLAMP : Luminaires sur mesure en saillie ou suspendus. Des conseils d&#039;experts pour votre projet d&#039;\u00e9clairage. Demandez maintenant !\" \/>\n<meta property=\"og:url\" content=\"https:\/\/isoled.info\/fr\/modulares-lichtbandsystem\/modulares-lichtbandsystem-produkte\/\" \/>\n<meta property=\"og:site_name\" content=\"ISOLED\u00ae\" \/>\n<meta property=\"article:modified_time\" content=\"2026-05-13T10:14:35+00:00\" \/>\n<meta property=\"og:image\" content=\"https:\/\/isoled.info\/wp-content\/uploads\/2024\/07\/aufzaehlung-icon.png\" \/>\n<meta name=\"twitter:card\" content=\"summary_large_image\" \/>\n<meta name=\"twitter:label1\" content=\"Dur\u00e9e de lecture estim\u00e9e\" \/>\n\t<meta name=\"twitter:data1\" content=\"22 minutes\" \/>\n<script type=\"application\/ld+json\" class=\"yoast-schema-graph\">{\"@context\":\"https:\/\/schema.org\",\"@graph\":[{\"@type\":\"WebPage\",\"@id\":\"https:\/\/isoled.info\/fr\/modulares-lichtbandsystem\/modulares-lichtbandsystem-produkte\/\",\"url\":\"https:\/\/isoled.info\/fr\/modulares-lichtbandsystem\/modulares-lichtbandsystem-produkte\/\",\"name\":\"PROLAMP serie | Luminaires lin\u00e9aires sur mesure d'ISOLED\u00ae.\",\"isPartOf\":{\"@id\":\"https:\/\/isoled.info\/fr\/#website\"},\"primaryImageOfPage\":{\"@id\":\"https:\/\/isoled.info\/fr\/modulares-lichtbandsystem\/modulares-lichtbandsystem-produkte\/#primaryimage\"},\"image\":{\"@id\":\"https:\/\/isoled.info\/fr\/modulares-lichtbandsystem\/modulares-lichtbandsystem-produkte\/#primaryimage\"},\"thumbnailUrl\":\"https:\/\/isoled.info\/wp-content\/uploads\/2024\/07\/aufzaehlung-icon.png\",\"datePublished\":\"2023-12-05T08:29:55+00:00\",\"dateModified\":\"2026-05-13T10:14:35+00:00\",\"description\":\"D\u00e9couvrez nos nouveaux luminaires PROLAMP : Luminaires sur mesure en saillie ou suspendus. Des conseils d'experts pour votre projet d'\u00e9clairage. Demandez maintenant !\",\"breadcrumb\":{\"@id\":\"https:\/\/isoled.info\/fr\/modulares-lichtbandsystem\/modulares-lichtbandsystem-produkte\/#breadcrumb\"},\"inLanguage\":\"fr-FR\",\"potentialAction\":[{\"@type\":\"ReadAction\",\"target\":[\"https:\/\/isoled.info\/fr\/modulares-lichtbandsystem\/modulares-lichtbandsystem-produkte\/\"]}]},{\"@type\":\"ImageObject\",\"inLanguage\":\"fr-FR\",\"@id\":\"https:\/\/isoled.info\/fr\/modulares-lichtbandsystem\/modulares-lichtbandsystem-produkte\/#primaryimage\",\"url\":\"https:\/\/isoled.info\/wp-content\/uploads\/2024\/07\/aufzaehlung-icon.png\",\"contentUrl\":\"https:\/\/isoled.info\/wp-content\/uploads\/2024\/07\/aufzaehlung-icon.png\"},{\"@type\":\"BreadcrumbList\",\"@id\":\"https:\/\/isoled.info\/fr\/modulares-lichtbandsystem\/modulares-lichtbandsystem-produkte\/#breadcrumb\",\"itemListElement\":[{\"@type\":\"ListItem\",\"position\":1,\"name\":\"Home\",\"item\":\"https:\/\/isoled.info\/fr\/\"},{\"@type\":\"ListItem\",\"position\":2,\"name\":\"Modulares Lichtbandsystem FR\",\"item\":\"https:\/\/isoled.info\/fr\/modulares-lichtbandsystem\/\"},{\"@type\":\"ListItem\",\"position\":3,\"name\":\"Modulares Lichtbandsystem-Produkte FR\"}]},{\"@type\":\"WebSite\",\"@id\":\"https:\/\/isoled.info\/fr\/#website\",\"url\":\"https:\/\/isoled.info\/fr\/\",\"name\":\"ISOLED\u00ae\",\"description\":\"Customised Light Solutions\",\"publisher\":{\"@id\":\"https:\/\/isoled.info\/fr\/#organization\"},\"potentialAction\":[{\"@type\":\"SearchAction\",\"target\":{\"@type\":\"EntryPoint\",\"urlTemplate\":\"https:\/\/isoled.info\/fr\/?s={search_term_string}\"},\"query-input\":{\"@type\":\"PropertyValueSpecification\",\"valueRequired\":true,\"valueName\":\"search_term_string\"}}],\"inLanguage\":\"fr-FR\"},{\"@type\":\"Organization\",\"@id\":\"https:\/\/isoled.info\/fr\/#organization\",\"name\":\"ISOLED\",\"url\":\"https:\/\/isoled.info\/fr\/\",\"logo\":{\"@type\":\"ImageObject\",\"inLanguage\":\"fr-FR\",\"@id\":\"https:\/\/isoled.info\/fr\/#\/schema\/logo\/image\/\",\"url\":\"https:\/\/isoled.info\/wp-content\/uploads\/2020\/10\/isoled-customised-light-solutions-g1.png\",\"contentUrl\":\"https:\/\/isoled.info\/wp-content\/uploads\/2020\/10\/isoled-customised-light-solutions-g1.png\",\"width\":1200,\"height\":900,\"caption\":\"ISOLED\"},\"image\":{\"@id\":\"https:\/\/isoled.info\/fr\/#\/schema\/logo\/image\/\"}}]}<\/script>\n<!-- \/ Yoast SEO plugin. -->","yoast_head_json":{"title":"PROLAMP serie | Luminaires lin\u00e9aires sur mesure d'ISOLED\u00ae.","description":"D\u00e9couvrez nos nouveaux luminaires PROLAMP : Luminaires sur mesure en saillie ou suspendus. Des conseils d'experts pour votre projet d'\u00e9clairage. Demandez maintenant !","robots":{"index":"index","follow":"follow","max-snippet":"max-snippet:-1","max-image-preview":"max-image-preview:large","max-video-preview":"max-video-preview:-1"},"canonical":"https:\/\/isoled.info\/fr\/modulares-lichtbandsystem\/modulares-lichtbandsystem-produkte\/","og_locale":"fr_FR","og_type":"article","og_title":"PROLAMP serie | Luminaires lin\u00e9aires sur mesure d'ISOLED\u00ae.","og_description":"D\u00e9couvrez nos nouveaux luminaires PROLAMP : Luminaires sur mesure en saillie ou suspendus. Des conseils d'experts pour votre projet d'\u00e9clairage. Demandez maintenant !","og_url":"https:\/\/isoled.info\/fr\/modulares-lichtbandsystem\/modulares-lichtbandsystem-produkte\/","og_site_name":"ISOLED\u00ae","article_modified_time":"2026-05-13T10:14:35+00:00","og_image":[{"url":"https:\/\/isoled.info\/wp-content\/uploads\/2024\/07\/aufzaehlung-icon.png","type":"","width":"","height":""}],"twitter_card":"summary_large_image","twitter_misc":{"Dur\u00e9e de lecture estim\u00e9e":"22 minutes"},"schema":{"@context":"https:\/\/schema.org","@graph":[{"@type":"WebPage","@id":"https:\/\/isoled.info\/fr\/modulares-lichtbandsystem\/modulares-lichtbandsystem-produkte\/","url":"https:\/\/isoled.info\/fr\/modulares-lichtbandsystem\/modulares-lichtbandsystem-produkte\/","name":"PROLAMP serie | Luminaires lin\u00e9aires sur mesure d'ISOLED\u00ae.","isPartOf":{"@id":"https:\/\/isoled.info\/fr\/#website"},"primaryImageOfPage":{"@id":"https:\/\/isoled.info\/fr\/modulares-lichtbandsystem\/modulares-lichtbandsystem-produkte\/#primaryimage"},"image":{"@id":"https:\/\/isoled.info\/fr\/modulares-lichtbandsystem\/modulares-lichtbandsystem-produkte\/#primaryimage"},"thumbnailUrl":"https:\/\/isoled.info\/wp-content\/uploads\/2024\/07\/aufzaehlung-icon.png","datePublished":"2023-12-05T08:29:55+00:00","dateModified":"2026-05-13T10:14:35+00:00","description":"D\u00e9couvrez nos nouveaux luminaires PROLAMP : Luminaires sur mesure en saillie ou suspendus. Des conseils d'experts pour votre projet d'\u00e9clairage. Demandez maintenant !","breadcrumb":{"@id":"https:\/\/isoled.info\/fr\/modulares-lichtbandsystem\/modulares-lichtbandsystem-produkte\/#breadcrumb"},"inLanguage":"fr-FR","potentialAction":[{"@type":"ReadAction","target":["https:\/\/isoled.info\/fr\/modulares-lichtbandsystem\/modulares-lichtbandsystem-produkte\/"]}]},{"@type":"ImageObject","inLanguage":"fr-FR","@id":"https:\/\/isoled.info\/fr\/modulares-lichtbandsystem\/modulares-lichtbandsystem-produkte\/#primaryimage","url":"https:\/\/isoled.info\/wp-content\/uploads\/2024\/07\/aufzaehlung-icon.png","contentUrl":"https:\/\/isoled.info\/wp-content\/uploads\/2024\/07\/aufzaehlung-icon.png"},{"@type":"BreadcrumbList","@id":"https:\/\/isoled.info\/fr\/modulares-lichtbandsystem\/modulares-lichtbandsystem-produkte\/#breadcrumb","itemListElement":[{"@type":"ListItem","position":1,"name":"Home","item":"https:\/\/isoled.info\/fr\/"},{"@type":"ListItem","position":2,"name":"Modulares Lichtbandsystem FR","item":"https:\/\/isoled.info\/fr\/modulares-lichtbandsystem\/"},{"@type":"ListItem","position":3,"name":"Modulares Lichtbandsystem-Produkte FR"}]},{"@type":"WebSite","@id":"https:\/\/isoled.info\/fr\/#website","url":"https:\/\/isoled.info\/fr\/","name":"ISOLED\u00ae","description":"Customised Light Solutions","publisher":{"@id":"https:\/\/isoled.info\/fr\/#organization"},"potentialAction":[{"@type":"SearchAction","target":{"@type":"EntryPoint","urlTemplate":"https:\/\/isoled.info\/fr\/?s={search_term_string}"},"query-input":{"@type":"PropertyValueSpecification","valueRequired":true,"valueName":"search_term_string"}}],"inLanguage":"fr-FR"},{"@type":"Organization","@id":"https:\/\/isoled.info\/fr\/#organization","name":"ISOLED","url":"https:\/\/isoled.info\/fr\/","logo":{"@type":"ImageObject","inLanguage":"fr-FR","@id":"https:\/\/isoled.info\/fr\/#\/schema\/logo\/image\/","url":"https:\/\/isoled.info\/wp-content\/uploads\/2020\/10\/isoled-customised-light-solutions-g1.png","contentUrl":"https:\/\/isoled.info\/wp-content\/uploads\/2020\/10\/isoled-customised-light-solutions-g1.png","width":1200,"height":900,"caption":"ISOLED"},"image":{"@id":"https:\/\/isoled.info\/fr\/#\/schema\/logo\/image\/"}}]}},"_links":{"self":[{"href":"https:\/\/isoled.info\/fr\/wp-json\/wp\/v2\/pages\/24082","targetHints":{"allow":["GET"]}}],"collection":[{"href":"https:\/\/isoled.info\/fr\/wp-json\/wp\/v2\/pages"}],"about":[{"href":"https:\/\/isoled.info\/fr\/wp-json\/wp\/v2\/types\/page"}],"author":[{"embeddable":true,"href":"https:\/\/isoled.info\/fr\/wp-json\/wp\/v2\/users\/17"}],"replies":[{"embeddable":true,"href":"https:\/\/isoled.info\/fr\/wp-json\/wp\/v2\/comments?post=24082"}],"version-history":[{"count":2,"href":"https:\/\/isoled.info\/fr\/wp-json\/wp\/v2\/pages\/24082\/revisions"}],"predecessor-version":[{"id":46965,"href":"https:\/\/isoled.info\/fr\/wp-json\/wp\/v2\/pages\/24082\/revisions\/46965"}],"up":[{"embeddable":true,"href":"https:\/\/isoled.info\/fr\/wp-json\/wp\/v2\/pages\/24078"}],"wp:attachment":[{"href":"https:\/\/isoled.info\/fr\/wp-json\/wp\/v2\/media?parent=24082"}],"curies":[{"name":"wp","href":"https:\/\/api.w.org\/{rel}","templated":true}]}}