{"id":923,"date":"2023-07-28T15:31:07","date_gmt":"2023-07-28T13:31:07","guid":{"rendered":"https:\/\/isoled.info\/?page_id=923"},"modified":"2025-11-11T12:19:11","modified_gmt":"2025-11-11T11:19:11","slug":"led-beleuchtung-steckerfertig","status":"publish","type":"page","link":"https:\/\/isoled.info\/fr\/miniamp-steckerfertig\/led-beleuchtung-steckerfertig\/","title":{"rendered":"MiniAMP &#8211; LED Beleuchtung Steckerfertig &#8211; FR"},"content":{"rendered":"<div id=\"cs-content\" class=\"cs-content\"><\/div>\n","protected":false},"excerpt":{"rendered":"<p>LA GRANDE VARI\u00c9T\u00c9 DE PRODUITS MINIAMP Id\u00e9al pour les artisans tels que les charpentiers, les menuisiers et les fabricants de meublesQu&#8217;il s&#8217;agisse de rubans flexibles \u00e0 LED, de lampes en saillie ou de capteurs : Dans notre assortiment pr\u00eat \u00e0 brancher, vous trouverez toujours les produits adapt\u00e9s \u00e0 votre projet. Nous nous ferons un plaisir de vous conseiller !MINIAMP &#8211; &#8230; <\/p>\n<div><a href=\"https:\/\/isoled.info\/fr\/miniamp-steckerfertig\/led-beleuchtung-steckerfertig\/\" class=\"more-link\">Read More<\/a><\/div>\n","protected":false},"author":8,"featured_media":0,"parent":16672,"menu_order":0,"comment_status":"closed","ping_status":"closed","template":"template-blank-4.php","meta":{"footnotes":""},"class_list":["post-923","page","type-page","status-publish","hentry","no-post-thumbnail"],"yoast_head":"<!-- This site is optimized with the Yoast SEO plugin v27.0 - https:\/\/yoast.com\/product\/yoast-seo-wordpress\/ -->\n<title>Gamme de produits MiniAMP - \u00c9clairage LED pr\u00eat \u00e0 brancher d&#039;ISOLED<\/title>\n<meta name=\"description\" content=\"Gamme de produits pour la mise en \u0153uvre rapide et \u00e9conomique de solutions d&#039;\u00e9clairage LED | Sans travaux \u00e9lectriques sp\u00e9cialis\u00e9s | Optimal pour les artisans | Demandez maintenant !\" \/>\n<meta name=\"robots\" content=\"index, follow, max-snippet:-1, max-image-preview:large, max-video-preview:-1\" \/>\n<link rel=\"canonical\" href=\"https:\/\/isoled.info\/fr\/miniamp-steckerfertig\/led-beleuchtung-steckerfertig\/\" \/>\n<meta property=\"og:locale\" content=\"fr_FR\" \/>\n<meta property=\"og:type\" content=\"article\" \/>\n<meta property=\"og:title\" content=\"Gamme de produits MiniAMP - \u00c9clairage LED pr\u00eat \u00e0 brancher d&#039;ISOLED\" \/>\n<meta property=\"og:description\" content=\"Gamme de produits pour la mise en \u0153uvre rapide et \u00e9conomique de solutions d&#039;\u00e9clairage LED | Sans travaux \u00e9lectriques sp\u00e9cialis\u00e9s | Optimal pour les artisans | Demandez maintenant !\" \/>\n<meta property=\"og:url\" content=\"https:\/\/isoled.info\/fr\/miniamp-steckerfertig\/led-beleuchtung-steckerfertig\/\" \/>\n<meta property=\"og:site_name\" content=\"ISOLED\u00ae\" \/>\n<meta property=\"article:modified_time\" content=\"2025-11-11T11:19:11+00:00\" \/>\n<meta property=\"og:image\" content=\"https:\/\/isoled.info\/wp-content\/uploads\/2020\/12\/led-beleuchtung-steckerfertig-de-2.jpg\" \/>\n<meta name=\"twitter:card\" content=\"summary_large_image\" \/>\n<meta name=\"twitter:label1\" content=\"Dur\u00e9e de lecture estim\u00e9e\" \/>\n\t<meta name=\"twitter:data1\" content=\"19 minutes\" \/>\n<script type=\"application\/ld+json\" class=\"yoast-schema-graph\">{\"@context\":\"https:\/\/schema.org\",\"@graph\":[{\"@type\":\"WebPage\",\"@id\":\"https:\/\/isoled.info\/fr\/miniamp-steckerfertig\/led-beleuchtung-steckerfertig\/\",\"url\":\"https:\/\/isoled.info\/fr\/miniamp-steckerfertig\/led-beleuchtung-steckerfertig\/\",\"name\":\"Gamme de produits MiniAMP - \u00c9clairage LED pr\u00eat \u00e0 brancher d'ISOLED\",\"isPartOf\":{\"@id\":\"https:\/\/isoled.info\/fr\/#website\"},\"datePublished\":\"2023-07-28T13:31:07+00:00\",\"dateModified\":\"2025-11-11T11:19:11+00:00\",\"description\":\"Gamme de produits pour la mise en \u0153uvre rapide et \u00e9conomique de solutions d'\u00e9clairage LED | Sans travaux \u00e9lectriques sp\u00e9cialis\u00e9s | Optimal pour les artisans | Demandez maintenant !\",\"breadcrumb\":{\"@id\":\"https:\/\/isoled.info\/fr\/miniamp-steckerfertig\/led-beleuchtung-steckerfertig\/#breadcrumb\"},\"inLanguage\":\"fr-FR\",\"potentialAction\":[{\"@type\":\"ReadAction\",\"target\":[\"https:\/\/isoled.info\/fr\/miniamp-steckerfertig\/led-beleuchtung-steckerfertig\/\"]}]},{\"@type\":\"BreadcrumbList\",\"@id\":\"https:\/\/isoled.info\/fr\/miniamp-steckerfertig\/led-beleuchtung-steckerfertig\/#breadcrumb\",\"itemListElement\":[{\"@type\":\"ListItem\",\"position\":1,\"name\":\"Home\",\"item\":\"https:\/\/isoled.info\/fr\/\"},{\"@type\":\"ListItem\",\"position\":2,\"name\":\"MiniAMP Steckerfertig &#8211; \u00dcbersicht FR\",\"item\":\"https:\/\/isoled.info\/fr\/miniamp-steckerfertig\/\"},{\"@type\":\"ListItem\",\"position\":3,\"name\":\"MiniAMP &#8211; LED Beleuchtung Steckerfertig &#8211; FR\"}]},{\"@type\":\"WebSite\",\"@id\":\"https:\/\/isoled.info\/fr\/#website\",\"url\":\"https:\/\/isoled.info\/fr\/\",\"name\":\"ISOLED\u00ae\",\"description\":\"Customised Light Solutions\",\"publisher\":{\"@id\":\"https:\/\/isoled.info\/fr\/#organization\"},\"potentialAction\":[{\"@type\":\"SearchAction\",\"target\":{\"@type\":\"EntryPoint\",\"urlTemplate\":\"https:\/\/isoled.info\/fr\/?s={search_term_string}\"},\"query-input\":{\"@type\":\"PropertyValueSpecification\",\"valueRequired\":true,\"valueName\":\"search_term_string\"}}],\"inLanguage\":\"fr-FR\"},{\"@type\":\"Organization\",\"@id\":\"https:\/\/isoled.info\/fr\/#organization\",\"name\":\"ISOLED\",\"url\":\"https:\/\/isoled.info\/fr\/\",\"logo\":{\"@type\":\"ImageObject\",\"inLanguage\":\"fr-FR\",\"@id\":\"https:\/\/isoled.info\/fr\/#\/schema\/logo\/image\/\",\"url\":\"https:\/\/isoled.info\/wp-content\/uploads\/2020\/10\/isoled-customised-light-solutions-g1.png\",\"contentUrl\":\"https:\/\/isoled.info\/wp-content\/uploads\/2020\/10\/isoled-customised-light-solutions-g1.png\",\"width\":1200,\"height\":900,\"caption\":\"ISOLED\"},\"image\":{\"@id\":\"https:\/\/isoled.info\/fr\/#\/schema\/logo\/image\/\"}}]}<\/script>\n<!-- \/ Yoast SEO plugin. -->","yoast_head_json":{"title":"Gamme de produits MiniAMP - \u00c9clairage LED pr\u00eat \u00e0 brancher d'ISOLED","description":"Gamme de produits pour la mise en \u0153uvre rapide et \u00e9conomique de solutions d'\u00e9clairage LED | Sans travaux \u00e9lectriques sp\u00e9cialis\u00e9s | Optimal pour les artisans | Demandez maintenant !","robots":{"index":"index","follow":"follow","max-snippet":"max-snippet:-1","max-image-preview":"max-image-preview:large","max-video-preview":"max-video-preview:-1"},"canonical":"https:\/\/isoled.info\/fr\/miniamp-steckerfertig\/led-beleuchtung-steckerfertig\/","og_locale":"fr_FR","og_type":"article","og_title":"Gamme de produits MiniAMP - \u00c9clairage LED pr\u00eat \u00e0 brancher d'ISOLED","og_description":"Gamme de produits pour la mise en \u0153uvre rapide et \u00e9conomique de solutions d'\u00e9clairage LED | Sans travaux \u00e9lectriques sp\u00e9cialis\u00e9s | Optimal pour les artisans | Demandez maintenant !","og_url":"https:\/\/isoled.info\/fr\/miniamp-steckerfertig\/led-beleuchtung-steckerfertig\/","og_site_name":"ISOLED\u00ae","article_modified_time":"2025-11-11T11:19:11+00:00","og_image":[{"url":"https:\/\/isoled.info\/wp-content\/uploads\/2020\/12\/led-beleuchtung-steckerfertig-de-2.jpg","type":"","width":"","height":""}],"twitter_card":"summary_large_image","twitter_misc":{"Dur\u00e9e de lecture estim\u00e9e":"19 minutes"},"schema":{"@context":"https:\/\/schema.org","@graph":[{"@type":"WebPage","@id":"https:\/\/isoled.info\/fr\/miniamp-steckerfertig\/led-beleuchtung-steckerfertig\/","url":"https:\/\/isoled.info\/fr\/miniamp-steckerfertig\/led-beleuchtung-steckerfertig\/","name":"Gamme de produits MiniAMP - \u00c9clairage LED pr\u00eat \u00e0 brancher d'ISOLED","isPartOf":{"@id":"https:\/\/isoled.info\/fr\/#website"},"datePublished":"2023-07-28T13:31:07+00:00","dateModified":"2025-11-11T11:19:11+00:00","description":"Gamme de produits pour la mise en \u0153uvre rapide et \u00e9conomique de solutions d'\u00e9clairage LED | Sans travaux \u00e9lectriques sp\u00e9cialis\u00e9s | Optimal pour les artisans | Demandez maintenant !","breadcrumb":{"@id":"https:\/\/isoled.info\/fr\/miniamp-steckerfertig\/led-beleuchtung-steckerfertig\/#breadcrumb"},"inLanguage":"fr-FR","potentialAction":[{"@type":"ReadAction","target":["https:\/\/isoled.info\/fr\/miniamp-steckerfertig\/led-beleuchtung-steckerfertig\/"]}]},{"@type":"BreadcrumbList","@id":"https:\/\/isoled.info\/fr\/miniamp-steckerfertig\/led-beleuchtung-steckerfertig\/#breadcrumb","itemListElement":[{"@type":"ListItem","position":1,"name":"Home","item":"https:\/\/isoled.info\/fr\/"},{"@type":"ListItem","position":2,"name":"MiniAMP Steckerfertig &#8211; \u00dcbersicht FR","item":"https:\/\/isoled.info\/fr\/miniamp-steckerfertig\/"},{"@type":"ListItem","position":3,"name":"MiniAMP &#8211; LED Beleuchtung Steckerfertig &#8211; FR"}]},{"@type":"WebSite","@id":"https:\/\/isoled.info\/fr\/#website","url":"https:\/\/isoled.info\/fr\/","name":"ISOLED\u00ae","description":"Customised Light Solutions","publisher":{"@id":"https:\/\/isoled.info\/fr\/#organization"},"potentialAction":[{"@type":"SearchAction","target":{"@type":"EntryPoint","urlTemplate":"https:\/\/isoled.info\/fr\/?s={search_term_string}"},"query-input":{"@type":"PropertyValueSpecification","valueRequired":true,"valueName":"search_term_string"}}],"inLanguage":"fr-FR"},{"@type":"Organization","@id":"https:\/\/isoled.info\/fr\/#organization","name":"ISOLED","url":"https:\/\/isoled.info\/fr\/","logo":{"@type":"ImageObject","inLanguage":"fr-FR","@id":"https:\/\/isoled.info\/fr\/#\/schema\/logo\/image\/","url":"https:\/\/isoled.info\/wp-content\/uploads\/2020\/10\/isoled-customised-light-solutions-g1.png","contentUrl":"https:\/\/isoled.info\/wp-content\/uploads\/2020\/10\/isoled-customised-light-solutions-g1.png","width":1200,"height":900,"caption":"ISOLED"},"image":{"@id":"https:\/\/isoled.info\/fr\/#\/schema\/logo\/image\/"}}]}},"_links":{"self":[{"href":"https:\/\/isoled.info\/fr\/wp-json\/wp\/v2\/pages\/923","targetHints":{"allow":["GET"]}}],"collection":[{"href":"https:\/\/isoled.info\/fr\/wp-json\/wp\/v2\/pages"}],"about":[{"href":"https:\/\/isoled.info\/fr\/wp-json\/wp\/v2\/types\/page"}],"author":[{"embeddable":true,"href":"https:\/\/isoled.info\/fr\/wp-json\/wp\/v2\/users\/8"}],"replies":[{"embeddable":true,"href":"https:\/\/isoled.info\/fr\/wp-json\/wp\/v2\/comments?post=923"}],"version-history":[{"count":2,"href":"https:\/\/isoled.info\/fr\/wp-json\/wp\/v2\/pages\/923\/revisions"}],"predecessor-version":[{"id":45146,"href":"https:\/\/isoled.info\/fr\/wp-json\/wp\/v2\/pages\/923\/revisions\/45146"}],"up":[{"embeddable":true,"href":"https:\/\/isoled.info\/fr\/wp-json\/wp\/v2\/pages\/16672"}],"wp:attachment":[{"href":"https:\/\/isoled.info\/fr\/wp-json\/wp\/v2\/media?parent=923"}],"curies":[{"name":"wp","href":"https:\/\/api.w.org\/{rel}","templated":true}]}}