{"id":942,"date":"2023-07-28T15:36:57","date_gmt":"2023-07-28T13:36:57","guid":{"rendered":"https:\/\/isoled.info\/?page_id=942"},"modified":"2026-02-19T15:35:26","modified_gmt":"2026-02-19T14:35:26","slug":"miniamp-anwendungsbeispiel-badezimmer","status":"publish","type":"page","link":"https:\/\/isoled.info\/fr\/miniamp-steckerfertig\/miniamp-anwendungsbeispiel-badezimmer\/","title":{"rendered":"MiniAMP Anwendungsbeispiel &#8211; Badezimmer &#8211; FR"},"content":{"rendered":"<div id=\"cs-content\" class=\"cs-content\"><\/div>\n","protected":false},"excerpt":{"rendered":"<p>\u00c9CLAIRAGE LED PR\u00caT \u00c0 BRANCHER | SALLE DE BAIN Optimal pour les artisans comme les menuisiers, les \u00e9b\u00e9nistes et les carreleursMONTAGE RAPIDE ET S\u00dbR AUCUN TRAVAIL \u00c9LECTRIQUE SP\u00c9CIFIQUE N&#8217;EST N\u00c9CESSAIRE PR\u00caT \u00c0 \u00caTRE BRANCH\u00c9 AVEC UNE CONNEXION RAPIDE CONSTRUCTION L\u00c9G\u00c8RE, PLATE ET PEU ENCOMBRANTE De nos jours, les salles de bains modernes sont bien plus qu&#8217;une &#8220;simple&#8221; salle d&#8217;eau. Pour &#8230; <\/p>\n<div><a href=\"https:\/\/isoled.info\/fr\/miniamp-steckerfertig\/miniamp-anwendungsbeispiel-badezimmer\/\" class=\"more-link\">Read More<\/a><\/div>\n","protected":false},"author":8,"featured_media":0,"parent":16672,"menu_order":0,"comment_status":"closed","ping_status":"closed","template":"template-blank-4.php","meta":{"footnotes":""},"class_list":["post-942","page","type-page","status-publish","hentry","no-post-thumbnail"],"yoast_head":"<!-- This site is optimized with the Yoast SEO plugin v27.0 - https:\/\/yoast.com\/product\/yoast-seo-wordpress\/ -->\n<title>MiniAMP - \u00c9clairage LED pour salle de bain pr\u00eat \u00e0 brancher - ISOLED\u00ae<\/title>\n<meta name=\"description\" content=\"\u00c9clairage LED pr\u00eat \u00e0 brancher - salle de bain. Installation facile - Aucun travail d&#039;\u00e9lectricien n&#039;est n\u00e9cessaire. Nous r\u00e9alisons votre projet.\" \/>\n<meta name=\"robots\" content=\"index, follow, max-snippet:-1, max-image-preview:large, max-video-preview:-1\" \/>\n<link rel=\"canonical\" href=\"https:\/\/isoled.info\/fr\/miniamp-steckerfertig\/miniamp-anwendungsbeispiel-badezimmer\/\" \/>\n<meta property=\"og:locale\" content=\"fr_FR\" \/>\n<meta property=\"og:type\" content=\"article\" \/>\n<meta property=\"og:title\" content=\"MiniAMP - \u00c9clairage LED pour salle de bain pr\u00eat \u00e0 brancher - ISOLED\u00ae\" \/>\n<meta property=\"og:description\" content=\"\u00c9clairage LED pr\u00eat \u00e0 brancher - salle de bain. Installation facile - Aucun travail d&#039;\u00e9lectricien n&#039;est n\u00e9cessaire. Nous r\u00e9alisons votre projet.\" \/>\n<meta property=\"og:url\" content=\"https:\/\/isoled.info\/fr\/miniamp-steckerfertig\/miniamp-anwendungsbeispiel-badezimmer\/\" \/>\n<meta property=\"og:site_name\" content=\"ISOLED\u00ae\" \/>\n<meta property=\"article:modified_time\" content=\"2026-02-19T14:35:26+00:00\" \/>\n<meta name=\"twitter:card\" content=\"summary_large_image\" \/>\n<meta name=\"twitter:label1\" content=\"Dur\u00e9e de lecture estim\u00e9e\" \/>\n\t<meta name=\"twitter:data1\" content=\"18 minutes\" \/>\n<script type=\"application\/ld+json\" class=\"yoast-schema-graph\">{\"@context\":\"https:\/\/schema.org\",\"@graph\":[{\"@type\":\"WebPage\",\"@id\":\"https:\/\/isoled.info\/fr\/miniamp-steckerfertig\/miniamp-anwendungsbeispiel-badezimmer\/\",\"url\":\"https:\/\/isoled.info\/fr\/miniamp-steckerfertig\/miniamp-anwendungsbeispiel-badezimmer\/\",\"name\":\"MiniAMP - \u00c9clairage LED pour salle de bain pr\u00eat \u00e0 brancher - ISOLED\u00ae\",\"isPartOf\":{\"@id\":\"https:\/\/isoled.info\/fr\/#website\"},\"datePublished\":\"2023-07-28T13:36:57+00:00\",\"dateModified\":\"2026-02-19T14:35:26+00:00\",\"description\":\"\u00c9clairage LED pr\u00eat \u00e0 brancher - salle de bain. Installation facile - Aucun travail d'\u00e9lectricien n'est n\u00e9cessaire. Nous r\u00e9alisons votre projet.\",\"breadcrumb\":{\"@id\":\"https:\/\/isoled.info\/fr\/miniamp-steckerfertig\/miniamp-anwendungsbeispiel-badezimmer\/#breadcrumb\"},\"inLanguage\":\"fr-FR\",\"potentialAction\":[{\"@type\":\"ReadAction\",\"target\":[\"https:\/\/isoled.info\/fr\/miniamp-steckerfertig\/miniamp-anwendungsbeispiel-badezimmer\/\"]}]},{\"@type\":\"BreadcrumbList\",\"@id\":\"https:\/\/isoled.info\/fr\/miniamp-steckerfertig\/miniamp-anwendungsbeispiel-badezimmer\/#breadcrumb\",\"itemListElement\":[{\"@type\":\"ListItem\",\"position\":1,\"name\":\"Home\",\"item\":\"https:\/\/isoled.info\/fr\/\"},{\"@type\":\"ListItem\",\"position\":2,\"name\":\"MiniAMP Steckerfertig &#8211; \u00dcbersicht FR\",\"item\":\"https:\/\/isoled.info\/fr\/miniamp-steckerfertig\/\"},{\"@type\":\"ListItem\",\"position\":3,\"name\":\"MiniAMP Anwendungsbeispiel &#8211; Badezimmer &#8211; FR\"}]},{\"@type\":\"WebSite\",\"@id\":\"https:\/\/isoled.info\/fr\/#website\",\"url\":\"https:\/\/isoled.info\/fr\/\",\"name\":\"ISOLED\u00ae\",\"description\":\"Customised Light Solutions\",\"publisher\":{\"@id\":\"https:\/\/isoled.info\/fr\/#organization\"},\"potentialAction\":[{\"@type\":\"SearchAction\",\"target\":{\"@type\":\"EntryPoint\",\"urlTemplate\":\"https:\/\/isoled.info\/fr\/?s={search_term_string}\"},\"query-input\":{\"@type\":\"PropertyValueSpecification\",\"valueRequired\":true,\"valueName\":\"search_term_string\"}}],\"inLanguage\":\"fr-FR\"},{\"@type\":\"Organization\",\"@id\":\"https:\/\/isoled.info\/fr\/#organization\",\"name\":\"ISOLED\",\"url\":\"https:\/\/isoled.info\/fr\/\",\"logo\":{\"@type\":\"ImageObject\",\"inLanguage\":\"fr-FR\",\"@id\":\"https:\/\/isoled.info\/fr\/#\/schema\/logo\/image\/\",\"url\":\"https:\/\/isoled.info\/wp-content\/uploads\/2020\/10\/isoled-customised-light-solutions-g1.png\",\"contentUrl\":\"https:\/\/isoled.info\/wp-content\/uploads\/2020\/10\/isoled-customised-light-solutions-g1.png\",\"width\":1200,\"height\":900,\"caption\":\"ISOLED\"},\"image\":{\"@id\":\"https:\/\/isoled.info\/fr\/#\/schema\/logo\/image\/\"}}]}<\/script>\n<!-- \/ Yoast SEO plugin. -->","yoast_head_json":{"title":"MiniAMP - \u00c9clairage LED pour salle de bain pr\u00eat \u00e0 brancher - ISOLED\u00ae","description":"\u00c9clairage LED pr\u00eat \u00e0 brancher - salle de bain. Installation facile - Aucun travail d'\u00e9lectricien n'est n\u00e9cessaire. Nous r\u00e9alisons votre projet.","robots":{"index":"index","follow":"follow","max-snippet":"max-snippet:-1","max-image-preview":"max-image-preview:large","max-video-preview":"max-video-preview:-1"},"canonical":"https:\/\/isoled.info\/fr\/miniamp-steckerfertig\/miniamp-anwendungsbeispiel-badezimmer\/","og_locale":"fr_FR","og_type":"article","og_title":"MiniAMP - \u00c9clairage LED pour salle de bain pr\u00eat \u00e0 brancher - ISOLED\u00ae","og_description":"\u00c9clairage LED pr\u00eat \u00e0 brancher - salle de bain. Installation facile - Aucun travail d'\u00e9lectricien n'est n\u00e9cessaire. Nous r\u00e9alisons votre projet.","og_url":"https:\/\/isoled.info\/fr\/miniamp-steckerfertig\/miniamp-anwendungsbeispiel-badezimmer\/","og_site_name":"ISOLED\u00ae","article_modified_time":"2026-02-19T14:35:26+00:00","twitter_card":"summary_large_image","twitter_misc":{"Dur\u00e9e de lecture estim\u00e9e":"18 minutes"},"schema":{"@context":"https:\/\/schema.org","@graph":[{"@type":"WebPage","@id":"https:\/\/isoled.info\/fr\/miniamp-steckerfertig\/miniamp-anwendungsbeispiel-badezimmer\/","url":"https:\/\/isoled.info\/fr\/miniamp-steckerfertig\/miniamp-anwendungsbeispiel-badezimmer\/","name":"MiniAMP - \u00c9clairage LED pour salle de bain pr\u00eat \u00e0 brancher - ISOLED\u00ae","isPartOf":{"@id":"https:\/\/isoled.info\/fr\/#website"},"datePublished":"2023-07-28T13:36:57+00:00","dateModified":"2026-02-19T14:35:26+00:00","description":"\u00c9clairage LED pr\u00eat \u00e0 brancher - salle de bain. Installation facile - Aucun travail d'\u00e9lectricien n'est n\u00e9cessaire. Nous r\u00e9alisons votre projet.","breadcrumb":{"@id":"https:\/\/isoled.info\/fr\/miniamp-steckerfertig\/miniamp-anwendungsbeispiel-badezimmer\/#breadcrumb"},"inLanguage":"fr-FR","potentialAction":[{"@type":"ReadAction","target":["https:\/\/isoled.info\/fr\/miniamp-steckerfertig\/miniamp-anwendungsbeispiel-badezimmer\/"]}]},{"@type":"BreadcrumbList","@id":"https:\/\/isoled.info\/fr\/miniamp-steckerfertig\/miniamp-anwendungsbeispiel-badezimmer\/#breadcrumb","itemListElement":[{"@type":"ListItem","position":1,"name":"Home","item":"https:\/\/isoled.info\/fr\/"},{"@type":"ListItem","position":2,"name":"MiniAMP Steckerfertig &#8211; \u00dcbersicht FR","item":"https:\/\/isoled.info\/fr\/miniamp-steckerfertig\/"},{"@type":"ListItem","position":3,"name":"MiniAMP Anwendungsbeispiel &#8211; Badezimmer &#8211; FR"}]},{"@type":"WebSite","@id":"https:\/\/isoled.info\/fr\/#website","url":"https:\/\/isoled.info\/fr\/","name":"ISOLED\u00ae","description":"Customised Light Solutions","publisher":{"@id":"https:\/\/isoled.info\/fr\/#organization"},"potentialAction":[{"@type":"SearchAction","target":{"@type":"EntryPoint","urlTemplate":"https:\/\/isoled.info\/fr\/?s={search_term_string}"},"query-input":{"@type":"PropertyValueSpecification","valueRequired":true,"valueName":"search_term_string"}}],"inLanguage":"fr-FR"},{"@type":"Organization","@id":"https:\/\/isoled.info\/fr\/#organization","name":"ISOLED","url":"https:\/\/isoled.info\/fr\/","logo":{"@type":"ImageObject","inLanguage":"fr-FR","@id":"https:\/\/isoled.info\/fr\/#\/schema\/logo\/image\/","url":"https:\/\/isoled.info\/wp-content\/uploads\/2020\/10\/isoled-customised-light-solutions-g1.png","contentUrl":"https:\/\/isoled.info\/wp-content\/uploads\/2020\/10\/isoled-customised-light-solutions-g1.png","width":1200,"height":900,"caption":"ISOLED"},"image":{"@id":"https:\/\/isoled.info\/fr\/#\/schema\/logo\/image\/"}}]}},"_links":{"self":[{"href":"https:\/\/isoled.info\/fr\/wp-json\/wp\/v2\/pages\/942","targetHints":{"allow":["GET"]}}],"collection":[{"href":"https:\/\/isoled.info\/fr\/wp-json\/wp\/v2\/pages"}],"about":[{"href":"https:\/\/isoled.info\/fr\/wp-json\/wp\/v2\/types\/page"}],"author":[{"embeddable":true,"href":"https:\/\/isoled.info\/fr\/wp-json\/wp\/v2\/users\/8"}],"replies":[{"embeddable":true,"href":"https:\/\/isoled.info\/fr\/wp-json\/wp\/v2\/comments?post=942"}],"version-history":[{"count":2,"href":"https:\/\/isoled.info\/fr\/wp-json\/wp\/v2\/pages\/942\/revisions"}],"predecessor-version":[{"id":45777,"href":"https:\/\/isoled.info\/fr\/wp-json\/wp\/v2\/pages\/942\/revisions\/45777"}],"up":[{"embeddable":true,"href":"https:\/\/isoled.info\/fr\/wp-json\/wp\/v2\/pages\/16672"}],"wp:attachment":[{"href":"https:\/\/isoled.info\/fr\/wp-json\/wp\/v2\/media?parent=942"}],"curies":[{"name":"wp","href":"https:\/\/api.w.org\/{rel}","templated":true}]}}