{"id":9441,"date":"2022-08-11T14:20:45","date_gmt":"2022-08-11T12:20:45","guid":{"rendered":"https:\/\/isoled.info\/?page_id=9441"},"modified":"2024-10-15T12:39:25","modified_gmt":"2024-10-15T10:39:25","slug":"infrarotheizung-mit-licht","status":"publish","type":"page","link":"https:\/\/isoled.info\/fr\/infrarotheizung-mit-licht\/","title":{"rendered":"Infrarot Landingpage FR"},"content":{"rendered":"<div id=\"cs-content\" class=\"cs-content\"><\/div>\n","protected":false},"excerpt":{"rendered":"<p>Vous cherchez un moyen de chauffer de mani\u00e8re \u00e9conomique et efficace tout en apportant une touche esth\u00e9tique ? D\u00e9couvrez d\u00e8s maintenant notre chauffage infrarouge avec lumi\u00e8re ! Nous proposons des chauffages \u00e0 panneaux infrarouges performants sous forme de chauffage au plafond ou mural. Nos cadres lumineux \u00e0 LED, qui peuvent \u00eatre combin\u00e9s, mettent en outre vos pi\u00e8ces en lumi\u00e8re. \u00e0 &#8230; <\/p>\n<div><a href=\"https:\/\/isoled.info\/fr\/infrarotheizung-mit-licht\/\" class=\"more-link\">Read More<\/a><\/div>\n","protected":false},"author":10,"featured_media":0,"parent":0,"menu_order":0,"comment_status":"closed","ping_status":"closed","template":"template-blank-4.php","meta":{"footnotes":""},"class_list":["post-9441","page","type-page","status-publish","hentry","no-post-thumbnail"],"yoast_head":"<!-- This site is optimized with the Yoast SEO plugin v27.0 - https:\/\/yoast.com\/product\/yoast-seo-wordpress\/ -->\n<title>Chauffage infrarouge avec lumi\u00e8re | Haute qualit\u00e9 et efficacit\u00e9<\/title>\n<meta name=\"description\" content=\"Panneaux infrarouges de haute qualit\u00e9 et \u00e9conomiques pour le commerce, l&#039;artisanat, l&#039;industrie, les \u00e9lectriciens | Nous sommes votre partenaire, faites-vous conseiller d\u00e8s maintenant !\" \/>\n<meta name=\"robots\" content=\"index, follow, max-snippet:-1, max-image-preview:large, max-video-preview:-1\" \/>\n<link rel=\"canonical\" href=\"https:\/\/isoled.info\/fr\/infrarotheizung-mit-licht\/\" \/>\n<meta property=\"og:locale\" content=\"fr_FR\" \/>\n<meta property=\"og:type\" content=\"article\" \/>\n<meta property=\"og:title\" content=\"Chauffage infrarouge avec lumi\u00e8re | Haute qualit\u00e9 et efficacit\u00e9\" \/>\n<meta property=\"og:description\" content=\"Panneaux infrarouges de haute qualit\u00e9 et \u00e9conomiques pour le commerce, l&#039;artisanat, l&#039;industrie, les \u00e9lectriciens | Nous sommes votre partenaire, faites-vous conseiller d\u00e8s maintenant !\" \/>\n<meta property=\"og:url\" content=\"https:\/\/isoled.info\/fr\/infrarotheizung-mit-licht\/\" \/>\n<meta property=\"og:site_name\" content=\"ISOLED\u00ae\" \/>\n<meta property=\"article:modified_time\" content=\"2024-10-15T10:39:25+00:00\" \/>\n<meta property=\"og:image\" content=\"https:\/\/isoled.info\/wp-content\/uploads\/2022\/10\/infrarotheizung-mit-beleuchtung-2-3.png\" \/>\n\t<meta property=\"og:image:width\" content=\"1201\" \/>\n\t<meta property=\"og:image:height\" content=\"630\" \/>\n\t<meta property=\"og:image:type\" content=\"image\/png\" \/>\n<meta name=\"twitter:card\" content=\"summary_large_image\" \/>\n<meta name=\"twitter:label1\" content=\"Dur\u00e9e de lecture estim\u00e9e\" \/>\n\t<meta name=\"twitter:data1\" content=\"19 minutes\" \/>\n<script type=\"application\/ld+json\" class=\"yoast-schema-graph\">{\"@context\":\"https:\/\/schema.org\",\"@graph\":[{\"@type\":\"WebPage\",\"@id\":\"https:\/\/isoled.info\/fr\/infrarotheizung-mit-licht\/\",\"url\":\"https:\/\/isoled.info\/fr\/infrarotheizung-mit-licht\/\",\"name\":\"Chauffage infrarouge avec lumi\u00e8re | Haute qualit\u00e9 et efficacit\u00e9\",\"isPartOf\":{\"@id\":\"https:\/\/isoled.info\/fr\/#website\"},\"primaryImageOfPage\":{\"@id\":\"https:\/\/isoled.info\/fr\/infrarotheizung-mit-licht\/#primaryimage\"},\"image\":{\"@id\":\"https:\/\/isoled.info\/fr\/infrarotheizung-mit-licht\/#primaryimage\"},\"thumbnailUrl\":\"https:\/\/s.w.org\/images\/core\/emoji\/13.1.0\/svg\/1f976.svg\",\"datePublished\":\"2022-08-11T12:20:45+00:00\",\"dateModified\":\"2024-10-15T10:39:25+00:00\",\"description\":\"Panneaux infrarouges de haute qualit\u00e9 et \u00e9conomiques pour le commerce, l'artisanat, l'industrie, les \u00e9lectriciens | Nous sommes votre partenaire, faites-vous conseiller d\u00e8s maintenant !\",\"breadcrumb\":{\"@id\":\"https:\/\/isoled.info\/fr\/infrarotheizung-mit-licht\/#breadcrumb\"},\"inLanguage\":\"fr-FR\",\"potentialAction\":[{\"@type\":\"ReadAction\",\"target\":[\"https:\/\/isoled.info\/fr\/infrarotheizung-mit-licht\/\"]}]},{\"@type\":\"ImageObject\",\"inLanguage\":\"fr-FR\",\"@id\":\"https:\/\/isoled.info\/fr\/infrarotheizung-mit-licht\/#primaryimage\",\"url\":\"https:\/\/s.w.org\/images\/core\/emoji\/13.1.0\/svg\/1f976.svg\",\"contentUrl\":\"https:\/\/s.w.org\/images\/core\/emoji\/13.1.0\/svg\/1f976.svg\"},{\"@type\":\"BreadcrumbList\",\"@id\":\"https:\/\/isoled.info\/fr\/infrarotheizung-mit-licht\/#breadcrumb\",\"itemListElement\":[{\"@type\":\"ListItem\",\"position\":1,\"name\":\"Home\",\"item\":\"https:\/\/isoled.info\/fr\/\"},{\"@type\":\"ListItem\",\"position\":2,\"name\":\"Infrarot Landingpage FR\"}]},{\"@type\":\"WebSite\",\"@id\":\"https:\/\/isoled.info\/fr\/#website\",\"url\":\"https:\/\/isoled.info\/fr\/\",\"name\":\"ISOLED\u00ae\",\"description\":\"Customised Light Solutions\",\"publisher\":{\"@id\":\"https:\/\/isoled.info\/fr\/#organization\"},\"potentialAction\":[{\"@type\":\"SearchAction\",\"target\":{\"@type\":\"EntryPoint\",\"urlTemplate\":\"https:\/\/isoled.info\/fr\/?s={search_term_string}\"},\"query-input\":{\"@type\":\"PropertyValueSpecification\",\"valueRequired\":true,\"valueName\":\"search_term_string\"}}],\"inLanguage\":\"fr-FR\"},{\"@type\":\"Organization\",\"@id\":\"https:\/\/isoled.info\/fr\/#organization\",\"name\":\"ISOLED\",\"url\":\"https:\/\/isoled.info\/fr\/\",\"logo\":{\"@type\":\"ImageObject\",\"inLanguage\":\"fr-FR\",\"@id\":\"https:\/\/isoled.info\/fr\/#\/schema\/logo\/image\/\",\"url\":\"https:\/\/isoled.info\/wp-content\/uploads\/2020\/10\/isoled-customised-light-solutions-g1.png\",\"contentUrl\":\"https:\/\/isoled.info\/wp-content\/uploads\/2020\/10\/isoled-customised-light-solutions-g1.png\",\"width\":1200,\"height\":900,\"caption\":\"ISOLED\"},\"image\":{\"@id\":\"https:\/\/isoled.info\/fr\/#\/schema\/logo\/image\/\"}}]}<\/script>\n<!-- \/ Yoast SEO plugin. -->","yoast_head_json":{"title":"Chauffage infrarouge avec lumi\u00e8re | Haute qualit\u00e9 et efficacit\u00e9","description":"Panneaux infrarouges de haute qualit\u00e9 et \u00e9conomiques pour le commerce, l'artisanat, l'industrie, les \u00e9lectriciens | Nous sommes votre partenaire, faites-vous conseiller d\u00e8s maintenant !","robots":{"index":"index","follow":"follow","max-snippet":"max-snippet:-1","max-image-preview":"max-image-preview:large","max-video-preview":"max-video-preview:-1"},"canonical":"https:\/\/isoled.info\/fr\/infrarotheizung-mit-licht\/","og_locale":"fr_FR","og_type":"article","og_title":"Chauffage infrarouge avec lumi\u00e8re | Haute qualit\u00e9 et efficacit\u00e9","og_description":"Panneaux infrarouges de haute qualit\u00e9 et \u00e9conomiques pour le commerce, l'artisanat, l'industrie, les \u00e9lectriciens | Nous sommes votre partenaire, faites-vous conseiller d\u00e8s maintenant !","og_url":"https:\/\/isoled.info\/fr\/infrarotheizung-mit-licht\/","og_site_name":"ISOLED\u00ae","article_modified_time":"2024-10-15T10:39:25+00:00","og_image":[{"width":1201,"height":630,"url":"https:\/\/isoled.info\/wp-content\/uploads\/2022\/10\/infrarotheizung-mit-beleuchtung-2-3.png","type":"image\/png"}],"twitter_card":"summary_large_image","twitter_misc":{"Dur\u00e9e de lecture estim\u00e9e":"19 minutes"},"schema":{"@context":"https:\/\/schema.org","@graph":[{"@type":"WebPage","@id":"https:\/\/isoled.info\/fr\/infrarotheizung-mit-licht\/","url":"https:\/\/isoled.info\/fr\/infrarotheizung-mit-licht\/","name":"Chauffage infrarouge avec lumi\u00e8re | Haute qualit\u00e9 et efficacit\u00e9","isPartOf":{"@id":"https:\/\/isoled.info\/fr\/#website"},"primaryImageOfPage":{"@id":"https:\/\/isoled.info\/fr\/infrarotheizung-mit-licht\/#primaryimage"},"image":{"@id":"https:\/\/isoled.info\/fr\/infrarotheizung-mit-licht\/#primaryimage"},"thumbnailUrl":"https:\/\/s.w.org\/images\/core\/emoji\/13.1.0\/svg\/1f976.svg","datePublished":"2022-08-11T12:20:45+00:00","dateModified":"2024-10-15T10:39:25+00:00","description":"Panneaux infrarouges de haute qualit\u00e9 et \u00e9conomiques pour le commerce, l'artisanat, l'industrie, les \u00e9lectriciens | Nous sommes votre partenaire, faites-vous conseiller d\u00e8s maintenant !","breadcrumb":{"@id":"https:\/\/isoled.info\/fr\/infrarotheizung-mit-licht\/#breadcrumb"},"inLanguage":"fr-FR","potentialAction":[{"@type":"ReadAction","target":["https:\/\/isoled.info\/fr\/infrarotheizung-mit-licht\/"]}]},{"@type":"ImageObject","inLanguage":"fr-FR","@id":"https:\/\/isoled.info\/fr\/infrarotheizung-mit-licht\/#primaryimage","url":"https:\/\/s.w.org\/images\/core\/emoji\/13.1.0\/svg\/1f976.svg","contentUrl":"https:\/\/s.w.org\/images\/core\/emoji\/13.1.0\/svg\/1f976.svg"},{"@type":"BreadcrumbList","@id":"https:\/\/isoled.info\/fr\/infrarotheizung-mit-licht\/#breadcrumb","itemListElement":[{"@type":"ListItem","position":1,"name":"Home","item":"https:\/\/isoled.info\/fr\/"},{"@type":"ListItem","position":2,"name":"Infrarot Landingpage FR"}]},{"@type":"WebSite","@id":"https:\/\/isoled.info\/fr\/#website","url":"https:\/\/isoled.info\/fr\/","name":"ISOLED\u00ae","description":"Customised Light Solutions","publisher":{"@id":"https:\/\/isoled.info\/fr\/#organization"},"potentialAction":[{"@type":"SearchAction","target":{"@type":"EntryPoint","urlTemplate":"https:\/\/isoled.info\/fr\/?s={search_term_string}"},"query-input":{"@type":"PropertyValueSpecification","valueRequired":true,"valueName":"search_term_string"}}],"inLanguage":"fr-FR"},{"@type":"Organization","@id":"https:\/\/isoled.info\/fr\/#organization","name":"ISOLED","url":"https:\/\/isoled.info\/fr\/","logo":{"@type":"ImageObject","inLanguage":"fr-FR","@id":"https:\/\/isoled.info\/fr\/#\/schema\/logo\/image\/","url":"https:\/\/isoled.info\/wp-content\/uploads\/2020\/10\/isoled-customised-light-solutions-g1.png","contentUrl":"https:\/\/isoled.info\/wp-content\/uploads\/2020\/10\/isoled-customised-light-solutions-g1.png","width":1200,"height":900,"caption":"ISOLED"},"image":{"@id":"https:\/\/isoled.info\/fr\/#\/schema\/logo\/image\/"}}]}},"_links":{"self":[{"href":"https:\/\/isoled.info\/fr\/wp-json\/wp\/v2\/pages\/9441","targetHints":{"allow":["GET"]}}],"collection":[{"href":"https:\/\/isoled.info\/fr\/wp-json\/wp\/v2\/pages"}],"about":[{"href":"https:\/\/isoled.info\/fr\/wp-json\/wp\/v2\/types\/page"}],"author":[{"embeddable":true,"href":"https:\/\/isoled.info\/fr\/wp-json\/wp\/v2\/users\/10"}],"replies":[{"embeddable":true,"href":"https:\/\/isoled.info\/fr\/wp-json\/wp\/v2\/comments?post=9441"}],"version-history":[{"count":2,"href":"https:\/\/isoled.info\/fr\/wp-json\/wp\/v2\/pages\/9441\/revisions"}],"predecessor-version":[{"id":39224,"href":"https:\/\/isoled.info\/fr\/wp-json\/wp\/v2\/pages\/9441\/revisions\/39224"}],"wp:attachment":[{"href":"https:\/\/isoled.info\/fr\/wp-json\/wp\/v2\/media?parent=9441"}],"curies":[{"name":"wp","href":"https:\/\/api.w.org\/{rel}","templated":true}]}}