{"id":9847,"date":"2022-08-18T13:19:15","date_gmt":"2022-08-18T11:19:15","guid":{"rendered":"https:\/\/isoled.info\/?page_id=9847"},"modified":"2024-12-10T10:37:01","modified_gmt":"2024-12-10T09:37:01","slug":"infrarot-sortiment","status":"publish","type":"page","link":"https:\/\/isoled.info\/hu\/infrarotheizung-mit-licht\/infrarot-sortiment\/","title":{"rendered":"Infrarot Sortiment HU"},"content":{"rendered":"<div id=\"cs-content\" class=\"cs-content\"><\/div>\n","protected":false},"excerpt":{"rendered":"<p>Infrav\u00f6r\u00f6s panelek PREMIUM ProfessionalMer\u00fclj\u00f6n el \u00e1tfog\u00f3 term\u00e9kk\u00edn\u00e1latunkban! Mennyezeti f\u0171t\u0151paneleket \u00e9s infrav\u00f6r\u00f6s fali f\u0171t\u0151testeket k\u00edn\u00e1lunk sz\u00e9les m\u00e9retv\u00e1laszt\u00e9kban. Sokf\u00e9lek\u00e9ppen haszn\u00e1lhat\u00f3k nappalikban \u00e9s \u00fczlethelyis\u00e9gekben, sz\u00e1llod\u00e1kban \u00e9s \u00e9ttermekben, \u00e9s leny\u0171g\u00f6z\u0151 diz\u00e1jnelemek is.Kiv&aacute;l&oacute; hat&eacute;konys&aacute;g a h\u0151sug&aacute;rz&aacute;sra optimaliz&aacute;lt, enyh&eacute;n struktur&aacute;lt porsz&oacute;rt fel&uuml;letnek k&ouml;sz&ouml;nhet\u0151enA v&aacute;laszt&eacute;kunk Infrav\u00f6r\u00f6s panelek BEST STANDARDTELJES\u00cdTM\u00c9NYJELLEMZ\u0150K Fel\u00fclet: textur\u00e1lt, porsz\u00f3rt Sz\u00edn: feh\u00e9r Fesz\u00fclts\u00e9g: 220-240 V AC Fel\u00fcleti h\u0151m\u00e9rs\u00e9klet: kb. 90\u00b0C \u00e9s 105\u00b0 C k\u00f6z\u00f6tt V\u00e9delmi &#8230; <\/p>\n<div><a href=\"https:\/\/isoled.info\/hu\/infrarotheizung-mit-licht\/infrarot-sortiment\/\" class=\"more-link\">Read More<\/a><\/div>\n","protected":false},"author":10,"featured_media":0,"parent":9781,"menu_order":0,"comment_status":"closed","ping_status":"closed","template":"template-blank-4.php","meta":{"footnotes":""},"class_list":["post-9847","page","type-page","status-publish","hentry","no-post-thumbnail"],"yoast_head":"<!-- This site is optimized with the Yoast SEO plugin v27.0 - https:\/\/yoast.com\/product\/yoast-seo-wordpress\/ -->\n<title>Infrav\u00f6r\u00f6s panelek LED-es f\u00e9nykerettel | Nagy v\u00e1laszt\u00e9k | Hat\u00e9kony<\/title>\n<meta name=\"description\" content=\"Kiv\u00e1l\u00f3 min\u0151s\u00e9g\u0171 \u00e9s k\u00f6lts\u00e9ghat\u00e9kony f\u0171t\u0151panelek | opcion\u00e1lisan LED f\u00e9nykerettel | Villanyszerel\u0151knek, kereskedelemnek, kereskedelem, ipar!\" \/>\n<meta name=\"robots\" content=\"index, follow, max-snippet:-1, max-image-preview:large, max-video-preview:-1\" \/>\n<link rel=\"canonical\" href=\"https:\/\/isoled.info\/hu\/infrarotheizung-mit-licht\/infrarot-sortiment\/\" \/>\n<meta property=\"og:locale\" content=\"hu_HU\" \/>\n<meta property=\"og:type\" content=\"article\" \/>\n<meta property=\"og:title\" content=\"Infrav\u00f6r\u00f6s panelek LED-es f\u00e9nykerettel | Nagy v\u00e1laszt\u00e9k | Hat\u00e9kony\" \/>\n<meta property=\"og:description\" content=\"Kiv\u00e1l\u00f3 min\u0151s\u00e9g\u0171 \u00e9s k\u00f6lts\u00e9ghat\u00e9kony f\u0171t\u0151panelek | opcion\u00e1lisan LED f\u00e9nykerettel | Villanyszerel\u0151knek, kereskedelemnek, kereskedelem, ipar!\" \/>\n<meta property=\"og:url\" content=\"https:\/\/isoled.info\/hu\/infrarotheizung-mit-licht\/infrarot-sortiment\/\" \/>\n<meta property=\"og:site_name\" content=\"ISOLED\u00ae\" \/>\n<meta property=\"article:modified_time\" content=\"2024-12-10T09:37:01+00:00\" \/>\n<meta property=\"og:image\" content=\"https:\/\/isoled.info\/wp-content\/uploads\/2022\/10\/infrarotheizung-mit-beleuchtung-2-4.png\" \/>\n\t<meta property=\"og:image:width\" content=\"1201\" \/>\n\t<meta property=\"og:image:height\" content=\"630\" \/>\n\t<meta property=\"og:image:type\" content=\"image\/png\" \/>\n<meta name=\"twitter:card\" content=\"summary_large_image\" \/>\n<meta name=\"twitter:label1\" content=\"Becs\u00fclt olvas\u00e1si id\u0151\" \/>\n\t<meta name=\"twitter:data1\" content=\"35 perc\" \/>\n<script type=\"application\/ld+json\" class=\"yoast-schema-graph\">{\"@context\":\"https:\/\/schema.org\",\"@graph\":[{\"@type\":\"WebPage\",\"@id\":\"https:\/\/isoled.info\/hu\/infrarotheizung-mit-licht\/infrarot-sortiment\/\",\"url\":\"https:\/\/isoled.info\/hu\/infrarotheizung-mit-licht\/infrarot-sortiment\/\",\"name\":\"Infrav\u00f6r\u00f6s panelek LED-es f\u00e9nykerettel | Nagy v\u00e1laszt\u00e9k | Hat\u00e9kony\",\"isPartOf\":{\"@id\":\"https:\/\/isoled.info\/hu\/#website\"},\"primaryImageOfPage\":{\"@id\":\"https:\/\/isoled.info\/hu\/infrarotheizung-mit-licht\/infrarot-sortiment\/#primaryimage\"},\"image\":{\"@id\":\"https:\/\/isoled.info\/hu\/infrarotheizung-mit-licht\/infrarot-sortiment\/#primaryimage\"},\"thumbnailUrl\":\"https:\/\/isoled.info\/wp-content\/uploads\/2024\/07\/Farbkreise_Track_Infrarot-11.png\",\"datePublished\":\"2022-08-18T11:19:15+00:00\",\"dateModified\":\"2024-12-10T09:37:01+00:00\",\"description\":\"Kiv\u00e1l\u00f3 min\u0151s\u00e9g\u0171 \u00e9s k\u00f6lts\u00e9ghat\u00e9kony f\u0171t\u0151panelek | opcion\u00e1lisan LED f\u00e9nykerettel | Villanyszerel\u0151knek, kereskedelemnek, kereskedelem, ipar!\",\"breadcrumb\":{\"@id\":\"https:\/\/isoled.info\/hu\/infrarotheizung-mit-licht\/infrarot-sortiment\/#breadcrumb\"},\"inLanguage\":\"hu\",\"potentialAction\":[{\"@type\":\"ReadAction\",\"target\":[\"https:\/\/isoled.info\/hu\/infrarotheizung-mit-licht\/infrarot-sortiment\/\"]}]},{\"@type\":\"ImageObject\",\"inLanguage\":\"hu\",\"@id\":\"https:\/\/isoled.info\/hu\/infrarotheizung-mit-licht\/infrarot-sortiment\/#primaryimage\",\"url\":\"https:\/\/isoled.info\/wp-content\/uploads\/2024\/07\/Farbkreise_Track_Infrarot-11.png\",\"contentUrl\":\"https:\/\/isoled.info\/wp-content\/uploads\/2024\/07\/Farbkreise_Track_Infrarot-11.png\"},{\"@type\":\"BreadcrumbList\",\"@id\":\"https:\/\/isoled.info\/hu\/infrarotheizung-mit-licht\/infrarot-sortiment\/#breadcrumb\",\"itemListElement\":[{\"@type\":\"ListItem\",\"position\":1,\"name\":\"Home\",\"item\":\"https:\/\/isoled.info\/hu\/\"},{\"@type\":\"ListItem\",\"position\":2,\"name\":\"Infrarot Landingpage HU\",\"item\":\"https:\/\/isoled.info\/hu\/infrarotheizung-mit-licht\/\"},{\"@type\":\"ListItem\",\"position\":3,\"name\":\"Infrarot Sortiment HU\"}]},{\"@type\":\"WebSite\",\"@id\":\"https:\/\/isoled.info\/hu\/#website\",\"url\":\"https:\/\/isoled.info\/hu\/\",\"name\":\"ISOLED\u00ae\",\"description\":\"Customised Light Solutions\",\"publisher\":{\"@id\":\"https:\/\/isoled.info\/hu\/#organization\"},\"potentialAction\":[{\"@type\":\"SearchAction\",\"target\":{\"@type\":\"EntryPoint\",\"urlTemplate\":\"https:\/\/isoled.info\/hu\/?s={search_term_string}\"},\"query-input\":{\"@type\":\"PropertyValueSpecification\",\"valueRequired\":true,\"valueName\":\"search_term_string\"}}],\"inLanguage\":\"hu\"},{\"@type\":\"Organization\",\"@id\":\"https:\/\/isoled.info\/hu\/#organization\",\"name\":\"ISOLED\",\"url\":\"https:\/\/isoled.info\/hu\/\",\"logo\":{\"@type\":\"ImageObject\",\"inLanguage\":\"hu\",\"@id\":\"https:\/\/isoled.info\/hu\/#\/schema\/logo\/image\/\",\"url\":\"https:\/\/isoled.info\/wp-content\/uploads\/2020\/10\/isoled-customised-light-solutions-g1.png\",\"contentUrl\":\"https:\/\/isoled.info\/wp-content\/uploads\/2020\/10\/isoled-customised-light-solutions-g1.png\",\"width\":1200,\"height\":900,\"caption\":\"ISOLED\"},\"image\":{\"@id\":\"https:\/\/isoled.info\/hu\/#\/schema\/logo\/image\/\"}}]}<\/script>\n<!-- \/ Yoast SEO plugin. -->","yoast_head_json":{"title":"Infrav\u00f6r\u00f6s panelek LED-es f\u00e9nykerettel | Nagy v\u00e1laszt\u00e9k | Hat\u00e9kony","description":"Kiv\u00e1l\u00f3 min\u0151s\u00e9g\u0171 \u00e9s k\u00f6lts\u00e9ghat\u00e9kony f\u0171t\u0151panelek | opcion\u00e1lisan LED f\u00e9nykerettel | Villanyszerel\u0151knek, kereskedelemnek, kereskedelem, ipar!","robots":{"index":"index","follow":"follow","max-snippet":"max-snippet:-1","max-image-preview":"max-image-preview:large","max-video-preview":"max-video-preview:-1"},"canonical":"https:\/\/isoled.info\/hu\/infrarotheizung-mit-licht\/infrarot-sortiment\/","og_locale":"hu_HU","og_type":"article","og_title":"Infrav\u00f6r\u00f6s panelek LED-es f\u00e9nykerettel | Nagy v\u00e1laszt\u00e9k | Hat\u00e9kony","og_description":"Kiv\u00e1l\u00f3 min\u0151s\u00e9g\u0171 \u00e9s k\u00f6lts\u00e9ghat\u00e9kony f\u0171t\u0151panelek | opcion\u00e1lisan LED f\u00e9nykerettel | Villanyszerel\u0151knek, kereskedelemnek, kereskedelem, ipar!","og_url":"https:\/\/isoled.info\/hu\/infrarotheizung-mit-licht\/infrarot-sortiment\/","og_site_name":"ISOLED\u00ae","article_modified_time":"2024-12-10T09:37:01+00:00","og_image":[{"width":1201,"height":630,"url":"https:\/\/isoled.info\/wp-content\/uploads\/2022\/10\/infrarotheizung-mit-beleuchtung-2-4.png","type":"image\/png"}],"twitter_card":"summary_large_image","twitter_misc":{"Becs\u00fclt olvas\u00e1si id\u0151":"35 perc"},"schema":{"@context":"https:\/\/schema.org","@graph":[{"@type":"WebPage","@id":"https:\/\/isoled.info\/hu\/infrarotheizung-mit-licht\/infrarot-sortiment\/","url":"https:\/\/isoled.info\/hu\/infrarotheizung-mit-licht\/infrarot-sortiment\/","name":"Infrav\u00f6r\u00f6s panelek LED-es f\u00e9nykerettel | Nagy v\u00e1laszt\u00e9k | Hat\u00e9kony","isPartOf":{"@id":"https:\/\/isoled.info\/hu\/#website"},"primaryImageOfPage":{"@id":"https:\/\/isoled.info\/hu\/infrarotheizung-mit-licht\/infrarot-sortiment\/#primaryimage"},"image":{"@id":"https:\/\/isoled.info\/hu\/infrarotheizung-mit-licht\/infrarot-sortiment\/#primaryimage"},"thumbnailUrl":"https:\/\/isoled.info\/wp-content\/uploads\/2024\/07\/Farbkreise_Track_Infrarot-11.png","datePublished":"2022-08-18T11:19:15+00:00","dateModified":"2024-12-10T09:37:01+00:00","description":"Kiv\u00e1l\u00f3 min\u0151s\u00e9g\u0171 \u00e9s k\u00f6lts\u00e9ghat\u00e9kony f\u0171t\u0151panelek | opcion\u00e1lisan LED f\u00e9nykerettel | Villanyszerel\u0151knek, kereskedelemnek, kereskedelem, ipar!","breadcrumb":{"@id":"https:\/\/isoled.info\/hu\/infrarotheizung-mit-licht\/infrarot-sortiment\/#breadcrumb"},"inLanguage":"hu","potentialAction":[{"@type":"ReadAction","target":["https:\/\/isoled.info\/hu\/infrarotheizung-mit-licht\/infrarot-sortiment\/"]}]},{"@type":"ImageObject","inLanguage":"hu","@id":"https:\/\/isoled.info\/hu\/infrarotheizung-mit-licht\/infrarot-sortiment\/#primaryimage","url":"https:\/\/isoled.info\/wp-content\/uploads\/2024\/07\/Farbkreise_Track_Infrarot-11.png","contentUrl":"https:\/\/isoled.info\/wp-content\/uploads\/2024\/07\/Farbkreise_Track_Infrarot-11.png"},{"@type":"BreadcrumbList","@id":"https:\/\/isoled.info\/hu\/infrarotheizung-mit-licht\/infrarot-sortiment\/#breadcrumb","itemListElement":[{"@type":"ListItem","position":1,"name":"Home","item":"https:\/\/isoled.info\/hu\/"},{"@type":"ListItem","position":2,"name":"Infrarot Landingpage HU","item":"https:\/\/isoled.info\/hu\/infrarotheizung-mit-licht\/"},{"@type":"ListItem","position":3,"name":"Infrarot Sortiment HU"}]},{"@type":"WebSite","@id":"https:\/\/isoled.info\/hu\/#website","url":"https:\/\/isoled.info\/hu\/","name":"ISOLED\u00ae","description":"Customised Light Solutions","publisher":{"@id":"https:\/\/isoled.info\/hu\/#organization"},"potentialAction":[{"@type":"SearchAction","target":{"@type":"EntryPoint","urlTemplate":"https:\/\/isoled.info\/hu\/?s={search_term_string}"},"query-input":{"@type":"PropertyValueSpecification","valueRequired":true,"valueName":"search_term_string"}}],"inLanguage":"hu"},{"@type":"Organization","@id":"https:\/\/isoled.info\/hu\/#organization","name":"ISOLED","url":"https:\/\/isoled.info\/hu\/","logo":{"@type":"ImageObject","inLanguage":"hu","@id":"https:\/\/isoled.info\/hu\/#\/schema\/logo\/image\/","url":"https:\/\/isoled.info\/wp-content\/uploads\/2020\/10\/isoled-customised-light-solutions-g1.png","contentUrl":"https:\/\/isoled.info\/wp-content\/uploads\/2020\/10\/isoled-customised-light-solutions-g1.png","width":1200,"height":900,"caption":"ISOLED"},"image":{"@id":"https:\/\/isoled.info\/hu\/#\/schema\/logo\/image\/"}}]}},"_links":{"self":[{"href":"https:\/\/isoled.info\/hu\/wp-json\/wp\/v2\/pages\/9847","targetHints":{"allow":["GET"]}}],"collection":[{"href":"https:\/\/isoled.info\/hu\/wp-json\/wp\/v2\/pages"}],"about":[{"href":"https:\/\/isoled.info\/hu\/wp-json\/wp\/v2\/types\/page"}],"author":[{"embeddable":true,"href":"https:\/\/isoled.info\/hu\/wp-json\/wp\/v2\/users\/10"}],"replies":[{"embeddable":true,"href":"https:\/\/isoled.info\/hu\/wp-json\/wp\/v2\/comments?post=9847"}],"version-history":[{"count":2,"href":"https:\/\/isoled.info\/hu\/wp-json\/wp\/v2\/pages\/9847\/revisions"}],"predecessor-version":[{"id":40932,"href":"https:\/\/isoled.info\/hu\/wp-json\/wp\/v2\/pages\/9847\/revisions\/40932"}],"up":[{"embeddable":true,"href":"https:\/\/isoled.info\/hu\/wp-json\/wp\/v2\/pages\/9781"}],"wp:attachment":[{"href":"https:\/\/isoled.info\/hu\/wp-json\/wp\/v2\/media?parent=9847"}],"curies":[{"name":"wp","href":"https:\/\/api.w.org\/{rel}","templated":true}]}}